{"id":1783,"date":"2018-06-28T10:13:12","date_gmt":"2018-06-28T08:13:12","guid":{"rendered":"http:\/\/gdsreseau3m.com\/?page_id=1783"},"modified":"2021-08-17T11:50:35","modified_gmt":"2021-08-17T09:50:35","slug":"abeilles-formalites-administratives-affichage-numero-apiculteur","status":"publish","type":"page","link":"https:\/\/gdsreseau3m.com\/?page_id=1783","title":{"rendered":"Abeilles &#8211; Implantation du rucher"},"content":{"rendered":"<div class=\"mpl-content-wrap\"><h1><span style=\"color: #56b74f;\"><img loading=\"lazy\" class=\"alignnone wp-image-1975\" src=\"http:\/\/gdsreseau3m.com\/wp-content\/uploads\/2018\/07\/picto-abeille.png\" alt=\"\" width=\"43\" height=\"36\" \/> <span style=\"color: #ff9900;\">Implantation du rucher<\/span><br \/>\n<\/span><\/h1>\n<h3><span style=\"color: #56b74f;\">Distances r\u00e9glementaires<\/span><\/h3>\n<p><span dir=\"ltr\" role=\"presentation\">Il n&rsquo;est pas n\u00e9cessaire d&rsquo;\u00eatre propri\u00e9taire du terrain sur lequel on souhaite placer un rucher<\/span>. En revanche, <strong>i<span dir=\"ltr\" role=\"presentation\">l est imp\u00e9ratif de respecter les arr\u00eat\u00e9s pr\u00e9fectoraux<\/span> <\/strong><span dir=\"ltr\" role=\"presentation\"><strong>r\u00e8glementant l\u2019implantation des ruchers et les distances \u00e0 respecter<\/strong> (voir ci-dessous). <\/span>Il peut y avoir une r\u00e9glementation diff\u00e9rente pour chaque d\u00e9partement et \u00e0 d\u00e9faut, les maires fixent les distances d\u2019implantation : <strong>nous vous invitons donc \u00e0 vous rapprocher du<\/strong><strong> maire de votre commune.<\/strong><\/p>\n<p><span dir=\"ltr\" role=\"presentation\">De plus, i<\/span><span dir=\"ltr\" role=\"presentation\">l est <\/span> <span dir=\"ltr\" role=\"presentation\">essentiel que v<\/span><span dir=\"ltr\" role=\"presentation\">os abeilles n\u2019importunent ni vos voisins, ni les passants. <\/span><\/p>\n<p><span dir=\"ltr\" role=\"presentation\">Enfin, sachez que vo<\/span><span dir=\"ltr\" role=\"presentation\">us \u00eates l\u00e9galement responsables des dommages occasionn\u00e9s par vos <\/span><span dir=\"ltr\" role=\"presentation\">animaux (pr\u00e9voir une assura<\/span><span dir=\"ltr\" role=\"presentation\">nce).<\/span><\/p>\n<h4><span style=\"color: #99cc00;\"><span dir=\"ltr\" role=\"presentation\">Respecte<\/span><span dir=\"ltr\" role=\"presentation\">z les distances<\/span> <\/span><span dir=\"ltr\" role=\"presentation\"><span style=\"color: #99cc00;\">!<\/span> <\/span><\/h4>\n<p><em><span dir=\"ltr\" role=\"presentation\">Articles 206 et 207 du code rural<\/span><\/em><\/p>\n<ul>\n<li><span dir=\"ltr\" role=\"presentation\">Implantation \u00e0 plus de 10 m de la voie publique et des terrains voisins,<\/span><\/li>\n<li><span dir=\"ltr\" role=\"presentation\">Implantation<\/span> <span dir=\"ltr\" role=\"presentation\">\u00e0 plus de 100 m<\/span> <span dir=\"ltr\" role=\"presentation\">s\u2019il s\u2019agit <\/span><span dir=\"ltr\" role=\"presentation\">de terrains de sport ou <\/span> <span dir=\"ltr\" role=\"presentation\">d\u2019\u00e9tablissements \u00e0 caract\u00e8res collectifs <\/span><span dir=\"ltr\" role=\"presentation\">(h\u00f4pital, \u00e9coles&#8230;; s<\/span><span dir=\"ltr\" role=\"presentation\">auf pour les ruchers d\u2019\u00e9tude de ces \u00e9coles<\/span> <span dir=\"ltr\" role=\"presentation\">;<\/span> <span dir=\"ltr\" role=\"presentation\">Arr\u00eat\u00e9 du 26\/05\/1928),<\/span><\/li>\n<li><span dir=\"ltr\" role=\"presentation\">Une d\u00e9rogation \u00e0 ces limites est possible en cas de<\/span> <span dir=\"ltr\" role=\"presentation\">mise en p<\/span><span dir=\"ltr\" role=\"presentation\">lace \u00ab\u00a0d<\/span><span dir=\"ltr\" role=\"presentation\">\u2019un mur, palissade ou haie <\/span><span dir=\"ltr\" role=\"presentation\">haut(e) de 2m et d\u00e9passant de 2m de chaque c\u00f4t\u00e9 de la ruche\/du rucher\u00a0\u00bb<\/span> <span dir=\"ltr\" role=\"presentation\">(article R. 211<\/span><span dir=\"ltr\" role=\"presentation\">&#8211;<\/span><span dir=\"ltr\" role=\"presentation\">2 du Code <\/span><span dir=\"ltr\" role=\"presentation\">rural).<\/span> <span dir=\"ltr\" role=\"presentation\">L\u2019implantation de ruches ne doit pas permettre le passage des abeilles lors de leur envol, \u00e0 une <\/span><span dir=\"ltr\" role=\"presentation\">hauteur inf\u00e9rieure<\/span> <span dir=\"ltr\" role=\"presentation\">\u00e0 2<\/span> <span dir=\"ltr\" role=\"presentation\">m\u00e8tres au<\/span><span dir=\"ltr\" role=\"presentation\">&#8211;<\/span><span dir=\"ltr\" role=\"presentation\">dessus de la voie publique ou d\u2019une propri\u00e9t\u00e9 adjacente habit\u00e9e,<\/span><\/li>\n<li><span dir=\"ltr\" role=\"presentation\">Attention, <\/span> <span dir=\"ltr\" role=\"presentation\">le maire de chaque commune peut <\/span> <span dir=\"ltr\" role=\"presentation\">modifier ces dispositions<\/span> <span dir=\"ltr\" role=\"presentation\">; se renseigner aupr\u00e8s de la <\/span><span dir=\"ltr\" role=\"presentation\">commune concern\u00e9e. <\/span><\/li>\n<\/ul>\n<h3><span style=\"color: #56b74f;\">Affichage du num\u00e9ro de rucher ou d&rsquo;apiculteur (NAPI)<\/span><\/h3>\n<div>\n<p>Chaque apiculteur re\u00e7oit un num\u00e9ro d&rsquo;immatriculation ou \u00ab\u00a0num\u00e9ro d&rsquo;apiculteur\u00a0\u00bb (voir page <a href=\"http:\/\/gdsreseau3m.com\/?page_id=568\">d\u00e9claration de d\u00e9tention<\/a>)<\/p>\n<p><strong>Ce num\u00e9ro compos\u00e9 de 8 chiffres est \u00e0 afficher \u00e0 proximit\u00e9 des ruches et doit \u00eatre visible par les passants :<\/strong><b> <\/b><\/p>\n<ul>\n<li>inscrit de mani\u00e8re ind\u00e9l\u00e9bile sur un panneau ou grav\u00e9 sur au moins 10% des ruches<\/li>\n<li>les chiffres doivent \u00eatre d&rsquo;au moins 8 cm de hauteur, 5 cm de largeur<\/li>\n<\/ul>\n<\/div>\n<h4><span style=\"color: #99cc00;\">Partage d&rsquo;astuce :<\/span><\/h4>\n<p>Faites graver votre num\u00e9ro sur une plaque d&rsquo;immatriculation de voiture !<br \/>\nCertes co\u00fbteuse, elle a l&rsquo;avantage d&rsquo;avoir une dur\u00e9e de vie importante, de r\u00e9sister aux intemp\u00e9ries et d&rsquo;\u00eatre visible m\u00eame la nuit &#8230;<\/p>\n<div><img loading=\"lazy\" class=\"alignnone size-full wp-image-1799\" src=\"http:\/\/gdsreseau3m.com\/wp-content\/uploads\/2018\/06\/1407134222_affichage_n__ruche.jpg\" alt=\"\" width=\"453\" height=\"350\" srcset=\"https:\/\/gdsreseau3m.com\/wp-content\/uploads\/2018\/06\/1407134222_affichage_n__ruche.jpg 453w, https:\/\/gdsreseau3m.com\/wp-content\/uploads\/2018\/06\/1407134222_affichage_n__ruche-300x232.jpg 300w\" sizes=\"(max-width: 453px) 100vw, 453px\" \/><\/div>\n<\/div>","protected":false},"excerpt":{"rendered":"<p>Implantation du rucher Distances r\u00e9glementaires Il n&rsquo;est pas n\u00e9cessaire d&rsquo;\u00eatre propri\u00e9taire du terrain sur lequel on souhaite placer un rucher. En revanche, il est imp\u00e9ratif de respecter les arr\u00eat\u00e9s pr\u00e9fectoraux r\u00e8glementant l\u2019implantation des ruchers et les distances \u00e0 respecter (voir ci-dessous). Il peut y avoir une r\u00e9glementation diff\u00e9rente pour chaque d\u00e9partement et \u00e0 d\u00e9faut, les [&hellip;]<\/p>\n","protected":false},"author":1,"featured_media":0,"parent":0,"menu_order":0,"comment_status":"closed","ping_status":"closed","template":"","meta":[],"_links":{"self":[{"href":"https:\/\/gdsreseau3m.com\/index.php?rest_route=\/wp\/v2\/pages\/1783"}],"collection":[{"href":"https:\/\/gdsreseau3m.com\/index.php?rest_route=\/wp\/v2\/pages"}],"about":[{"href":"https:\/\/gdsreseau3m.com\/index.php?rest_route=\/wp\/v2\/types\/page"}],"author":[{"embeddable":true,"href":"https:\/\/gdsreseau3m.com\/index.php?rest_route=\/wp\/v2\/users\/1"}],"replies":[{"embeddable":true,"href":"https:\/\/gdsreseau3m.com\/index.php?rest_route=%2Fwp%2Fv2%2Fcomments&post=1783"}],"version-history":[{"count":16,"href":"https:\/\/gdsreseau3m.com\/index.php?rest_route=\/wp\/v2\/pages\/1783\/revisions"}],"predecessor-version":[{"id":5824,"href":"https:\/\/gdsreseau3m.com\/index.php?rest_route=\/wp\/v2\/pages\/1783\/revisions\/5824"}],"wp:attachment":[{"href":"https:\/\/gdsreseau3m.com\/index.php?rest_route=%2Fwp%2Fv2%2Fmedia&parent=1783"}],"curies":[{"name":"wp","href":"https:\/\/api.w.org\/{rel}","templated":true}]}}