{"id":1722,"date":"2018-06-28T09:25:18","date_gmt":"2018-06-28T07:25:18","guid":{"rendered":"http:\/\/gdsreseau3m.com\/?page_id=1722"},"modified":"2019-07-17T10:33:49","modified_gmt":"2019-07-17T08:33:49","slug":"porcins-gestion-des-cheptels-visite-sanitaire-porcine","status":"publish","type":"page","link":"https:\/\/gdsreseau3m.com\/?page_id=1722","title":{"rendered":"Porcins &#8211; Gestion des cheptels &#8211; Visite sanitaire porcine"},"content":{"rendered":"<div class=\"mpl-content-wrap\"><h6><img loading=\"lazy\" class=\"alignnone wp-image-333\" src=\"http:\/\/gdsreseau3m.com\/wp-content\/uploads\/2018\/06\/treffleMenu.png\" alt=\"\" width=\"23\" height=\"22\" \/><a href=\"http:\/\/gdsreseau3m.com\/?page_id=1623\">D\u00e9claration de d\u00e9tention<\/a><img loading=\"lazy\" class=\"alignnone wp-image-333\" src=\"http:\/\/gdsreseau3m.com\/wp-content\/uploads\/2018\/06\/treffleMenu.png\" alt=\"\" width=\"23\" height=\"22\" \/><a href=\"http:\/\/gdsreseau3m.com\/?page_id=1714\">Prophylaxies<\/a><img loading=\"lazy\" class=\"alignnone wp-image-333\" src=\"http:\/\/gdsreseau3m.com\/wp-content\/uploads\/2018\/06\/treffleMenu.png\" alt=\"\" width=\"23\" height=\"22\" \/><a href=\"http:\/\/gdsreseau3m.com\/?page_id=1718\">Bios\u00e9curit\u00e9<\/a><img loading=\"lazy\" class=\"alignnone wp-image-333\" src=\"http:\/\/gdsreseau3m.com\/wp-content\/uploads\/2018\/06\/treffleMenu.png\" alt=\"\" width=\"23\" height=\"22\" \/><a href=\"http:\/\/gdsreseau3m.com\/?page_id=1720\">Transmission des ICA<\/a><img loading=\"lazy\" class=\"alignnone wp-image-333\" src=\"http:\/\/gdsreseau3m.com\/wp-content\/uploads\/2018\/06\/treffleMenu.png\" alt=\"\" width=\"23\" height=\"22\" \/><a href=\"http:\/\/gdsreseau3m.com\/?page_id=1722\">Visite sanitaire porcine<\/a><\/h6>\n<h1><img loading=\"lazy\" class=\"alignnone wp-image-751\" src=\"http:\/\/gdsreseau3m.com\/wp-content\/uploads\/2018\/06\/Porcins.png\" alt=\"\" width=\"61\" height=\"32\" \/> <span style=\"color: #9b3590;\">Visite sanitaire porcine<br \/>\n<\/span><\/h1>\n<h3><span style=\"color: #9b3590;\">Les visites sanitaires<br \/>\n<\/span><\/h3>\n<div class=\"field field-name-field-chapo field-type-text-long field-label-hidden\">\n<div class=\"field-items\">\n<div class=\"field-item even\">Les visites sanitaires en \u00e9levage sont obligatoires dans les fili\u00e8res bovines (depuis 2005), avicoles (depuis 2013), porcines (depuis f\u00e9vrier 2015) et ovines\/caprines (depuis f\u00e9vrier 2017).<\/div>\n<\/div>\n<\/div>\n<div class=\"field field-name-body field-type-text-with-summary field-label-hidden\">\n<div class=\"field-items\">\n<div class=\"field-item even\">\n<div class=\"preview\">\n<p>Elles sont conduites par le v\u00e9t\u00e9rinaire sanitaire de l\u2019exploitation sous la responsabilit\u00e9 de la direction d\u00e9partementale en charge de la protection des populations du d\u00e9partement o\u00f9 se situe l\u2019\u00e9levage. La visite, conduite sur la base d&rsquo;un questionnaire et d&rsquo;un guide \u00e9tablis par instruction du ministre charg\u00e9 de l&rsquo;agriculture, a pour objectif de collecter des donn\u00e9es et\/ou sensibiliser l\u2019\u00e9leveur soit sur une th\u00e9matique d\u2019int\u00e9r\u00eat \u00e9pid\u00e9miologique pr\u00e9cise, soit sur diff\u00e9rents aspects sanitaires de l\u2019\u00e9levage.<\/p>\n<p>Elles ne rentrent pas dans le cadre de contr\u00f4les officiels mais contribuent \u00e0 orienter la programmation de ceux-ci par les directions d\u00e9partementales en fonction du risque sanitaire.<\/p>\n<p><b>Cette visite est obligatoire et est prise en charge par l&rsquo;\u00c9tat. <\/b><\/p>\n<div>Le formulaire de visite compl\u00e9t\u00e9 et sign\u00e9 par le v\u00e9t\u00e9rinaire et l&rsquo;\u00e9leveur sont \u00e0 conserver pendant cinq ans.<\/div>\n<\/div>\n<\/div>\n<\/div>\n<\/div>\n<h2><img loading=\"lazy\" class=\"alignnone  wp-image-1744\" src=\"http:\/\/gdsreseau3m.com\/wp-content\/uploads\/2018\/06\/1424427150_illustration_VSP.jpg\" alt=\"\" width=\"573\" height=\"284\" \/><\/h2>\n<h4><span style=\"color: #74bd2c;\"><span style=\"color: #626262;\">Visite sanitaire porcine 2015-2017 : \u00ab\u00a0trichine\u00a0\u00bb<\/span> <\/span><\/h4>\n<ul>\n<li>2015 : premi\u00e8re ann\u00e9e de mise en place de la visite sanitaire porcine. Initialement pr\u00e9vue sur une ann\u00e9e, mais r\u00e9alis\u00e9e sur 3 ans de 2015 \u00e0 2017,<\/li>\n<li>Le questionnaire portait sur les \u00e9l\u00e9ments de bios\u00e9curit\u00e9 g\u00e9n\u00e9raux et relatifs \u00e0 la ma\u00eetrise du risque trichine (parasite du porc), de gestion alimentaire et de l&rsquo;\u00e9levage, etc.,<\/li>\n<li>A partir des informations collect\u00e9es par les v\u00e9t\u00e9rinaires sanitaire, la\u00a0<i>\u00ab\u00a0reconnaissance officielle des conditions d&rsquo;h\u00e9bergement contr\u00f4l\u00e9es\u00a0\u00bb<\/i>\u00a0 a \u00e9t\u00e9 accord\u00e9 par la DD(CS)PP aux exploitations remplissant les conditions requises (les animaux issus d&rsquo;un \u00e9levage reconnu sont dispens\u00e9s de la recherche syst\u00e9matique \u00e0 l&rsquo;abattoir de larves de trichine). Les \u00e9levages plein-air ne peuvent pas b\u00e9n\u00e9ficier de cette reconnaissance et restent soumis \u00e0 la recherche syst\u00e9matique \u00e0 l&rsquo;abattoir de larves de trichine.<\/li>\n<\/ul>\n<h4><span style=\"color: #626262;\">Visite sanitaire porcine 2018-2019 : \u00ab\u00a0antibiotiques et antibior\u00e9sistance\u00a0\u00bb<\/span><\/h4>\n<ul>\n<li>La visite porcine 2018-2019 est sur un rythme bisannuel<\/li>\n<li>Pour les cheptels impairs, elle doit \u00eatre r\u00e9alis\u00e9e entre le 1<sup>er<\/sup>\u00a0janvier et 31\u00a0d\u00e9cembre 2018 (et en 2019 pour les cheptels pairs)<\/li>\n<li>Elle sensibilise \u00e0 l\u2019antibior\u00e9sistance, aux bonnes pratiques d\u2019antibioth\u00e9rapie (antibiogrammes\u2026).<\/li>\n<li>Elle encourage \u00e0 r\u00e9duire fortement le recours \u00e0 la colistine.<\/li>\n<\/ul>\n<div>\n<p>Voir la\u00a0<span class=\"file wysiwyg\"><a title=\"T\u00e9l\u00e9charger le fichier ''NS visite sanitaire porcine 2018-2019'' [PDF, 2.82 Mo]\" href=\"http:\/\/agriculture.gouv.fr\/telecharger\/89399?token=942caff64190e44d41211ecdf2f9bf83\" target=\"_blank\" rel=\"noopener noreferrer\">note de service sur la visite sanitaire porcine 2018-2019 (PDF, 2.82 Mo) <\/a><\/span><\/p>\n<\/div>\n<h3><span style=\"color: #74bd2c;\"><span style=\"color: #9b3590;\">D\u00e9signation du v\u00e9t\u00e9rinaire sanitaire <\/span><br \/>\n<\/span><\/h3>\n<div>\n<p><b>Pour les \u00e9leveurs qui n&rsquo;auraient pas encore d\u00e9sign\u00e9 de v\u00e9t\u00e9rinaire sanitaire ; vous \u00eates appel\u00e9s \u00e0 vous rapprochez de votre DD(CS)PP pour b\u00e9n\u00e9ficier de cette visite \u00e0 titre gratuit.<\/b><\/p>\n<ul>\n<li>DDPP 54 <span style=\"color: #ff0900;\"><span style=\"color: #0d0d0d;\">= T\u00e9l.\u00a0: 03 57 29 16 20<br \/>\n<\/span><\/span><\/li>\n<li>DDCSPP 55 = <span style=\"color: #ff0900;\"><span style=\"color: #0d0d0d;\">T\u00e9l.\u00a0:\u00a0<\/span><\/span>03 29 77 42 00<\/li>\n<li>DDPP 57 = <span style=\"color: #ff0900;\"><span style=\"color: #0d0d0d;\">T\u00e9l.\u00a0:<\/span><\/span>\u00a003 87 39 75 00<\/li>\n<\/ul>\n<p>&nbsp;<\/p>\n<\/div>\n<\/div>","protected":false},"excerpt":{"rendered":"<p>D\u00e9claration de d\u00e9tentionProphylaxiesBios\u00e9curit\u00e9Transmission des ICAVisite sanitaire porcine Visite sanitaire porcine Les visites sanitaires Les visites sanitaires en \u00e9levage sont obligatoires dans les fili\u00e8res bovines (depuis 2005), avicoles (depuis 2013), porcines (depuis f\u00e9vrier 2015) et ovines\/caprines (depuis f\u00e9vrier 2017). Elles sont conduites par le v\u00e9t\u00e9rinaire sanitaire de l\u2019exploitation sous la responsabilit\u00e9 de la direction d\u00e9partementale en [&hellip;]<\/p>\n","protected":false},"author":1,"featured_media":0,"parent":0,"menu_order":0,"comment_status":"closed","ping_status":"closed","template":"","meta":[],"_links":{"self":[{"href":"https:\/\/gdsreseau3m.com\/index.php?rest_route=\/wp\/v2\/pages\/1722"}],"collection":[{"href":"https:\/\/gdsreseau3m.com\/index.php?rest_route=\/wp\/v2\/pages"}],"about":[{"href":"https:\/\/gdsreseau3m.com\/index.php?rest_route=\/wp\/v2\/types\/page"}],"author":[{"embeddable":true,"href":"https:\/\/gdsreseau3m.com\/index.php?rest_route=\/wp\/v2\/users\/1"}],"replies":[{"embeddable":true,"href":"https:\/\/gdsreseau3m.com\/index.php?rest_route=%2Fwp%2Fv2%2Fcomments&post=1722"}],"version-history":[{"count":13,"href":"https:\/\/gdsreseau3m.com\/index.php?rest_route=\/wp\/v2\/pages\/1722\/revisions"}],"predecessor-version":[{"id":4321,"href":"https:\/\/gdsreseau3m.com\/index.php?rest_route=\/wp\/v2\/pages\/1722\/revisions\/4321"}],"wp:attachment":[{"href":"https:\/\/gdsreseau3m.com\/index.php?rest_route=%2Fwp%2Fv2%2Fmedia&parent=1722"}],"curies":[{"name":"wp","href":"https:\/\/api.w.org\/{rel}","templated":true}]}}