{"id":1720,"date":"2018-06-28T09:24:50","date_gmt":"2018-06-28T07:24:50","guid":{"rendered":"http:\/\/gdsreseau3m.com\/?page_id=1720"},"modified":"2019-07-17T10:29:58","modified_gmt":"2019-07-17T08:29:58","slug":"porcins-gestion-des-cheptels-transmission-des-ica","status":"publish","type":"page","link":"https:\/\/gdsreseau3m.com\/?page_id=1720","title":{"rendered":"Porcins &#8211; Gestion des cheptels &#8211; Transmission des ICA"},"content":{"rendered":"<div class=\"mpl-content-wrap\"><h6><img loading=\"lazy\" class=\"alignnone wp-image-333\" src=\"http:\/\/gdsreseau3m.com\/wp-content\/uploads\/2018\/06\/treffleMenu.png\" alt=\"\" width=\"23\" height=\"22\" \/><a href=\"http:\/\/gdsreseau3m.com\/?page_id=1623\">D\u00e9claration de d\u00e9tention<\/a><img loading=\"lazy\" class=\"alignnone wp-image-333\" src=\"http:\/\/gdsreseau3m.com\/wp-content\/uploads\/2018\/06\/treffleMenu.png\" alt=\"\" width=\"23\" height=\"22\" \/><a href=\"http:\/\/gdsreseau3m.com\/?page_id=1714\">Prophylaxies<\/a><img loading=\"lazy\" class=\"alignnone wp-image-333\" src=\"http:\/\/gdsreseau3m.com\/wp-content\/uploads\/2018\/06\/treffleMenu.png\" alt=\"\" width=\"23\" height=\"22\" \/><a href=\"http:\/\/gdsreseau3m.com\/?page_id=1718\">Bios\u00e9curit\u00e9<\/a><img loading=\"lazy\" class=\"alignnone wp-image-333\" src=\"http:\/\/gdsreseau3m.com\/wp-content\/uploads\/2018\/06\/treffleMenu.png\" alt=\"\" width=\"23\" height=\"22\" \/><a href=\"http:\/\/gdsreseau3m.com\/?page_id=1720\">Transmission des ICA<\/a><img loading=\"lazy\" class=\"alignnone wp-image-333\" src=\"http:\/\/gdsreseau3m.com\/wp-content\/uploads\/2018\/06\/treffleMenu.png\" alt=\"\" width=\"23\" height=\"22\" \/><a href=\"http:\/\/gdsreseau3m.com\/?page_id=1722\">Visite sanitaire porcine<\/a><\/h6>\n<h1><img loading=\"lazy\" class=\"alignnone wp-image-751\" src=\"http:\/\/gdsreseau3m.com\/wp-content\/uploads\/2018\/06\/Porcins.png\" alt=\"\" width=\"61\" height=\"32\" \/> <span style=\"color: #9b3590;\">Transmission des Informations sur la Chaine Alimentaire (ICA)<br \/>\n<\/span><\/h1>\n<div>\n<p>Le dispositif ICA rel\u00e8ve de la r\u00e9glementation europ\u00e9enne et s&rsquo;inscrit totalement dans la d\u00e9marche de tra\u00e7abilit\u00e9 alimentaire et de s\u00e9curit\u00e9 sanitaire des aliments. Il doit permettre de renforcer la qualit\u00e9 sanitaire des denr\u00e9es alimentaire tout au long de la chaine alimentaire et notamment \u00e0 l&rsquo;abattoir, et de rationaliser les inspections v\u00e9t\u00e9rinaires.<\/p>\n<p>Ce dispositif obligatoire, \u00e9galement en place pour les bovins et ovins, est applicable pour tous les producteurs porcins.\u00a0 Le bon d&rsquo;accompagnement est le support de l&rsquo;ICA.<\/p>\n<p>En cas de document non conforme ou d&rsquo;animaux arrivant sans ICA renseign\u00e9e, le v\u00e9t\u00e9rinaire officiel peut s&rsquo;opposer \u00e0 l&rsquo;abattage des animaux ou prendre des mesures d&rsquo;inspections renforc\u00e9es ante et post mortem qu&rsquo;il jugera justifi\u00e9es.<\/p>\n<p>En 2014, nous \u00e9tions alert\u00e9s par les services d&rsquo;inspection v\u00e9t\u00e9rinaire des abattoirs que de nombreux porcs avaient \u00e9t\u00e9 introduits \u00e0 l&rsquo;abattoir non accompagn\u00e9s de l&rsquo;ICA. r\u00e9glementaire\u2026<\/p>\n<\/div>\n<h3><span style=\"color: #9b3590;\">Renseignement des ICA en clair<\/span><\/h3>\n<ul>\n<li><span style=\"color: #626262;\">A t\u00e9l\u00e9charger : le <a href=\"http:\/\/gdsreseau3m.com\/wp-content\/uploads\/2018\/07\/DocAbattoir_ANNEXEV13_BOdu27112017.pdf\" target=\"_blank\" rel=\"noopener noreferrer\">bon d&rsquo;accompagnement support de l&rsquo;ICA.<\/a><\/span><\/li>\n<\/ul>\n<p>Les informations sur l&rsquo;ICA sont \u00e0 renseigner lors de chaque d\u00e9part de porc (individuel ou en lot). 1 seul bon pour un m\u00eame lot.<\/p>\n<ul>\n<li>Si un animal ou un lot ne pr\u00e9sente aucun des risques figurant sur le sch\u00e9ma ci-dessous, il suffira simplement de l&rsquo;indiquer en cochant la mention <i>\u00a0\u00bb je n&rsquo;ai pas d&rsquo;information \u00e0 transmettre \u00e0 l&rsquo;abattoir\u00a0\u00bb<\/i>, et de faire suivre le papier avec les animaux.<\/li>\n<li>Dans le cas contraire, il faudra cocher <i>\u00ab\u00a0j&rsquo;ai des informations \u00e0 transmette \u00e0 l&rsquo;abattoir\u00a0\u00bb <\/i>et renseigner les rubriques appropri\u00e9es. Et de faire suivre le papier avec les animaux.<\/li>\n<\/ul>\n<div><a href=\"http:\/\/gdsreseau3m.com\/wp-content\/uploads\/2018\/07\/DocAbattoir_ANNEXEV13_BOdu27112017.pdf\" target=\"_blank\" rel=\"noopener noreferrer\"><img loading=\"lazy\" class=\"alignnone wp-image-1739 size-full\" src=\"http:\/\/gdsreseau3m.com\/wp-content\/uploads\/2018\/06\/Doc_Acc_abattoir_2014-114_finalicon.jpg\" alt=\"\" width=\"187\" height=\"200\" \/><\/a><\/div>\n<p>\u00c0 noter que si les porcs proviennent d&rsquo;un \u00e9levage \u00ab\u00a0plein air\u00a0\u00bb, ce statut est \u00e0 pr\u00e9ciser dans la case \u00ab\u00a0commentaires ou informations professionnelles\u00a0\u00bb.<\/p>\n<\/div>","protected":false},"excerpt":{"rendered":"<p>D\u00e9claration de d\u00e9tentionProphylaxiesBios\u00e9curit\u00e9Transmission des ICAVisite sanitaire porcine Transmission des Informations sur la Chaine Alimentaire (ICA) Le dispositif ICA rel\u00e8ve de la r\u00e9glementation europ\u00e9enne et s&rsquo;inscrit totalement dans la d\u00e9marche de tra\u00e7abilit\u00e9 alimentaire et de s\u00e9curit\u00e9 sanitaire des aliments. Il doit permettre de renforcer la qualit\u00e9 sanitaire des denr\u00e9es alimentaire tout au long de la chaine [&hellip;]<\/p>\n","protected":false},"author":1,"featured_media":0,"parent":0,"menu_order":0,"comment_status":"closed","ping_status":"closed","template":"","meta":[],"_links":{"self":[{"href":"https:\/\/gdsreseau3m.com\/index.php?rest_route=\/wp\/v2\/pages\/1720"}],"collection":[{"href":"https:\/\/gdsreseau3m.com\/index.php?rest_route=\/wp\/v2\/pages"}],"about":[{"href":"https:\/\/gdsreseau3m.com\/index.php?rest_route=\/wp\/v2\/types\/page"}],"author":[{"embeddable":true,"href":"https:\/\/gdsreseau3m.com\/index.php?rest_route=\/wp\/v2\/users\/1"}],"replies":[{"embeddable":true,"href":"https:\/\/gdsreseau3m.com\/index.php?rest_route=%2Fwp%2Fv2%2Fcomments&post=1720"}],"version-history":[{"count":9,"href":"https:\/\/gdsreseau3m.com\/index.php?rest_route=\/wp\/v2\/pages\/1720\/revisions"}],"predecessor-version":[{"id":4320,"href":"https:\/\/gdsreseau3m.com\/index.php?rest_route=\/wp\/v2\/pages\/1720\/revisions\/4320"}],"wp:attachment":[{"href":"https:\/\/gdsreseau3m.com\/index.php?rest_route=%2Fwp%2Fv2%2Fmedia&parent=1720"}],"curies":[{"name":"wp","href":"https:\/\/api.w.org\/{rel}","templated":true}]}}