{"id":1718,"date":"2018-06-28T09:24:25","date_gmt":"2018-06-28T07:24:25","guid":{"rendered":"http:\/\/gdsreseau3m.com\/?page_id=1718"},"modified":"2018-12-13T09:25:33","modified_gmt":"2018-12-13T08:25:33","slug":"porcins-gestion-des-cheptels-biosecurite","status":"publish","type":"page","link":"https:\/\/gdsreseau3m.com\/?page_id=1718","title":{"rendered":"Porcins &#8211; Gestion des cheptels &#8211; Bios\u00e9curit\u00e9"},"content":{"rendered":"<div class=\"mpl-content-wrap\"><h6><img loading=\"lazy\" class=\"alignnone wp-image-333\" src=\"http:\/\/gdsreseau3m.com\/wp-content\/uploads\/2018\/06\/treffleMenu.png\" alt=\"\" width=\"23\" height=\"22\" \/><a href=\"http:\/\/gdsreseau3m.com\/?page_id=1623\">D\u00e9claration de d\u00e9tention<\/a><img loading=\"lazy\" class=\"alignnone wp-image-333\" src=\"http:\/\/gdsreseau3m.com\/wp-content\/uploads\/2018\/06\/treffleMenu.png\" alt=\"\" width=\"23\" height=\"22\" \/><a href=\"http:\/\/gdsreseau3m.com\/?page_id=1714\">Prophylaxies<\/a><img loading=\"lazy\" class=\"alignnone wp-image-333\" src=\"http:\/\/gdsreseau3m.com\/wp-content\/uploads\/2018\/06\/treffleMenu.png\" alt=\"\" width=\"23\" height=\"22\" \/><a href=\"http:\/\/gdsreseau3m.com\/?page_id=1718\">Bios\u00e9curit\u00e9<\/a><img loading=\"lazy\" class=\"alignnone wp-image-333\" src=\"http:\/\/gdsreseau3m.com\/wp-content\/uploads\/2018\/06\/treffleMenu.png\" alt=\"\" width=\"23\" height=\"22\" \/><a href=\"http:\/\/gdsreseau3m.com\/?page_id=1720\">Transmission des ICA<\/a><img loading=\"lazy\" class=\"alignnone wp-image-333\" src=\"http:\/\/gdsreseau3m.com\/wp-content\/uploads\/2018\/06\/treffleMenu.png\" alt=\"\" width=\"23\" height=\"22\" \/><a href=\"http:\/\/gdsreseau3m.com\/?page_id=1722\">Visite sanitaire porcine<\/a><\/h6>\n<h1 class=\"bld mt-50 f-success\"><img loading=\"lazy\" class=\"alignnone wp-image-751\" src=\"http:\/\/gdsreseau3m.com\/wp-content\/uploads\/2018\/06\/Porcins.png\" alt=\"\" width=\"61\" height=\"32\" \/> <span style=\"color: #9b3590;\">Bios\u00e9curit\u00e9 en \u00e9levage<\/span><\/h1>\n<div class=\"d-col-5 t-col-4 m-col-12\">\n<div class=\"floatR\">\n<div class=\"d-col-2 t-col-4 m-col-12 mt-30 mr-50\">\n<div class=\"d-col-5 t-col-4 m-col-12\">\n<div class=\"floatR\">\n<div class=\"d-col-2 t-col-4 m-col-12 mt-30 mr-50\"><a href=\"https:\/\/ifip.asso.fr\"><img loading=\"lazy\" class=\"\" src=\"http:\/\/biosecurite.ifip.asso.fr\/img\/ifip@x2.png\" alt=\"logo ifip\" width=\"141\" height=\"65\" \/><\/a>\u00a0\u00a0 <a href=\"https:\/\/www.sngtv.org\" target=\"_blank\" rel=\"noopener\"><img loading=\"lazy\" class=\"mr-25\" src=\"http:\/\/biosecurite.ifip.asso.fr\/img\/sngtv@x2.png\" alt=\"logo porcprotect\" width=\"120\" height=\"62\" \/><\/a>\u00a0\u00a0\u00a0 <a href=\"http:\/\/agriculture.gouv.fr\/le-plan-ecoantibio-2-2017-2021\" target=\"_blank\" rel=\"noopener\"><img loading=\"lazy\" class=\"mr-20\" src=\"http:\/\/biosecurite.ifip.asso.fr\/img\/ecoantibio@x2.png\" alt=\"logo porcprotect\" width=\"140\" height=\"70\" \/><\/a>\u00a0\u00a0\u00a0 <a href=\"http:\/\/agriculture.gouv.fr\/le-plan-ecoantibio-2-2017-2021\" target=\"_blank\" rel=\"noopener\"><img loading=\"lazy\" class=\"\" src=\"http:\/\/biosecurite.ifip.asso.fr\/img\/maaf@x2.png\" alt=\"logo porcprotect\" width=\"72\" height=\"92\" \/><\/a><\/div>\n<\/div>\n<\/div>\n<\/div>\n<div>\n<h3>Consulter les fiches mises \u00e0 disposition par l&rsquo;IFIP : <a href=\"http:\/\/biosecurite.ifip.asso.fr\/\" target=\"_blank\" rel=\"noopener\">www.biosecurite.ifip.asso.fr<\/a><\/h3>\n<\/div>\n<p class=\"font-12\"><em>\u00a0<\/em><\/p>\n<p style=\"text-align: center;\"><strong>Bios\u00e9curit\u00e9 Externe et Interne<\/strong><\/p>\n<\/div>\n<\/div>\n<div class=\"container flex-grid\">\n<div class=\"d-col-2 t-col-6 m-col-12\">\n<div class=\"mt-20\"><center><a class=\"f-primary bld font-14\" href=\"http:\/\/biosecurite.ifip.asso.fr\/documents\/fiche_bio_N01.pdf\" target=\"_blank\" rel=\"noopener\"> <img class=\"border-1\" src=\"http:\/\/biosecurite.ifip.asso.fr\/img\/fiches\/fiche_bio_N01.jpg\" width=\"50%\" \/><br \/>\n<\/a><\/p>\n<div class=\"center dInBlock\"><strong>\u00a0<\/strong><\/div>\n<div class=\"center dInBlock\"><strong>P\u00e9rim\u00e8tre et organisation g\u00e9n\u00e9ral de l&rsquo;\u00e9levage<\/strong><\/div>\n<p>&nbsp;<\/p>\n<p>&nbsp;<\/p>\n<p>&nbsp;<\/p>\n<p>&nbsp;<\/p>\n<p><\/center><\/div>\n<\/div>\n<div class=\"d-col-2 t-col-6 m-col-12\">\n<div class=\"mt-20\"><center><a class=\"f-primary bld font-14\" href=\"http:\/\/biosecurite.ifip.asso.fr\/documents\/fiche_bio_N02.pdf\" target=\"_blank\" rel=\"noopener\"><img class=\"border-1\" src=\"http:\/\/biosecurite.ifip.asso.fr\/img\/fiches\/fiche_bio_N02.jpg\" width=\"50%\" \/><br \/>\n<\/a><\/center><center><\/p>\n<div><\/div>\n<div>\u00a0<strong>Sas sanitaire et ent\u00e9e<\/strong><br \/>\n<strong>du mat\u00e9riel<\/strong><\/div>\n<p>&nbsp;<\/p>\n<p>&nbsp;<\/p>\n<p>&nbsp;<\/p>\n<p>&nbsp;<\/p>\n<p><\/center><\/div>\n<\/div>\n<div class=\"d-col-2 t-col-6 m-col-12\">\n<div class=\"mt-20\"><center><a class=\"f-primary bld font-14\" href=\"http:\/\/biosecurite.ifip.asso.fr\/documents\/fiche_bio_N03.pdf\" target=\"_blank\" rel=\"noopener\"> <img class=\"border-1\" src=\"http:\/\/biosecurite.ifip.asso.fr\/img\/fiches\/fiche_bio_N03.jpg\" width=\"50%\" \/><br \/>\n<\/a><\/p>\n<div class=\"center dInBlock\"><strong>\u00a0<\/strong><\/div>\n<div><strong>\u00a0Quarantaine<\/strong><\/div>\n<p>&nbsp;<\/p>\n<p>&nbsp;<\/p>\n<p>&nbsp;<\/p>\n<p>&nbsp;<\/p>\n<p><\/center><\/div>\n<\/div>\n<div class=\"d-col-2 t-col-6 m-col-12\">\n<div class=\"mt-20\"><center><a class=\"f-primary bld font-14\" href=\"http:\/\/biosecurite.ifip.asso.fr\/documents\/fiche_bio_N04.pdf\" target=\"_blank\" rel=\"noopener\"> <img class=\"border-1\" src=\"http:\/\/biosecurite.ifip.asso.fr\/img\/fiches\/fiche_bio_N04.jpg\" width=\"50%\" \/><br \/>\n<\/a><\/p>\n<div class=\"center dInBlock\"><\/div>\n<p><strong>Nuisibles et autres animaux<\/strong><\/p>\n<p>&nbsp;<\/p>\n<p>&nbsp;<\/p>\n<p>&nbsp;<\/p>\n<p>&nbsp;<\/p>\n<p><\/center><\/div>\n<\/div>\n<div class=\"d-col-2 t-col-6 m-col-12\">\n<div class=\"mt-20\"><center><a class=\"f-primary bld font-14\" href=\"http:\/\/biosecurite.ifip.asso.fr\/documents\/fiche_bio_N05.pdf\" target=\"_blank\" rel=\"noopener\"> <img class=\"border-1\" src=\"http:\/\/biosecurite.ifip.asso.fr\/img\/fiches\/fiche_bio_N05.jpg\" width=\"50%\" \/><br \/>\n<\/a><\/p>\n<div class=\"center dInBlock\"><\/div>\n<p><strong>D\u00e9part et r\u00e9ception <\/strong><strong>des animaux<\/strong><\/p>\n<p>&nbsp;<\/p>\n<p>&nbsp;<\/p>\n<p>&nbsp;<\/p>\n<p>&nbsp;<\/p>\n<p><\/center><\/div>\n<\/div>\n<div class=\"d-col-2 t-col-6 m-col-12\">\n<div class=\"mt-20\"><center><a class=\"f-primary bld font-14\" href=\"http:\/\/biosecurite.ifip.asso.fr\/documents\/fiche_bio_N06.pdf\" target=\"_blank\" rel=\"noopener\"> <img class=\"border-1\" src=\"http:\/\/biosecurite.ifip.asso.fr\/img\/fiches\/fiche_bio_N06.jpg\" width=\"50%\" \/><br \/>\n<\/a><\/p>\n<div class=\"center dInBlock\"><\/div>\n<p><strong>Gestion de l\u2019\u00e9quarrissage<\/strong><\/p>\n<p>&nbsp;<\/p>\n<p>&nbsp;<\/p>\n<p>&nbsp;<\/p>\n<p>&nbsp;<\/p>\n<p><\/center><\/div>\n<\/div>\n<div class=\"d-col-2 t-col-6 m-col-12\">\n<div class=\"mt-20\"><center><a class=\"f-primary bld font-14\" href=\"http:\/\/biosecurite.ifip.asso.fr\/documents\/fiche_bio_N07.pdf\" target=\"_blank\" rel=\"noopener\"> <img class=\"border-1\" src=\"http:\/\/biosecurite.ifip.asso.fr\/img\/fiches\/fiche_bio_N07.jpg\" width=\"50%\" \/><br \/>\n<\/a><\/p>\n<div class=\"center dInBlock\"><\/div>\n<p><strong>Gestion des effluents<\/strong><\/p>\n<p>&nbsp;<\/p>\n<p>&nbsp;<\/p>\n<p>&nbsp;<\/p>\n<p>&nbsp;<\/p>\n<p><\/center><\/div>\n<\/div>\n<div class=\"d-col-2 t-col-6 m-col-12\">\n<div class=\"mt-20\"><center><a class=\"f-primary bld font-14\" href=\"http:\/\/biosecurite.ifip.asso.fr\/documents\/fiche_bio_N08.pdf\" target=\"_blank\" rel=\"noopener\"> <img class=\"border-1\" src=\"http:\/\/biosecurite.ifip.asso.fr\/img\/fiches\/fiche_bio_N08.jpg\" width=\"50%\" \/><br \/>\n<\/a><\/p>\n<div class=\"center dInBlock\"><\/div>\n<p><strong>Hygi\u00e8ne du personnel<\/strong><\/p>\n<p>&nbsp;<\/p>\n<p>&nbsp;<\/p>\n<p>&nbsp;<\/p>\n<p>&nbsp;<\/p>\n<p><\/center><\/div>\n<\/div>\n<div class=\"d-col-2 t-col-6 m-col-12\">\n<div class=\"mt-20\"><center><a class=\"f-primary bld font-14\" href=\"http:\/\/biosecurite.ifip.asso.fr\/documents\/fiche_bio_N09.pdf\" target=\"_blank\" rel=\"noopener\"> <img class=\"border-1\" src=\"http:\/\/biosecurite.ifip.asso.fr\/img\/fiches\/fiche_bio_N09.jpg\" width=\"50%\" \/><br \/>\n<\/a><\/p>\n<div class=\"center dInBlock\"><\/div>\n<p><strong>Nettoyage et d\u00e9sinfection des locaux<\/strong><\/p>\n<p>&nbsp;<\/p>\n<p>&nbsp;<\/p>\n<p>&nbsp;<\/p>\n<p>&nbsp;<\/p>\n<p><\/center><\/div>\n<\/div>\n<div class=\"d-col-2 t-col-6 m-col-12\">\n<div class=\"mt-20\"><center><a class=\"f-primary bld font-14\" href=\"http:\/\/biosecurite.ifip.asso.fr\/documents\/fiche_bio_N16.pdf\" target=\"_blank\" rel=\"noopener\"> <img class=\"border-1\" src=\"http:\/\/biosecurite.ifip.asso.fr\/img\/fiches\/fiche_bio_N16.jpg\" width=\"50%\" \/><br \/>\n<\/a><\/p>\n<div class=\"center dInBlock\"><\/div>\n<p><strong>Arr\u00eat\u00e9 du 16\/10\/2018 relatif <\/strong><strong>aux mesures de bios\u00e9curit\u00e9<\/strong><\/p>\n<p>&nbsp;<\/p>\n<p>&nbsp;<\/p>\n<p>&nbsp;<\/p>\n<p>&nbsp;<\/p>\n<p><\/center><\/div>\n<\/div>\n<div class=\"d-col-2 t-col-6 m-col-12\">\n<div class=\"mt-20\"><center><a class=\"f-primary bld font-14\" href=\"http:\/\/biosecurite.ifip.asso.fr\/documents\/20181016_biosecurite elevage.pdf\" target=\"_blank\" rel=\"noopener\"> <img class=\"border-1\" src=\"http:\/\/biosecurite.ifip.asso.fr\/img\/fiches\/arrete_biosecurite.jpg\" width=\"50%\" \/><br \/>\n<\/a><\/center><center><strong>Tableau de synth\u00e8se de l&rsquo;Arr\u00eat\u00e9 du 16\/10\/2018<\/strong><\/center><\/div>\n<\/div>\n<div class=\"d-col-2 t-col-6 m-col-12\">\n<div class=\"mt-20\"><center><a class=\"f-primary bld font-14\" href=\"http:\/\/biosecurite.ifip.asso.fr\/documents\/tableau_synthese_arrete16-10-2018.pdf\" target=\"_blank\" rel=\"noopener\"> <img class=\"border-1\" src=\"http:\/\/biosecurite.ifip.asso.fr\/img\/fiches\/tableau_synthese_arrete16-10-2018.jpg\" width=\"50%\" \/><br \/>\n<\/a><\/p>\n<div class=\"center dInBlock\"><\/div>\n<p><strong>Site internet PorcProtect de l&rsquo;IFIP<\/strong><\/p>\n<p>&nbsp;<\/p>\n<p>&nbsp;<\/p>\n<p>&nbsp;<\/p>\n<p>&nbsp;<\/p>\n<p><\/center><\/div>\n<\/div>\n<div class=\"d-col-2 t-col-6 m-col-12\">\n<div class=\"mt-20\"><center><a class=\"f-primary bld font-14\" href=\"https:\/\/porcprotect.ifip.asso.fr\" target=\"_blank\" rel=\"noopener\"> <img class=\"border-1\" src=\"http:\/\/biosecurite.ifip.asso.fr\/img\/fiches\/porcprotect.jpg\" width=\"50%\" \/><br \/>\n<\/a><\/p>\n<div class=\"center dInBlock\"><\/div>\n<p><strong>Signes cliniques PPA sur les porcs<\/strong><\/p>\n<p>&nbsp;<\/p>\n<p>&nbsp;<\/p>\n<p>&nbsp;<\/p>\n<p>&nbsp;<\/p>\n<p><\/center><\/div>\n<\/div>\n<div class=\"d-col-2 t-col-6 m-col-12\">\n<div class=\"mt-20\"><center><a class=\"f-primary bld font-14\" href=\"http:\/\/ansporc.fr\/documents\/PPA-quand_suspecter.pdf\" target=\"_blank\" rel=\"noopener\"> <img class=\"\" src=\"http:\/\/biosecurite.ifip.asso.fr\/img\/fiches\/signe-clinique-porc.jpg\" width=\"50%\" \/><br \/>\n<\/a><\/p>\n<div class=\"center dInBlock\"><\/div>\n<p><strong>Mesures de biose\u0301curite\u0301 recommande\u0301es pour les e\u0301levages vis-a\u0300-vis du risque de Peste Porcine Africaine<\/strong><\/p>\n<p>&nbsp;<\/p>\n<p>&nbsp;<\/p>\n<p>&nbsp;<\/p>\n<p>&nbsp;<\/p>\n<p><\/center><\/div>\n<\/div>\n<div class=\"d-col-2 t-col-6 m-col-12\">\n<div class=\"mt-20\"><center><a class=\"f-primary bld font-14\" href=\"http:\/\/ansporc.fr\/documents\/PPA-mesure-bio-securite.pdf\" target=\"_blank\" rel=\"noopener\"> <img class=\"border-1\" src=\"http:\/\/biosecurite.ifip.asso.fr\/img\/fiches\/PPA-mesure-bio-securite.jpg\" width=\"50%\" \/><br \/>\n<\/a><\/p>\n<div class=\"center dInBlock\"><\/div>\n<div class=\"center dInBlock\"><strong>PPA : Fiche synth\u00e9tique \u00e0 l&rsquo;intention des v\u00e9t\u00e9rinaires<\/strong><\/div>\n<p>&nbsp;<\/p>\n<p>&nbsp;<\/p>\n<p>&nbsp;<\/p>\n<p>&nbsp;<\/p>\n<p><\/center><\/div>\n<\/div>\n<div class=\"d-col-2 t-col-6 m-col-12\">\n<div class=\"mt-20\"><center><a class=\"f-primary bld font-14\" href=\"http:\/\/ansporc.fr\/documents\/PPA-fiche-veterinaire-SNGTV.pdf\" target=\"_blank\" rel=\"noopener\"> <img class=\"border-1\" src=\"http:\/\/biosecurite.ifip.asso.fr\/img\/fiches\/PPA-veterinaires.jpg\" width=\"50%\" \/><br \/>\n<\/a><strong>Plan de bios\u00e9curit\u00e9 en \u00e9levage de porcs<\/strong>&nbsp;<\/p>\n<p><\/center><\/div>\n<\/div>\n<div class=\"d-col-2 t-col-6 m-col-12\">\n<div class=\"mt-20\"><center><a class=\"f-primary bld font-14\" href=\"http:\/\/biosecurite.ifip.asso.fr\/documents\/plan_biosecurite.docx\" target=\"_blank\" rel=\"noopener\"> <img class=\"border-1\" src=\"http:\/\/biosecurite.ifip.asso.fr\/img\/fiches\/plan-biosecurite.jpg\" width=\"50%\" \/><br \/>\n<\/a><\/p>\n<div class=\"center dInBlock\"><\/div>\n<p><strong>Proc\u00e9dure entr\u00e9e intervenants ext\u00e9rieurs<\/strong><\/p>\n<p>&nbsp;<\/p>\n<p>&nbsp;<\/p>\n<p>&nbsp;<\/p>\n<p>&nbsp;<\/p>\n<p><\/center><\/div>\n<\/div>\n<div class=\"d-col-2 t-col-6 m-col-12\">\n<div class=\"mt-20\"><center><a class=\"f-primary bld font-14\" href=\"http:\/\/biosecurite.ifip.asso.fr\/documents\/procedure_entre_A4.docx\" target=\"_blank\" rel=\"noopener\"> <img class=\"border-1\" src=\"http:\/\/biosecurite.ifip.asso.fr\/img\/fiches\/procedure_intervenant_exterieur.jpg\" width=\"50%\" \/><br \/>\n<\/a><\/center><center><em>Documents r\u00e9alis\u00e9s gr\u00e2ce au financement du Minist\u00e8re de l\u2019Agriculture.<\/em><\/center><\/div>\n<\/div>\n<\/div>\n<\/div>","protected":false},"excerpt":{"rendered":"<p>D\u00e9claration de d\u00e9tentionProphylaxiesBios\u00e9curit\u00e9Transmission des ICAVisite sanitaire porcine Bios\u00e9curit\u00e9 en \u00e9levage \u00a0\u00a0 \u00a0\u00a0\u00a0 \u00a0\u00a0\u00a0 Consulter les fiches mises \u00e0 disposition par l&rsquo;IFIP : www.biosecurite.ifip.asso.fr \u00a0 Bios\u00e9curit\u00e9 Externe et Interne \u00a0 P\u00e9rim\u00e8tre et organisation g\u00e9n\u00e9ral de l&rsquo;\u00e9levage &nbsp; &nbsp; &nbsp; &nbsp; \u00a0Sas sanitaire et ent\u00e9e du mat\u00e9riel &nbsp; &nbsp; &nbsp; &nbsp; \u00a0 \u00a0Quarantaine &nbsp; &nbsp; &nbsp; &nbsp; [&hellip;]<\/p>\n","protected":false},"author":1,"featured_media":0,"parent":0,"menu_order":0,"comment_status":"closed","ping_status":"closed","template":"","meta":[],"_links":{"self":[{"href":"https:\/\/gdsreseau3m.com\/index.php?rest_route=\/wp\/v2\/pages\/1718"}],"collection":[{"href":"https:\/\/gdsreseau3m.com\/index.php?rest_route=\/wp\/v2\/pages"}],"about":[{"href":"https:\/\/gdsreseau3m.com\/index.php?rest_route=\/wp\/v2\/types\/page"}],"author":[{"embeddable":true,"href":"https:\/\/gdsreseau3m.com\/index.php?rest_route=\/wp\/v2\/users\/1"}],"replies":[{"embeddable":true,"href":"https:\/\/gdsreseau3m.com\/index.php?rest_route=%2Fwp%2Fv2%2Fcomments&post=1718"}],"version-history":[{"count":12,"href":"https:\/\/gdsreseau3m.com\/index.php?rest_route=\/wp\/v2\/pages\/1718\/revisions"}],"predecessor-version":[{"id":3750,"href":"https:\/\/gdsreseau3m.com\/index.php?rest_route=\/wp\/v2\/pages\/1718\/revisions\/3750"}],"wp:attachment":[{"href":"https:\/\/gdsreseau3m.com\/index.php?rest_route=%2Fwp%2Fv2%2Fmedia&parent=1718"}],"curies":[{"name":"wp","href":"https:\/\/api.w.org\/{rel}","templated":true}]}}