{"id":1714,"date":"2018-06-28T09:23:29","date_gmt":"2018-06-28T07:23:29","guid":{"rendered":"http:\/\/gdsreseau3m.com\/?page_id=1714"},"modified":"2019-07-17T09:58:37","modified_gmt":"2019-07-17T07:58:37","slug":"porcins-gestion-des-cheptels-prophylaxies","status":"publish","type":"page","link":"https:\/\/gdsreseau3m.com\/?page_id=1714","title":{"rendered":"Porcins &#8211; Gestion des cheptels &#8211; Prophylaxies"},"content":{"rendered":"<div class=\"mpl-content-wrap\"><h6><img loading=\"lazy\" class=\"alignnone wp-image-333\" src=\"http:\/\/gdsreseau3m.com\/wp-content\/uploads\/2018\/06\/treffleMenu.png\" alt=\"\" width=\"23\" height=\"22\" \/><a href=\"http:\/\/gdsreseau3m.com\/?page_id=1623\">D\u00e9claration de d\u00e9tention<\/a><img loading=\"lazy\" class=\"alignnone wp-image-333\" src=\"http:\/\/gdsreseau3m.com\/wp-content\/uploads\/2018\/06\/treffleMenu.png\" alt=\"\" width=\"23\" height=\"22\" \/><a href=\"http:\/\/gdsreseau3m.com\/?page_id=1714\">Prophylaxies<\/a><img loading=\"lazy\" class=\"alignnone wp-image-333\" src=\"http:\/\/gdsreseau3m.com\/wp-content\/uploads\/2018\/06\/treffleMenu.png\" alt=\"\" width=\"23\" height=\"22\" \/><a href=\"http:\/\/gdsreseau3m.com\/?page_id=1718\">Bios\u00e9curit\u00e9<\/a><img loading=\"lazy\" class=\"alignnone wp-image-333\" src=\"http:\/\/gdsreseau3m.com\/wp-content\/uploads\/2018\/06\/treffleMenu.png\" alt=\"\" width=\"23\" height=\"22\" \/><a href=\"http:\/\/gdsreseau3m.com\/?page_id=1720\">Transmission des ICA<\/a><img loading=\"lazy\" class=\"alignnone wp-image-333\" src=\"http:\/\/gdsreseau3m.com\/wp-content\/uploads\/2018\/06\/treffleMenu.png\" alt=\"\" width=\"23\" height=\"22\" \/><a href=\"http:\/\/gdsreseau3m.com\/?page_id=1722\">Visite sanitaire porcine<\/a><\/h6>\n<h1><img loading=\"lazy\" class=\"alignnone wp-image-751\" src=\"http:\/\/gdsreseau3m.com\/wp-content\/uploads\/2018\/06\/Porcins.png\" alt=\"\" width=\"61\" height=\"32\" \/> <span style=\"color: #9b3590;\">Les prophylaxies annuelles<\/span><\/h1>\n<h3><span style=\"color: #9b3590;\">La prophylaxie OBLIGATOIRE = Aujeszky<\/span><\/h3>\n<div>\n<ul>\n<li>G\u00e9r\u00e9e par les Services V\u00e9t\u00e9rinaires (= DDPP\/DDCSPP).<\/li>\n<li>Depuis la parution de l&rsquo;Arr\u00eat\u00e9 Minist\u00e9riel du 28\/01\/2009, la prophylaxie collective de la maladie d&rsquo;<a href=\"http:\/\/gdsreseau3m.com\/?page_id=1619\" target=\"_blank\" rel=\"noopener noreferrer\">Aujeszky<\/a> est all\u00e9g\u00e9e dans les d\u00e9partements reconnus indemnes.<\/li>\n<\/ul>\n<p>La surveillance s\u00e9rologique reste obligatoire uniquement dans les \u00e9levages consid\u00e9r\u00e9s \u00e0 risque :<br \/>\n<u><\/u><\/p>\n<table width=\"100%\">\n<tbody>\n<tr>\n<td><span style=\"color: #626262;\">\u00a0\u2192<\/span><b><span style=\"color: #626262;\"> Les \u00e9levages en \u00ab\u00a0plein air\u00a0\u00bb<\/span><br \/>\n<\/b>pour lesquels des risques d&rsquo;introduction par les sangliers sauvages persistent\u00a0<b><\/b><\/td>\n<td>\u00a0<b>1 fois par an<\/b><\/td>\n<\/tr>\n<tr>\n<td><span style=\"color: #626262;\">\u00a0\u2192<\/span><b><span style=\"color: #626262;\"> Les \u00e9levages s\u00e9lectionneurs\/multiplicateurs<\/span><br \/>\n<\/b>en raison de leur plus fort risque de diffusion d&rsquo;une maladie \u00e9ventuelle<\/td>\n<td><b>Tous les trimestres <\/b><\/td>\n<\/tr>\n<\/tbody>\n<\/table>\n<h3><span style=\"color: #9b3590;\">La prophylaxie VOLONTAIRE = SDRP<\/span><\/h3>\n<ul>\n<li>G\u00e9r\u00e9e par les GDS.<\/li>\n<li>D\u00e9pistage du <a href=\"http:\/\/gdsreseau3m.com\/?page_id=1638\" target=\"_blank\" rel=\"noopener noreferrer\">SDRP\u00a0<\/a>permet de s&rsquo;assurer de l&rsquo;absence d&rsquo;une circulation virale dans l&rsquo;\u00e9levage.<\/li>\n<li>Les d\u00e9pistages sont enti\u00e8rement pris en charge pour les adh\u00e9rents \u00e0 la section porcine du GDS.<\/li>\n<\/ul>\n<p><strong>Pour cela, il faut pr\u00e9lever \u00e0 l&rsquo;aide de papiers s\u00e9ro-buvard :<\/strong><\/p>\n<table width=\"659\">\n<tbody>\n<tr>\n<td><span style=\"color: #626262;\"><strong>Cheptel naisseur<\/strong><\/span><\/td>\n<td>Pr\u00e9l\u00e8vement de 10 reproducteurs r\u00e9partis sur diff\u00e9rentes bandes<\/td>\n<\/tr>\n<tr>\n<td valign=\"top\"><strong><span style=\"color: #626262;\">Cheptel naisseur-engraisseur<\/span><\/strong><\/td>\n<td valign=\"top\">Pr\u00e9l\u00e8vement de 10 reproducteurs et de 5 porcs charcutiers <i>(fin d&rsquo;engraissement)<\/i> r\u00e9partis sur diff\u00e9rentes bandes<\/td>\n<\/tr>\n<tr>\n<td><strong><span style=\"color: #626262;\">Cheptel engraisseur<\/span><\/strong><\/td>\n<td>Pr\u00e9l\u00e8vement de 5 porcs charcutiers<i> (fin d&rsquo;engraissement) <\/i>r\u00e9partis sur diff\u00e9rentes bandes<\/td>\n<\/tr>\n<tr>\n<td style=\"text-align: center;\" colspan=\"2\" valign=\"top\"><em>\u00a0Cas sp\u00e9cifiques<\/em><\/td>\n<\/tr>\n<tr>\n<td valign=\"top\"><strong><span style=\"color: #626262;\">S\u00e9lectionneur- multiplicateur<\/span> <\/strong><\/td>\n<td valign=\"top\">Rythme trimestriel, sur 10 porcs reproducteurs de bandes diff\u00e9rentes<\/td>\n<\/tr>\n<tr>\n<td><strong><span style=\"color: #626262;\">Plein-air<\/span> <\/strong><\/td>\n<td>Sondage de 10% du cheptel avec un minimum de 20 pr\u00e9l\u00e8vements<\/td>\n<\/tr>\n<\/tbody>\n<\/table>\n<p>Au bout de 2 r\u00e9sultats n\u00e9gatifs espac\u00e9s de 3 \u00e0 15 mois, le cheptel acqui\u00e8re le statut \u00ab\u00a0R\u00e9guli\u00e8rement contr\u00f4l\u00e9 n\u00e9gatif au titre du SDRP\u00a0\u00bb<i>.\u00a0<\/i><\/p>\n<\/div>\n<\/div>","protected":false},"excerpt":{"rendered":"<p>D\u00e9claration de d\u00e9tentionProphylaxiesBios\u00e9curit\u00e9Transmission des ICAVisite sanitaire porcine Les prophylaxies annuelles La prophylaxie OBLIGATOIRE = Aujeszky G\u00e9r\u00e9e par les Services V\u00e9t\u00e9rinaires (= DDPP\/DDCSPP). Depuis la parution de l&rsquo;Arr\u00eat\u00e9 Minist\u00e9riel du 28\/01\/2009, la prophylaxie collective de la maladie d&rsquo;Aujeszky est all\u00e9g\u00e9e dans les d\u00e9partements reconnus indemnes. La surveillance s\u00e9rologique reste obligatoire uniquement dans les \u00e9levages consid\u00e9r\u00e9s \u00e0 [&hellip;]<\/p>\n","protected":false},"author":1,"featured_media":0,"parent":0,"menu_order":0,"comment_status":"closed","ping_status":"closed","template":"","meta":[],"_links":{"self":[{"href":"https:\/\/gdsreseau3m.com\/index.php?rest_route=\/wp\/v2\/pages\/1714"}],"collection":[{"href":"https:\/\/gdsreseau3m.com\/index.php?rest_route=\/wp\/v2\/pages"}],"about":[{"href":"https:\/\/gdsreseau3m.com\/index.php?rest_route=\/wp\/v2\/types\/page"}],"author":[{"embeddable":true,"href":"https:\/\/gdsreseau3m.com\/index.php?rest_route=\/wp\/v2\/users\/1"}],"replies":[{"embeddable":true,"href":"https:\/\/gdsreseau3m.com\/index.php?rest_route=%2Fwp%2Fv2%2Fcomments&post=1714"}],"version-history":[{"count":10,"href":"https:\/\/gdsreseau3m.com\/index.php?rest_route=\/wp\/v2\/pages\/1714\/revisions"}],"predecessor-version":[{"id":4318,"href":"https:\/\/gdsreseau3m.com\/index.php?rest_route=\/wp\/v2\/pages\/1714\/revisions\/4318"}],"wp:attachment":[{"href":"https:\/\/gdsreseau3m.com\/index.php?rest_route=%2Fwp%2Fv2%2Fmedia&parent=1714"}],"curies":[{"name":"wp","href":"https:\/\/api.w.org\/{rel}","templated":true}]}}