{"id":1692,"date":"2018-06-27T18:10:36","date_gmt":"2018-06-27T16:10:36","guid":{"rendered":"http:\/\/gdsreseau3m.com\/?page_id=1692"},"modified":"2020-09-30T14:50:37","modified_gmt":"2020-09-30T12:50:37","slug":"porcins-services-dhygiene-gamme-sanitaire","status":"publish","type":"page","link":"https:\/\/gdsreseau3m.com\/?page_id=1692","title":{"rendered":"Porcins &#8211; Services d&rsquo;hygi\u00e8ne &#8211; Gamme sanitaire"},"content":{"rendered":"<div class=\"mpl-content-wrap\"><h6><img loading=\"lazy\" class=\"alignnone wp-image-333\" src=\"http:\/\/gdsreseau3m.com\/wp-content\/uploads\/2018\/06\/treffleMenu.png\" alt=\"\" width=\"23\" height=\"22\" \/><a href=\"http:\/\/gdsreseau3m.com\/?page_id=1621\">Qualit\u00e9 de l&rsquo;eau<\/a><img loading=\"lazy\" class=\"alignnone wp-image-333\" src=\"http:\/\/gdsreseau3m.com\/wp-content\/uploads\/2018\/06\/treffleMenu.png\" alt=\"\" width=\"23\" height=\"22\" \/><a href=\"http:\/\/gdsreseau3m.com\/?page_id=1690\">D\u00e9chets d&rsquo;\u00e9levage<\/a><img loading=\"lazy\" class=\"alignnone wp-image-333\" src=\"http:\/\/gdsreseau3m.com\/wp-content\/uploads\/2018\/06\/treffleMenu.png\" alt=\"\" width=\"23\" height=\"22\" \/><a href=\"http:\/\/gdsreseau3m.com\/?page_id=1692\">Gamme sanitaire<\/a><\/h6>\n<h1><img loading=\"lazy\" class=\"alignnone wp-image-751\" src=\"http:\/\/gdsreseau3m.com\/wp-content\/uploads\/2018\/06\/Porcins.png\" alt=\"\" width=\"61\" height=\"32\" \/> <span style=\"color: #9b3590;\">Gamme commerciale sanitaire<\/span><\/h1>\n<ul>\n<li>Armoire \u00e0 pharmacie<\/li>\n<li>Gestion des animaux trouv\u00e9s morts<\/li>\n<li>Protection des documents<\/li>\n<li>Hygi\u00e8ne et s\u00e9curit\u00e9 (d\u00e9sinfectants, p\u00e9diluve, etc)<\/li>\n<li>Mat\u00e9riel de parage<\/li>\n<li>Documents techniques<\/li>\n<\/ul>\n<p><img loading=\"lazy\" class=\"alignnone size-full wp-image-958\" src=\"http:\/\/gdsreseau3m.com\/wp-content\/uploads\/2018\/06\/1418744111_pharma_2.png\" alt=\"\" width=\"389\" height=\"122\" srcset=\"https:\/\/gdsreseau3m.com\/wp-content\/uploads\/2018\/06\/1418744111_pharma_2.png 389w, https:\/\/gdsreseau3m.com\/wp-content\/uploads\/2018\/06\/1418744111_pharma_2-300x94.png 300w\" sizes=\"(max-width: 389px) 100vw, 389px\" \/><\/p>\n<p><span style=\"color: #626262;\"><em><strong>Armoire en poly\u00e9thyl\u00e8ne : petit mod\u00e8le<\/strong><\/em><\/span><\/p>\n<p><em><strong><img loading=\"lazy\" class=\"alignnone size-full wp-image-959\" src=\"http:\/\/gdsreseau3m.com\/wp-content\/uploads\/2018\/06\/1418744161_pharma_3.png\" alt=\"\" width=\"373\" height=\"159\" srcset=\"https:\/\/gdsreseau3m.com\/wp-content\/uploads\/2018\/06\/1418744161_pharma_3.png 373w, https:\/\/gdsreseau3m.com\/wp-content\/uploads\/2018\/06\/1418744161_pharma_3-300x128.png 300w\" sizes=\"(max-width: 373px) 100vw, 373px\" \/><\/strong><\/em><\/p>\n<p><span style=\"color: #626262;\"><em><strong>\u00a0Armoire en polypropyl\u00e8ne : Gros volume<\/strong><\/em><\/span><\/p>\n<p><img loading=\"lazy\" class=\"alignnone size-full wp-image-2956\" src=\"http:\/\/gdsreseau3m.com\/wp-content\/uploads\/2018\/07\/gamme-sanitaire.gif\" alt=\"\" width=\"370\" height=\"1001\" \/><\/p>\n<h3><span style=\"color: #9b3590;\">Tarifs et bon de commande<\/span><\/h3>\n<ul>\n<li><strong>T\u00e9l\u00e9charger le <a href=\"http:\/\/gdsreseau3m.com\/wp-content\/uploads\/2020\/09\/Bon-de-commande-Mat\u00e9riel-Sanitaire-GDS_20200930.pdf\" target=\"_blank\" rel=\"noopener noreferrer\"><span style=\"color: #56b74f;\"><span style=\"color: #9b3590;\">bon de commande du GDS 54 (2020)<\/span> <\/span><\/a><\/strong><\/li>\n<\/ul>\n<p><strong>Autres d\u00e9partements : contactez votre GDS. <\/strong><\/p>\n<p>Vous pouvez trouver d&rsquo;autres produits sanitaires sur le site du <span style=\"color: #9b3590;\"><a style=\"color: #9b3590;\" href=\"http:\/\/www.lecarrefarago.com\/\" target=\"_blank\" rel=\"noopener noreferrer\">Carr\u00e9 FARAGO<\/a> <\/span>et sur <a href=\"https:\/\/www.agrodirect.fr\/\" target=\"_blank\" rel=\"noopener noreferrer\"><span style=\"color: #9b3590;\">AgroDirect<\/span><\/a><\/p>\n<\/div>","protected":false},"excerpt":{"rendered":"<p>Qualit\u00e9 de l&rsquo;eauD\u00e9chets d&rsquo;\u00e9levageGamme sanitaire Gamme commerciale sanitaire Armoire \u00e0 pharmacie Gestion des animaux trouv\u00e9s morts Protection des documents Hygi\u00e8ne et s\u00e9curit\u00e9 (d\u00e9sinfectants, p\u00e9diluve, etc) Mat\u00e9riel de parage Documents techniques Armoire en poly\u00e9thyl\u00e8ne : petit mod\u00e8le \u00a0Armoire en polypropyl\u00e8ne : Gros volume Tarifs et bon de commande T\u00e9l\u00e9charger le bon de commande du GDS 54 [&hellip;]<\/p>\n","protected":false},"author":1,"featured_media":0,"parent":0,"menu_order":0,"comment_status":"closed","ping_status":"closed","template":"","meta":[],"_links":{"self":[{"href":"https:\/\/gdsreseau3m.com\/index.php?rest_route=\/wp\/v2\/pages\/1692"}],"collection":[{"href":"https:\/\/gdsreseau3m.com\/index.php?rest_route=\/wp\/v2\/pages"}],"about":[{"href":"https:\/\/gdsreseau3m.com\/index.php?rest_route=\/wp\/v2\/types\/page"}],"author":[{"embeddable":true,"href":"https:\/\/gdsreseau3m.com\/index.php?rest_route=\/wp\/v2\/users\/1"}],"replies":[{"embeddable":true,"href":"https:\/\/gdsreseau3m.com\/index.php?rest_route=%2Fwp%2Fv2%2Fcomments&post=1692"}],"version-history":[{"count":12,"href":"https:\/\/gdsreseau3m.com\/index.php?rest_route=\/wp\/v2\/pages\/1692\/revisions"}],"predecessor-version":[{"id":5316,"href":"https:\/\/gdsreseau3m.com\/index.php?rest_route=\/wp\/v2\/pages\/1692\/revisions\/5316"}],"wp:attachment":[{"href":"https:\/\/gdsreseau3m.com\/index.php?rest_route=%2Fwp%2Fv2%2Fmedia&parent=1692"}],"curies":[{"name":"wp","href":"https:\/\/api.w.org\/{rel}","templated":true}]}}