{"id":1646,"date":"2018-06-27T17:41:13","date_gmt":"2018-06-27T15:41:13","guid":{"rendered":"http:\/\/gdsreseau3m.com\/?page_id=1646"},"modified":"2019-07-17T09:59:41","modified_gmt":"2019-07-17T07:59:41","slug":"porcins-maladies-diarrhee-epidemique-porcine","status":"publish","type":"page","link":"https:\/\/gdsreseau3m.com\/?page_id=1646","title":{"rendered":"Porcins &#8211; Maladies &#8211; Diarrh\u00e9e \u00e9pid\u00e9mique porcine"},"content":{"rendered":"<div class=\"mpl-content-wrap\"><h6><img loading=\"lazy\" class=\"alignnone wp-image-333\" src=\"http:\/\/gdsreseau3m.com\/wp-content\/uploads\/2018\/06\/treffleMenu.png\" alt=\"\" width=\"23\" height=\"22\" \/><a href=\"http:\/\/gdsreseau3m.com\/?page_id=1619\">Aujeszky<\/a><img loading=\"lazy\" class=\"alignnone wp-image-333\" src=\"http:\/\/gdsreseau3m.com\/wp-content\/uploads\/2018\/06\/treffleMenu.png\" alt=\"\" width=\"23\" height=\"22\" \/><a href=\"http:\/\/gdsreseau3m.com\/?page_id=1638\">Sdrp<\/a><img loading=\"lazy\" class=\"alignnone wp-image-333\" src=\"http:\/\/gdsreseau3m.com\/wp-content\/uploads\/2018\/06\/treffleMenu.png\" alt=\"\" width=\"23\" height=\"22\" \/><a href=\"http:\/\/gdsreseau3m.com\/?page_id=1640\">Peste porcine classique<\/a><img loading=\"lazy\" class=\"alignnone wp-image-333\" src=\"http:\/\/gdsreseau3m.com\/wp-content\/uploads\/2018\/06\/treffleMenu.png\" alt=\"\" width=\"23\" height=\"22\" \/><a href=\"http:\/\/gdsreseau3m.com\/?page_id=1644\">Peste porcine africaine<\/a><img loading=\"lazy\" class=\"alignnone wp-image-333\" src=\"http:\/\/gdsreseau3m.com\/wp-content\/uploads\/2018\/06\/treffleMenu.png\" alt=\"\" width=\"23\" height=\"22\" \/><a href=\"http:\/\/gdsreseau3m.com\/?page_id=1646\">Diarrh\u00e9e \u00e9pid\u00e9mique porcine<\/a><\/h6>\n<h1><img loading=\"lazy\" class=\"alignnone wp-image-751\" src=\"http:\/\/gdsreseau3m.com\/wp-content\/uploads\/2018\/06\/Porcins.png\" alt=\"\" width=\"61\" height=\"32\" \/> <span style=\"color: #9b3590;\">Diarrh\u00e9e \u00e9pid\u00e9mique porcine<\/span><\/h1>\n<div>\n<p>Une souche hyper virulente de diarrh\u00e9e \u00e9pid\u00e9mique porcine (DEP) circule actuellement en Am\u00e9rique du Nord.<\/p>\n<p>Afin de se doter des moyens pour intervenir en cas d&rsquo;introduction de cette souche en France, le Minist\u00e8re en charge de l&rsquo;Agriculture a inscrit cette maladie d&rsquo;\u00e9levage, au titre d&rsquo;\u00e9mergente, dans la liste des dangers sanitaires de premi\u00e8re cat\u00e9gorie.<span style=\"color: #9b3590;\"> <b>Cela rend obligatoire la d\u00e9claration de tout cas\/suspicion de DEP<\/b>.<\/span><\/p>\n<p>Gr\u00e2ce \u00e0 la mise en place de ce dispositif de surveillance renforc\u00e9e, une suspicion de DEP a \u00e9t\u00e9 d\u00e9clar\u00e9e pr\u00e9cocement dans un \u00e9levage de porcs situ\u00e9 dans le d\u00e9partement du Nord de la France (2014).<\/p>\n<ul>\n<li><strong>Actualit\u00e9s en temps r\u00e9el sur la DEP = <\/strong><span style=\"color: #56b74f;\"><a style=\"color: #56b74f;\" href=\"http:\/\/plateforme-esa.fr\/\" target=\"_blank\" rel=\"noopener noreferrer\"><strong><span style=\"color: #9b3590;\">Plateforme ESA<\/span><\/strong><\/a><\/span><\/li>\n<\/ul>\n<h3><span style=\"color: #9b3590;\">Sympt\u00f4mes\u00a0<\/span><\/h3>\n<h4><span style=\"color: #626262;\"> Une maladie grave aux r\u00e9percutions \u00e9conomiques tr\u00e8s importantes<\/span><\/h4>\n<p>Le virus attaque le syst\u00e8me digestif des porcs et la contamination se manifeste par la survenue de signes cliniques tels que :<\/p>\n<ul>\n<li><b>une diarrh\u00e9e abondante et aqueuse,<\/b><\/li>\n<li><b>des vomissements, <\/b><\/li>\n<li><b>une d\u00e9shydratation s\u00e9v\u00e8re,<br \/>\n<\/b><\/li>\n<li><b>une perte d&rsquo;app\u00e9tit<\/b><\/li>\n<li><strong>Une forte morbidit\u00e9 (nombre de malades) des porcs de tout \u00e2ge, mais le taux de mortalit\u00e9 des porcelets non sevr\u00e9s est plus \u00e9lev\u00e9 : il varie entre 80% et 100%.<\/strong><\/li>\n<\/ul>\n<p>La p\u00e9riode d&rsquo;incubation est en moyenne de 2 \u00e0 3 jours et l&rsquo;excr\u00e9tion dure 3 \u00e0 4 semaines.<\/p>\n<p>Il n&rsquo;existe <strong>aucun traitement sp\u00e9cifiques \u00e0 la maladie<\/strong>, on ne peut que traiter les sympt\u00f4mes en r\u00e9hydratants les porcs.<b><br \/>\n<\/b><\/p>\n<h3><span style=\"color: #9b3590;\">Transmission\u00a0<\/span><\/h3>\n<h4><span style=\"color: #626262;\">Une maladie tr\u00e8s contagieuse<\/span><\/h4>\n<p>La transmission est f\u00e9co-orale entre porcs, par contact direct mais aussi par l&rsquo;alimentation animale. La transmission du virus par voies a\u00e9rienne et v\u00e9n\u00e9rienne n&rsquo;est pas connue \u00e0 l&rsquo;heure actuelle mais n\u00e9anmoins possible. L&rsquo;\u00e9pizootie au sein d&rsquo;un \u00e9levage sensible survient 4 \u00e0 5 jours apr\u00e8s l&rsquo;introduction ou la vente de porcs. Le virus est ainsi probablement introduit en \u00e9levage via des porcs infect\u00e9s ou par des vecteurs m\u00e9caniques (bottes, camions, etc.) puisqu&rsquo;une phase de vir\u00e9mie est observ\u00e9e au moins lors de primo-infection.<br \/>\nLa dose minimale infectante est tr\u00e8s faible et le virus pr\u00e9sente une r\u00e9sistance importante \u00e0 diff\u00e9rents traitements physiques. Ces donn\u00e9es mettent en \u00e9vidence que ce virus peut \u00eatre propag\u00e9 efficacement par l&rsquo;homme en intervenant directement dans les \u00e9levages (transport m\u00e9canique), ou par l&rsquo;interm\u00e9diaire de mat\u00e9riel contamin\u00e9.<br \/>\n<img loading=\"lazy\" class=\"alignnone wp-image-2935\" src=\"http:\/\/gdsreseau3m.com\/wp-content\/uploads\/2018\/07\/DEP_mesures-de-s\u00e9curit\u00e9.png\" alt=\"\" width=\"620\" height=\"396\" srcset=\"https:\/\/gdsreseau3m.com\/wp-content\/uploads\/2018\/07\/DEP_mesures-de-s\u00e9curit\u00e9.png 731w, https:\/\/gdsreseau3m.com\/wp-content\/uploads\/2018\/07\/DEP_mesures-de-s\u00e9curit\u00e9-300x192.png 300w\" sizes=\"(max-width: 620px) 100vw, 620px\" \/><\/p>\n<\/div>\n<h3><span style=\"color: #9b3590;\">Mesures de bios\u00e9curit\u00e9<\/span><\/h3>\n<p>En 2014, la France a d\u00e9cid\u00e9 d&rsquo;interdire les importations de porcs vivants et de produits \u00e0 base de porc en provenance des \u00c9tats-Unis, du Canada, du Mexique et du Japon, afin de se pr\u00e9munir contre le virus de la diarrh\u00e9e \u00e9pid\u00e9mique porcine (DEP).<\/p>\n<p>En \u00e9levage,<b> il est indispensable de renforcer les mesures de bios\u00e9curit\u00e9 et limiter les contacts ext\u00e9rieurs<\/b>\u00a0(introduction d&rsquo;animaux, v\u00e9hicules de transport, mat\u00e9riel, alimentation v\u00eatements et bottes pouvant \u00eatre contamin\u00e9s). Il est essentiel de s&rsquo;assurer que les camions ainsi que tout mat\u00e9riel qui arrive \u00e0 la ferme soient exempts de contamination et de bien \u00e9valuer les normes de qualit\u00e9 et la source de tous les ingr\u00e9dients entrant dans la composition des aliments du b\u00e9tail utilis\u00e9s \u00e0 la ferme.<\/p>\n<p>La plupart des d\u00e9sinfectants virucides utilis\u00e9s en France sont a priori efficaces contre le virus de la DEP. Le probl\u00e8me r\u00e9side plus dans l&rsquo;efficacit\u00e9 de l&rsquo;action de nettoyage et de d\u00e9sinfection (inactive sur mati\u00e8re organique ou si le temps de trempage est insuffisant &#8230;).<br \/>\n<b><br \/>\nTout cas suspect doit obligatoirement \u00eatre d\u00e9clar\u00e9 par le v\u00e9t\u00e9rinaire sanitaire, d\u00e8s qu&rsquo;un ou plusieurs groupes d&rsquo;\u00e2ges diff\u00e9rents sont atteints d&rsquo;une diarrh\u00e9e s\u00e9v\u00e8re, contagieuse et aqueuse et dont le taux d&rsquo;animaux malades est sup\u00e9rieur \u00e0 80% et\/ou le taux de mortalit\u00e9 chez les porcelets sous la m\u00e8re exc\u00e8de 30%.<\/b><\/p>\n<ul>\n<li><u>A voir<\/u> :<span style=\"color: #9b3590;\"> <b><a style=\"color: #9b3590;\" href=\"http:\/\/gdsreseau3m.com\/wp-content\/uploads\/2018\/06\/1413461646_fiche_sensibilisation_eleveurs_DEP_PUB_10102014_logo_f3m.pdf\" target=\"_blank\" rel=\"noopener noreferrer\">Fiche synth\u00e9tique sur la DEP<\/a><\/b><\/span><i> (GDS France) <\/i><b><\/b><\/li>\n<\/ul>\n<p>\u00c9galement, l&rsquo;IFIP met \u00e0 disposition 4 plaquettes techniques et p\u00e9dagogiques d\u00e9di\u00e9es \u00e0 la DEP, produites en lien avec les repr\u00e9sentants de la fili\u00e8re, et t\u00e9l\u00e9chargeables ci-dessous :<\/p>\n<ul>\n<li><span style=\"color: #9b3590;\"><a style=\"color: #9b3590;\" href=\"http:\/\/gdsreseau3m.com\/wp-content\/uploads\/2018\/06\/dep_biosecurite.pdf\" target=\"_blank\" rel=\"noopener noreferrer\">Mesures de bios\u00e9curit\u00e9 en \u00e9levage destin\u00e9es \u00e0 limiter la propagation de la DEP<\/a><\/span><\/li>\n<li><span style=\"color: #9b3590;\"><a style=\"color: #9b3590;\" href=\"http:\/\/gdsreseau3m.com\/wp-content\/uploads\/2018\/06\/dep.pdf\" target=\"_blank\" rel=\"noopener noreferrer\">DEP : Bilan des connaissances<\/a><\/span><\/li>\n<li><span style=\"color: #9b3590;\"><a style=\"color: #9b3590;\" href=\"http:\/\/gdsreseau3m.com\/wp-content\/uploads\/2018\/06\/dep_nettoyage-desinfection.pdf\" target=\"_blank\" rel=\"noopener noreferrer\">Optimiser le nettoyage-d\u00e9sinfection pour pr\u00e9venir la propagation de la DEP<\/a><\/span><\/li>\n<li><span style=\"color: #56b74f;\"><a style=\"color: #56b74f;\" href=\"http:\/\/gdsreseau3m.com\/wp-content\/uploads\/2018\/06\/dep_transport.pdf\" target=\"_blank\" rel=\"noopener noreferrer\"><span style=\"color: #9b3590;\">Transport d&rsquo;animaux vivants : mesures de bios\u00e9curit\u00e9 destin\u00e9es \u00e0 limiter la propagation de la DEP<\/span><\/a><\/span><\/li>\n<\/ul>\n<p>Vous pouvez consulter \u00e9galement le <span style=\"color: #9b3590;\"><a style=\"color: #9b3590;\" href=\"http:\/\/gdsreseau3m.com\/wp-content\/uploads\/2018\/06\/1469618031_barometre_DEP_dec_2014_n2.pdf\" target=\"_blank\" rel=\"noopener noreferrer\"><b>\u00ab\u00a0barom\u00e8tre DEP\u00a0\u00bb<\/b><\/a><b><\/b>.<\/span> <b><\/b>Son objectif est de fournir un \u00e9tat des lieux r\u00e9guli\u00e8rement actualis\u00e9 de la situation \u00e9pid\u00e9miologique (Monde\/Europe\/France) et de proposer, en tenant compte du niveau de risque, les recommandations en termes de bios\u00e9curit\u00e9 \u00e0 suivre prioritairement.<\/p>\n<div><i><u>Sources :<\/u> GDS France, IFIP, Conseil Canadien de la Sant\u00e9 Porcine<\/i><\/div>\n<\/div>","protected":false},"excerpt":{"rendered":"<p>AujeszkySdrpPeste porcine classiquePeste porcine africaineDiarrh\u00e9e \u00e9pid\u00e9mique porcine Diarrh\u00e9e \u00e9pid\u00e9mique porcine Une souche hyper virulente de diarrh\u00e9e \u00e9pid\u00e9mique porcine (DEP) circule actuellement en Am\u00e9rique du Nord. Afin de se doter des moyens pour intervenir en cas d&rsquo;introduction de cette souche en France, le Minist\u00e8re en charge de l&rsquo;Agriculture a inscrit cette maladie d&rsquo;\u00e9levage, au titre d&rsquo;\u00e9mergente, [&hellip;]<\/p>\n","protected":false},"author":1,"featured_media":0,"parent":0,"menu_order":0,"comment_status":"closed","ping_status":"closed","template":"","meta":[],"_links":{"self":[{"href":"https:\/\/gdsreseau3m.com\/index.php?rest_route=\/wp\/v2\/pages\/1646"}],"collection":[{"href":"https:\/\/gdsreseau3m.com\/index.php?rest_route=\/wp\/v2\/pages"}],"about":[{"href":"https:\/\/gdsreseau3m.com\/index.php?rest_route=\/wp\/v2\/types\/page"}],"author":[{"embeddable":true,"href":"https:\/\/gdsreseau3m.com\/index.php?rest_route=\/wp\/v2\/users\/1"}],"replies":[{"embeddable":true,"href":"https:\/\/gdsreseau3m.com\/index.php?rest_route=%2Fwp%2Fv2%2Fcomments&post=1646"}],"version-history":[{"count":11,"href":"https:\/\/gdsreseau3m.com\/index.php?rest_route=\/wp\/v2\/pages\/1646\/revisions"}],"predecessor-version":[{"id":4319,"href":"https:\/\/gdsreseau3m.com\/index.php?rest_route=\/wp\/v2\/pages\/1646\/revisions\/4319"}],"wp:attachment":[{"href":"https:\/\/gdsreseau3m.com\/index.php?rest_route=%2Fwp%2Fv2%2Fmedia&parent=1646"}],"curies":[{"name":"wp","href":"https:\/\/api.w.org\/{rel}","templated":true}]}}