{"id":1644,"date":"2018-06-27T17:40:48","date_gmt":"2018-06-27T15:40:48","guid":{"rendered":"http:\/\/gdsreseau3m.com\/?page_id=1644"},"modified":"2020-08-24T13:29:34","modified_gmt":"2020-08-24T11:29:34","slug":"porcins-maladies-peste-porcine-africaine","status":"publish","type":"page","link":"https:\/\/gdsreseau3m.com\/?page_id=1644","title":{"rendered":"Porcins &#8211; Maladies &#8211; Peste Porcine Africaine"},"content":{"rendered":"<div class=\"mpl-content-wrap\"><h6><img loading=\"lazy\" class=\"alignnone wp-image-333\" src=\"http:\/\/gdsreseau3m.com\/wp-content\/uploads\/2018\/06\/treffleMenu.png\" alt=\"\" width=\"23\" height=\"22\" \/><a href=\"http:\/\/gdsreseau3m.com\/?page_id=1619\">Aujeszky<\/a><img loading=\"lazy\" class=\"alignnone wp-image-333\" src=\"http:\/\/gdsreseau3m.com\/wp-content\/uploads\/2018\/06\/treffleMenu.png\" alt=\"\" width=\"23\" height=\"22\" \/><a href=\"http:\/\/gdsreseau3m.com\/?page_id=1638\">Sdrp<\/a><img loading=\"lazy\" class=\"alignnone wp-image-333\" src=\"http:\/\/gdsreseau3m.com\/wp-content\/uploads\/2018\/06\/treffleMenu.png\" alt=\"\" width=\"23\" height=\"22\" \/><a href=\"http:\/\/gdsreseau3m.com\/?page_id=1640\">Peste porcine classique<\/a><img loading=\"lazy\" class=\"alignnone wp-image-333\" src=\"http:\/\/gdsreseau3m.com\/wp-content\/uploads\/2018\/06\/treffleMenu.png\" alt=\"\" width=\"23\" height=\"22\" \/><a href=\"http:\/\/gdsreseau3m.com\/?page_id=1644\">Peste porcine africaine<\/a><img loading=\"lazy\" class=\"alignnone wp-image-333\" src=\"http:\/\/gdsreseau3m.com\/wp-content\/uploads\/2018\/06\/treffleMenu.png\" alt=\"\" width=\"23\" height=\"22\" \/><a href=\"http:\/\/gdsreseau3m.com\/?page_id=1646\">Diarrh\u00e9e \u00e9pid\u00e9mique porcine<\/a><\/h6>\n<h1><img loading=\"lazy\" class=\"alignnone wp-image-751\" src=\"http:\/\/gdsreseau3m.com\/wp-content\/uploads\/2018\/06\/Porcins.png\" alt=\"\" width=\"61\" height=\"32\" \/> <span style=\"color: #56b74f;\"><span style=\"color: #9b3590;\">La Peste Porcine Africaine (PPA)<\/span><\/span><\/h1>\n<p><em><span style=\"color: #808000;\">Dans le contexte actuel de menace sanitaire suite \u00e0 l\u2019arriv\u00e9e de la peste porcine africaine \u00e0 quelques kilom\u00e8tres de la fronti\u00e8re franco-belge (septembre 2018), <\/span><strong><span style=\"color: #808000;\">chacun se doit d&rsquo;\u00eatre extr\u00eamement attentif aux signes suspects de la maladie.<\/span><br \/>\n<\/strong><\/em><\/p>\n<p><a href=\"http:\/\/gdsreseau3m.com\/wp-content\/uploads\/2018\/09\/PPA-quand_suspecter.pdf\"><img loading=\"lazy\" class=\"alignnone wp-image-3345\" src=\"http:\/\/gdsreseau3m.com\/wp-content\/uploads\/2018\/09\/20180924_illu-signes-cliniques-PPA.gif\" alt=\"\" width=\"655\" height=\"459\" \/><\/a><\/p>\n<h3><span style=\"color: #9b3590;\">Situation sanitaire en temps r\u00e9el<\/span><\/h3>\n<ul>\n<li>Voir les actualit\u00e9s du GDS : <a href=\"http:\/\/gdsreseau3m.com\/?page_id=2199\">archives des actualit\u00e9s<\/a><\/li>\n<li>Voir la plateforme d&rsquo;\u00e9pid\u00e9mio-surveillance ESA : <a href=\"https:\/\/www.plateforme-esa.fr\/\">https:\/\/www.plateforme-esa.fr\/<\/a><\/li>\n<\/ul>\n<h3><span style=\"color: #9b3590;\">Le point sur la maladie<\/span><\/h3>\n<div>\n<p>La peste porcine africaine (PPA) est une asfivirose inscrite sur la liste de l&rsquo;OIE. Comme la peste porcine classique (PPC), c&rsquo;est une \u00ab\u00a0maladie rouge\u00a0\u00bb<i> (l\u00e9sions h\u00e9morragiques) <\/i>qui touche les suid\u00e9s domestiques ou sauvages.<\/p>\n<p>C&rsquo;est une maladie hautement virulente <i>(due \u00e0 un virus)<\/i>, tr\u00e8s contagieuse, et difficilement contr\u00f4lable notamment car il n&rsquo;existe pas de vaccin. Elle n&rsquo;est pas transmissible \u00e0 l&rsquo;Homme.<\/p>\n<p>Elle se manifeste sous des formes aigu\u00eb, subaigu\u00eb ou chronique selon la virulence de la souche.<br \/>\nBien que l&rsquo;agent de la PPA soit tr\u00e8s diff\u00e9rent de celui de la PPC, ces deux maladies sont tr\u00e8s proches sur les plans clinique, l\u00e9sionnel et \u00e9pid\u00e9miologique.<\/p>\n<\/div>\n<div>\n<h3><span style=\"color: #56b74f;\"><span style=\"color: #626262;\">Les signes d&rsquo;alerte <\/span><b><br \/>\n<img loading=\"lazy\" class=\"alignnone size-full wp-image-1670\" src=\"http:\/\/gdsreseau3m.com\/wp-content\/uploads\/2018\/06\/1406893770_Cyanose_PPA.jpg\" alt=\"\" width=\"409\" height=\"249\" \/><\/b><\/span><\/h3>\n<h4><span style=\"color: #800080;\">J&rsquo;appelle mon v\u00e9t\u00e9rinaire sanitaire lorsque j&rsquo;observe :<\/span><\/h4>\n<\/div>\n<div>\n<div>\n<ul>\n<li>Forte fi\u00e8vre (&gt;40\u00b0C)<\/li>\n<li>D\u00e9sordre h\u00e9matologiques (h\u00e9morragies internes, nasales, rectales)<\/li>\n<li>Rougeurs cutan\u00e9es des parties distales\u00a0 telles que oreilles, groin, queue, etc.<\/li>\n<li>Anorexie, perte d&rsquo;app\u00e9tit<\/li>\n<li>L\u00e9thargie<\/li>\n<li>Troubles de la coordination<\/li>\n<li>Vomissements, diarrh\u00e9e<\/li>\n<li>Avortements<\/li>\n<li>Dans sa forme aigu\u00eb, la mort est rapide (en 6-13 jours). Le taux de mortalit\u00e9 avoisine les 100%<\/li>\n<li>Sa forme chronique est insidieuse : les sympt\u00f4mes sont att\u00e9nu\u00e9s et les animaux peuvent survivre plusieurs mois<\/li>\n<\/ul>\n<div>\n<p>Le diagnostic se fait \u00e0 partir de pr\u00e9l\u00e8vements et analyses v\u00e9t\u00e9rinaires.<\/p>\n<\/div>\n<h3><span style=\"color: #626262;\">En cas de suspicion, contactez \u00e9galement la DD(CS)PP de votre d\u00e9partement (contact ci-dessous)<\/span><\/h3>\n<p><img loading=\"lazy\" class=\"alignnone wp-image-1671\" src=\"http:\/\/gdsreseau3m.com\/wp-content\/uploads\/2018\/06\/1509637092_gds3m_PPA_contacts_DDPP_en_cas_de_suspicion.jpg\" alt=\"\" width=\"607\" height=\"180\" srcset=\"https:\/\/gdsreseau3m.com\/wp-content\/uploads\/2018\/06\/1509637092_gds3m_PPA_contacts_DDPP_en_cas_de_suspicion.jpg 659w, https:\/\/gdsreseau3m.com\/wp-content\/uploads\/2018\/06\/1509637092_gds3m_PPA_contacts_DDPP_en_cas_de_suspicion-300x89.jpg 300w\" sizes=\"(max-width: 607px) 100vw, 607px\" \/><\/p>\n<\/div>\n<\/div>\n<h3><span style=\"color: #9b3590;\">Prot\u00e9ger son \u00e9levage des risques de contamination, appliquer les mesures de bios\u00e9curit\u00e9<\/span><\/h3>\n<p>Un document tr\u00e8s complet d\u00e9crit les mesures de bios\u00e9curit\u00e9 recommand\u00e9es pour limiter le risque de contamination d\u2019un \u00e9levage vis-\u00e0-vis de la Peste Porcine Africaine (PPA) et des autres dangers sanitaires tels que la DEP et les salmonelles.<\/p>\n<blockquote><p><span style=\"color: #ff6600;\"><strong>Cliquez sur l&rsquo;image ci-dessous pour t\u00e9l\u00e9charger le document<\/strong> <\/span><\/p><\/blockquote>\n<p><a href=\"http:\/\/gdsreseau3m.com\/wp-content\/uploads\/2018\/10\/Fiche_mesure-biosecurite_porcins.pdf\"><img loading=\"lazy\" class=\"alignnone size-full wp-image-3510\" src=\"http:\/\/gdsreseau3m.com\/wp-content\/uploads\/2018\/10\/gds3m_illufiche-ppa-mes-biosecur_20181026.jpg\" alt=\"\" width=\"680\" height=\"958\" srcset=\"https:\/\/gdsreseau3m.com\/wp-content\/uploads\/2018\/10\/gds3m_illufiche-ppa-mes-biosecur_20181026.jpg 680w, https:\/\/gdsreseau3m.com\/wp-content\/uploads\/2018\/10\/gds3m_illufiche-ppa-mes-biosecur_20181026-213x300.jpg 213w\" sizes=\"(max-width: 680px) 100vw, 680px\" \/><\/a><\/p>\n<h3><span style=\"color: #9b3590;\">Des formations pour accompagner les \u00e9leveurs dans la mise en place de leur plan de bios\u00e9curit\u00e9<\/span><\/h3>\n<p>Suite au risque d\u2019introduction de la Peste Porcine Africaine en France, l\u2019\u00c9tat a demand\u00e9, par\u00a0 l&rsquo;Arr\u00eat\u00e9 du 16 octobre 2018, \u00e0 tous les \u00e9leveurs de porcs de suivre une formation d\u2019une journ\u00e9e sur la bios\u00e9curit\u00e9 afin de les aider \u00e0 mettre en place les mesures de bios\u00e9curit\u00e9 dans leur \u00e9levage.<\/p>\n<p><strong>Le GDS a d\u00e9j\u00e0 form\u00e9 de nombreux \u00e9leveurs et continue d\u2019organiser r\u00e9guli\u00e8rement des formations pour les retardataires ou les nouveaux \u00e9leveurs, en petits groupes de maximum 15 personnes.<\/strong> Les bases de la bios\u00e9curit\u00e9 dans un contexte de risque PPA, le contenu du plan bios\u00e9curit\u00e9 ainsi que les bonnes pratiques de d&rsquo;hygi\u00e8ne y sont abord\u00e9s. Chaque \u00e9leveur est guid\u00e9 pour d\u00e9finir le plan de bios\u00e9curit\u00e9 qui correspond \u00e0 son \u00e9levage et \u00e0 son mode de production.<\/p>\n<p>Si vous souhaitez participer \u00e0 l\u2019une de ces formations, <a href=\"http:\/\/gdsreseau3m.com\/?page_id=5169\">veuillez nous envoyer votre demande par e-mail ou ou nous contacter par t\u00e9l\u00e9phone<\/a>. Nous vous pr\u00e9viendrons d\u00e8s ouverture d\u2019une date.<\/p>\n<h3><span style=\"color: #9b3590;\">La PPA en vid\u00e9o<\/span><\/h3>\n<p>Consulter la vid\u00e9o didactique de l\u2019EFSA pr\u00e9sentant les signes cliniques de la maladie, la conduite \u00e0 tenir en cas de suspicion et les mesures de bios\u00e9curit\u00e9 \u00e0 appliquer pour \u00e9viter l\u2019introduction de la PPA dans son \u00e9levage <em>(cette vid\u00e9o est tr\u00e8s bien faite, en anglais mais sous-titr\u00e9e en fran\u00e7ais, elle peut \u00eatre un bon outil de sensibilisation des \u00e9leveurs porcins et des chasseurs)<br \/>\n<\/em><\/p>\n<ul>\n<li><strong><a href=\"https:\/\/www.efsa.europa.eu\/en\/press\/news\/180711\" target=\"_blank\" rel=\"noopener noreferrer\">https:\/\/www.efsa.europa.eu\/en\/press\/news\/180711<\/a><\/strong><\/li>\n<\/ul>\n<p><a href=\"https:\/\/www.efsa.europa.eu\/en\/press\/news\/180711\" target=\"_blank\" rel=\"noopener noreferrer\"><img loading=\"lazy\" class=\"alignnone wp-image-2923\" src=\"http:\/\/gdsreseau3m.com\/wp-content\/uploads\/2018\/07\/GDS3m_illustration-vid\u00e9o-PPA_20180723.jpg\" alt=\"\" width=\"548\" height=\"282\" srcset=\"https:\/\/gdsreseau3m.com\/wp-content\/uploads\/2018\/07\/GDS3m_illustration-vid\u00e9o-PPA_20180723.jpg 802w, https:\/\/gdsreseau3m.com\/wp-content\/uploads\/2018\/07\/GDS3m_illustration-vid\u00e9o-PPA_20180723-300x154.jpg 300w, https:\/\/gdsreseau3m.com\/wp-content\/uploads\/2018\/07\/GDS3m_illustration-vid\u00e9o-PPA_20180723-768x395.jpg 768w\" sizes=\"(max-width: 548px) 100vw, 548px\" \/><\/a><\/p>\n<h3><span style=\"color: #9b3590;\">Autres documents techniques \u00e0 t\u00e9l\u00e9charger<br \/>\n<\/span><\/h3>\n<ul>\n<li>T\u00e9l\u00e9charger la fiche INTERPORC Grand Est (oct. 2017) :\u00a0<span style=\"color: #9b3590;\"> <a style=\"color: #9b3590;\" href=\"http:\/\/gdsreseau3m.com\/wp-content\/uploads\/2018\/06\/1509637200_PPA_Eleveur_de_porc.pdf\" target=\"_blank\" rel=\"noopener noreferrer\"><b>\u00ab\u00a0Le point sur le PPA : quelques recommandations<\/b><\/a><\/span><\/li>\n<li>T\u00e9l\u00e9charger la plaquette de ASForce :\u00a0<a href=\"http:\/\/gdsreseau3m.com\/wp-content\/uploads\/2018\/06\/1406806774_ASFORCE_Flyer_version_francaise_officielle.pdf\" target=\"_blank\" rel=\"noopener noreferrer\"><span style=\"color: #9b3590;\"><b>\u00ab\u00a0La Peste Porcine Africaine menace de s&rsquo;\u00e9tendre en Europe &#8211; Soyez-en conscient\u00a0\u00bb<\/b><\/span><\/a><\/li>\n<li>\u00a0Consultez le site<span style=\"color: #9b3590;\"><strong> <a style=\"color: #9b3590;\" href=\"http:\/\/biosecurite.ifip.asso.fr\/\">http:\/\/biosecurite.ifip.asso.fr\/<\/a> <\/strong><\/span>contenant l&rsquo;ensemble des fiches techniques sur les mesures de bios\u00e9curit\u00e9 \u00e0 mettre en \u0153uvre\u00a0 (dec. 2018)<\/li>\n<\/ul>\n<\/div>","protected":false},"excerpt":{"rendered":"<p>AujeszkySdrpPeste porcine classiquePeste porcine africaineDiarrh\u00e9e \u00e9pid\u00e9mique porcine La Peste Porcine Africaine (PPA) Dans le contexte actuel de menace sanitaire suite \u00e0 l\u2019arriv\u00e9e de la peste porcine africaine \u00e0 quelques kilom\u00e8tres de la fronti\u00e8re franco-belge (septembre 2018), chacun se doit d&rsquo;\u00eatre extr\u00eamement attentif aux signes suspects de la maladie. Situation sanitaire en temps r\u00e9el Voir les [&hellip;]<\/p>\n","protected":false},"author":1,"featured_media":0,"parent":0,"menu_order":0,"comment_status":"closed","ping_status":"closed","template":"","meta":[],"_links":{"self":[{"href":"https:\/\/gdsreseau3m.com\/index.php?rest_route=\/wp\/v2\/pages\/1644"}],"collection":[{"href":"https:\/\/gdsreseau3m.com\/index.php?rest_route=\/wp\/v2\/pages"}],"about":[{"href":"https:\/\/gdsreseau3m.com\/index.php?rest_route=\/wp\/v2\/types\/page"}],"author":[{"embeddable":true,"href":"https:\/\/gdsreseau3m.com\/index.php?rest_route=\/wp\/v2\/users\/1"}],"replies":[{"embeddable":true,"href":"https:\/\/gdsreseau3m.com\/index.php?rest_route=%2Fwp%2Fv2%2Fcomments&post=1644"}],"version-history":[{"count":19,"href":"https:\/\/gdsreseau3m.com\/index.php?rest_route=\/wp\/v2\/pages\/1644\/revisions"}],"predecessor-version":[{"id":5272,"href":"https:\/\/gdsreseau3m.com\/index.php?rest_route=\/wp\/v2\/pages\/1644\/revisions\/5272"}],"wp:attachment":[{"href":"https:\/\/gdsreseau3m.com\/index.php?rest_route=%2Fwp%2Fv2%2Fmedia&parent=1644"}],"curies":[{"name":"wp","href":"https:\/\/api.w.org\/{rel}","templated":true}]}}