{"id":1640,"date":"2018-06-27T17:40:00","date_gmt":"2018-06-27T15:40:00","guid":{"rendered":"http:\/\/gdsreseau3m.com\/?page_id=1640"},"modified":"2018-07-23T14:11:37","modified_gmt":"2018-07-23T12:11:37","slug":"porcins-maladies-peste-porcine-classique","status":"publish","type":"page","link":"https:\/\/gdsreseau3m.com\/?page_id=1640","title":{"rendered":"Porcins &#8211; Maladies &#8211; Peste porcine classique"},"content":{"rendered":"<div class=\"mpl-content-wrap\"><h6><img loading=\"lazy\" class=\"alignnone wp-image-333\" src=\"http:\/\/gdsreseau3m.com\/wp-content\/uploads\/2018\/06\/treffleMenu.png\" alt=\"\" width=\"23\" height=\"22\" \/><a href=\"http:\/\/gdsreseau3m.com\/?page_id=1619\">Aujeszky<\/a><img loading=\"lazy\" class=\"alignnone wp-image-333\" src=\"http:\/\/gdsreseau3m.com\/wp-content\/uploads\/2018\/06\/treffleMenu.png\" alt=\"\" width=\"23\" height=\"22\" \/><a href=\"http:\/\/gdsreseau3m.com\/?page_id=1638\">Sdrp<\/a><img loading=\"lazy\" class=\"alignnone wp-image-333\" src=\"http:\/\/gdsreseau3m.com\/wp-content\/uploads\/2018\/06\/treffleMenu.png\" alt=\"\" width=\"23\" height=\"22\" \/><a href=\"http:\/\/gdsreseau3m.com\/?page_id=1640\">Peste porcine classique<\/a><img loading=\"lazy\" class=\"alignnone wp-image-333\" src=\"http:\/\/gdsreseau3m.com\/wp-content\/uploads\/2018\/06\/treffleMenu.png\" alt=\"\" width=\"23\" height=\"22\" \/><a href=\"http:\/\/gdsreseau3m.com\/?page_id=1644\">Peste porcine africaine<\/a><img loading=\"lazy\" class=\"alignnone wp-image-333\" src=\"http:\/\/gdsreseau3m.com\/wp-content\/uploads\/2018\/06\/treffleMenu.png\" alt=\"\" width=\"23\" height=\"22\" \/><a href=\"http:\/\/gdsreseau3m.com\/?page_id=1646\">Diarrh\u00e9e \u00e9pid\u00e9mique porcine<\/a><\/h6>\n<h1><img loading=\"lazy\" class=\"alignnone wp-image-751\" src=\"http:\/\/gdsreseau3m.com\/wp-content\/uploads\/2018\/06\/Porcins.png\" alt=\"\" width=\"61\" height=\"32\" \/><span style=\"color: #9b3590;\"> La peste porcine classique (PPC)<\/span><\/h1>\n<p>La peste porcine classique (PPC) est consid\u00e9r\u00e9e comme<b> la maladie contagieuse la plus grave des suid\u00e9s<\/b> (porcs et sangliers), apr\u00e8s la fi\u00e8vre aphteuse.<\/p>\n<p>Elle peut g\u00e9n\u00e9rer <b>des pertes \u00e9conomiques importantes<\/b> lorsqu&rsquo;elle atteint les \u00e9levages porcins. La PPC est due \u00e0 un virus non transmissible \u00e0 l&rsquo;homme. Elle se manifeste de mani\u00e8re variable suivant le pouvoir pathog\u00e8ne du virus en cause ou le stade physiologique des animaux.<\/p>\n<h3><span style=\"color: #56b74f;\"><span style=\"color: #9b3590;\">Les signes suspects :<\/span><\/span><\/h3>\n<h4><span style=\"color: #626262;\">J&rsquo;appelle mon v\u00e9t\u00e9rinaire lorsque j&rsquo;observe<\/span><\/h4>\n<ul>\n<li><b>Dans sa forme suraigu\u00eb<\/b> : la mort peut survenir en moins de 48h sans signe d&rsquo;alerte.<\/li>\n<\/ul>\n<ul>\n<li><strong>Dans la forme aigu\u00eb :<\/strong> la mort survient en moins de 15 jours.\n<ul>\n<li>Le tableau clinique est constitu\u00e9 d&rsquo;une cohorte de signes \u00e9vocateurs caract\u00e9ristiques : hyperthermie (&gt;40-41\u00b0C), apathie, troubles locomoteurs, h\u00e9morragies cutan\u00e9es des parties distales puis n\u00e9croses tissulaires, anorexie, \u00e9pisodes successifs de constipation \/ diarrh\u00e9es &#8211; diarrh\u00e9es h\u00e9morragiques, sympt\u00f4mes nerveux, avortements.<\/li>\n<li>Lors d&rsquo;\u00e9tat f\u00e9brile, les animaux se mettent \u00ab\u00a0en tas\u00a0\u00bb, si possible sous une source de chaleur (photo ci-contre).<\/li>\n<\/ul>\n<\/li>\n<\/ul>\n<ul>\n<li><strong>Sa forme chronique est insidieuse<\/strong> : les sympt\u00f4mes sont att\u00e9nu\u00e9s et les animaux peuvent survivre plusieurs semaines.<\/li>\n<\/ul>\n<p>Le diagnostic se fait \u00e0 partir de pr\u00e9l\u00e8vements et analyses v\u00e9t\u00e9rinaires.<\/p>\n<h4><span style=\"color: #626262;\">Voir la fiche technique de l&rsquo;OIE : <a style=\"color: #626262;\" href=\"http:\/\/gdsreseau3m.com\/wp-content\/uploads\/2018\/06\/1406899265_PPC_Fiche_technique_OIE.pdf\" target=\"_blank\" rel=\"noopener\">\u00ab\u00a0Peste Porcine Classique\u00a0\u00bb\u00a0<\/a><\/span><b><br \/>\n<a href=\"http:\/\/gdsreseau3m.com\/wp-content\/uploads\/2018\/06\/1406899265_PPC_Fiche_technique_OIE.pdf\" target=\"_blank\" rel=\"noopener\"><img loading=\"lazy\" class=\"alignnone wp-image-1664 size-full\" src=\"http:\/\/gdsreseau3m.com\/wp-content\/uploads\/2018\/06\/1406899373_Photo_plaquette_PPC.gif\" alt=\"\" width=\"160\" height=\"200\" \/><\/a><\/b><\/h4>\n<h4><span style=\"color: #626262;\">Contenu de la plaquette<\/span><\/h4>\n<div>\n<ul>\n<li>Qu&rsquo;est-ce que la PPC ?<\/li>\n<li>O\u00f9 trouve t-on la maladie ?<\/li>\n<li>Comment la PPC se transmet-elle et se propage-t-elle ?<\/li>\n<li>Quels sont les risques pour la sant\u00e9 publique li\u00e9s \u00e0 la PPC ?<\/li>\n<li>Quels sont les manifestations cliniques de la maladie ?<\/li>\n<li>Comment cette maladie est-elle diagnostiqu\u00e9e ?<\/li>\n<li>Que fait-on pour pr\u00e9venir et contr\u00f4ler cette maladie ?<\/li>\n<\/ul>\n<\/div>\n<h3><span style=\"color: #56b74f;\"><span style=\"color: #9b3590;\">Surveillance <\/span><b><br \/>\n<\/b><\/span><\/h3>\n<h4><span style=\"color: #626262;\">\u00c9tat des lieux<\/span><b><br \/>\n<\/b><\/h4>\n<p><b>Le dernier foyer en date dans notre r\u00e9gion remonte \u00e0 avril 2002<\/b>. La gestion de ce foyer mosellan de PPC fut un bel exemple de solidarit\u00e9 et d&rsquo;efficacit\u00e9 pour l&rsquo;ensemble de la fili\u00e8re porcine. Depuis le juin 2006, plus aucun contr\u00f4le PPC n&rsquo;est \u00e0 r\u00e9aliser avant d\u00e9part en \u00e9levage ou en abattoir<i> (ce qui \u00e9tait le cas de 2002 \u00e0 2006).<\/i>Aucun autre foyer n&rsquo;est \u00e0 d\u00e9plorer, en France, depuis cette date. <b>La situation actuelle du pays vis-\u00e0-vis de la maladie est favorable. <\/b><\/p>\n<p>En mai 2013, la peste porcine classique a \u00e9t\u00e9 ajout\u00e9e \u00e0 la liste des maladies pour lesquelles l&rsquo;OIE a mis en place une proc\u00e9dure de reconnaissance officielle de statut sanitaire. L&rsquo;OIE n&rsquo;a \u00e0 ce jour reconnu aucun pays ou zone officiellement indemne de la maladie. Les dossiers pour la reconnaissance du statut au regard de la peste porcine classique commenceront \u00e0 \u00eatre examin\u00e9s lors du prochain cycle annuel entre mai 2014 et mai 2015.<b> Une qualification Indemne de Peste Porcine Classique peut donc \u00eatre envisag\u00e9e pour les ann\u00e9es \u00e0 venir.<\/b>\u00a0<span style=\"color: #56b74f;\"> <a style=\"color: #56b74f;\" href=\"http:\/\/www.oie.int\/fr\/sante-animale-dans-le-monde\/statuts-officiels-des-maladies\/peste-porcine-classique\/\" target=\"_self\">[En savoir + &#8230;]<\/a><\/span><\/p>\n<\/div>","protected":false},"excerpt":{"rendered":"<p>AujeszkySdrpPeste porcine classiquePeste porcine africaineDiarrh\u00e9e \u00e9pid\u00e9mique porcine La peste porcine classique (PPC) La peste porcine classique (PPC) est consid\u00e9r\u00e9e comme la maladie contagieuse la plus grave des suid\u00e9s (porcs et sangliers), apr\u00e8s la fi\u00e8vre aphteuse. Elle peut g\u00e9n\u00e9rer des pertes \u00e9conomiques importantes lorsqu&rsquo;elle atteint les \u00e9levages porcins. La PPC est due \u00e0 un virus non [&hellip;]<\/p>\n","protected":false},"author":1,"featured_media":0,"parent":0,"menu_order":0,"comment_status":"closed","ping_status":"closed","template":"","meta":[],"_links":{"self":[{"href":"https:\/\/gdsreseau3m.com\/index.php?rest_route=\/wp\/v2\/pages\/1640"}],"collection":[{"href":"https:\/\/gdsreseau3m.com\/index.php?rest_route=\/wp\/v2\/pages"}],"about":[{"href":"https:\/\/gdsreseau3m.com\/index.php?rest_route=\/wp\/v2\/types\/page"}],"author":[{"embeddable":true,"href":"https:\/\/gdsreseau3m.com\/index.php?rest_route=\/wp\/v2\/users\/1"}],"replies":[{"embeddable":true,"href":"https:\/\/gdsreseau3m.com\/index.php?rest_route=%2Fwp%2Fv2%2Fcomments&post=1640"}],"version-history":[{"count":7,"href":"https:\/\/gdsreseau3m.com\/index.php?rest_route=\/wp\/v2\/pages\/1640\/revisions"}],"predecessor-version":[{"id":2922,"href":"https:\/\/gdsreseau3m.com\/index.php?rest_route=\/wp\/v2\/pages\/1640\/revisions\/2922"}],"wp:attachment":[{"href":"https:\/\/gdsreseau3m.com\/index.php?rest_route=%2Fwp%2Fv2%2Fmedia&parent=1640"}],"curies":[{"name":"wp","href":"https:\/\/api.w.org\/{rel}","templated":true}]}}