{"id":1638,"date":"2018-06-27T17:39:28","date_gmt":"2018-06-27T15:39:28","guid":{"rendered":"http:\/\/gdsreseau3m.com\/?page_id=1638"},"modified":"2021-07-07T08:28:12","modified_gmt":"2021-07-07T06:28:12","slug":"porcins-maladies-sdrp","status":"publish","type":"page","link":"https:\/\/gdsreseau3m.com\/?page_id=1638","title":{"rendered":"Porcins &#8211; Maladies &#8211; SDRP"},"content":{"rendered":"<div class=\"mpl-content-wrap\"><h6><img loading=\"lazy\" class=\"alignnone wp-image-333\" src=\"http:\/\/gdsreseau3m.com\/wp-content\/uploads\/2018\/06\/treffleMenu.png\" alt=\"\" width=\"23\" height=\"22\" \/><a href=\"http:\/\/gdsreseau3m.com\/?page_id=1619\">Aujeszky<\/a><img loading=\"lazy\" class=\"alignnone wp-image-333\" src=\"http:\/\/gdsreseau3m.com\/wp-content\/uploads\/2018\/06\/treffleMenu.png\" alt=\"\" width=\"23\" height=\"22\" \/><a href=\"http:\/\/gdsreseau3m.com\/?page_id=1638\">SDRP<\/a><img loading=\"lazy\" class=\"alignnone wp-image-333\" src=\"http:\/\/gdsreseau3m.com\/wp-content\/uploads\/2018\/06\/treffleMenu.png\" alt=\"\" width=\"23\" height=\"22\" \/><a href=\"http:\/\/gdsreseau3m.com\/?page_id=1640\">Peste porcine classique<\/a><img loading=\"lazy\" class=\"alignnone wp-image-333\" src=\"http:\/\/gdsreseau3m.com\/wp-content\/uploads\/2018\/06\/treffleMenu.png\" alt=\"\" width=\"23\" height=\"22\" \/><a href=\"http:\/\/gdsreseau3m.com\/?page_id=1644\">Peste porcine africaine<\/a><img loading=\"lazy\" class=\"alignnone wp-image-333\" src=\"http:\/\/gdsreseau3m.com\/wp-content\/uploads\/2018\/06\/treffleMenu.png\" alt=\"\" width=\"23\" height=\"22\" \/><a href=\"http:\/\/gdsreseau3m.com\/?page_id=1646\">Diarrh\u00e9e \u00e9pid\u00e9mique porcine<\/a><\/h6>\n<h1><img loading=\"lazy\" class=\"alignnone wp-image-751\" src=\"http:\/\/gdsreseau3m.com\/wp-content\/uploads\/2018\/06\/Porcins.png\" alt=\"\" width=\"61\" height=\"32\" \/> <span style=\"color: #9b3590;\">Le Syndrome Dysg\u00e9n\u00e9sique et Respiratoire Porcin (SDRP)<\/span><\/h1>\n<p>Le SDRP, <strong>S<\/strong>yndrome <strong>D<\/strong>ysg\u00e9n\u00e9sique et <strong>R<\/strong>espiratoire <strong>P<\/strong>orcin, est une maladie virale dont l\u2019incidence \u00e9conomique est consid\u00e9rable. Le virus peut se diffuser tr\u00e8s rapidement au sein du troupeau et \u00eatre \u00e0 l\u2019origine de troubles importants d\u2019ordre grippaux et de la reproduction.<\/p>\n<p>Le SDRP n\u2019est pas une maladie anodine, il est capital donc de prot\u00e9ger les \u00e9levages en s\u2019assurant du statut de chacun ainsi que des animaux achet\u00e9s.<\/p>\n<h3><span style=\"color: #9b3590;\">\u25ba La maladie en bref<br \/>\n<\/span><\/h3>\n<h4><span style=\"color: #b05db0;\">Caract\u00e9ristiques du virus\u00a0<\/span><\/h4>\n<p>Ce virus est tr\u00e8s contagieux mais non transmissible \u00e0 l&rsquo;Homme. Peu r\u00e9sistant en milieu ext\u00e9rieur, le virus responsable est sensible \u00e0 la chaleur, aux UV, aux variations de pH ainsi qu\u2019aux d\u00e9sinfectants.<\/p>\n<h4><span style=\"color: #666699;\"><span style=\"color: #b05db0;\">Diffusion rapide au sein d\u2019un troupeau\u00a0<\/span> <\/span><\/h4>\n<p>Toutes les s\u00e9cr\u00e9tions biologiques sont contaminantes (= jetage, urine, sperme, f\u00e8ces, &#8230;). La contamination se fait principalement par contact nasal, ins\u00e9mination ou par des vecteurs tels que les camions, mat\u00e9riel, visiteurs ou encore les a\u00e9rosols d\u2019\u00e9pandage. L\u2019introduction d\u2019animaux contamin\u00e9s est une source majeure de contamination.<\/p>\n<p>En b\u00e2timent, quasiment l\u2019ensemble du troupeau peut \u00eatre contamin\u00e9 en quelques semaines. La diffusion est d\u2019autant plus rapide que la densit\u00e9 animale est importante ; et inversement plus lente en \u00e9levage plein air.<\/p>\n<h4><span style=\"color: #b05db0;\">Sympt\u00f4mes divers et vari\u00e9s\u00a0 <\/span><\/h4>\n<p>L\u2019expression clinique est tr\u00e8s variable d\u2019un \u00e9levage \u00e0 l\u2019autre. La nature, intensit\u00e9 et dur\u00e9e des sympt\u00f4mes diff\u00e8rent selon la souche du virus, le statut immunitaire des porcs, leur mode de d\u00e9tention, leur \u00e2ge, \u2026 Dans certains \u00e9levages, l\u2019absence de sympt\u00f4me est m\u00eame possible.<\/p>\n<p>De fa\u00e7on g\u00e9n\u00e9rale, <b>apr\u00e8s incubation de 4 \u00e0 7 jours<\/b>, les sympt\u00f4mes suivants sont observ\u00e9s, associ\u00e9s ou non :<\/p>\n<p>\u2192\u00a0<b>Sur les truies : <\/b>troubles de la reproduction (= avortements tardifs, retours en chaleur, baisse de la prolificit\u00e9,\u2026), hyperthermie, perte d\u2019app\u00e9tit, baisse de production laiti\u00e8re.<\/p>\n<p>\u2192\u00a0<b>Sur les porcelets : <\/b>mortalit\u00e9 avant sevrage, porcelets ch\u00e9tifs, augmentation des mort-n\u00e9s et des momifi\u00e9s.<\/p>\n<p>\u2192\u00a0<b>Sur les porcs charcutiers : <\/b>syndrome grippal, mortinatalit\u00e9, d\u00e9gradation des performances (= retard de croissance,\u00a0 h\u00e9t\u00e9rog\u00e9n\u00e9it\u00e9 des lots).<\/p>\n<p>Certains sujets peuvent manifester une d\u00e9tresse respiratoire associ\u00e9e \u00e0 un bleuissement des extr\u00e9mit\u00e9s (oreilles, groin &#8230;).<\/p>\n<p>Enfin, le <b>virus du SDRP est immunod\u00e9presseur <\/b>: il provoque une sensibilit\u00e9 accrue aux autres agents infectieux circulants sur l\u2019exploitation (recrudescence d\u2019infections secondaires).<\/p>\n<p>Le diagnostic se fait \u00e0 partir de pr\u00e9l\u00e8vements et analyses v\u00e9t\u00e9rinaires.<\/p>\n<ul>\n<li><span style=\"color: #626262;\">Pour en savoir plus, vous pouvez consulter la plaquette <strong><em><a style=\"color: #626262;\" href=\"http:\/\/gdsreseau3m.com\/wp-content\/uploads\/2018\/06\/1406882341_Fiche_technique_SDRP.pdf\" target=\"_blank\" rel=\"noopener noreferrer\">\u00ab\u00a0SDRP : savoir le reconnaitre et le maitriser\u00a0\u00bb<\/a><\/em><\/strong><\/span><b><br \/>\n<\/b><\/li>\n<\/ul>\n<h3><span style=\"color: #800080;\">\u25baProgramme de d\u00e9pistage SDRP en Grand Est<\/span><\/h3>\n<p>Un programme de d\u00e9pistage s\u00e9rologique SDRP d\u2019envergure r\u00e9gionale est propos\u00e9 depuis l\u2019automne 2020 \u00e0 l\u2019ensemble des \u00e9leveurs porcins de la r\u00e9gion (il \u00e9tait d\u00e9j\u00e0 effectif dans certains d\u00e9partements, notamment la Meuse). Il est obligatoire pour tout d\u00e9tenteur de porcs professionnel.<\/p>\n<p>Ce programme d\u2019ambition collective est men\u00e9 en partenariat avec les diff\u00e9rents acteurs de la fili\u00e8re. Il permet d\u2019attribuer un statut sanitaire aux \u00e9levages et d\u2019organiser la fili\u00e8re autour de cette nouvelle garantie d\u2019\u00e9levage. L\u2019objectif prioritaire \u00e9tant de prot\u00e9ger le statut des \u00e9levages n\u00e9gatifs en SDRP.<\/p>\n<h4><span style=\"color: #b05db0;\">Objectifs du programme<\/span><\/h4>\n<ul>\n<li><b>Surveiller <\/b><b>l\u2019apparition de la maladie <\/b>\u00e0 travers des d\u00e9pistages s\u00e9rologiques r\u00e9guliers.<\/li>\n<li><b>Limiter <\/b><b>les risques d\u2019introduction <\/b>du SDRP dans les \u00e9levages du Grand-Est gr\u00e2ce au respect des bonnes pratiques de bios\u00e9curit\u00e9 internes\/externes et \u00e0 la connaissance des statuts en particulier lors de mouvements (statut renseign\u00e9 dans BD.PORC avec consentement de l\u2019\u00e9leveur)<\/li>\n<li><b>Attribuer un statut <\/b>par \u00e9levages mais \u00e9galement par zones de la r\u00e9gion Grand-Est.<\/li>\n<\/ul>\n<h4><span style=\"color: #b05db0;\">Protocole de d\u00e9pistage<\/span><\/h4>\n<p>Les pr\u00e9l\u00e8vements sont r\u00e9alis\u00e9s par le v\u00e9t\u00e9rinaire sanitaire, par <b>prise de sang ou sur papier buvard pour analyse s\u00e9rologique.<\/b><\/p>\n<p><b>La fr\u00e9quence de pr\u00e9l\u00e8vement est annuelle<\/b>, sauf pour les \u00e9levages \u00ab\u00a0s\u00e9lectionneur-multiplicateur\u00a0\u00bb o\u00f9 elle est trimestrielle.<\/p>\n<p>Cette fr\u00e9quence peut cependant \u00eatre augment\u00e9e si :<\/p>\n<ul>\n<li>L\u2019\u00e9levage se situe dans une zone \u00e0 pr\u00e9valence sup\u00e9rieure \u00e0 10% : dans ce cas, la fr\u00e9quence est semestrielle.<\/li>\n<li>Si l\u2019\u00e9levage souhaite obtenir un statut rapidement. L\u2019intervalle minimal entre 2 prophylaxies qualifiantes est de 2 mois.<\/li>\n<\/ul>\n<table style=\"height: 571px;\" width=\"567\">\n<tbody>\n<tr>\n<td width=\"109\">\n<p style=\"text-align: center;\"><span style=\"color: #993366;\"><b>Typologie<\/b><\/span><\/p>\n<\/td>\n<td width=\"89\">\n<p style=\"text-align: center;\"><span style=\"color: #993366;\"><b>Fr\u00e9quence<\/b><\/span><\/p>\n<\/td>\n<td width=\"157\">\n<p style=\"text-align: center;\"><span style=\"color: #993366;\"><b>Animaux \u00e0 pr\u00e9lever<\/b><\/span><\/p>\n<\/td>\n<\/tr>\n<tr>\n<td width=\"109\"><strong>S\u00e9lectionneurs<\/strong><\/p>\n<p><strong>Multiplicateurs<\/strong><\/td>\n<td width=\"89\">Trimestrielle<\/td>\n<td width=\"157\">15 truies d\u2019\u00e2ge et de rang de port\u00e9es diff\u00e9rents et 10 porcs charcutiers en fin d\u2019engraissement (protocole de base)<\/td>\n<\/tr>\n<tr>\n<td width=\"109\"><strong>Naisseurs<\/strong><\/td>\n<td rowspan=\"4\" width=\"89\">Selon pr\u00e9valence de la zone<\/p>\n<p>(= annuelle ou\u00a0\u00a0\u00a0\u00a0\u00a0 semestrielle)<\/td>\n<td width=\"157\">10 truies d\u2019\u00e2ges et de rang de port\u00e9es diff\u00e9rents<\/td>\n<\/tr>\n<tr>\n<td width=\"109\"><strong>Naisseurs<\/strong><\/p>\n<p><strong>engraisseurs<\/strong><\/td>\n<td width=\"157\">10 truies d\u2019\u00e2ge et de rang de port\u00e9es diff\u00e9rents et 5 porcs charcutiers en fin d\u2019engraissement<\/td>\n<\/tr>\n<tr>\n<td width=\"109\"><strong>Engraisseurs<\/strong><\/td>\n<td width=\"157\">10 porcs charcutiers en fin\u00a0\u00a0\u00a0 d\u2019engraissement<\/td>\n<\/tr>\n<tr>\n<td width=\"109\"><strong>Post-sevreurs<\/strong><\/td>\n<td width=\"157\">10 porcelets de chaque lot sortant<\/td>\n<\/tr>\n<tr>\n<td width=\"109\"><strong>Cas particulier : NE et E interm\u00e9diaires<\/strong><\/td>\n<td width=\"89\">Tous les 4 mois<\/td>\n<td width=\"157\">10 porcs charcutiers en fin\u00a0\u00a0\u00a0\u00a0 d\u2019engraissement<\/td>\n<\/tr>\n<\/tbody>\n<\/table>\n<p>Dans les situations o\u00f9 les d\u00e9pistages ont d\u00e9j\u00e0 \u00e9t\u00e9 engag\u00e9s au cours des\u00a0 pr\u00e9c\u00e9dentes ann\u00e9es, l\u2019historique des r\u00e9sultats pourra \u00eatre r\u00e9cup\u00e9r\u00e9 et valoris\u00e9 (sous r\u00e9serve du respect du protocole).<\/p>\n<h4><span style=\"color: #b05db0;\">Attribution et transmission des statuts<\/span><\/h4>\n<p>A l\u2019issue des r\u00e9sultats, un statut d\u2019\u00e9levage est d\u00e9fini et une attestation SDRP est d\u00e9livr\u00e9e.<\/p>\n<ul>\n<li><b>N\u00c9GATIF<\/b><\/li>\n<li><b>INTERM\u00c9DIAIRE <\/b>(truies vaccin\u00e9es mais porcs charcutiers n\u00e9gatifs en fin d\u2019engraissement)<\/li>\n<li><b>INCONNU <\/b>(pour les \u00e9leveurs ne disposant pas de r\u00e9sultat ou n\u2019ayant pas autoris\u00e9 la transmission de leur statut).<\/li>\n<li><b>POSITIF<\/b><\/li>\n<\/ul>\n<p>Ces statuts individuels permettront d\u2019\u00e9tablir un statut par zones et territoires par la suite (\u00e9volution r\u00e9glementaire).<\/p>\n<p>L\u2019accord de l\u2019\u00e9leveur est indispensable pour autoriser la transmission de son statut SDRP dans BDPORC (base de donn\u00e9es nationale).<\/p>\n<p>Cet accord est donn\u00e9 lors de la r\u00e9alisation des d\u00e9pistages, avec le v\u00e9t\u00e9rinaire. Il est formalis\u00e9 par la signature d\u2019un\u00a0 document de \u00ab\u00a0consentement\u00a0\u00bb.<\/p>\n<p>Le statut de l\u2019\u00e9levage sera ensuite consultable par l\u2019organisme de production d\u2019adh\u00e9sion du site d\u2019\u00e9levage, par l\u2019\u00e9leveur, par le gestionnaire r\u00e9gional BDPORC ou par tout op\u00e9rateur de transport en charge d\u2019un mouvement d\u2019animaux sur le site de l\u2019\u00e9levage.<\/p>\n<h4><span style=\"color: #b05db0;\">Co\u00fbt et financement du programme<\/span><\/h4>\n<p><img loading=\"lazy\" class=\" wp-image-5585 alignright\" src=\"http:\/\/gdsreseau3m.com\/wp-content\/uploads\/2021\/03\/Logo_SDRP-je-d\u00e9piste-mon-troupeau_2020.png\" alt=\"\" width=\"244\" height=\"197\" srcset=\"https:\/\/gdsreseau3m.com\/wp-content\/uploads\/2021\/03\/Logo_SDRP-je-d\u00e9piste-mon-troupeau_2020.png 464w, https:\/\/gdsreseau3m.com\/wp-content\/uploads\/2021\/03\/Logo_SDRP-je-d\u00e9piste-mon-troupeau_2020-300x242.png 300w\" sizes=\"(max-width: 244px) 100vw, 244px\" \/><\/p>\n<p>Une subvention a \u00e9t\u00e9 accord\u00e9e par la r\u00e9gion Grand-Est permettant aux GDS de prendre en charge une partie des analyses r\u00e9alis\u00e9es et frais v\u00e9t\u00e9rinaires li\u00e9s. Contactez votre GDS pour plus de d\u00e9tail.<\/p>\n<p>Pour plus de renseignements sur le co\u00fbt du protocole ainsi que sur des possibilit\u00e9s de prise en charge, nous vous invitons \u00e0 contacter le GDS de votre d\u00e9partement (voir fiche contacts ci-dessous).<\/p>\n<h4><span style=\"color: #b05db0;\">Vos interlocuteurs SDRP au sein des GDS du Grand-Est<\/span><\/h4>\n<table style=\"height: 1330px;\" width=\"816\">\n<tbody>\n<tr>\n<td style=\"text-align: center;\" width=\"54\"><span style=\"color: #993366;\"><b>GDS<\/b><\/span><\/td>\n<td style=\"text-align: center;\" width=\"200\"><span style=\"color: #993366;\"><b>Adresse <\/b><\/span><\/td>\n<td width=\"175\"><span style=\"color: #993366;\"><b>Nom de contact<\/b><\/span><\/td>\n<td style=\"text-align: center;\" width=\"239\"><span style=\"color: #993366;\"><b>Coordonn\u00e9es<\/b><\/span><\/td>\n<\/tr>\n<tr>\n<td width=\"54\">08<\/td>\n<td width=\"200\">17 rue du Ch\u00e2teau<\/p>\n<p>08013 CHARLEVILLE-MEZIERES<\/td>\n<td width=\"175\">Me Camille MATHIEU<\/td>\n<td width=\"239\">Tel\u00a0: 03.24.37.25.82<\/p>\n<p>Mail\u00a0: camille.mathieu.gds08@reseaugds.com<\/td>\n<\/tr>\n<tr>\n<td width=\"54\">10<\/td>\n<td width=\"200\">2BIS rue Jeanne d\u2019Arc<\/p>\n<p>BP 4017<\/p>\n<p>10013 TROYES Cedex<\/td>\n<td width=\"175\">Me Claude LEGER<\/td>\n<td width=\"239\">Tel : 03.25.82.62.15<\/p>\n<p>Mail\u00a0: claude.leger.gds10@reseaugds.com<\/td>\n<\/tr>\n<tr>\n<td width=\"54\">51<\/td>\n<td width=\"200\">Complexe Agricole du Mont Bernard<\/p>\n<p>Route de Suippes<\/p>\n<p>CS 90525<\/p>\n<p>51009 CHALONS-EN-CHAMPAGNE<\/td>\n<td width=\"175\">Me Maud LAFFRIQUE<\/td>\n<td width=\"239\">Tel\u00a0: 03.26.64.96.88<\/p>\n<p>Mail\u00a0: maud.laffrique@marne.chambagri.fr<\/td>\n<\/tr>\n<tr>\n<td width=\"54\">52<\/td>\n<td width=\"200\">26 avenue du 109eme R.I.<\/p>\n<p>52011 CHAUMONT Cedex<\/td>\n<td width=\"175\">M. Denis DAILLET<\/td>\n<td width=\"239\">Tel\u00a0: 03.25.35.03.83<\/p>\n<p>Mail\u00a0: denis.daillet@gds52.fr<\/td>\n<\/tr>\n<tr>\n<td width=\"54\">54<\/td>\n<td width=\"200\">9 rue de la Vologne<\/p>\n<p>54520 LAXOU<\/td>\n<td rowspan=\"2\" width=\"175\">Me Emma DUBAUX (GDS 55)<\/td>\n<td rowspan=\"2\" width=\"239\">Tel\u00a0: 03.29.83.30.32<\/p>\n<p>Mail\u00a0: e.dubaux@gds55.com<\/td>\n<\/tr>\n<tr>\n<td width=\"54\">55<\/td>\n<td width=\"200\">CS 50400<\/p>\n<p>55108 VERDUN Cedex<\/td>\n<\/tr>\n<tr>\n<td width=\"54\">57<\/td>\n<td width=\"200\">64 avenue Andr\u00e9 Malraux<\/p>\n<p>Maison de l\u2019agriculture<\/p>\n<p>57045 METZ Cedex 01<\/td>\n<td width=\"175\">Me Lucile ADEL\u00c9<\/td>\n<td width=\"239\">Tel\u00a0: 03.87.66.12.98<\/p>\n<p>Mail\u00a0: adele@gddsb-moselle.asso.fr<\/td>\n<\/tr>\n<tr>\n<td rowspan=\"2\" width=\"54\">Alsace<\/td>\n<td width=\"200\">2 rue du Rome<\/p>\n<p>67309 SCHILTIGHEIM Cedex<\/td>\n<td width=\"175\">Me C\u00e9line ZUBER<\/td>\n<td width=\"239\">Tel\u00a0: 03.88.19.16.73<\/p>\n<p>Mail\u00a0: celine.zuber@gdsalsace.com<\/td>\n<\/tr>\n<tr>\n<td width=\"200\">11 rue Jean Mermoz<\/p>\n<p>Maison de l\u2019agriculture<\/p>\n<p>68127 SAINTE-CROIX-EN-PLAINE<\/td>\n<td width=\"175\">Me C\u00e9line ZUBER<\/td>\n<td width=\"239\">Tel\u00a0: 03.89.22.28.00<\/p>\n<p>Mail\u00a0: celine.zuber@gdsalsace.com<\/td>\n<\/tr>\n<tr>\n<td width=\"54\">88<\/td>\n<td width=\"200\">Razimont<\/p>\n<p>102 rue Andr\u00e9 Vitu<\/p>\n<p>88025 EPINAL Cedex<\/td>\n<td width=\"175\">M. Thibaut EVE<\/td>\n<td width=\"239\">Tel\u00a0: 03.29.68.20.20<\/p>\n<p>Mail\u00a0: thibaut.eve@gds88.com<\/td>\n<\/tr>\n<\/tbody>\n<\/table>\n<h6><em>Mise \u00e0 jour : octobre 2020<\/em><\/h6>\n<\/div>","protected":false},"excerpt":{"rendered":"<p>AujeszkySDRPPeste porcine classiquePeste porcine africaineDiarrh\u00e9e \u00e9pid\u00e9mique porcine Le Syndrome Dysg\u00e9n\u00e9sique et Respiratoire Porcin (SDRP) Le SDRP, Syndrome Dysg\u00e9n\u00e9sique et Respiratoire Porcin, est une maladie virale dont l\u2019incidence \u00e9conomique est consid\u00e9rable. Le virus peut se diffuser tr\u00e8s rapidement au sein du troupeau et \u00eatre \u00e0 l\u2019origine de troubles importants d\u2019ordre grippaux et de la reproduction. Le [&hellip;]<\/p>\n","protected":false},"author":1,"featured_media":0,"parent":0,"menu_order":0,"comment_status":"closed","ping_status":"closed","template":"","meta":[],"_links":{"self":[{"href":"https:\/\/gdsreseau3m.com\/index.php?rest_route=\/wp\/v2\/pages\/1638"}],"collection":[{"href":"https:\/\/gdsreseau3m.com\/index.php?rest_route=\/wp\/v2\/pages"}],"about":[{"href":"https:\/\/gdsreseau3m.com\/index.php?rest_route=\/wp\/v2\/types\/page"}],"author":[{"embeddable":true,"href":"https:\/\/gdsreseau3m.com\/index.php?rest_route=\/wp\/v2\/users\/1"}],"replies":[{"embeddable":true,"href":"https:\/\/gdsreseau3m.com\/index.php?rest_route=%2Fwp%2Fv2%2Fcomments&post=1638"}],"version-history":[{"count":22,"href":"https:\/\/gdsreseau3m.com\/index.php?rest_route=\/wp\/v2\/pages\/1638\/revisions"}],"predecessor-version":[{"id":5791,"href":"https:\/\/gdsreseau3m.com\/index.php?rest_route=\/wp\/v2\/pages\/1638\/revisions\/5791"}],"wp:attachment":[{"href":"https:\/\/gdsreseau3m.com\/index.php?rest_route=%2Fwp%2Fv2%2Fmedia&parent=1638"}],"curies":[{"name":"wp","href":"https:\/\/api.w.org\/{rel}","templated":true}]}}