{"id":1621,"date":"2018-06-27T17:33:19","date_gmt":"2018-06-27T15:33:19","guid":{"rendered":"http:\/\/gdsreseau3m.com\/?page_id=1621"},"modified":"2026-04-07T15:37:24","modified_gmt":"2026-04-07T13:37:24","slug":"porcins-services-dhygiene","status":"publish","type":"page","link":"https:\/\/gdsreseau3m.com\/?page_id=1621","title":{"rendered":"Porcins &#8211; Services d&rsquo;hygi\u00e8ne &#8211; Qualit\u00e9 de l&rsquo;eau"},"content":{"rendered":"<div class=\"mpl-content-wrap\"><h6><img loading=\"lazy\" class=\"alignnone wp-image-333\" src=\"http:\/\/gdsreseau3m.com\/wp-content\/uploads\/2018\/06\/treffleMenu.png\" alt=\"\" width=\"23\" height=\"22\" \/><a href=\"http:\/\/gdsreseau3m.com\/?page_id=1621\">Qualit\u00e9 de l&rsquo;eau<\/a><img loading=\"lazy\" class=\"alignnone wp-image-333\" src=\"http:\/\/gdsreseau3m.com\/wp-content\/uploads\/2018\/06\/treffleMenu.png\" alt=\"\" width=\"23\" height=\"22\" \/><a href=\"http:\/\/gdsreseau3m.com\/?page_id=1690\">D\u00e9chets d&rsquo;\u00e9levage<\/a><img loading=\"lazy\" class=\"alignnone wp-image-333\" src=\"http:\/\/gdsreseau3m.com\/wp-content\/uploads\/2018\/06\/treffleMenu.png\" alt=\"\" width=\"23\" height=\"22\" \/><a href=\"http:\/\/gdsreseau3m.com\/?page_id=1692\">Gamme sanitaire<\/a><\/h6>\n<h1><img loading=\"lazy\" class=\"alignnone wp-image-751\" src=\"http:\/\/gdsreseau3m.com\/wp-content\/uploads\/2018\/06\/Porcins.png\" alt=\"\" width=\"61\" height=\"32\" \/> <span style=\"color: #9b3590;\">Suivi de la qualit\u00e9 d&rsquo;eau d&rsquo;abreuvement<\/span><\/h1>\n<blockquote><p><span style=\"color: #333399;\"><strong>Contr\u00f4ler r\u00e9guli\u00e8rement l&rsquo;eau que vous donnez \u00e0 vos animaux est un gage de sant\u00e9 animale et de productivit\u00e9.<\/strong><\/span><\/p><\/blockquote>\n<h3><span style=\"color: #9b3590;\">L&rsquo;action suivi qualit\u00e9 de l&rsquo;EAU des GDS<\/span><\/h3>\n<p>Les GDS proposent \u00e0 tout \u00e9leveur adh\u00e9rent un service pour le suivi de la qualit\u00e9 de l&rsquo;eau en \u00e9levage issue de captage priv\u00e9 <i>(forage, puits, source, etc.).<\/i><\/p>\n<h4><span style=\"color: #626262;\">Pourquoi suivre la qualit\u00e9 de l&rsquo;eau distribu\u00e9e ?<\/span><\/h4>\n<ul>\n<li>\u00c9viter les risques sanitaires li\u00e9s \u00e0 la consommation d&rsquo;eau contamin\u00e9e<\/li>\n<li>Garantir les performances d&rsquo;\u00e9levage<\/li>\n<li>R\u00e9pondre \u00e0 la l\u00e9gislation et aux cahiers des charges de labels<\/li>\n<li>Assurer la long\u00e9vit\u00e9 des \u00e9quipements mat\u00e9riels<\/li>\n<\/ul>\n<h4><span style=\"color: #626262;\">Le service propos\u00e9 comprend :<\/span><\/h4>\n<div>\n<ul>\n<li>Visite de l&rsquo;installation de captage (\u00e9valuation des risques)<\/li>\n<li>Audit d&rsquo;abreuvement en \u00e9levage<\/li>\n<li>Pr\u00e9l\u00e8vement en conditions d&rsquo;hygi\u00e8ne\u00a0appropri\u00e9es<\/li>\n<li>Acheminement des \u00e9chantillons au laboratoire<\/li>\n<li>Interpr\u00e9tation des r\u00e9sultats dans le contexte de l&rsquo;\u00e9levage<\/li>\n<li>Conseils personnalis\u00e9s pour l&rsquo;am\u00e9lioration ou le maintien de la qualit\u00e9 de l&rsquo;eau<\/li>\n<li>Suivi annuel de l&rsquo;\u00e9volution de la qualit\u00e9 de l&rsquo;eau<\/li>\n<\/ul>\n<h4><span style=\"color: #626262;\">Conditions et tarifs<\/span><\/h4>\n<ul>\n<li><strong>T\u00e9l\u00e9chargez le protocole des GDS ci-dessous pour connaitre les diff\u00e9rentes analyses bact\u00e9riologiques et physicochimiques r\u00e9alis\u00e9es. Contactez votre GDS pour connaitre les tarifs en vigueur.<\/strong><\/li>\n<\/ul>\n<p><a href=\"http:\/\/gdsreseau3m.com\/wp-content\/uploads\/2026\/04\/PROTOCOLE-QE-2016-17-pack-2-analyses-.pdf\" target=\"_blank\" rel=\"noopener noreferrer\"><img loading=\"lazy\" class=\"alignnone wp-image-2729\" src=\"http:\/\/gdsreseau3m.com\/wp-content\/uploads\/2018\/07\/Illustration_protocole-qualit\u00e9-eau-GDS.png\" alt=\"\" width=\"168\" height=\"217\" srcset=\"https:\/\/gdsreseau3m.com\/wp-content\/uploads\/2018\/07\/Illustration_protocole-qualit\u00e9-eau-GDS.png 306w, https:\/\/gdsreseau3m.com\/wp-content\/uploads\/2018\/07\/Illustration_protocole-qualit\u00e9-eau-GDS-232x300.png 232w\" sizes=\"(max-width: 168px) 100vw, 168px\" \/><\/a><\/p>\n<h3><span style=\"color: #9b3590;\">Vos contacts<\/span><\/h3>\n<p><strong> <a href=\"mailto:c.dargent@gds54.com\">Claire DARGENT<\/a> (54)<\/strong> &#8211; 03 83 93 44 76<br \/>\n<strong><a href=\"mailto:e.dubaux@gds55.com\">Emma DUBAUX<\/a> (55) &#8211;<\/strong> 03 29 83 30 32<br \/>\n<strong><a href=\"mailto:schweitzer@gddsb-moselle.asso.fr\">C\u00e9line SCHWEITZER<\/a> ( 57)<\/strong> <strong>&#8211;<\/strong> 03 87 66 12 63<\/p>\n<\/div>\n<h3><span style=\"color: #9b3590;\">Assurer les besoins en eau<\/span><\/h3>\n<div>L&rsquo;eau est un nutriment essentiel pour le porc au m\u00eame titre que l&rsquo;\u00e9nergie, les prot\u00e9ines, les min\u00e9raux et les vitamines. En engraissement et encore plus encore en \u00e9levage, les nombreux facteurs li\u00e9s \u00e0 l&rsquo;eau peuvent avoir des cons\u00e9quences importantes sur les r\u00e9sultats techno-\u00e9conomiques de l&rsquo;exploitation.<\/div>\n<h4><span style=\"color: #626262;\">Les besoins\u00a0 <\/span><\/h4>\n<p>Il est difficile de connaitre la quantit\u00e9 d&rsquo;eau dont a r\u00e9ellement besoin le porc car il faut dissocier l&rsquo;eau gaspill\u00e9e de celle r\u00e9ellement bue. Selon diff\u00e9rents auteurs, les porcs boivent quotidiennement environ <b>10% de leur poids vif<\/b>.<\/p>\n<p>Les besoins en eau des diff\u00e9rents de porcs sont pr\u00e9sent\u00e9es ci-dessous :<\/p>\n<table style=\"height: 287px;\" border=\"0\" width=\"484\" cellspacing=\"0\" cellpadding=\"5\">\n<tbody>\n<tr>\n<td colspan=\"2\"><b><i>Estimation des besoins hydriques quotidiens\u00a0 des diff\u00e9rentes classes de porcs <\/i><\/b><i>(litres\/animal\/jour)<\/i><\/td>\n<\/tr>\n<tr>\n<td>Porcelet sous la m\u00e8re<\/td>\n<td><b>\u00a00,2 \u00e0 0,4 L<\/b><\/td>\n<\/tr>\n<tr>\n<td>Post-sevrage<\/td>\n<td><b>1 \u00e0 4 L<\/b><\/td>\n<\/tr>\n<tr>\n<td>Engraissement<\/td>\n<td><b>4 \u00e0 12 L<\/b><\/td>\n<\/tr>\n<tr>\n<td>Truie gestante<\/td>\n<td><b>15 \u00e0 20 L<\/b><\/td>\n<\/tr>\n<tr>\n<td>Truie allaitante<i><\/i><\/td>\n<td><b>\u00a020 \u00e0 35 L<br \/>\n<\/b><\/td>\n<\/tr>\n<tr>\n<td valign=\"top\">Verrat<\/td>\n<td valign=\"top\"><b>8 \u00e0 12 L<\/b><\/td>\n<\/tr>\n<\/tbody>\n<\/table>\n<p><em><u>Sources <\/u>: Massabie, 2001<\/em><br \/>\n<u><br \/>\n<\/u><strong><span style=\"color: #333333;\">Ces valeurs sont th\u00e9oriques, car en pratique, les besoins varient en fonction de plusieurs crit\u00e8res :<\/span><\/strong><\/p>\n<ul>\n<li>le poids vif de l&rsquo;animal et la consommation d&rsquo;aliment<\/li>\n<li>la temp\u00e9rature ambiante<\/li>\n<li>la composition de l&rsquo;aliment<\/li>\n<li>taille du groupe<\/li>\n<li>la qualit\u00e9 de l&rsquo;eau<\/li>\n<\/ul>\n<h4><span style=\"color: #56b74f;\"><span style=\"color: #626262;\"> Cons\u00e9quences d&rsquo;un sous-abreuvement<\/span> <\/span><\/h4>\n<ul>\n<li>Chez le porcelet sevr\u00e9 et le porc charcutier, un apport insuffisant en eau entraine une baisse de la consommation d&rsquo;aliment et peut d\u00e9clencher de la caudophagie <i>(morsures de la queue)<\/i>.<\/li>\n<li>Pour la truie allaitante, le sous abreuvement se traduit par une augmentation de la mati\u00e8re s\u00e8che des f\u00e8ces avec des risques de constipation, de m\u00e9trite, de mammite et d&rsquo;agalaxie <i>(voire troubles des voies urinaires avec des cons\u00e9quences sur les performances de reproduction).<\/i><\/li>\n<\/ul>\n<h4><span style=\"color: #626262;\">Maitrise de la qualit\u00e9 de l&rsquo;eau<\/span><\/h4>\n<p>Il est fortement conseill\u00e9 d&rsquo;analyser au moins annuellement l&rsquo;eau distribu\u00e9e provenant de captage priv\u00e9 (forage, puits, source, etc.).<\/p>\n<p>L&rsquo;abreuvement avec des eaux de surface ou des eaux issues de captages vuln\u00e9rables aux infiltrations d&rsquo;eau souill\u00e9e est fortement d\u00e9conseill\u00e9.<\/p>\n<p><strong><span style=\"color: #333333;\">\u2192 <\/span><span style=\"color: #626262;\"><span style=\"color: #333333;\">Quels sont les dangers d&rsquo;une eau de mauvaise qualit\u00e9 ?<\/span> <\/span><\/strong><\/p>\n<div>\n<ul>\n<li>Une mauvaise odeur et un mauvais go\u00fbt limite la consommation d&rsquo;eau<\/li>\n<li>Attention \u00e0 certains \u00e9l\u00e9ments chimiques qui alt\u00e8rent la qualit\u00e9 gustative de l&rsquo;eau <i>(fer, sel, chlore, soufre, etc.)<\/i><\/li>\n<li>Aussi limpide soit-elle, l&rsquo;eau peut v\u00e9hiculer des pathog\u00e8nes ou des compos\u00e9s toxiques pour la sant\u00e9 des animaux = bact\u00e9ries <i>(E.Coli, salmonelle)<\/i>, virus, champignons, nitrates, sulfates, produits phytosanitaires, etc.).<\/li>\n<li>La flore gastrique des porcs est sensible au pH : un pH acide est d\u00e9favorable au d\u00e9veloppement de certaines bact\u00e9ries <i><br \/>\n<\/i><\/li>\n<\/ul>\n<\/div>\n<p>Cette action a d&rsquo;ailleurs permis de confirmer un probl\u00e8me d&rsquo;exc\u00e8s de sulfates dans une eau de forage d&rsquo;une exploitation avec un atelier lait et porc. L&rsquo;\u00e9leveur a choisi de distribuer l&rsquo;eau de la concession aux porcs pour \u00e9viter les troubles d&rsquo;ordre gastriques (effet laxatif).<\/p>\n<h4><span style=\"color: #626262;\">Bilan de l&rsquo;action<\/span><\/h4>\n<h4><span style=\"color: #cc99ff;\">\u2192 388 \u00e9leveurs engag\u00e9s au 30 juin 2021, toutes productions confondues<\/span><\/h4>\n<div>\n<p><img loading=\"lazy\" class=\"alignnone size-full wp-image-4774\" src=\"http:\/\/gdsreseau3m.com\/wp-content\/uploads\/2020\/01\/Carte_20191210_Engag\u00e9s-eau-F3m-au-30.06.2019.png\" alt=\"\" width=\"735\" height=\"529\" srcset=\"https:\/\/gdsreseau3m.com\/wp-content\/uploads\/2020\/01\/Carte_20191210_Engag\u00e9s-eau-F3m-au-30.06.2019.png 735w, https:\/\/gdsreseau3m.com\/wp-content\/uploads\/2020\/01\/Carte_20191210_Engag\u00e9s-eau-F3m-au-30.06.2019-300x216.png 300w\" sizes=\"(max-width: 735px) 100vw, 735px\" \/><\/p>\n<\/div>\n<div>\n<h4><span style=\"color: #626262;\">Articles de presse et fiche technique GDS3M&rsquo;<\/span><\/h4>\n<p>Articles publi\u00e9s dans\u00a0<em>La Vie Agricole de la Meuse, Le Paysan Lorrain <\/em>et <em>La Moselle Agricole<\/em><\/p>\n<ul>\n<li><a href=\"http:\/\/gdsreseau3m.com\/wp-content\/uploads\/2018\/06\/Bilan_Q_Eau_campagne_2012-2013.pdf\">Bilan chiffr\u00e9 2013-2013 : \u00ab\u00a0Puits et forage \u00e0 surveiller\u00a0\u00bb<\/a><\/li>\n<li><a href=\"http:\/\/gdsreseau3m.com\/wp-content\/uploads\/2018\/06\/Bilan_Q_Eau_Campagne_2011-2012.pdf\" target=\"_blank\" rel=\"noopener noreferrer\">Bilan chiffr\u00e9 2011-2012<\/a><\/li>\n<li><a href=\"http:\/\/gdsreseau3m.com\/wp-content\/uploads\/2018\/06\/Bilan_Q_Eau_campagne_2010-2011___bon_demarrage.pdf\" target=\"_self\" rel=\"noopener noreferrer\">Bilan chiffr\u00e9 2010-2011 : &lsquo;Un bon d\u00e9marrage\u00a0\u00bb<\/a><\/li>\n<li><a href=\"http:\/\/gdsreseau3m.com\/wp-content\/uploads\/2018\/06\/Accompagner_les_projets_de_captages_prives.pdf\" target=\"_blank\" rel=\"noopener noreferrer\">Accompagner les projets de captages d&rsquo;eau<\/a><\/li>\n<li><a href=\"http:\/\/gdsreseau3m.com\/wp-content\/uploads\/2018\/06\/Faut-il_traiter_l__eau_de_son_captage_prive.pdf\" target=\"_blank\" rel=\"noopener noreferrer\">Faut-il traiter l&rsquo;eau de son captage priv\u00e9 ?<\/a><\/li>\n<li><a href=\"http:\/\/gdsreseau3m.com\/wp-content\/uploads\/2018\/06\/1405589791_GDS3M_Plaquette_eau.pdf\" target=\"_blank\" rel=\"noopener noreferrer\">Plaquette publicitaire des GDS3M&rsquo;<\/a><\/li>\n<\/ul>\n<\/div>\n<\/div>","protected":false},"excerpt":{"rendered":"<p>Qualit\u00e9 de l&rsquo;eauD\u00e9chets d&rsquo;\u00e9levageGamme sanitaire Suivi de la qualit\u00e9 d&rsquo;eau d&rsquo;abreuvement Contr\u00f4ler r\u00e9guli\u00e8rement l&rsquo;eau que vous donnez \u00e0 vos animaux est un gage de sant\u00e9 animale et de productivit\u00e9. L&rsquo;action suivi qualit\u00e9 de l&rsquo;EAU des GDS Les GDS proposent \u00e0 tout \u00e9leveur adh\u00e9rent un service pour le suivi de la qualit\u00e9 de l&rsquo;eau en \u00e9levage [&hellip;]<\/p>\n","protected":false},"author":1,"featured_media":0,"parent":0,"menu_order":0,"comment_status":"closed","ping_status":"closed","template":"","meta":[],"_links":{"self":[{"href":"https:\/\/gdsreseau3m.com\/index.php?rest_route=\/wp\/v2\/pages\/1621"}],"collection":[{"href":"https:\/\/gdsreseau3m.com\/index.php?rest_route=\/wp\/v2\/pages"}],"about":[{"href":"https:\/\/gdsreseau3m.com\/index.php?rest_route=\/wp\/v2\/types\/page"}],"author":[{"embeddable":true,"href":"https:\/\/gdsreseau3m.com\/index.php?rest_route=\/wp\/v2\/users\/1"}],"replies":[{"embeddable":true,"href":"https:\/\/gdsreseau3m.com\/index.php?rest_route=%2Fwp%2Fv2%2Fcomments&post=1621"}],"version-history":[{"count":25,"href":"https:\/\/gdsreseau3m.com\/index.php?rest_route=\/wp\/v2\/pages\/1621\/revisions"}],"predecessor-version":[{"id":7555,"href":"https:\/\/gdsreseau3m.com\/index.php?rest_route=\/wp\/v2\/pages\/1621\/revisions\/7555"}],"wp:attachment":[{"href":"https:\/\/gdsreseau3m.com\/index.php?rest_route=%2Fwp%2Fv2%2Fmedia&parent=1621"}],"curies":[{"name":"wp","href":"https:\/\/api.w.org\/{rel}","templated":true}]}}