{"id":1568,"date":"2018-06-26T18:22:40","date_gmt":"2018-06-26T16:22:40","guid":{"rendered":"http:\/\/gdsreseau3m.com\/?page_id=1568"},"modified":"2018-07-31T13:40:35","modified_gmt":"2018-07-31T11:40:35","slug":"bovins-ecoantibio-situation-locale-2","status":"publish","type":"page","link":"https:\/\/gdsreseau3m.com\/?page_id=1568","title":{"rendered":"Bovins &#8211; Ecoantibio &#8211; Et concr\u00e8tement ?"},"content":{"rendered":"<div class=\"mpl-content-wrap\"><h6><img loading=\"lazy\" class=\"alignnone wp-image-333\" src=\"http:\/\/gdsreseau3m.com\/wp-content\/uploads\/2018\/06\/treffleMenu.png\" alt=\"\" width=\"23\" height=\"22\" \/><a href=\"http:\/\/gdsreseau3m.com\/?page_id=460\">Qu&rsquo;est ce que l&rsquo;antibior\u00e9sistance<\/a>\u00a0<img loading=\"lazy\" class=\"alignnone wp-image-333\" src=\"http:\/\/gdsreseau3m.com\/wp-content\/uploads\/2018\/06\/treffleMenu.png\" alt=\"\" width=\"23\" height=\"22\" \/><a href=\"http:\/\/gdsreseau3m.com\/?page_id=1564\">R\u00e9glementation<\/a>\u00a0<img loading=\"lazy\" class=\"alignnone wp-image-333\" src=\"http:\/\/gdsreseau3m.com\/wp-content\/uploads\/2018\/06\/treffleMenu.png\" alt=\"\" width=\"23\" height=\"22\" \/><a href=\"http:\/\/gdsreseau3m.com\/?page_id=1566\">Situation locale<\/a>\u00a0<img loading=\"lazy\" class=\"alignnone wp-image-333\" src=\"http:\/\/gdsreseau3m.com\/wp-content\/uploads\/2018\/06\/treffleMenu.png\" alt=\"\" width=\"23\" height=\"22\" \/><a href=\"http:\/\/gdsreseau3m.com\/?page_id=1568\">Et concr\u00e8tement ?<\/a><\/h6>\n<h1>Et concr\u00e8tement ?<\/h1>\n<h4><span style=\"color: #ff6600;\">Pour lutter contre l&rsquo;antibior\u00e9sistance, il faut agir localement \u00e0 l&rsquo;\u00e9chelle de son troupeau\u00a0<\/span><\/h4>\n<p>&nbsp;<\/p>\n<h3>Agir sur la cause de la maladie et moins sur la maladie elle-m\u00eame !<\/h3>\n<div><img loading=\"lazy\" class=\"size-full wp-image-1610 alignleft\" src=\"http:\/\/gdsreseau3m.com\/wp-content\/uploads\/2018\/06\/gds3m_antibio_restistance_illu_11_juillet_2017.jpeg\" alt=\"\" width=\"188\" height=\"250\" \/>Au sein d&rsquo;un \u00e9levage, le microbisme est toujours pr\u00e9sent : les animaux poss\u00e8dent une immunit\u00e9 et \u00e9tablissent un \u00e9quilibre avec ce microbisme ambiant.<\/div>\n<div>Les maladies infectieuses sont plurifactorielles, il faut alors agir sur plusieurs domaines afin de limiter au maximum l&rsquo;apparition et la propagation des germes infectieuses au sein du troupeau afin de pr\u00e9server cet \u00e9quilibre.<\/div>\n<div><\/div>\n<h2><\/h2>\n<h3>Qualit\u00e9 des prescriptions : le bon diagnostic pour le bon traitement !<\/h3>\n<p>Utiliser moins et mieux les m\u00e9dicaments, c&rsquo;est d&rsquo;abord utiliser le bon traitement et agir au bon moment. Cela passe par un examen approfondi de l&rsquo;animal vu malade<\/p>\n<div>\n<ul>\n<li>T\u00e9l\u00e9charger le guide <span style=\"color: #56b74f;\"><b><a style=\"color: #56b74f;\" href=\"http:\/\/gdsreseau3m.com\/wp-content\/uploads\/2018\/06\/Fiche_technique__EXAMEN_BOVIN_MALADE.pdf\" target=\"_blank\" rel=\"noopener\">\u00ab\u00a0Examen du bovin malade\u00a0\u00bb<\/a><\/b><\/span> (PDF)<\/li>\n<\/ul>\n<p>Le suivi sanitaire sp\u00e9cifique aux maladies infectieuses dans le cheptel avec son v\u00e9t\u00e9rinaire permet d&rsquo;adapter au mieux les traitements curatifs mais aussi pr\u00e9ventifs \u00e0 r\u00e9aliser au sein du troupeau. Pour rappel, l&rsquo;utilisation des antibiotiques pour soigner une maladie qui n&rsquo;est pas d&rsquo;origine bact\u00e9rienne est inutile !<\/p>\n<ul>\n<li>T\u00e9l\u00e9charger la fiche : <span style=\"color: #56b74f;\"><a style=\"color: #56b74f;\" href=\"http:\/\/gdsreseau3m.com\/wp-content\/uploads\/2018\/06\/gds3m_arbre_decisionnel_-__maladies_d_origine_bacterienne_juillet_2017.pdf\" target=\"_blank\" rel=\"noopener\"><b>\u00ab\u00a0Les maladies les plus fr\u00e9quentes en \u00e9levage et celles d&rsquo;origine bact\u00e9rienne\u00a0\u00bb<\/b><\/a><\/span>(PDF)<\/li>\n<\/ul>\n<\/div>\n<h3>Bonne pratique d&rsquo;utilisation des antibiotiques<\/h3>\n<p>Le d\u00e9veloppement d&rsquo;antibior\u00e9sistance est facilit\u00e9 par l&rsquo;usage non raisonn\u00e9 et intensif des antibiotiques. C&rsquo;est pourquoi, il faut :<\/p>\n<div>\n<ul>\n<li>Respecter les prescriptions du v\u00e9t\u00e9rinaire (posologie, dur\u00e9e du traitement) -&gt; il ne faut pas sous ou sur-doser !<\/li>\n<li>Respecter les protocoles de soin \u00e9tablis par les v\u00e9t\u00e9rinaires<\/li>\n<li>Ne pas employer d&rsquo;antibiotiques critiques sans avoir fait r\u00e9aliser en amont un antibiogramme<\/li>\n<\/ul>\n<p>En cas de doute ne pas h\u00e9siter \u00e0 appeler le v\u00e9t\u00e9rinaire m\u00eame pour de simples conseils !<\/p>\n<div><b>Cibler plus, pour traiter moins &#8230; et mieux ! Cela permet d&rsquo;am\u00e9liorer v\u00e9ritablement le revenu de l&rsquo;\u00e9leveur !<\/b><\/div>\n<div>\n<p>Exemple : comment faire des \u00e9conomies quand on a des <span style=\"color: #56b74f;\"><a style=\"color: #56b74f;\" href=\"http:\/\/gdsreseau3m.com\/wp-content\/uploads\/2018\/06\/Article_4_-_Concretement_-_diarrhees_veaux.pdf\" target=\"_blank\" rel=\"noopener\">diarrh\u00e9es de veaux<\/a><\/span>, ou des <span style=\"color: #56b74f;\"><a style=\"color: #56b74f;\" href=\"http:\/\/gdsreseau3m.com\/wp-content\/uploads\/2018\/06\/Article_4_-_Concretement_-_mammites.pdf\" target=\"_blank\" rel=\"noopener\">mammites<\/a><\/span>.<\/p>\n<\/div>\n<h5><span style=\"color: #800000;\">Les GDS, en appliquant aupr\u00e8s de ses adh\u00e9rents une politique de lutte et pr\u00e9vention contre les pathologies d&rsquo;\u00e9levage, participent \u00e0 l&rsquo;effort collectif pour la r\u00e9duction de l&rsquo;utilisation du m\u00e9dicament v\u00e9t\u00e9rinaire.<\/span><\/h5>\n<\/div>\n<h3 class=\"title style-scope ytd-video-primary-info-renderer\">Limiter les antibiotiques, c&rsquo;est possible<\/h3>\n<p>L&rsquo;Institut de l\u2019\u00e9levage a organis\u00e9 un webinaire le 03\/04\/2018 intitul\u00e9 <strong>\u00ab Limiter les antibiotiques, c&rsquo;est possible ! \u00bb<\/strong>, auquel GDS France avait particip\u00e9. A visualiser en cliquant sur la vid\u00e9o ci-dessous.<\/p>\n<p><iframe loading=\"lazy\" width=\"1170\" height=\"658\" src=\"https:\/\/www.youtube.com\/embed\/mKtkqYxvHq0?feature=oembed\" frameborder=\"0\" allow=\"autoplay; encrypted-media\" allowfullscreen><\/iframe><\/p>\n<p><strong>Programme du webinaire :<\/strong><\/p>\n<ul>\n<li>Antibiotiques et antibior\u00e9sistance en \u00e9levage : o\u00f9 en est-on ?<em> &#8211; par Isabelle Tourette \/ GDS France<\/em><\/li>\n<li>Le traitement cibl\u00e9e s\u00e9lectif au tarissement &#8211; <em>par Philippe Rousel \/ Idele<\/em><\/li>\n<li>La gestion des boiteries <em>&#8211; par Marc Delacroix \/ v\u00e9t\u00e9rinaire formateur<\/em><\/li>\n<li>coordination &#8211; <em>Aurore Wach\u00e9 \/ Idele<\/em><\/li>\n<\/ul>\n<p>&nbsp;<\/p>\n<\/div>","protected":false},"excerpt":{"rendered":"<p>Qu&rsquo;est ce que l&rsquo;antibior\u00e9sistance\u00a0R\u00e9glementation\u00a0Situation locale\u00a0Et concr\u00e8tement ? Et concr\u00e8tement ? Pour lutter contre l&rsquo;antibior\u00e9sistance, il faut agir localement \u00e0 l&rsquo;\u00e9chelle de son troupeau\u00a0 &nbsp; Agir sur la cause de la maladie et moins sur la maladie elle-m\u00eame ! Au sein d&rsquo;un \u00e9levage, le microbisme est toujours pr\u00e9sent : les animaux poss\u00e8dent une immunit\u00e9 et \u00e9tablissent [&hellip;]<\/p>\n","protected":false},"author":1,"featured_media":0,"parent":0,"menu_order":0,"comment_status":"closed","ping_status":"closed","template":"","meta":[],"_links":{"self":[{"href":"https:\/\/gdsreseau3m.com\/index.php?rest_route=\/wp\/v2\/pages\/1568"}],"collection":[{"href":"https:\/\/gdsreseau3m.com\/index.php?rest_route=\/wp\/v2\/pages"}],"about":[{"href":"https:\/\/gdsreseau3m.com\/index.php?rest_route=\/wp\/v2\/types\/page"}],"author":[{"embeddable":true,"href":"https:\/\/gdsreseau3m.com\/index.php?rest_route=\/wp\/v2\/users\/1"}],"replies":[{"embeddable":true,"href":"https:\/\/gdsreseau3m.com\/index.php?rest_route=%2Fwp%2Fv2%2Fcomments&post=1568"}],"version-history":[{"count":13,"href":"https:\/\/gdsreseau3m.com\/index.php?rest_route=\/wp\/v2\/pages\/1568\/revisions"}],"predecessor-version":[{"id":3175,"href":"https:\/\/gdsreseau3m.com\/index.php?rest_route=\/wp\/v2\/pages\/1568\/revisions\/3175"}],"wp:attachment":[{"href":"https:\/\/gdsreseau3m.com\/index.php?rest_route=%2Fwp%2Fv2%2Fmedia&parent=1568"}],"curies":[{"name":"wp","href":"https:\/\/api.w.org\/{rel}","templated":true}]}}