{"id":1566,"date":"2018-06-26T18:21:55","date_gmt":"2018-06-26T16:21:55","guid":{"rendered":"http:\/\/gdsreseau3m.com\/?page_id=1566"},"modified":"2025-04-29T08:51:57","modified_gmt":"2025-04-29T06:51:57","slug":"bovins-ecoantibio-situation-locale","status":"publish","type":"page","link":"https:\/\/gdsreseau3m.com\/?page_id=1566","title":{"rendered":"Bovins &#8211; Ecoantibio &#8211; Situation locale"},"content":{"rendered":"<div class=\"mpl-content-wrap\"><h6><img loading=\"lazy\" class=\"alignnone wp-image-333\" src=\"http:\/\/gdsreseau3m.com\/wp-content\/uploads\/2018\/06\/treffleMenu.png\" alt=\"\" width=\"23\" height=\"22\" \/><a href=\"http:\/\/gdsreseau3m.com\/?page_id=460\">Qu&rsquo;est ce que l&rsquo;antibior\u00e9sistance<\/a>\u00a0<img loading=\"lazy\" class=\"alignnone wp-image-333\" src=\"http:\/\/gdsreseau3m.com\/wp-content\/uploads\/2018\/06\/treffleMenu.png\" alt=\"\" width=\"23\" height=\"22\" \/><a href=\"http:\/\/gdsreseau3m.com\/?page_id=1564\">R\u00e9glementation<\/a>\u00a0<img loading=\"lazy\" class=\"alignnone wp-image-333\" src=\"http:\/\/gdsreseau3m.com\/wp-content\/uploads\/2018\/06\/treffleMenu.png\" alt=\"\" width=\"23\" height=\"22\" \/><a href=\"http:\/\/Situation locale\">Situation locale<\/a>\u00a0<img loading=\"lazy\" class=\"alignnone wp-image-333\" src=\"http:\/\/gdsreseau3m.com\/wp-content\/uploads\/2018\/06\/treffleMenu.png\" alt=\"\" width=\"23\" height=\"22\" \/><a href=\"http:\/\/gdsreseau3m.com\/?page_id=1568\">Et concr\u00e8tement ?<\/a><\/h6>\n<h1>Situation locale :\u00a0qu&rsquo;en est-il de l&rsquo;antibior\u00e9sistance dans le d\u00e9partement ?<\/h1>\n<p><span style=\"color: #808080;\"><i>Enqu\u00eate r\u00e9alis\u00e9e en 2016 aupr\u00e8s de 34 \u00e9leveurs allaitants et mixtes et 3 cliniques v\u00e9t\u00e9rinaires. Claire Fourtou, stagiaire et apprentie au GDS de Meurthe-et-Moselle.<\/i><\/span><\/p>\n<div>\n<h3>Enqu\u00eate dans les \u00e9levages de bovins allaitants &#8211; printemps 2016<\/h3>\n<table width=\"660\">\n<tbody>\n<tr>\n<td>\n<div><span style=\"color: #74bd2c;\"><span style=\"color: #008cd2;\"><u><b>\u00c9leveurs <\/b><\/u><\/span><span style=\"color: #008cd2;\">:<\/span><br \/>\n<\/span><\/div>\n<p>* Existence de <b>pratiques curatives \u00e0 risque<\/b>notamment vis-\u00e0-vis des antibiotiques \u00e0 risques (surconsommation, traitements inappropri\u00e9s, &#8230;)<\/p>\n<p>*<b> Peu de connaissances<\/b> sur les mesures nationales de lutte contre l&rsquo;antibior\u00e9sistance<\/p>\n<p>* <b>Pr\u00e9vention <\/b>mise en place par les \u00e9leveurs : ils <b>s&rsquo;y retrouvent \u00e9conomiquement<\/b><\/p>\n<p>* Des <b>alternatives aux traitements<\/b> utilis\u00e9es pour \u00e9viter d&rsquo;avoir recours aux antibiotiques et essayer quelque chose de \u00ab\u00a0plus sain\u00a0\u00bb<\/td>\n<td>\n<div>\n<p><span style=\"color: #008cd2;\">\u00a0<\/span><span style=\"color: #008cd2;\"><u><b>V\u00e9t\u00e9rinaires <\/b><\/u>:<\/span><\/p>\n<p>&nbsp;<\/p>\n<\/div>\n<p>* R\u00e9partition g\u00e9ographique de l&rsquo;antibior\u00e9sistance : le d\u00e9veloppement d&rsquo;antibior\u00e9sistance est <b>variable en fonction des cliniques v\u00e9t\u00e9rinaires <\/b>car les pratiques curatives diff\u00e8rent d&rsquo;une clinique \u00e0 une autre<\/p>\n<p>* <b>Grande sensibilisation<\/b> sur la pr\u00e9vention sanitaire par les v\u00e9t\u00e9rinaires<\/p>\n<p>* Renforcement du <b>suivi de l&rsquo;antibior\u00e9sistance<br \/>\n<\/b><\/td>\n<\/tr>\n<tr>\n<td colspan=\"2\" valign=\"top\">\n<blockquote><p><span style=\"color: #901283;\"><i><b><span style=\"color: #ff6600;\">\u2192\u00a0A l&rsquo;\u00e9chelle d\u00e9partementale, plus de la moiti\u00e9 des cheptels de bovins sont confront\u00e9s \u00e0 de l&rsquo;antibior\u00e9sistance : 5% des cas critiques, 80% des cas mineurs et 15% restant des cas interm\u00e9diaires.<\/span><br \/>\n<\/b><\/i><\/span><\/p><\/blockquote>\n<\/td>\n<\/tr>\n<\/tbody>\n<\/table>\n<div style=\"text-align: center;\"><span style=\"color: #56b74f;\"><b>PR\u00c9VENTION SANITAIRE + STIMULATION DE L&rsquo;IMMUNIT\u00c9 DES ANIMAUX<br \/>\n<\/b>= Facteurs cl\u00e9s pour une lutte efficace et adapt\u00e9e \u00e0 chaque \u00e9levage contre les maladies multifactorielles !<\/span><\/div>\n<div><\/div>\n<div>\n<h3>\u00c9tude des antibiogrammes r\u00e9alis\u00e9s en 2016 dans les cheptels de bovins (laitiers et allaitants) de Meurthe-et-Moselle<\/h3>\n<p>206 antibiogrammes r\u00e9alis\u00e9s en 2016 dans les cheptels de bovins dont :<\/p>\n<ul>\n<li>94 r\u00e9alis\u00e9s pour <i>Escherichia Coli (E.coli)<\/i><\/li>\n<li>66 pour <i>Streptocoque (Strep.)<\/i><\/li>\n<li>46 pour <i>Staphylocoques (Staph.)<\/i><\/li>\n<\/ul>\n<p><img loading=\"lazy\" class=\"alignnone size-full wp-image-1604\" src=\"http:\/\/gdsreseau3m.com\/wp-content\/uploads\/2018\/06\/1501137226_gds3m_antibio_restistance_illu_10_juillet_2017.gif\" alt=\"\" width=\"382\" height=\"400\" \/><br \/>\n<i>Sources : LVAD 54 &#8211; R\u00e9seau RESAPATH<\/i><\/p>\n<blockquote><p><span style=\"color: #ff6600;\"><b>\u00a0En Meurthe-et-Moselle<u><br \/>\n<\/u>\u2192 16 % de multi-r\u00e9sistance \u00e0 E.Coli<\/b><b><u><br \/>\n<\/u>\u2192 3% de multi-r\u00e9sistance \u00e0 Streptocoque<br \/>\n<\/b><\/span><\/p><\/blockquote>\n<\/div>\n<\/div>\n<\/div>","protected":false},"excerpt":{"rendered":"<p>Qu&rsquo;est ce que l&rsquo;antibior\u00e9sistance\u00a0R\u00e9glementation\u00a0Situation locale\u00a0Et concr\u00e8tement ? Situation locale :\u00a0qu&rsquo;en est-il de l&rsquo;antibior\u00e9sistance dans le d\u00e9partement ? Enqu\u00eate r\u00e9alis\u00e9e en 2016 aupr\u00e8s de 34 \u00e9leveurs allaitants et mixtes et 3 cliniques v\u00e9t\u00e9rinaires. Claire Fourtou, stagiaire et apprentie au GDS de Meurthe-et-Moselle. Enqu\u00eate dans les \u00e9levages de bovins allaitants &#8211; printemps 2016 \u00c9leveurs : * Existence [&hellip;]<\/p>\n","protected":false},"author":1,"featured_media":0,"parent":0,"menu_order":0,"comment_status":"closed","ping_status":"closed","template":"","meta":[],"_links":{"self":[{"href":"https:\/\/gdsreseau3m.com\/index.php?rest_route=\/wp\/v2\/pages\/1566"}],"collection":[{"href":"https:\/\/gdsreseau3m.com\/index.php?rest_route=\/wp\/v2\/pages"}],"about":[{"href":"https:\/\/gdsreseau3m.com\/index.php?rest_route=\/wp\/v2\/types\/page"}],"author":[{"embeddable":true,"href":"https:\/\/gdsreseau3m.com\/index.php?rest_route=\/wp\/v2\/users\/1"}],"replies":[{"embeddable":true,"href":"https:\/\/gdsreseau3m.com\/index.php?rest_route=%2Fwp%2Fv2%2Fcomments&post=1566"}],"version-history":[{"count":11,"href":"https:\/\/gdsreseau3m.com\/index.php?rest_route=\/wp\/v2\/pages\/1566\/revisions"}],"predecessor-version":[{"id":7228,"href":"https:\/\/gdsreseau3m.com\/index.php?rest_route=\/wp\/v2\/pages\/1566\/revisions\/7228"}],"wp:attachment":[{"href":"https:\/\/gdsreseau3m.com\/index.php?rest_route=%2Fwp%2Fv2%2Fmedia&parent=1566"}],"curies":[{"name":"wp","href":"https:\/\/api.w.org\/{rel}","templated":true}]}}