{"id":1564,"date":"2018-06-26T18:21:27","date_gmt":"2018-06-26T16:21:27","guid":{"rendered":"http:\/\/gdsreseau3m.com\/?page_id=1564"},"modified":"2018-07-31T13:55:46","modified_gmt":"2018-07-31T11:55:46","slug":"bovins-ecoantibio-reglementation","status":"publish","type":"page","link":"https:\/\/gdsreseau3m.com\/?page_id=1564","title":{"rendered":"Bovins &#8211; Ecoantibio &#8211; R\u00e9glementation"},"content":{"rendered":"<div class=\"mpl-content-wrap\"><h6><img loading=\"lazy\" class=\"alignnone wp-image-333\" src=\"http:\/\/gdsreseau3m.com\/wp-content\/uploads\/2018\/06\/treffleMenu.png\" alt=\"\" width=\"23\" height=\"22\" \/><a href=\"http:\/\/gdsreseau3m.com\/?page_id=460\">Qu&rsquo;est ce que l&rsquo;antibior\u00e9sistance<\/a>\u00a0<img loading=\"lazy\" class=\"alignnone wp-image-333\" src=\"http:\/\/gdsreseau3m.com\/wp-content\/uploads\/2018\/06\/treffleMenu.png\" alt=\"\" width=\"23\" height=\"22\" \/><a href=\"http:\/\/gdsreseau3m.com\/?page_id=1564\">R\u00e9glementation<\/a>\u00a0<img loading=\"lazy\" class=\"alignnone wp-image-333\" src=\"http:\/\/gdsreseau3m.com\/wp-content\/uploads\/2018\/06\/treffleMenu.png\" alt=\"\" width=\"23\" height=\"22\" \/><a href=\"http:\/\/gdsreseau3m.com\/?page_id=1566\">Situation locale<\/a>\u00a0<img loading=\"lazy\" class=\"alignnone wp-image-333\" src=\"http:\/\/gdsreseau3m.com\/wp-content\/uploads\/2018\/06\/treffleMenu.png\" alt=\"\" width=\"23\" height=\"22\" \/><a href=\"http:\/\/gdsreseau3m.com\/?page_id=1568\">Et concr\u00e8tement ?<\/a><\/h6>\n<h1><span style=\"color: #333333;\">R\u00e9glementation<\/span><\/h1>\n<h4><span style=\"color: #ff6600;\">Lutter contre l&rsquo;antibior\u00e9sistance :\u00a0 plans nationaux et renforcement de la r\u00e9glementation<\/span><\/h4>\n<h3><span style=\"color: #333333;\">\u00c0 l&rsquo;\u00e9chelle mondiale<\/span><\/h3>\n<div><i><img loading=\"lazy\" class=\"size-full wp-image-1594 alignleft\" src=\"http:\/\/gdsreseau3m.com\/wp-content\/uploads\/2018\/06\/1499949625_gds3m_antiobio_resistance_illu_3_juillet2017.jpeg\" alt=\"\" width=\"119\" height=\"100\" \/><\/i>L&rsquo;antibior\u00e9sistance est une <b>pr\u00e9occupation <\/b><b>mondiale<\/b>\u00a0: l&rsquo;OMS*, l&rsquo;OIE* et la FAO* s&rsquo;engagent dans une <b>\u00ab\u00a0Alliance Tripartite\u00a0\u00bb <\/b>pour une collaboration intersectorielle et internationale afin de pr\u00e9server l&rsquo;efficacit\u00e9 des traitements antimicrobiens de maladies infectieuses.<\/div>\n<p>Cette alliance coordonne les actions globales pour g\u00e9rer les risques sanitaires li\u00e9s \u00e0 l&rsquo;antibior\u00e9sistance.<\/p>\n<div><i>*OMS= Organisation Mondiale de la Sant\u00e9\u00a0\u00a0 *OIE= Office Internationale des Epizooties<\/i><br \/>\n<i><i>*FAO = Organisation des nations Unies pour l&rsquo;Alimentation et l&rsquo;Agriculture<\/i><\/i><\/div>\n<h3><span style=\"color: #333333;\">\u00a0\u00c0 l&rsquo;\u00e9chelle nationale<\/span><\/h3>\n<p>La France s&rsquo;engage \u00e0 doubler d&rsquo;effort car elle fait partie des pays europ\u00e9ens les plus consommateurs d&rsquo;antibiotiques. Des mesures ont \u00e9t\u00e9 mises en place en m\u00e9decine humaine mais d&rsquo;autres plus drastiques ont vu le jour pour toutes les fili\u00e8res animales o\u00f9 les antibiotiques sont (\u00e9taient) surconsomm\u00e9s !<\/p>\n<table width=\"100%\">\n<tbody>\n<tr>\n<td>\n<div>\u00a0<b>Le plan <span style=\"color: #008cd2;\">ECO<\/span><span style=\"color: #00b064;\">ANTIBIO<\/span> <\/b><b><span style=\"color: #ff0066;\">2017<\/span> (2012 \u00e0 2017)\u00a0\u00a0\u00a0\u00a0\u00a0\u00a0\u00a0<\/b><\/div>\n<p><u>Objectif <\/u>: <b>R\u00e9duire de 25% en 5 ans l&rsquo;utilisation des antibiotiques v\u00e9t\u00e9rinaires dans toutes les fili\u00e8res animales<\/b><\/p>\n<p><u>Axes \u00e0 suivre<\/u> :<br \/>\n1.\u00a0\u00a0\u00a0 Promouvoir les bonnes pratiques et sensibiliser les acteurs<br \/>\n2.\u00a0\u00a0\u00a0 D\u00e9velopper les alternatives \u00e9vitant les recours aux antibiotiques<br \/>\n3.\u00a0\u00a0\u00a0 Renforcer l&rsquo;encadrement des pratiques commerciales et des r\u00e8gles de prescription<br \/>\n4.\u00a0\u00a0\u00a0 Am\u00e9liorer le dispositif de suivi de la consommation des antibiotiques et de l&rsquo;antibior\u00e9sistance<br \/>\n5.\u00a0\u00a0\u00a0 Promouvoir la m\u00eame approche \u00e0 l&rsquo;\u00e9chelon europ\u00e9en et international<\/p>\n<p><span style=\"color: #ff0066;\"><b>+ Nouvelle r\u00e9glementation :\u00a0 <\/b><\/span><br \/>\n<b>D\u00e9cret n\u00b006-317 du 16 mars 2016 <\/b>qui interdit la prescription et la d\u00e9livrance d&rsquo;<a href=\"http:\/\/gdsreseau3m.com\/wp-content\/uploads\/2018\/07\/gds3m_ecoantibio_en-savoir-plus_Les-antibiotiques-critiques-.pdf\" target=\"_blank\" rel=\"noopener\">antibiotiques critiques<\/a> sans avoir fait r\u00e9aliser en amont un examen bact\u00e9riologique pour \u00e9valuer la sensibilit\u00e9 de la souche bact\u00e9rienne identifi\u00e9e (via un <a href=\"http:\/\/gdsreseau3m.com\/wp-content\/uploads\/2018\/07\/gds3m_ecoantibio_En-savoir-plus_reglementation_antibiogramme.pdf\" target=\"_blank\" rel=\"noopener\">antibiogramme<\/a>).<\/p>\n<ul>\n<li><span style=\"color: #56b74f;\"><b><a style=\"color: #56b74f;\" href=\"http:\/\/gdsreseau3m.com\/wp-content\/uploads\/2018\/06\/plaquette_plan_Ecoantibio_2017.pdf\" target=\"_blank\" rel=\"noopener\">T\u00e9l\u00e9charger la plaquette explicative du plan EcoAntiobio<\/a><\/b><\/span><\/li>\n<\/ul>\n<\/td>\n<\/tr>\n<\/tbody>\n<\/table>\n<p>&nbsp;<\/p>\n<table width=\"100%\">\n<tbody>\n<tr>\n<td>\n<div><b>\u00a0 Le plan <span style=\"color: #008cd2;\">ECO<\/span><span style=\"color: #00b064;\">ANTIBIO<\/span> <span style=\"color: #ff0066;\">2017 \u00b2<\/span> (2017 \u00e0 2021)<\/b><\/div>\n<p><u>Objectif :<\/u><\/p>\n<ul>\n<li><b>R\u00e9duire de 50 % l&rsquo;usage de la colistine en 3 ans pour les fili\u00e8re bovines et avicoles et en 5 ans pour la fili\u00e8re porcine<\/b><\/li>\n<li><b>Maintenir dans la dur\u00e9e la tendance \u00e0 la baisse de l&rsquo;exposition des animaux aux antibiotiques <\/b><\/li>\n<\/ul>\n<p><u>Axes \u00e0 suivre :<\/u><\/p>\n<ol>\n<li>D\u00e9velopper les mesures de pr\u00e9vention des maladies infectieuses et faciliter le recours aux traitements alternatifs<\/li>\n<li>Communiquer et former sur les enjeux de lutte contre l&rsquo;antibior\u00e9sistance, sur la prescription raisonn\u00e9e des antibiotiques et sur les autres moyens de ma\u00eetrise des maladies infectieuses<\/li>\n<li>Des outils partag\u00e9s : mettre \u00e0 disposition des outils d&rsquo;\u00e9valuation et de suivi du recours aux antibiotiques, ainsi que des outils pour leur prescription et administration responsables<\/li>\n<li>\u00a0Des efforts partag\u00e9s : s&rsquo;assurer de la bonne application des r\u00e8gles de bon usage \u00e0 l&rsquo;\u00e9chelle nationale et favoriser leur adoption aux niveaux europ\u00e9en et international<\/li>\n<\/ol>\n<\/td>\n<\/tr>\n<\/tbody>\n<\/table>\n<p><img loading=\"lazy\" class=\"alignnone size-full wp-image-1598 aligncenter\" src=\"http:\/\/gdsreseau3m.com\/wp-content\/uploads\/2018\/06\/1501077090_GDS3M_illu_ecoantbio_soin_vache_juillet_2017.jpg\" alt=\"\" width=\"400\" height=\"300\" srcset=\"https:\/\/gdsreseau3m.com\/wp-content\/uploads\/2018\/06\/1501077090_GDS3M_illu_ecoantbio_soin_vache_juillet_2017.jpg 400w, https:\/\/gdsreseau3m.com\/wp-content\/uploads\/2018\/06\/1501077090_GDS3M_illu_ecoantbio_soin_vache_juillet_2017-300x225.jpg 300w\" sizes=\"(max-width: 400px) 100vw, 400px\" \/><\/p>\n<p><img loading=\"lazy\" class=\"alignnone size-full wp-image-1597 aligncenter\" src=\"http:\/\/gdsreseau3m.com\/wp-content\/uploads\/2018\/06\/1499951350_gds3m_antibio_restistance_illu_4_juillet_2017.png\" alt=\"\" width=\"211\" height=\"100\" \/><\/p>\n<p>&nbsp;<\/p>\n<\/div>","protected":false},"excerpt":{"rendered":"<p>Qu&rsquo;est ce que l&rsquo;antibior\u00e9sistance\u00a0R\u00e9glementation\u00a0Situation locale\u00a0Et concr\u00e8tement ? R\u00e9glementation Lutter contre l&rsquo;antibior\u00e9sistance :\u00a0 plans nationaux et renforcement de la r\u00e9glementation \u00c0 l&rsquo;\u00e9chelle mondiale L&rsquo;antibior\u00e9sistance est une pr\u00e9occupation mondiale\u00a0: l&rsquo;OMS*, l&rsquo;OIE* et la FAO* s&rsquo;engagent dans une \u00ab\u00a0Alliance Tripartite\u00a0\u00bb pour une collaboration intersectorielle et internationale afin de pr\u00e9server l&rsquo;efficacit\u00e9 des traitements antimicrobiens de maladies infectieuses. Cette alliance [&hellip;]<\/p>\n","protected":false},"author":1,"featured_media":0,"parent":0,"menu_order":0,"comment_status":"closed","ping_status":"closed","template":"","meta":[],"_links":{"self":[{"href":"https:\/\/gdsreseau3m.com\/index.php?rest_route=\/wp\/v2\/pages\/1564"}],"collection":[{"href":"https:\/\/gdsreseau3m.com\/index.php?rest_route=\/wp\/v2\/pages"}],"about":[{"href":"https:\/\/gdsreseau3m.com\/index.php?rest_route=\/wp\/v2\/types\/page"}],"author":[{"embeddable":true,"href":"https:\/\/gdsreseau3m.com\/index.php?rest_route=\/wp\/v2\/users\/1"}],"replies":[{"embeddable":true,"href":"https:\/\/gdsreseau3m.com\/index.php?rest_route=%2Fwp%2Fv2%2Fcomments&post=1564"}],"version-history":[{"count":12,"href":"https:\/\/gdsreseau3m.com\/index.php?rest_route=\/wp\/v2\/pages\/1564\/revisions"}],"predecessor-version":[{"id":3178,"href":"https:\/\/gdsreseau3m.com\/index.php?rest_route=\/wp\/v2\/pages\/1564\/revisions\/3178"}],"wp:attachment":[{"href":"https:\/\/gdsreseau3m.com\/index.php?rest_route=%2Fwp%2Fv2%2Fmedia&parent=1564"}],"curies":[{"name":"wp","href":"https:\/\/api.w.org\/{rel}","templated":true}]}}