{"id":1477,"date":"2018-06-22T16:18:13","date_gmt":"2018-06-22T14:18:13","guid":{"rendered":"http:\/\/gdsreseau3m.com\/?page_id=1477"},"modified":"2022-03-01T08:50:55","modified_gmt":"2022-03-01T07:50:55","slug":"bovins-information-et-reglementation-transmission","status":"publish","type":"page","link":"https:\/\/gdsreseau3m.com\/?page_id=1477","title":{"rendered":"Bovins &#8211; Information et r\u00e9glementation &#8211; Transmission ICA"},"content":{"rendered":"<div class=\"mpl-content-wrap\"><h6><a href=\"http:\/\/gdsreseau3m.com\/?page_id=304\"><img loading=\"lazy\" class=\"alignnone wp-image-333\" src=\"http:\/\/gdsreseau3m.com\/wp-content\/uploads\/2018\/06\/treffleMenu.png\" alt=\"\" width=\"23\" height=\"22\" \/><\/a><a href=\"http:\/\/gdsreseau3m.com\/?page_id=454\">Achat\/vente<\/a><img loading=\"lazy\" class=\"alignnone wp-image-333\" src=\"http:\/\/gdsreseau3m.com\/wp-content\/uploads\/2018\/06\/treffleMenu.png\" alt=\"\" width=\"23\" height=\"22\" \/><a href=\"http:\/\/gdsreseau3m.com\/?page_id=1468\">La prophylaxie<\/a><img loading=\"lazy\" class=\"alignnone wp-image-333\" src=\"http:\/\/gdsreseau3m.com\/wp-content\/uploads\/2018\/06\/treffleMenu.png\" alt=\"\" width=\"23\" height=\"22\" \/><a href=\"http:\/\/gdsreseau3m.com\/?page_id=1473\">Registre d&rsquo;\u00e9levage et carnet sanitaire<\/a><img loading=\"lazy\" class=\"alignnone wp-image-333\" src=\"http:\/\/gdsreseau3m.com\/wp-content\/uploads\/2018\/06\/treffleMenu.png\" alt=\"\" width=\"23\" height=\"22\" \/><a href=\"http:\/\/gdsreseau3m.com\/?page_id=1475\">Bios\u00e9curit\u00e9<\/a><img loading=\"lazy\" class=\"alignnone wp-image-333\" src=\"http:\/\/gdsreseau3m.com\/wp-content\/uploads\/2018\/06\/treffleMenu.png\" alt=\"\" width=\"23\" height=\"22\" \/><a href=\"http:\/\/gdsreseau3m.com\/?page_id=1477\">Transmission des ICA<\/a><\/h6>\n<h1><span style=\"color: #56b74f;\"><img loading=\"lazy\" class=\"alignnone wp-image-749 \" src=\"http:\/\/gdsreseau3m.com\/wp-content\/uploads\/2018\/06\/Bovins1.png\" alt=\"\" width=\"51\" height=\"38\" \/> Transmission des Informations sur la Chaine Alimentaire (ICA)<\/span><\/h1>\n<div><img loading=\"lazy\" class=\"size-full wp-image-1534 alignleft\" src=\"http:\/\/gdsreseau3m.com\/wp-content\/uploads\/2018\/06\/1412087583_Vache_Stan_.jpg\" alt=\"\" width=\"199\" height=\"300\" \/>Depuis 2010, les ASDA (cartes vertes) portent des rubriques utiles \u00e0 l&rsquo;Information sur la Chaine Alimentaire (ICA), pour renfoncer la qualit\u00e9 sanitaire de la viande tout au long de la fili\u00e8re. Ce dispositif rel\u00e8ve de la r\u00e9glementation europ\u00e9enne sur la s\u00e9curit\u00e9 sanitaire des aliments (le \u00ab\u00a0Paquet Hygi\u00e8ne\u00a0\u00bb). Il doit permettre, gr\u00e2ce aux informations transmises par les \u00e9leveurs, de cibler les inspections v\u00e9t\u00e9rinaires et de limiter les risques sanitaires en abattoir pour que la s\u00e9curit\u00e9 du consommateur soit assur\u00e9e.<\/div>\n<div>Ces informations doivent \u00eatre obligatoirement renseign\u00e9es au moment du d\u00e9part d&rsquo;un bovin de l&rsquo;exploitation, que ce soit pour l&rsquo;abattoir ou pour la vente en \u00e9levage. Ce dispositif est obligatoire pour tous,<b> d\u00e9j\u00e0 depuis le 1er juillet 2013.<\/b><\/div>\n<div><b><br \/>\n<\/b><img loading=\"lazy\" class=\"size-full wp-image-1533 alignleft\" src=\"http:\/\/gdsreseau3m.com\/wp-content\/uploads\/2018\/06\/1412086762_Illu_ICA.png\" alt=\"\" width=\"212\" height=\"170\" \/>Ainsi, si un bovin arrive \u00e0 l&rsquo;abattoir sans les ICA renseign\u00e9es sur l&rsquo;ASDA ou avec des ICA non conformes, les services d&rsquo;inspection sanitaires prendront des mesures sanitaires, et notamment pourront appliquer des sanctions : p\u00e9nalit\u00e9 de traitement des animaux (consigne, passage en bout de chaine, inspection renforc\u00e9e) voire d\u00e9pr\u00e9ciation financi\u00e8re du produit.<\/div>\n<h3><span style=\"color: #56b74f;\">Remplissage de l&rsquo;ICA au dos de l&rsquo;ASDA :<\/span><\/h3>\n<blockquote>\n<h3><span style=\"color: #ff6600;\">Attention, changement de r\u00e9glementation au 1er juillet 2018<br \/>\n<\/span><\/h3>\n<\/blockquote>\n<ul>\n<li>Si l&rsquo;animal ne pr\u00e9sente aucun des risques figurant sur la partie arri\u00e8re de l&rsquo;ASDA, il suffira simplement de l&rsquo;indiquer en rayant la mention inutile <del>pr\u00e9sente un<\/del>&#8211; au recto de l&rsquo;ASDA.<\/li>\n<li>Dans le cas contraire, il faut rayer la mention &#8211;<del>ne pr\u00e9sente aucun<\/del>&#8211; sur le recto, et cocher les risques potentiels \u00e0 signaler au verso de l&rsquo;ASDA :<\/li>\n<\/ul>\n<p style=\"padding-left: 30px;\">&#8211;<span style=\"color: #333333;\"> Salmonellose\u00a0 <\/span><\/p>\n<p style=\"padding-left: 30px;\">&#8211; <span style=\"color: #ff6600;\"><span style=\"color: #333333;\"><del>List\u00e9riose<\/del> <\/span>risque supprim\u00e9 au 01\/07\/2018<\/span><\/p>\n<p style=\"padding-left: 30px;\">&#8211; <span style=\"color: #ff6600;\"><span style=\"color: #333333;\"><del>Botulisme<\/del><\/span> risque supprim\u00e9 au 01\/07\/2018<\/span><\/p>\n<p style=\"padding-left: 30px;\">&#8211; Pr\u00e9sence de cysticerque,<\/p>\n<p style=\"padding-left: 30px;\">&#8211; Dangers \u00e0 gestion particuli\u00e8re ou contaminants de l&rsquo;environnement <i>(dioxines, m\u00e9taux lourds, radionucl\u00e9ides, etc.),<\/i><\/p>\n<p style=\"padding-left: 30px;\">&#8211; D\u00e9lai d&rsquo;attente m\u00e9dicamenteux en cours <i>(uniquement pour la vente en \u00e9levage &#8211; <strong>il est interdit d&rsquo;amener \u00e0 l&rsquo;abattoir un animal sous d\u00e9lai d&rsquo;attente<\/strong>).<\/i><\/p>\n<p style=\"padding-left: 30px;\"><strong><span style=\"color: #ff6600;\">&#8211; NOUVEAU MOTIF ajout\u00e9 au 01\/07\/2018 : <span style=\"color: #333333;\">Pr\u00e9sente un risque av\u00e9r\u00e9, identifi\u00e9 et notifi\u00e9 par le d\u00e9tenteur n\u00e9cessitant des mesures de gestion <\/span><\/span><\/strong><em>(ex\u00a0: aiguilles cass\u00e9es ou autres corps \u00e9trangers\u2026)<\/em><\/p>\n<div>\n<ul>\n<li><strong>Pour la vente de bovins munis d&rsquo;anciennes ASDA (&lt; juillet 2018) et pour lesquels aucune information sanitaire sp\u00e9cifique n&rsquo;est \u00e0 transmettre<\/strong>, il n&rsquo;y a rien d&rsquo;autre \u00e0 faire que de dater et signer l&rsquo;ASDA,<\/li>\n<li><strong>Pour la vente de bovins munis d&rsquo;anciennes ASDA (&lt; juillet 2018) et pour lesquels il y a une ICA positive \u00e0 transmettre<\/strong>, les \u00e9leveurs devront joindre \u00e0 l&rsquo;ADSA du bovin le formulaire compl\u00e9mentaire individuel ou collectif<\/li>\n<\/ul>\n<\/div>\n<blockquote><p><strong>\u2192 <a href=\"http:\/\/gdsreseau3m.com\/wp-content\/uploads\/2018\/07\/20180626-ICA-bovins-d\u00e9claration-ICA-avec-ancienne-ASDA.pdf\" target=\"_blank\" rel=\"noopener noreferrer\">Formulaire bovin ICA d\u00e9claration compl\u00e9mentaire individuel <\/a><\/strong><strong><br \/>\n<\/strong><\/p>\n<p>\u2192<a href=\"http:\/\/gdsreseau3m.com\/wp-content\/uploads\/2018\/07\/20180626-ICA-bovins-d\u00e9claration-collective-ICA-avec-ancienne-ASDA.pdf\" target=\"_blank\" rel=\"noopener noreferrer\"><strong> Formulaire bovin ICA d\u00e9claration compl\u00e9mentaire collectif<\/strong><\/a><\/p><\/blockquote>\n<ul>\n<li>\u00c0 d\u00e9faut, les ICA non remplies seront consid\u00e9r\u00e9es comme non conformes.<\/li>\n<\/ul>\n<h3><span style=\"color: #56b74f;\">Plaquette d&rsquo;information<\/span><\/h3>\n<h3><a href=\"http:\/\/gdsreseau3m.com\/wp-content\/uploads\/2018\/07\/20180711-INTERBEV-ICA-plaquette-com-ICA-ASDA-2018-format-A4-IMP4-VF-1.pdf\" target=\"_blank\" rel=\"noopener noreferrer\"> <img loading=\"lazy\" class=\"alignnone wp-image-2794 thumb-of-pdf\" src=\"http:\/\/gdsreseau3m.com\/wp-content\/uploads\/2018\/07\/20180711-INTERBEV-ICA-plaquette-com-ICA-ASDA-2018-format-A4-IMP4-VF-1-pdf-300x212.jpg\" alt=\"thumbnail of 20180711-INTERBEV-ICA-plaquette com ICA ASDA 2018 format A4 IMP4 VF\" width=\"392\" height=\"277\" srcset=\"https:\/\/gdsreseau3m.com\/wp-content\/uploads\/2018\/07\/20180711-INTERBEV-ICA-plaquette-com-ICA-ASDA-2018-format-A4-IMP4-VF-1-pdf-300x212.jpg 300w, https:\/\/gdsreseau3m.com\/wp-content\/uploads\/2018\/07\/20180711-INTERBEV-ICA-plaquette-com-ICA-ASDA-2018-format-A4-IMP4-VF-1-pdf-768x543.jpg 768w, https:\/\/gdsreseau3m.com\/wp-content\/uploads\/2018\/07\/20180711-INTERBEV-ICA-plaquette-com-ICA-ASDA-2018-format-A4-IMP4-VF-1-pdf.jpg 1024w\" sizes=\"(max-width: 392px) 100vw, 392px\" \/><\/a><\/h3>\n<p>Interbev. 3e \u00e9dition 2018<\/p>\n<\/div>","protected":false},"excerpt":{"rendered":"<p>Achat\/venteLa prophylaxieRegistre d&rsquo;\u00e9levage et carnet sanitaireBios\u00e9curit\u00e9Transmission des ICA Transmission des Informations sur la Chaine Alimentaire (ICA) Depuis 2010, les ASDA (cartes vertes) portent des rubriques utiles \u00e0 l&rsquo;Information sur la Chaine Alimentaire (ICA), pour renfoncer la qualit\u00e9 sanitaire de la viande tout au long de la fili\u00e8re. Ce dispositif rel\u00e8ve de la r\u00e9glementation europ\u00e9enne sur [&hellip;]<\/p>\n","protected":false},"author":1,"featured_media":0,"parent":0,"menu_order":0,"comment_status":"closed","ping_status":"closed","template":"","meta":[],"_links":{"self":[{"href":"https:\/\/gdsreseau3m.com\/index.php?rest_route=\/wp\/v2\/pages\/1477"}],"collection":[{"href":"https:\/\/gdsreseau3m.com\/index.php?rest_route=\/wp\/v2\/pages"}],"about":[{"href":"https:\/\/gdsreseau3m.com\/index.php?rest_route=\/wp\/v2\/types\/page"}],"author":[{"embeddable":true,"href":"https:\/\/gdsreseau3m.com\/index.php?rest_route=\/wp\/v2\/users\/1"}],"replies":[{"embeddable":true,"href":"https:\/\/gdsreseau3m.com\/index.php?rest_route=%2Fwp%2Fv2%2Fcomments&post=1477"}],"version-history":[{"count":18,"href":"https:\/\/gdsreseau3m.com\/index.php?rest_route=\/wp\/v2\/pages\/1477\/revisions"}],"predecessor-version":[{"id":6280,"href":"https:\/\/gdsreseau3m.com\/index.php?rest_route=\/wp\/v2\/pages\/1477\/revisions\/6280"}],"wp:attachment":[{"href":"https:\/\/gdsreseau3m.com\/index.php?rest_route=%2Fwp%2Fv2%2Fmedia&parent=1477"}],"curies":[{"name":"wp","href":"https:\/\/api.w.org\/{rel}","templated":true}]}}