{"id":1473,"date":"2018-06-22T16:17:03","date_gmt":"2018-06-22T14:17:03","guid":{"rendered":"http:\/\/gdsreseau3m.com\/?page_id=1473"},"modified":"2022-03-01T08:47:55","modified_gmt":"2022-03-01T07:47:55","slug":"bovins-information-et-reglementation-carnet-sanitaire","status":"publish","type":"page","link":"https:\/\/gdsreseau3m.com\/?page_id=1473","title":{"rendered":"Bovins &#8211; Information et r\u00e9glementation &#8211; Registre d&rsquo;\u00e9levage et carnet sanitaire"},"content":{"rendered":"<div class=\"mpl-content-wrap\"><h6><a href=\"http:\/\/gdsreseau3m.com\/?page_id=304\"><img loading=\"lazy\" class=\"alignnone wp-image-333\" src=\"http:\/\/gdsreseau3m.com\/wp-content\/uploads\/2018\/06\/treffleMenu.png\" alt=\"\" width=\"23\" height=\"22\" \/><\/a><a href=\"http:\/\/gdsreseau3m.com\/?page_id=454\">Achat\/vente<\/a><img loading=\"lazy\" class=\"alignnone wp-image-333\" src=\"http:\/\/gdsreseau3m.com\/wp-content\/uploads\/2018\/06\/treffleMenu.png\" alt=\"\" width=\"23\" height=\"22\" \/><a href=\"http:\/\/gdsreseau3m.com\/?page_id=1468\">La prophylaxie<\/a><img loading=\"lazy\" class=\"alignnone wp-image-333\" src=\"http:\/\/gdsreseau3m.com\/wp-content\/uploads\/2018\/06\/treffleMenu.png\" alt=\"\" width=\"23\" height=\"22\" \/><a href=\"http:\/\/gdsreseau3m.com\/?page_id=1473\">Registre d&rsquo;\u00e9levage et carnet sanitaire<\/a><img loading=\"lazy\" class=\"alignnone wp-image-333\" src=\"http:\/\/gdsreseau3m.com\/wp-content\/uploads\/2018\/06\/treffleMenu.png\" alt=\"\" width=\"23\" height=\"22\" \/><a href=\"http:\/\/gdsreseau3m.com\/?page_id=1475\">Bios\u00e9curit\u00e9<\/a><img loading=\"lazy\" class=\"alignnone wp-image-333\" src=\"http:\/\/gdsreseau3m.com\/wp-content\/uploads\/2018\/06\/treffleMenu.png\" alt=\"\" width=\"23\" height=\"22\" \/><a href=\"http:\/\/gdsreseau3m.com\/?page_id=1477\">Transmission des ICA<\/a><\/h6>\n<h1><span style=\"color: #56b74f;\"><img loading=\"lazy\" class=\"alignnone wp-image-749 \" src=\"http:\/\/gdsreseau3m.com\/wp-content\/uploads\/2018\/06\/Bovins1.png\" alt=\"\" width=\"55\" height=\"41\" \/> Le registre d&rsquo;\u00e9levage et carnet sanitaire<\/span><\/h1>\n<h3><span style=\"color: #333333;\">LE REGISTRE D&rsquo;\u00c9LEVAGE : rappel des objectifs et du contenu de cet ensemble de documents<\/span><\/h3>\n<div>\n<p>Depuis l&rsquo;entr\u00e9e en vigueur de l&rsquo;arr\u00eat\u00e9 minist\u00e9riel du <span style=\"color: #56b74f;\"><a style=\"color: #56b74f;\" href=\"http:\/\/www.legifrance.gouv.fr\/affichTexte.do?cidTexte=LEGITEXT000005629556\" target=\"_blank\" rel=\"noopener noreferrer\">5 juin 2000<\/a><\/span>, <b>la tenue d&rsquo;un registre d&rsquo;\u00e9levage est obligatoire pour tout d\u00e9tenteur d&rsquo;animaux dont la chair ou les produits sont susceptibles d&rsquo;\u00eatre c\u00e9d\u00e9s en vue de la consommation, ainsi que des animaux d\u00e9tenus aux seules fins d&rsquo;autoconsommation.<\/b> Ainsi, sont concern\u00e9es toutes personnes physiques ou morales ayant la garde permanente ou temporaire de bovins, ovins, caprins, porcins, mais aussi des esp\u00e8ces \u00e9quines, asines et leur croisement (m\u00eame s&rsquo;ils ne sont pas destin\u00e9s \u00e0 la consommation), ainsi que des abeilles, gibiers, volailles, lagomorphes, poissons, etc. Ce dispositif vise principalement \u00e0 participer \u00e0 la tra\u00e7abilit\u00e9 de la cha\u00eene alimentaire et \u00e0 la veille sanitaire des \u00e9levages : le Registre d&rsquo;\u00c9levage est la m\u00e9moire de la sant\u00e9 de tous les animaux de l&rsquo;exploitation.<\/p>\n<h3><span style=\"color: #56b74f;\">Composition du Registre et principes<\/span><\/h3>\n<p>Le Registre d&rsquo;\u00c9levage est un regroupement de documents qui peuvent \u00eatre scind\u00e9s en 3 volets :<\/p>\n<blockquote>\n<ul>\n<li>La description de l&rsquo;exploitation (volet 1)<\/li>\n<li>Les mouvements d&rsquo;animaux (volet 2)<\/li>\n<li>L&rsquo;entretien et les soins apport\u00e9s aux animaux (volet 3) dont fait partie le carnet sanitaire.<\/li>\n<\/ul>\n<\/blockquote>\n<p>S&rsquo;il n&rsquo;y a pas de forme impos\u00e9e pour le registre, la seule obligation \u00e9tant que l&rsquo;ensemble des documents et donn\u00e9es qui doivent le composer soit facilement retrouvable, lisible et class\u00e9 de fa\u00e7on ordonn\u00e9e, il n&rsquo;en demeure pas moins que tout doit \u00eatre sous forme papier (avec des pages num\u00e9rot\u00e9es) ! Toutefois, cela n&#8217;emp\u00eache pas l&rsquo;enregistrement de certaines donn\u00e9es sur support informatique \u00e0 condition qu&rsquo;<strong>une \u00e9dition \u00ab\u00a0papier\u00a0\u00bb soit effectu\u00e9e r\u00e9guli\u00e8rement\u00a0<\/strong> (tous les trimestres), ainsi que lors de toute visite du v\u00e9t\u00e9rinaire ou de toute demande d&rsquo;un agent habilit\u00e9. L&rsquo;ensemble des \u00e9l\u00e9ments composant le registre<strong> doit \u00eatre<\/strong><b> conserv\u00e9 pendant 5 ans.<\/b><br \/>\nD&rsquo;autres informations que celles impos\u00e9es peuvent venir compl\u00e9ter le registre \u00e0 condition qu&rsquo;elles ne nuisent pas \u00e0 sa lisibilit\u00e9 (donn\u00e9es n\u00e9cessaires \u00e0 l&rsquo;obtention d&rsquo;une qualification, d&rsquo;un label, une charte, bon de reprise de DASRI, &#8230;).<\/p>\n<h3><span style=\"color: #56b74f;\">Volet 1 : Description de l&rsquo;exploitation<\/span><\/h3>\n<p><b><img loading=\"lazy\" class=\" wp-image-1055 alignleft\" src=\"http:\/\/gdsreseau3m.com\/wp-content\/uploads\/2018\/06\/1432822731_Registre_d_elevage_volet_1__1_.jpg\" alt=\"\" width=\"217\" height=\"303\" \/>L&rsquo;objectif de cette partie est de fournir rapidement un aper\u00e7u de l&rsquo;organisation sur l&rsquo;exploitation des productions animales concern\u00e9es par le registre.<\/b> Ainsi l&rsquo;identification des d\u00e9tenteurs d&rsquo;animaux (et celle de leurs propri\u00e9taires si diff\u00e9rents), mais aussi des lieux de d\u00e9tention, permanents ou temporaires, des animaux (b\u00e2timents, p\u00e2tures) doivent \u00eatre renseign\u00e9s. Pour chaque esp\u00e8ce, le type de production (lait, viande), leurs lieux et p\u00e9riodes de d\u00e9tention, ainsi que les coordonn\u00e9es des personnes et\/ou organismes intervenant dans l&rsquo;\u00e9levage (v\u00e9t\u00e9rinaires, organismes de production, organisme \u00e0 vocation sanitaire, &#8230;) sont \u00e0 notifier. Il est \u00e9galement n\u00e9cessaire de pr\u00e9ciser le lieu de classement des documents composant le registre.<\/p>\n<p>Ces donn\u00e9es \u00e9tant amen\u00e9es \u00e0 \u00e9voluer dans le temps, cela n\u00e9cessitera de les mettre \u00e0 jour r\u00e9guli\u00e8rement, en pr\u00e9cisant toujours la date de derni\u00e8re mise \u00e0 jour.<\/p>\n<blockquote><p><strong> \u2192 Quatre fiches permettant de regrouper toutes ces informations sont t\u00e9l\u00e9chargeable ci-contre : <\/strong><span style=\"color: #56b74f;\"><a style=\"color: #56b74f;\" href=\"http:\/\/gdsreseau3m.com\/wp-content\/uploads\/2018\/06\/Registre_Sanitaire_les_caracteristiques_de_lexploitation-icon.pdf\" target=\"_blank\" rel=\"noopener noreferrer\"><strong>\u00ab\u00a0Les caract\u00e9ristiques de l&rsquo;exploitation\u00a0\u00bb<\/strong><\/a><\/span><\/p><\/blockquote>\n<h4 data-testid=\"ji5Rvtne8\"><span style=\"color: #800080;\">D\u00e9signation du r\u00e9f\u00e9rent Bien-\u00catre Animal<\/span><\/h4>\n<p class=\"text-build-content\" data-testid=\"ji5Rvtne8\">A compter du 1er janvier 2022, <strong>tout responsable d\u2019\u00e9levage doit d\u00e9signer au sein de son personnel un<\/strong> <strong>\u00ab r\u00e9f\u00e9rent bien-\u00eatre animal \u00bb<\/strong>. Ce r\u00e9f\u00e9rent est charg\u00e9 de sensibiliser au bien-\u00eatre animal les personnes en contact avec les animaux de l\u2019exploitation. En \u00e9levage de ruminants, la d\u00e9signation est obligatoire mais la formation du r\u00e9f\u00e9rent au bien-\u00eatre animal est facultative (obligatoire pour les \u00e9leveurs de porcs et volailles seulement).<\/p>\n<p class=\"text-build-content\" data-testid=\"_OghdBwM2TO\">La d\u00e9signation du r\u00e9f\u00e9rent <strong>doit \u00eatre affich\u00e9e sur le site de l\u2019\u00e9levage et mentionn\u00e9e explicitement dans le registre de l\u2019\u00e9levage <\/strong>(nom, pr\u00e9nom, coordonn\u00e9es, date de d\u00e9signation et signature du r\u00e9f\u00e9rent).<\/p>\n<p class=\"text-build-content\" data-testid=\"ji5Rvtne8\">Pour en savoir plus :<\/p>\n<ul>\n<li><a class=\"link-build-content\" href=\"https:\/\/www.legifrance.gouv.fr\/jorf\/id\/JORFTEXT000044592711?datePubli=\" target=\"_blank\" rel=\"noopener noreferrer\"><u>Arr\u00eat\u00e9 pr\u00e9cisant les modalit\u00e9s de d\u00e9signation du r\u00e9f\u00e9rent<\/u><\/a><\/li>\n<li><u>https:\/\/agriculture.gouv.fr\/referent-bien-etre-animal-questions-reponses<\/u><\/li>\n<\/ul>\n<h3><span style=\"color: #56b74f;\">Volet 2 : les mouvements d&rsquo;animaux<\/span><\/h3>\n<p><b>L&rsquo;objectif de cette partie est de pouvoir reconstituer a posteriori les mouvements d&rsquo;animaux afin notamment de disposer d&rsquo;une tra\u00e7abilit\u00e9 sanitaire et alimentaire<\/b>. Ainsi les naissances, entr\u00e9es (achat, pr\u00eat, pension) et sorties (mort, vente pour \u00e9levage ou pour abattage, pr\u00eat, pension,&#8230;) sont \u00e0 enregistrer. Par esp\u00e8ce et pour chaque mouvement, l&rsquo;identification des animaux ou du lot d&rsquo;animaux concern\u00e9s, la date du mouvement, les coordonn\u00e9es du vendeur (entr\u00e9es) ou celle de l&rsquo;acheteur (sorties) doivent \u00eatre consign\u00e9s. Dans le cas de sorties, le motif doit \u00eatre pr\u00e9cis\u00e9 ; pour les sorties pour cause de \u00ab\u00a0mort\u00a0\u00bb, les bons d&rsquo;\u00e9quarrissage correspondants doivent \u00eatre conserv\u00e9s. A noter que dans le cadre de la conditionnalit\u00e9 des aides PAC, les bons d&rsquo;enl\u00e8vements doivent \u00eatre conserv\u00e9s pour l&rsquo;ensemble des sorties quel que soit le motif.<\/p>\n<p>Notons que c&rsquo;est \u00e0 partir de ce suivi des mouvements que des enqu\u00eates \u00e9pid\u00e9miologiques peuvent \u00eatre r\u00e9alis\u00e9es en cas de probl\u00e8me sanitaire.<\/p>\n<h4><span style=\"color: #74bd2c;\"><span style=\"color: #800080;\">Particularit\u00e9s par esp\u00e8ces :<\/span> <\/span><\/h4>\n<ul>\n<li><strong>Bovin<\/strong> : ces obligations se traduisent uniquement par le classement des documents de notification, du livre annuel des bovins (document envoy\u00e9 une fois par an par le service d&rsquo;identification \u00e0 chaque \u00e9leveur) et des bons d&rsquo;\u00e9quarrissage (et les bons d&rsquo;enl\u00e8vements dans le cadre de la conditionnalit\u00e9).<\/li>\n<li><strong>Ovin\/Caprin<\/strong> : cela se traduit par le classement du recensement annuel des animaux, des documents de circulation pour les mouvements, de la liste des boucles livr\u00e9es pr\u00e9cisant la date de pose de chacun des rep\u00e8res (le carnet de naissance est suffisant si les dates d&rsquo;identification sont mentionn\u00e9es) ainsi que du tableau de correspondance entre les num\u00e9ros des boucles de rebouclage provisoires et les num\u00e9ros des animaux concern\u00e9s (avec la date de pose des rep\u00e8res provisoires).<\/li>\n<li><strong>Equid\u00e9<\/strong> : depuis 2010, les d\u00e9tenteurs d&rsquo;\u00e9quid\u00e9s doivent enregistrer leurs lieux de d\u00e9tention aupr\u00e8s de l&rsquo;IFCE via le SIRE pour se mettre en r\u00e8gle. Cette d\u00e9claration permet d&rsquo;agir en cas de crise sanitaire \u00e9quine en localisant facilement les lieux accueillant des chevaux sur le territoire. Le registre d&rsquo;\u00e9levage permet ensuite de consulter les renseignements concernant le lieu de d\u00e9tention et les \u00e9quid\u00e9s pr\u00e9sents.<\/li>\n<li><strong> Ruche<\/strong> : depuis le 1er janvier 2010, apiculteur professionnel ou amateur doivent d\u00e9clarer annuellement la d\u00e9tention et l&#8217;emplacement des ruches. L&rsquo;int\u00e9r\u00eat de d\u00e9clarer toutes les ruches en activit\u00e9 est de pouvoir suivre au plus pr\u00e8s de la r\u00e9alit\u00e9 les populations d&rsquo;abeilles, leur r\u00e9partition et surtout leur sant\u00e9.<\/li>\n<\/ul>\n<h3><span style=\"color: #56b74f;\">Volet 3 : L&rsquo;entretien et les soins apport\u00e9s aux animaux<\/span><\/h3>\n<p><b>L&rsquo;objectif de ce volet est de regrouper tout ce qui permet de pr\u00e9ciser l&rsquo;\u00e9tat sanitaire de l&rsquo;animal, du troupeau ou de l&rsquo;exploitation, ainsi que de tracer tous les \u00e9l\u00e9ments utilis\u00e9s pour assurer les productions animales de l&rsquo;exploitation : alimentation et soins. <\/b><br \/>\nCe volet peut \u00eatre d\u00e9compos\u00e9 en deux parties : la collecte &amp; l&rsquo;archivage de documents et l&rsquo;enregistrement de certaines informations.<\/p>\n<h4><span style=\"color: #800080;\">1. Les documents qui doivent \u00eatre collect\u00e9s et archiv\u00e9s :<\/span><\/h4>\n<\/div>\n<div>\n<ul>\n<li>Les comptes-rendus de visites sanitaires d&rsquo;un v\u00e9t\u00e9rinaire ou d&rsquo;un agent de la DD(CS)PP, ainsi que\u00a0 tout autre compte-rendu de visite r\u00e9alis\u00e9e sur l&rsquo;exploitation (ex. : visite GDS, suivi de PSE\u2026). Tous les \u00e9leveurs de bovins ont au moins un compte-rendu \u00e0 archiver : celui de la visite sanitaire bovine obligatoire annuellement.<\/li>\n<li>Les r\u00e9sultats de toutes les analyses effectu\u00e9es en vue d&rsquo;\u00e9valuer la situation sanitaire du troupeau ou de l&rsquo;exploitation (ex. : analyses sur les animaux, analyses d&rsquo;eau, de fourrage\u2026)<\/li>\n<li>Les \u00e9tiquettes de tous les \u00e9l\u00e9ments entrant dans l&rsquo;alimentation des animaux et non produits sur l&rsquo;exploitation. A la place des \u00e9tiquettes, peuvent \u00eatre conserv\u00e9s la facture ou le bon de livraison. Quel que soit le document conserv\u00e9, nous vous conseillons de conserver le num\u00e9ro de lot pour qu&rsquo;en cas de lot \u00ab\u00a0d\u00e9fectueux\u00a0\u00bb, vous puissiez savoir si vous \u00eates concern\u00e9s.<\/li>\n<li>Les ordonnances des m\u00e9dicaments et aliments m\u00e9dicamenteux et les factures ou les bons de livraisons pour les m\u00e9dicaments pouvant \u00eatre d\u00e9livr\u00e9s sans ordonnance.<\/li>\n<\/ul>\n<h4><span style=\"color: #800080;\">2. L&rsquo;enregistrement dans le carnet sanitaire :<\/span><\/h4>\n<p>Tous les traitements r\u00e9alis\u00e9s sur les animaux doivent \u00eatre consign\u00e9s dans le carnet d&rsquo;enregistrement des traitements (commun\u00e9ment appel\u00e9 Carnet Sanitaire), qu&rsquo;ils soient r\u00e9alis\u00e9s par le v\u00e9t\u00e9rinaire ou par l&rsquo;\u00e9leveur et quel que soit l&rsquo;\u00e2ge des animaux concern\u00e9s. A noter que la distribution d&rsquo;aliments m\u00e9dicamenteux doit \u00eatre consign\u00e9e au m\u00eame titre que tout autre traitement.<\/p>\n<p>La forme du Carnet Sanitaire est libre (cahier, calendrier, agenda, document type du GDS, &#8230;) tant que toutes les informations obligatoires y sont enregistr\u00e9es, de fa\u00e7on chronologique et par esp\u00e8ce voire \u00e9ventuellement par cat\u00e9gorie d&rsquo;animaux (ex. : possibilit\u00e9 d&rsquo;avoir un carnet pour les brebis et un autre pour les agneaux), sur support papier (pages num\u00e9rot\u00e9es) ou informatique (voir encadr\u00e9 ci-dessous).<\/p>\n<p>L&rsquo;objectif est que pour chaque traitement effectu\u00e9 sur un animal ou un lot, l&rsquo;on puisse retrouver \u00e0 post\u00e9riori, quel animal ou quel lot est concern\u00e9, quand, quelle posologie a \u00e9t\u00e9 administr\u00e9e, le respect des d\u00e9lais d&rsquo;attente, l&rsquo;ordonnance correspondant, &#8230; en cas de contr\u00f4le ou de probl\u00e8me sanitaire.<\/p>\n<ul>\n<li><a href=\"http:\/\/gdsreseau3m.com\/wp-content\/uploads\/2018\/07\/carnet-sanitaire-version-informatique.pdf\" target=\"_blank\" rel=\"noopener noreferrer\"><img loading=\"lazy\" class=\" wp-image-2787 thumb-of-pdf alignright\" src=\"http:\/\/gdsreseau3m.com\/wp-content\/uploads\/2018\/07\/carnet-sanitaire-version-informatique-pdf-300x212.jpg\" alt=\"thumbnail of carnet sanitaire version informatique\" width=\"236\" height=\"167\" srcset=\"https:\/\/gdsreseau3m.com\/wp-content\/uploads\/2018\/07\/carnet-sanitaire-version-informatique-pdf-300x212.jpg 300w, https:\/\/gdsreseau3m.com\/wp-content\/uploads\/2018\/07\/carnet-sanitaire-version-informatique-pdf-768x544.jpg 768w, https:\/\/gdsreseau3m.com\/wp-content\/uploads\/2018\/07\/carnet-sanitaire-version-informatique-pdf.jpg 1024w\" sizes=\"(max-width: 236px) 100vw, 236px\" \/><\/a>Le GDS met \u00e0 disposition des \u00e9leveurs un mod\u00e8le de carnet d&rsquo;enregistrement papier (d\u00e9livr\u00e9 gratuitement \u00e0 la demande ou \u00e0 t\u00e9l\u00e9charger ci-contre en cliquant sur l&rsquo;image &#8211; Le Registre d\u2019\u00c9levage &#8211; ).<\/li>\n<\/ul>\n<p>Les \u00e9leveurs de bovins ou d&rsquo;ovins abonn\u00e9s \u00e0 <a href=\"http:\/\/www.estelevage.com\/info\/\" target=\"_blank\" rel=\"noopener noreferrer\"><span style=\"color: #56b74f;\">EstElevage<\/span><\/a> (d\u00e8s le pack Essentiel pour les bovins) peuvent renseigner ces donn\u00e9es par voix informatique dans le module sanitaire \u00ab\u00a0Enregistrement des traitements\u00a0\u00bb. Attention cependant, une \u00e9dition trimestrielle du carnet sanitaire doit \u00eatre r\u00e9alis\u00e9e et conserv\u00e9e dans ce cas.<\/p>\n<p>C&rsquo;est sur cet historique sant\u00e9 que s&rsquo;appuiera le v\u00e9t\u00e9rinaire pour faire son bilan sanitaire d&rsquo;\u00e9levage en hi\u00e9rarchisant les pathologies et en mettant en place des actions de ma\u00eetrise formalis\u00e9es dans des protocoles de soin.<\/p>\n<p>Enfin, notez que le Registre d&rsquo;\u00c9levage peut faire l&rsquo;objet d&rsquo;un contr\u00f4le par les agents de la DD(CS)PP, DDT (ou autre organisme habilit\u00e9) et entre dans la conditionnalit\u00e9 des aides PAC. Sa bonne tenue est donc un gage de maintien de l&rsquo;ensemble des aides per\u00e7ues sur l&rsquo;exploitation.<\/p>\n<table width=\"100%\">\n<tbody>\n<tr>\n<td>\n<div><span style=\"color: #56b74f;\"><b>\u00a0LES DONN\u00c9ES QUI DOIVENT \u00caTRE NOT\u00c9ES SUR LE CARNET SANITAIRE, POUR TOUT TRAITEMENT :<\/b><\/span><\/div>\n<p><span style=\"color: #414741;\"><u>Ce que l&rsquo;\u00e9leveur doit remplir : <\/u><br \/>\n&#8211;\u00a0\u00a0 \u00a0la <b>date <\/b>de l&rsquo;intervention,<br \/>\n&#8211;\u00a0\u00a0 \u00a0le <b>num\u00e9ro d&rsquo;identification <\/b>des animaux concern\u00e9s ou l&rsquo;identification du lot concern\u00e9 \u00e0 condition que la description du lot permette de retrouver a posteriori l&rsquo;identification des animaux<br \/>\n<span style=\"color: #901283;\">ex. : \u00ab\u00a0agnelles \u00e2g\u00e9es de 6 \u00e0 12 mois\u00a0\u00bb, \u00ab\u00a0tous les animaux n\u00e9s apr\u00e8s le 01\/04\/2015\u00a0\u00bb et non, \u00ab\u00a0animaux bergerie du bas\u00a0\u00bb, &#8230;<\/span><br \/>\n&#8211;\u00a0\u00a0 \u00a0le<b> num\u00e9ro de l&rsquo;ordonnance <\/b>prescrivant le m\u00e9dicament utilis\u00e9.\u00a0 P<i>our retrouver facilement ce num\u00e9ro, vous pouvez le noter sur la boite du m\u00e9dicament<\/i><br \/>\n&#8211;\u00a0\u00a0 \u00a0les <b>dates de d\u00e9but et de fin <\/b>de traitement,<br \/>\n&#8211;\u00a0\u00a0 \u00a0le <b>m\u00e9dicament utilis\u00e9,<\/b> en pr\u00e9cisant la voie d&rsquo;administration, la dose administr\u00e9e et la fr\u00e9quence \u00e0 laquelle cette dose est administr\u00e9e<br \/>\n<span style=\"color: #901283;\">ex. : nombre de fois par jour, pendant x jours<\/span><br \/>\n&#8211;\u00a0\u00a0 \u00a0la <b>date de remise en vente<\/b> des produits (lait, viande, oeuf, miel) et <span style=\"color: #ff6600;\"><b>non le d\u00e9lai d&rsquo;attente <\/b><\/span><br \/>\n&#8211;\u00a0\u00a0 \u00a0le <b>nom de la personne <\/b>ayant r\u00e9alis\u00e9 l&rsquo;intervention.<br \/>\n&#8211;\u00a0\u00a0 \u00a0le motif du traitement est facultatif<\/span><\/p>\n<p><u>Ce que le v\u00e9t\u00e9rinaire doit remplir \u00e0 chaque visite (pensez \u00e0 lui faire remplir votre registre) :<\/u><br \/>\n&#8211;\u00a0\u00a0 \u00a0la <b>date <\/b>d&rsquo;intervention,<br \/>\n&#8211;\u00a0\u00a0 \u00a0le <b>num\u00e9ro d&rsquo;ordonnance<\/b>,<br \/>\n&#8211;\u00a0\u00a0 \u00a0le <b>diagnostic<\/b>, quand il est \u00e9tabli,<br \/>\n&#8211;\u00a0\u00a0 \u00a0l&rsquo;<b>\u00e9tat g\u00e9n\u00e9ral <\/b>(ou les performances zootechniques) des animaux sur lesquels il est intervenu,<br \/>\n&#8211;\u00a0\u00a0 \u00a0<b>son nom et sa signature.<\/b><\/p>\n<p>Pour les autres donn\u00e9es, il fait r\u00e9f\u00e9rence <b>\u00e0 sa propre ordonnance<\/b> qui doit obligatoirement comporter ces informations et laisse l&rsquo;ordonnance \u00e0 l&rsquo;\u00e9leveur qui la conservera 5 ans.<\/td>\n<\/tr>\n<\/tbody>\n<\/table>\n<div>Sources : GDS, CDA 61, haras-nationaux.fr<\/div>\n<\/div>\n<\/div>","protected":false},"excerpt":{"rendered":"<p>Achat\/venteLa prophylaxieRegistre d&rsquo;\u00e9levage et carnet sanitaireBios\u00e9curit\u00e9Transmission des ICA Le registre d&rsquo;\u00e9levage et carnet sanitaire LE REGISTRE D&rsquo;\u00c9LEVAGE : rappel des objectifs et du contenu de cet ensemble de documents Depuis l&rsquo;entr\u00e9e en vigueur de l&rsquo;arr\u00eat\u00e9 minist\u00e9riel du 5 juin 2000, la tenue d&rsquo;un registre d&rsquo;\u00e9levage est obligatoire pour tout d\u00e9tenteur d&rsquo;animaux dont la chair ou [&hellip;]<\/p>\n","protected":false},"author":1,"featured_media":0,"parent":0,"menu_order":0,"comment_status":"closed","ping_status":"closed","template":"","meta":[],"_links":{"self":[{"href":"https:\/\/gdsreseau3m.com\/index.php?rest_route=\/wp\/v2\/pages\/1473"}],"collection":[{"href":"https:\/\/gdsreseau3m.com\/index.php?rest_route=\/wp\/v2\/pages"}],"about":[{"href":"https:\/\/gdsreseau3m.com\/index.php?rest_route=\/wp\/v2\/types\/page"}],"author":[{"embeddable":true,"href":"https:\/\/gdsreseau3m.com\/index.php?rest_route=\/wp\/v2\/users\/1"}],"replies":[{"embeddable":true,"href":"https:\/\/gdsreseau3m.com\/index.php?rest_route=%2Fwp%2Fv2%2Fcomments&post=1473"}],"version-history":[{"count":27,"href":"https:\/\/gdsreseau3m.com\/index.php?rest_route=\/wp\/v2\/pages\/1473\/revisions"}],"predecessor-version":[{"id":6276,"href":"https:\/\/gdsreseau3m.com\/index.php?rest_route=\/wp\/v2\/pages\/1473\/revisions\/6276"}],"wp:attachment":[{"href":"https:\/\/gdsreseau3m.com\/index.php?rest_route=%2Fwp%2Fv2%2Fmedia&parent=1473"}],"curies":[{"name":"wp","href":"https:\/\/api.w.org\/{rel}","templated":true}]}}