{"id":1424,"date":"2018-06-22T15:40:21","date_gmt":"2018-06-22T13:40:21","guid":{"rendered":"http:\/\/gdsreseau3m.com\/?page_id=1424"},"modified":"2018-07-19T13:49:03","modified_gmt":"2018-07-19T11:49:03","slug":"bovins-autres-actions-reseau-pature","status":"publish","type":"page","link":"https:\/\/gdsreseau3m.com\/?page_id=1424","title":{"rendered":"Bovins &#8211; Autres actions &#8211; R\u00e9seau p\u00e2ture"},"content":{"rendered":"<div class=\"mpl-content-wrap\"><h6><img loading=\"lazy\" class=\"alignnone wp-image-333\" src=\"http:\/\/gdsreseau3m.com\/wp-content\/uploads\/2018\/06\/treffleMenu.png\" alt=\"\" width=\"23\" height=\"22\" \/><a href=\"http:\/\/gdsreseau3m.com\/?page_id=1416\">Parasitisme<\/a><img loading=\"lazy\" class=\"alignnone wp-image-333\" src=\"http:\/\/gdsreseau3m.com\/wp-content\/uploads\/2018\/06\/treffleMenu.png\" alt=\"\" width=\"23\" height=\"22\" \/><a href=\"http:\/\/gdsreseau3m.com\/?page_id=1419\">Optitraite &amp; Certitraite<\/a>\u00a0<img loading=\"lazy\" class=\"alignnone wp-image-333\" src=\"http:\/\/gdsreseau3m.com\/wp-content\/uploads\/2018\/06\/treffleMenu.png\" alt=\"\" width=\"23\" height=\"22\" \/><a href=\"http:\/\/gdsreseau3m.com\/?page_id=1422\">Jeunes Agriculteurs<\/a><img loading=\"lazy\" class=\"alignnone wp-image-333\" src=\"http:\/\/gdsreseau3m.com\/wp-content\/uploads\/2018\/06\/treffleMenu.png\" alt=\"\" width=\"23\" height=\"22\" \/><a href=\"http:\/\/gdsreseau3m.com\/?page_id=1424\">R\u00e9seau p\u00e2ture<\/a><\/h6>\n<h1><img loading=\"lazy\" class=\"alignnone wp-image-749 \" src=\"http:\/\/gdsreseau3m.com\/wp-content\/uploads\/2018\/06\/Bovins1.png\" alt=\"\" width=\"51\" height=\"38\" \/> <span style=\"color: #56b74f;\">Le \u00ab\u00a0R\u00e9seau p\u00e2ture\u00a0\u00bb<\/span><\/h1>\n<div>Depuis la campagne 2002\/2003, les G.D.S. ont d\u00e9cid\u00e9 de mettre en place un \u00ab\u00a0R\u00e9seau P\u00e2ture\u00a0\u00bb recensant l&rsquo;ensemble des p\u00e2tures bovines des cheptels de nos d\u00e9partements. <b>Il s&rsquo;agit de recenser, pour chaque exploitation, les p\u00e2tures h\u00e9bergeant des bovins, ainsi que les cheptels voisins de ces p\u00e2tures.<\/b><\/div>\n<h3><span style=\"color: #56b74f;\">Les objectifs<\/span><\/h3>\n<div>L&rsquo;objectif premier de ce recensement est de pouvoir <b>r\u00e9agir de fa\u00e7on imm\u00e9dia<\/b><strong>te \u00e0 toute d\u00e9couverte de foyer infectieux<\/strong> provoqu\u00e9 par des maladies r\u00e9glement\u00e9es ou non par l&rsquo;\u00c9tat.<\/div>\n<div><\/div>\n<div>La collecte de ces informations permet, ainsi, <strong>de <\/strong><b>communiquer<\/b>, aux exploitations susceptibles d&rsquo;avoir des liens \u00ab\u00a0sanitaires\u00a0\u00bb au travers des p\u00e2tures avec les cheptels touch\u00e9s, des \u00e9l\u00e9ments concernant :<br \/>\nLa maladie responsable du foyer (avec notamment son mode de transmission et les sympt\u00f4mes observables sur les animaux atteints),<\/p>\n<ul>\n<li><strong>Les mesures pr\u00e9ventives \u00e0 mettre en place afin de prot\u00e9ger son cheptel<\/strong><\/li>\n<li><strong>Les d\u00e9pistages \u00e0 r\u00e9aliser pour v\u00e9rifier l&rsquo;absence de contamination<\/strong><\/li>\n<\/ul>\n<\/div>\n<p>Un autre objectif de ce r\u00e9seau est de pouvoir communiquer aux cheptels concern\u00e9s les r\u00e8gles particuli\u00e8res pouvant s&rsquo;appliquer pour la mise en p\u00e2ture sur certaines zones du d\u00e9partement. Ainsi, ce r\u00e9seau s&rsquo;\u00e9tait av\u00e9r\u00e9 utile lors de la crise de la FCO lorsque les r\u00e8gles de mise en p\u00e2ture au sein d&rsquo;un m\u00eame d\u00e9partement (ou pays) \u00e9taient diff\u00e9rentes.<\/p>\n<p>Enfin, le dernier objectif est de pouvoir <b>mobiliser <\/b>un r\u00e9seau d&rsquo;\u00e9leveurs en cas de crise sanitaire.<\/p>\n<p><img loading=\"lazy\" class=\"alignnone size-full wp-image-1461\" src=\"http:\/\/gdsreseau3m.com\/wp-content\/uploads\/2018\/06\/1432902511_P1060555.jpg\" alt=\"\" width=\"448\" height=\"336\" srcset=\"https:\/\/gdsreseau3m.com\/wp-content\/uploads\/2018\/06\/1432902511_P1060555.jpg 448w, https:\/\/gdsreseau3m.com\/wp-content\/uploads\/2018\/06\/1432902511_P1060555-300x225.jpg 300w, https:\/\/gdsreseau3m.com\/wp-content\/uploads\/2018\/06\/1432902511_P1060555-400x300.jpg 400w\" sizes=\"(max-width: 448px) 100vw, 448px\" \/><\/p>\n<h3><span style=\"color: #56b74f;\">La r\u00e9colte des informations<\/span><\/h3>\n<div>La collecte et la mise \u00e0 jour des informations se font par l&rsquo;envoi, \u00e0 chaque cheptel bovin, d&rsquo;une fiche permettant la d\u00e9claration des p\u00e2tures existantes et des cheptels bovins voisins. Cette fiche reprend les informations d\u00e9j\u00e0 port\u00e9es \u00e0 connaissance des GDS les ann\u00e9es pr\u00e9c\u00e9dentes.<\/div>\n<div>Le recensement est compl\u00e9t\u00e9 et mis \u00e0 jour tout au long de l&rsquo;ann\u00e9e par les techniciens du GDS pour les exploitations dans lesquelles ils se rendent suite \u00e0 la d\u00e9couverte de certains probl\u00e8mes sanitaires.<\/div>\n<blockquote>\n<ul>\n<li><b><span style=\"color: #901283;\"><span style=\"color: #ff6600;\"> D\u00e9clarez votre r\u00e9seau p\u00e2ture <\/span><span style=\"color: #74bd2c;\"><a style=\"color: #74bd2c;\" href=\"http:\/\/gdsreseau3m.com\/wp-content\/uploads\/2018\/06\/RecensementPatureEleveur.pdf\" target=\"_blank\" rel=\"noopener\"><span style=\"color: #ff6600;\">ICI<\/span><\/a><\/span><\/span><\/b><\/li>\n<\/ul>\n<\/blockquote>\n<h4>Concr\u00e8tement<\/h4>\n<div>\n<p>Le \u00ab\u00a0R\u00e9seau P\u00e2ture\u00a0\u00bb est majoritairement utilis\u00e9 pour la gestion de l&rsquo;IBR ou de la BVD. En effet, les contacts entre bovins lors de la saison de p\u00e2ture, par voisinage direct ou par divagation, sont souvent \u00e0 l&rsquo;origine de la diffusion de ces pathologies.<\/p>\n<p>Il permet aux GDS d&rsquo;informer les voisins de p\u00e2tures des cheptels concern\u00e9s par une circulation virale IBR ou BVD\u00a0 par contact t\u00e9l\u00e9phonique ou par courrier postal.<\/p>\n<p>Cette information a pour objectif de circonscrire au plus vite la circulation virale et en aucun cas de pointer du doigt les cheptels atteints, d&rsquo;autant plus que les cheptels \u00ab\u00a0foyer\u00a0\u00bb peuvent ne pas \u00eatre ceux \u00e0 l&rsquo;origine de l&rsquo;arriv\u00e9e du virus.<\/p>\n<\/div>\n<div><img loading=\"lazy\" class=\"alignnone size-full wp-image-1462\" src=\"http:\/\/gdsreseau3m.com\/wp-content\/uploads\/2018\/06\/1432902812_reseau_pature.jpg\" alt=\"\" width=\"380\" height=\"336\" srcset=\"https:\/\/gdsreseau3m.com\/wp-content\/uploads\/2018\/06\/1432902812_reseau_pature.jpg 380w, https:\/\/gdsreseau3m.com\/wp-content\/uploads\/2018\/06\/1432902812_reseau_pature-300x265.jpg 300w\" sizes=\"(max-width: 380px) 100vw, 380px\" \/><\/div>\n<\/div>","protected":false},"excerpt":{"rendered":"<p>ParasitismeOptitraite &amp; Certitraite\u00a0Jeunes AgriculteursR\u00e9seau p\u00e2ture Le \u00ab\u00a0R\u00e9seau p\u00e2ture\u00a0\u00bb Depuis la campagne 2002\/2003, les G.D.S. ont d\u00e9cid\u00e9 de mettre en place un \u00ab\u00a0R\u00e9seau P\u00e2ture\u00a0\u00bb recensant l&rsquo;ensemble des p\u00e2tures bovines des cheptels de nos d\u00e9partements. Il s&rsquo;agit de recenser, pour chaque exploitation, les p\u00e2tures h\u00e9bergeant des bovins, ainsi que les cheptels voisins de ces p\u00e2tures. Les objectifs [&hellip;]<\/p>\n","protected":false},"author":1,"featured_media":0,"parent":0,"menu_order":0,"comment_status":"closed","ping_status":"closed","template":"","meta":[],"_links":{"self":[{"href":"https:\/\/gdsreseau3m.com\/index.php?rest_route=\/wp\/v2\/pages\/1424"}],"collection":[{"href":"https:\/\/gdsreseau3m.com\/index.php?rest_route=\/wp\/v2\/pages"}],"about":[{"href":"https:\/\/gdsreseau3m.com\/index.php?rest_route=\/wp\/v2\/types\/page"}],"author":[{"embeddable":true,"href":"https:\/\/gdsreseau3m.com\/index.php?rest_route=\/wp\/v2\/users\/1"}],"replies":[{"embeddable":true,"href":"https:\/\/gdsreseau3m.com\/index.php?rest_route=%2Fwp%2Fv2%2Fcomments&post=1424"}],"version-history":[{"count":10,"href":"https:\/\/gdsreseau3m.com\/index.php?rest_route=\/wp\/v2\/pages\/1424\/revisions"}],"predecessor-version":[{"id":2773,"href":"https:\/\/gdsreseau3m.com\/index.php?rest_route=\/wp\/v2\/pages\/1424\/revisions\/2773"}],"wp:attachment":[{"href":"https:\/\/gdsreseau3m.com\/index.php?rest_route=%2Fwp%2Fv2%2Fmedia&parent=1424"}],"curies":[{"name":"wp","href":"https:\/\/api.w.org\/{rel}","templated":true}]}}