{"id":1416,"date":"2018-06-22T15:31:32","date_gmt":"2018-06-22T13:31:32","guid":{"rendered":"http:\/\/gdsreseau3m.com\/?page_id=1416"},"modified":"2019-07-16T11:14:53","modified_gmt":"2019-07-16T09:14:53","slug":"bovins-autres-actions-parasitisme","status":"publish","type":"page","link":"https:\/\/gdsreseau3m.com\/?page_id=1416","title":{"rendered":"Bovins &#8211; Autres actions &#8211; parasitisme"},"content":{"rendered":"<div class=\"mpl-content-wrap\"><h6><img loading=\"lazy\" class=\"alignnone wp-image-333\" src=\"http:\/\/gdsreseau3m.com\/wp-content\/uploads\/2018\/06\/treffleMenu.png\" alt=\"\" width=\"23\" height=\"22\" \/><a href=\"http:\/\/gdsreseau3m.com\/?page_id=1416\">Parasitisme<\/a><img loading=\"lazy\" class=\"alignnone wp-image-333\" src=\"http:\/\/gdsreseau3m.com\/wp-content\/uploads\/2018\/06\/treffleMenu.png\" alt=\"\" width=\"23\" height=\"22\" \/><a href=\"http:\/\/gdsreseau3m.com\/?page_id=1419\">Optitraite &amp; Certitraite<\/a>\u00a0<img loading=\"lazy\" class=\"alignnone wp-image-333\" src=\"http:\/\/gdsreseau3m.com\/wp-content\/uploads\/2018\/06\/treffleMenu.png\" alt=\"\" width=\"23\" height=\"22\" \/><a href=\"http:\/\/gdsreseau3m.com\/?page_id=1422\">Jeunes agriculteurs<\/a><img loading=\"lazy\" class=\"alignnone wp-image-333\" src=\"http:\/\/gdsreseau3m.com\/wp-content\/uploads\/2018\/06\/treffleMenu.png\" alt=\"\" width=\"23\" height=\"22\" \/><a href=\"http:\/\/gdsreseau3m.com\/?page_id=1424\">R\u00e9seau p\u00e2ture<\/a><\/h6>\n<h1><img loading=\"lazy\" class=\"alignnone wp-image-749 \" src=\"http:\/\/gdsreseau3m.com\/wp-content\/uploads\/2018\/06\/Bovins1.png\" alt=\"\" width=\"51\" height=\"38\" \/> <span style=\"color: #56b74f;\">Parasitisme<\/span><\/h1>\n<h3><span style=\"color: #56b74f;\">Contr\u00f4le raisonn\u00e9 du parasitisme au p\u00e2turage<\/span><\/h3>\n<p>Les GDS ont choisi d&rsquo;orienter de plus en plus leurs actions vers une gestion pr\u00e9ventive des probl\u00e8mes sanitaires en \u00e9levage et le raisonnement des pratiques. Or, il apparaissait que la gestion des parasites internes de p\u00e2turage se traduisait souvent par la r\u00e9alisation de traitements \u00ab\u00a0syst\u00e9matiques\u00a0\u00bb.<\/p>\n<h3><span style=\"color: #56b74f;\">Raisonner ses traitements antiparasitaires = pourquoi ?<\/span><\/h3>\n<ul>\n<li>Pour r\u00e9pondre aux exigences de l&rsquo;\u00e9levage <i>(sant\u00e9 des animaux et ma\u00eetrise des co\u00fbts de traitements),<\/i><\/li>\n<li>Pour r\u00e9pondre aux exigences soci\u00e9tales <i>(raisonnement des traitements dans une optique environnementale ou de s\u00e9curit\u00e9 alimentaire).<br \/>\n<\/i><\/li>\n<\/ul>\n<div>Il est important de noter que des r\u00e9sistances aux traitements parasitaires sont rencontr\u00e9es de plus en plus fr\u00e9quemment et que le raisonnement des traitements aujourd&rsquo;hui permet de s\u00e9curiser l&rsquo;avenir.<br \/>\n<b>Autre point important : les parasites ont un impact direct ou indirect sur le foie, qui est \u00ab\u00a0l&rsquo;usine de fabrication\u00a0\u00bb de l&rsquo;immunit\u00e9 des animaux (colostrum)<\/b> : <b>assurer un d\u00e9parasitage correct permet d&rsquo;assurer une bonne sant\u00e9 des m\u00e8res et de leurs futurs veaux !<br \/>\n<\/b><\/div>\n<p><span style=\"color: #ff6600;\"><b>Traitement raisonn\u00e9 = efficacit\u00e9 + rentabilit\u00e9<\/b><\/span><br \/>\n<b><\/b><\/p>\n<h2><span style=\"color: #56b74f;\">Raisonner ses traitements antiparasitaires = comment ?<\/span><\/h2>\n<p><span style=\"color: #333333;\"><b>2 points importants :<\/b><\/span><\/p>\n<ul>\n<li>Adaptation des traitements aux parasites pr\u00e9sents,<\/li>\n<li>Application sur les animaux qui en ont besoin, aux p\u00e9riodes optimales et avec les produits les plus appropri\u00e9s.<b><span style=\"color: #74bd2c;\"><br \/>\n<\/span><\/b><\/li>\n<\/ul>\n<h4><span style=\"color: #800080;\">\u2192 Conna\u00eetre les parasites pr\u00e9sents<\/span><\/h4>\n<p>Pour chaque p\u00e2ture, des prises de sang et des pr\u00e9l\u00e8vements de bouses peuvent \u00eatre effectu\u00e9s :<\/p>\n<p>Analyses \u00e0 effectuer au laboratoire:<\/p>\n<table width=\"645\">\n<tbody>\n<tr>\n<td><\/td>\n<td><b>\u00a0S\u00e9rologie (sang)<br \/>\n<\/b><\/td>\n<td><b>Coprologie (bouses)<br \/>\n<\/b><\/td>\n<\/tr>\n<tr>\n<td><b>\u00a0Parasites recherch\u00e9s <\/b><\/td>\n<td>\u00a0Grande Douve<\/td>\n<td>Strongles Digestifs<br \/>\nPetite Douve<br \/>\n(Grande Douve)<br \/>\nParamphistome<br \/>\n+ T\u00e9nia, coccidies, &#8230;<\/td>\n<\/tr>\n<tr>\n<td valign=\"top\"><\/td>\n<td valign=\"top\"><i>Recherche des anticorps d\u00e9velopp\u00e9s suite \u00e0 l&rsquo;infestation <\/i><i>(La Grande Douve ne pond que tr\u00e8s peu d&rsquo;oeufs et de fa\u00e7on irr\u00e9guli\u00e8re<\/i>)<\/td>\n<td valign=\"top\"><i>Mise en \u00e9vidence des oeufs de parasites dans les bouses<\/i><\/td>\n<\/tr>\n<\/tbody>\n<\/table>\n<div>\n<div><b><span style=\"color: #ff8000;\">Tarifs pr\u00e9f\u00e9rentiels pour les analyses effectu\u00e9es au laboratoire.<\/span> <\/b>Action r\u00e9serv\u00e9e aux adh\u00e9rents GDS.<\/div>\n<h4><span style=\"color: #800080;\">\u2192 Une immunit\u00e9 choisie<\/span><\/h4>\n<p><strong>D\u00e9veloppement d&rsquo;une immunit\u00e9 possible <\/strong><\/p>\n<ul>\n<li>Pour les bovins adultes, il est admis qu&rsquo;ils acqui\u00e8rent une immunit\u00e9 contre les strongles digestifs, \u00e0 condition d&rsquo;avoir \u00e9t\u00e9 suffisamment en contact avec le parasite dans leur jeunesse, lors des 2 premi\u00e8res ann\u00e9es de p\u00e2tures.<\/li>\n<li>Concernant les infestations de Douve (grande ou petite) ou de paramphistome : les bovins ne d\u00e9veloppent d&rsquo;immunit\u00e9. C&rsquo;est alors que le type de p\u00e2ture doit \u00eatre \u00e9tudi\u00e9e : plut\u00f4t humide, plut\u00f4t s\u00e8che, p\u00e2turage tournant, pluviom\u00e9trie&#8230; ainsi en fonction de la situation, il sera judicieux de traiter ou non.<\/li>\n<\/ul>\n<p><strong>Tous les animaux ne sont pas \u00e9gaux devant les parasites<\/strong><\/p>\n<p><u><\/u>Vis-\u00e0-vis de certains parasites, les animaux d\u00e9veloppent une immunit\u00e9 :<\/p>\n<ul>\n<li>Un contact de 2 ou 3 mois avec le parasite entraine le d\u00e9veloppement d&rsquo;une immunit\u00e9<\/li>\n<li>Des r\u00e9-infestations r\u00e9guli\u00e8res sont indispensables pour maintenir cette immunit\u00e9 acquise<\/li>\n<\/ul>\n<p><strong>Les objectifs des \u00e9leveurs ne sont pas les m\u00eames<\/strong><\/p>\n<p><u><\/u><b>Immunit\u00e9 ou croissance ?<\/b> Exemple pour les strongles digestifs :<\/p>\n<ul>\n<li>Pour les g\u00e9nisses de renouvellement, l&rsquo;acquisition et l&rsquo;entretien de l&rsquo;immunit\u00e9 sont privil\u00e9gi\u00e9s<\/li>\n<li>Pour les g\u00e9nisses de viande, la croissance sera privil\u00e9gi\u00e9e<\/li>\n<\/ul>\n<p><strong>La conduite des animaux en p\u00e2ture influence leur infestation<\/strong><\/p>\n<p><u><\/u>Exemple pour les strongles digestifs :<\/p>\n<ul>\n<li>Un surp\u00e2turage entraine une augmentation de l&rsquo;infestation<\/li>\n<li>Le p\u00e2turage des jeunes animaux derri\u00e8re des adultes entraine une augmentation de l&rsquo;infestation<\/li>\n<\/ul>\n<p>Voir l&rsquo;article<span style=\"color: #56b74f;\"> <b><a style=\"color: #56b74f;\" href=\"http:\/\/gdsreseau3m.com\/wp-content\/uploads\/2018\/06\/Parasitisme_traitement_raisonne___efficacite.pdf\" target=\"_blank\" rel=\"noopener noreferrer\">\u201cTraitement raisonn\u00e9 = efficacit\u00e9\u201d <\/a><\/b><\/span><\/p>\n<div><b>D\u00e9parasitage raisonn\u00e9 = parlez en \u00e0 votre GDS ou \u00e0 votre v\u00e9t\u00e9rinaire !<\/b><\/div>\n<\/div>\n<\/div>","protected":false},"excerpt":{"rendered":"<p>ParasitismeOptitraite &amp; Certitraite\u00a0Jeunes agriculteursR\u00e9seau p\u00e2ture Parasitisme Contr\u00f4le raisonn\u00e9 du parasitisme au p\u00e2turage Les GDS ont choisi d&rsquo;orienter de plus en plus leurs actions vers une gestion pr\u00e9ventive des probl\u00e8mes sanitaires en \u00e9levage et le raisonnement des pratiques. Or, il apparaissait que la gestion des parasites internes de p\u00e2turage se traduisait souvent par la r\u00e9alisation de [&hellip;]<\/p>\n","protected":false},"author":1,"featured_media":0,"parent":0,"menu_order":0,"comment_status":"closed","ping_status":"closed","template":"","meta":[],"_links":{"self":[{"href":"https:\/\/gdsreseau3m.com\/index.php?rest_route=\/wp\/v2\/pages\/1416"}],"collection":[{"href":"https:\/\/gdsreseau3m.com\/index.php?rest_route=\/wp\/v2\/pages"}],"about":[{"href":"https:\/\/gdsreseau3m.com\/index.php?rest_route=\/wp\/v2\/types\/page"}],"author":[{"embeddable":true,"href":"https:\/\/gdsreseau3m.com\/index.php?rest_route=\/wp\/v2\/users\/1"}],"replies":[{"embeddable":true,"href":"https:\/\/gdsreseau3m.com\/index.php?rest_route=%2Fwp%2Fv2%2Fcomments&post=1416"}],"version-history":[{"count":8,"href":"https:\/\/gdsreseau3m.com\/index.php?rest_route=\/wp\/v2\/pages\/1416\/revisions"}],"predecessor-version":[{"id":4287,"href":"https:\/\/gdsreseau3m.com\/index.php?rest_route=\/wp\/v2\/pages\/1416\/revisions\/4287"}],"wp:attachment":[{"href":"https:\/\/gdsreseau3m.com\/index.php?rest_route=%2Fwp%2Fv2%2Fmedia&parent=1416"}],"curies":[{"name":"wp","href":"https:\/\/api.w.org\/{rel}","templated":true}]}}