{"id":1373,"date":"2018-06-22T14:45:42","date_gmt":"2018-06-22T12:45:42","guid":{"rendered":"http:\/\/gdsreseau3m.com\/?page_id=1373"},"modified":"2024-02-26T10:59:14","modified_gmt":"2024-02-26T09:59:14","slug":"bovins-qualite-de-leau-abreuvement","status":"publish","type":"page","link":"https:\/\/gdsreseau3m.com\/?page_id=1373","title":{"rendered":"Bovins &#8211; Qualit\u00e9 de l&rsquo;eau &#8211; Abreuvement"},"content":{"rendered":"<div class=\"mpl-content-wrap\"><h6><img loading=\"lazy\" class=\"alignnone wp-image-333\" src=\"http:\/\/gdsreseau3m.com\/wp-content\/uploads\/2018\/06\/treffleMenu.png\" alt=\"\" width=\"23\" height=\"22\" \/><a href=\"http:\/\/gdsreseau3m.com\/?page_id=450\">Suivi qualit\u00e9 eau du GDS<\/a><img loading=\"lazy\" class=\"alignnone wp-image-333\" src=\"http:\/\/gdsreseau3m.com\/wp-content\/uploads\/2018\/06\/treffleMenu.png\" alt=\"\" width=\"23\" height=\"22\" \/><a href=\"http:\/\/gdsreseau3m.com\/?page_id=1373\">Abreuvement<\/a><\/h6>\n<h1><span style=\"color: #56b74f;\"><img loading=\"lazy\" class=\"alignnone wp-image-749 \" src=\"http:\/\/gdsreseau3m.com\/wp-content\/uploads\/2018\/06\/Bovins1.png\" alt=\"\" width=\"47\" height=\"35\" \/>Abreuvement des bovins<br \/>\n<\/span><\/h1>\n<h3><span style=\"color: #56b74f;\">Satisfaire les besoins en eau\u00a0<\/span><\/h3>\n<div>\n<blockquote><p><strong><span style=\"color: #ff6600;\">La quantit\u00e9 d&rsquo;eau absorb\u00e9e conditionne les performances zootechniques et la production laiti\u00e8re !<\/span><\/strong><\/p><\/blockquote>\n<p><strong>Quelques chiffres pour se rendre compte <\/strong>(<u>Source<\/u> : MAPAQ Quebec &#8211; 2003)<\/p>\n<ul>\n<li>Il faut 3 \u00e0 4 litres d&rsquo;eau pour dig\u00e9rer 1 kg de mati\u00e8re s\u00e8che<\/li>\n<li>il faut 3 litres d&rsquo;eau pour produire 1 litre de lait.<\/li>\n<\/ul>\n<p>Les besoins en eau sont tr\u00e8s variables en fonction de la race, de l&rsquo;\u00e2ge, du type d&rsquo;alimentation, du niveau de production, des conditions climatiques &#8230;<\/p>\n<\/div>\n<table border=\"0\" width=\"475\" cellspacing=\"0\" cellpadding=\"5\">\n<tbody>\n<tr>\n<td colspan=\"2\">\n<h5>\u00a0\u00a0\u00a0\u00a0\u00a0 Estimation des besoins moyens eau en litres\/animal\/jour<\/h5>\n<\/td>\n<\/tr>\n<tr>\n<td>Vache laiti\u00e8re en production<\/td>\n<td><span style=\"color: #008cd2;\"><b>70 \u00e0 150 L<\/b><\/span><\/td>\n<\/tr>\n<tr>\n<td>Vache allaitante + veau<\/td>\n<td><span style=\"color: #008cd2;\"><b>50-60 L<\/b><\/span><\/td>\n<\/tr>\n<tr>\n<td>Vache tarie, g\u00e9nisse pleine, taurillon<\/td>\n<td><span style=\"color: #008cd2;\"><b>40 L<\/b><\/span><\/td>\n<\/tr>\n<tr>\n<td>G\u00e9nisse laiti\u00e8re, jeune bovin de boucherie<\/td>\n<td><span style=\"color: #008cd2;\"><b>25 L<\/b><\/span><\/td>\n<\/tr>\n<tr>\n<td>\u00a0Veau <i>(en plus du lait &#8211; \u00e9t\u00e9 comme hiver)<\/i><\/td>\n<td><span style=\"color: #008cd2;\"><b>4 \u00e0 12 L<br \/>\n<\/b><\/span><\/td>\n<\/tr>\n<tr>\n<td colspan=\"2\"><b><span style=\"color: #ff6600;\">\u00a0<\/span><span style=\"color: #74bd2c;\"><em><span style=\"color: #ff6600;\">x1,5 \u00e0 x2 en condition estivale (&gt; 25\u00b0C)<\/span><br \/>\n<\/em><\/span><\/b><\/td>\n<\/tr>\n<\/tbody>\n<\/table>\n<h3><span style=\"color: #56b74f;\">Abreuvement : les r\u00e8gles \u00e0 respecter<\/span><\/h3>\n<p><span style=\"color: #800080;\"><b>\u2192\u00a0Nombre de point d&rsquo;eau \u00e0 disposition<\/b><\/span><\/p>\n<ul>\n<li><strong>1 buvette individuelle pour 10 vaches laiti\u00e8res<\/strong>,<\/li>\n<li><strong>1 bac collectif \u00e0 niveau constant de 2 m\u00e8tres pour 25 vaches laiti\u00e8res,<\/strong><\/li>\n<li><strong>Minimum 2 points d&rsquo;eau dans la stabulation<\/strong> (pour \u00e9viter la comp\u00e9tition et dominance)<\/li>\n<li><strong>1 buvette pour 15 bovins quelque soit leur \u00e2ge pour les autres cat\u00e9gories d&rsquo;animaux en box collectif<\/strong><\/li>\n<\/ul>\n<p><span style=\"color: #56b74f;\"><b><span style=\"color: #800080;\">\u2192 D\u00e9bit des abreuvoirs \u00e0 rechercher<\/span><br \/>\n<\/b><\/span><\/p>\n<ul>\n<li><span style=\"color: #050505;\"><strong>Minimum <\/strong><b>12 l \/minute<\/b>.<\/span><br \/>\n<span style=\"color: #050505;\">Il est fr\u00e9quemment observ\u00e9 un manque de d\u00e9bit dans les box \u00e9quip\u00e9s d&rsquo;abreuvoir individuel &#8230;<br \/>\nRep\u00e8re : un bol individuel standard doit \u00eatre rempli en moins de 10 secondes : c&rsquo;est le d\u00e9bit \u00e0 attendre.<br \/>\nLes abreuvoirs \u00e0 niveau constant sont particuli\u00e8rement appr\u00e9ci\u00e9s car il permettent d&rsquo;avoir une grande r\u00e9serve d&rsquo;eau.<\/span><\/li>\n<\/ul>\n<p><span style=\"color: #800080;\"><b>\u2192 Implantation privil\u00e9gi\u00e9e<\/b><\/span><\/p>\n<ul>\n<li><b>En sortie de traite<\/b> : les vaches boivent pr\u00e8s d&rsquo;un tiers de leurs besoins journaliers apr\u00e8s la traite ! Cet abreuvoir doit pouvoir permettre \u00e0 tout un lot de traite de boire simultan\u00e9ment (compter 50 cm par vache x nombre de vaches dans le lot de traite),<\/li>\n<li><b>Pr\u00e8s des cornadis<\/b> : sit\u00f4t lib\u00e9r\u00e9, tout le troupeau est assoiff\u00e9,<\/li>\n<li><b>Indispensable au pr\u00e9, m\u00eame en syst\u00e8me robot !<\/b><\/li>\n<\/ul>\n<p><span style=\"color: #800080;\"><b>\u2192 Accessibilit\u00e9<\/b><\/span><\/p>\n<ul>\n<li><b>Endroit d\u00e9gag\u00e9<\/b> : une vache doit pouvoir boire perpendiculairement \u00e0 l&rsquo;abreuvoir et permettre un passage ais\u00e9 derri\u00e8re elle,<\/li>\n<li><b>\u00c9viter au fond d&rsquo;un couloir, dans un cul de sac de b\u00e2timent<\/b> : pour permettre la fuite des domin\u00e9es, un abreuvement ais\u00e9 et une bonne circulation dans le b\u00e2timent,<\/li>\n<li><b>Pas de g\u00e8ne<\/b> <strong>pour la buv\u00e9e<\/strong> : barri\u00e8re, marche trop haute, courants parasites<em>, &#8230;<\/em><\/li>\n<li><b>Hauteur adapt\u00e9e<\/b> : la hauteur du bord sup\u00e9rieur devant \u00eatre comprise :<\/li>\n<\/ul>\n<p style=\"padding-left: 30px;\">&#8211; entre 75 et 85 cm du sol pour les adultes, l&rsquo;eau devant arriver \u00e0 10 cm du bord (la mufle fait ainsi un angle de 60\u00b0 avec la surface de l&rsquo;eau et favorise la d\u00e9glutition)<\/p>\n<p style=\"padding-left: 30px;\">&#8211;\u00a0 entre 55 et 70 cm pour les g\u00e9nisses et jeunes bovins<\/p>\n<p style=\"padding-left: 30px;\">&#8211;\u00a0 entre 50 et 55 cm pour les veaux<\/p>\n<h6><img loading=\"lazy\" class=\"size-full wp-image-1399\" src=\"http:\/\/gdsreseau3m.com\/wp-content\/uploads\/2018\/06\/1408026876_abreuv_complique.jpg\" alt=\"\" width=\"672\" height=\"298\" srcset=\"https:\/\/gdsreseau3m.com\/wp-content\/uploads\/2018\/06\/1408026876_abreuv_complique.jpg 672w, https:\/\/gdsreseau3m.com\/wp-content\/uploads\/2018\/06\/1408026876_abreuv_complique-300x133.jpg 300w\" sizes=\"(max-width: 672px) 100vw, 672px\" \/><br \/>\n<i>\u00c7a \u00e0 l&rsquo;air un peu compliqu\u00e9 ici\u2026<\/i><\/h6>\n<p><span style=\"color: #800080;\"><b>\u2192 Une eau distribu\u00e9e de qualit\u00e9<br \/>\n<\/b><\/span><\/p>\n<ul>\n<li><b>Distribuer une eau saine, non pollu\u00e9e, non souill\u00e9e<\/b><br \/>\n&#8211; Construire un captage \u00e9tanche vis-\u00e0-vis des eaux de surface<br \/>\n&#8211; Suivre annuellement la qualit\u00e9 de son eau par analyse<br \/>\n<span style=\"font-family: inherit; font-size: inherit;\">&#8211; L&rsquo;abreuvement avec des <\/span>eaux de surface<span style=\"font-family: inherit; font-size: inherit;\"> ou eaux issues de <\/span>captages vuln\u00e9rables <span style=\"font-family: inherit; font-size: inherit;\">vis-\u00e0-vis d&rsquo;infiltrations d&rsquo;eaux souill\u00e9es est <\/span>fortement d\u00e9conseill\u00e9.<br \/>\n<span style=\"font-family: inherit; font-size: inherit;\">&#8211; Veiller \u00e0 la<\/span> propret\u00e9 quotidienne<span style=\"font-family: inherit; font-size: inherit;\"> des abreuvoirs <\/span><i style=\"font-family: inherit; font-size: inherit;\">(souillures par la paille, ration, liti\u00e8re, bouses, mousse, etc.).<\/i><br \/>\n&#8211; Les r\u00e9serves d&rsquo;eau et mise en pression doivent \u00eatre vidang\u00e9es et nettoy\u00e9es annuellement.<\/li>\n<\/ul>\n<p><img loading=\"lazy\" class=\"alignnone size-full wp-image-1397\" src=\"http:\/\/gdsreseau3m.com\/wp-content\/uploads\/2018\/06\/1408441592_forage_protege_2_LFubert.jpg\" alt=\"\" width=\"415\" height=\"310\" srcset=\"https:\/\/gdsreseau3m.com\/wp-content\/uploads\/2018\/06\/1408441592_forage_protege_2_LFubert.jpg 415w, https:\/\/gdsreseau3m.com\/wp-content\/uploads\/2018\/06\/1408441592_forage_protege_2_LFubert-300x224.jpg 300w, https:\/\/gdsreseau3m.com\/wp-content\/uploads\/2018\/06\/1408441592_forage_protege_2_LFubert-400x300.jpg 400w\" sizes=\"(max-width: 415px) 100vw, 415px\" \/><\/p>\n<ul>\n<li><strong>Quels sont les dangers d&rsquo;une eau de mauvaise qualit\u00e9<\/strong> ?<br \/>\n&#8211; Une mauvaise odeur et un mauvais go\u00fbt limite la consommation d&rsquo;eau =\u00a0 les vaches sont incommod\u00e9es \u00e0 partir de 0.005% de bouse dans l&rsquo;eau d&rsquo;abreuvement ! (\u00c9tude canadienne. 2002).<br \/>\n&#8211; Attention \u00e0 certains \u00e9l\u00e9ments chimiques qui alt\u00e8rent la qualit\u00e9 gustative de l&rsquo;eau (fer, sel, chlore, soufre, etc.).<br \/>\n&#8211; Aussi limpide soit-elle, l&rsquo;eau peut v\u00e9hiculer des pathog\u00e8nes ou des compos\u00e9s toxiques pour la sant\u00e9 des animaux (bact\u00e9ries, virus, champignons, nitrates, sulfates, produits phytosanitaires, etc.).<br \/>\n&#8211; Abreuvement dans les mares, \u00e9tangs et cours d&rsquo;eau pr\u00e9sente un risque important de parasitoses (grande douve, paramphistome), blessures, noyades, etc.<\/li>\n<li><strong>Une eau de mauvaise qualit\u00e9 est un facteur \u00e0 ne pas n\u00e9gliger lors d&rsquo;un probl\u00e8me insidieux en \u00e9levage : elle peut \u00eatre un facteur de risque ou aggravant pour beaucoup de pathologies <\/strong>(diarrh\u00e9es, mammites, troubles de la reproduction, etc.)<\/li>\n<\/ul>\n<h6><img loading=\"lazy\" class=\"alignnone size-full wp-image-1023\" src=\"http:\/\/gdsreseau3m.com\/wp-content\/uploads\/2018\/06\/ABREUVEMENT.jpg\" alt=\"\" width=\"1103\" height=\"250\" srcset=\"https:\/\/gdsreseau3m.com\/wp-content\/uploads\/2018\/06\/ABREUVEMENT.jpg 1103w, https:\/\/gdsreseau3m.com\/wp-content\/uploads\/2018\/06\/ABREUVEMENT-300x68.jpg 300w, https:\/\/gdsreseau3m.com\/wp-content\/uploads\/2018\/06\/ABREUVEMENT-768x174.jpg 768w, https:\/\/gdsreseau3m.com\/wp-content\/uploads\/2018\/06\/ABREUVEMENT-1024x232.jpg 1024w\" sizes=\"(max-width: 1103px) 100vw, 1103px\" \/><br \/>\n<i>Vous en boiriez ?<\/i><\/h6>\n<p><span style=\"color: #800080;\"><b>\u2192 Temp\u00e9rature<\/b><\/span><\/p>\n<ul>\n<li><b>10-15\u00b0C \u00e9t\u00e9 comme hiver<\/b>.<br \/>\nUne eau trop froide ou trop chaude sera boud\u00e9e.<\/li>\n<\/ul>\n<h3><span style=\"color: #56b74f;\">Publications en relation<\/span><\/h3>\n<ul>\n<li>Accompagner les projets de captages d&rsquo;eau<br \/>\n<a href=\"http:\/\/gdsreseau3m.com\/wp-content\/uploads\/2018\/06\/Accompagner_les_projets_de_captages_prives.pdf\" target=\"_blank\" rel=\"noopener noreferrer\"><img loading=\"lazy\" class=\"alignnone wp-image-1403 size-full\" src=\"http:\/\/gdsreseau3m.com\/wp-content\/uploads\/2018\/06\/Accompagner_les_projets_de_captages_prives-icon.png\" alt=\"\" width=\"107\" height=\"155\" \/><\/a><\/li>\n<li>Faut-il traiter l&rsquo;eau de son captage priv\u00e9 ?<br \/>\n<a href=\"http:\/\/gdsreseau3m.com\/wp-content\/uploads\/2018\/06\/Faut-il_traiter_l__eau_de_son_captage_prive.pdf\" target=\"_blank\" rel=\"noopener noreferrer\"><img loading=\"lazy\" class=\"alignnone wp-image-1406 size-full\" src=\"http:\/\/gdsreseau3m.com\/wp-content\/uploads\/2018\/06\/Faut-il_traiter_l__eau_de_son_captage_prive-icon.png\" alt=\"\" width=\"109\" height=\"153\" \/><\/a><\/li>\n<li>L&rsquo;abreuvoir ; l&rsquo;oubli\u00e9 au fond du couloir\u2026 \u00a0\u00bb<br \/>\n<a href=\"http:\/\/gdsreseau3m.com\/wp-content\/uploads\/2018\/06\/L_abreuvoir_l_oublie_au_fond_du_couloir.pdf\" target=\"_blank\" rel=\"noopener noreferrer\"><img loading=\"lazy\" class=\"alignnone wp-image-1408 size-full\" src=\"http:\/\/gdsreseau3m.com\/wp-content\/uploads\/2018\/06\/L_abreuvoir_l_oublie_au_fond_du_couloir-icon.png\" alt=\"\" width=\"110\" height=\"155\" \/><\/a><\/li>\n<\/ul>\n<ul>\n<li>Fiche technique GDS3M&rsquo; l&rsquo;abreuvement des animaux en p\u00e2ture<br \/>\n<a href=\"http:\/\/gdsreseau3m.com\/wp-content\/uploads\/2018\/06\/GDS-fiche-tech-abreuv-54-55-57.pdf\" target=\"_blank\" rel=\"noopener noreferrer\"><img loading=\"lazy\" class=\"alignnone wp-image-1411 size-full\" src=\"http:\/\/gdsreseau3m.com\/wp-content\/uploads\/2018\/06\/GDS-fiche-tech-abreuv-54-55-57-icon.png\" alt=\"\" width=\"117\" height=\"158\" \/><\/a><\/li>\n<\/ul>\n<p>Articles publi\u00e9s dans\u00a0<em>La Vie Agricole de la Meuse, Le Paysan Lorrain <\/em>et <em>La Moselle Agricole<\/em><\/p>\n<\/div>","protected":false},"excerpt":{"rendered":"<p>Suivi qualit\u00e9 eau du GDSAbreuvement Abreuvement des bovins Satisfaire les besoins en eau\u00a0 La quantit\u00e9 d&rsquo;eau absorb\u00e9e conditionne les performances zootechniques et la production laiti\u00e8re ! Quelques chiffres pour se rendre compte (Source : MAPAQ Quebec &#8211; 2003) Il faut 3 \u00e0 4 litres d&rsquo;eau pour dig\u00e9rer 1 kg de mati\u00e8re s\u00e8che il faut 3 [&hellip;]<\/p>\n","protected":false},"author":1,"featured_media":0,"parent":0,"menu_order":0,"comment_status":"closed","ping_status":"closed","template":"","meta":[],"_links":{"self":[{"href":"https:\/\/gdsreseau3m.com\/index.php?rest_route=\/wp\/v2\/pages\/1373"}],"collection":[{"href":"https:\/\/gdsreseau3m.com\/index.php?rest_route=\/wp\/v2\/pages"}],"about":[{"href":"https:\/\/gdsreseau3m.com\/index.php?rest_route=\/wp\/v2\/types\/page"}],"author":[{"embeddable":true,"href":"https:\/\/gdsreseau3m.com\/index.php?rest_route=\/wp\/v2\/users\/1"}],"replies":[{"embeddable":true,"href":"https:\/\/gdsreseau3m.com\/index.php?rest_route=%2Fwp%2Fv2%2Fcomments&post=1373"}],"version-history":[{"count":24,"href":"https:\/\/gdsreseau3m.com\/index.php?rest_route=\/wp\/v2\/pages\/1373\/revisions"}],"predecessor-version":[{"id":6826,"href":"https:\/\/gdsreseau3m.com\/index.php?rest_route=\/wp\/v2\/pages\/1373\/revisions\/6826"}],"wp:attachment":[{"href":"https:\/\/gdsreseau3m.com\/index.php?rest_route=%2Fwp%2Fv2%2Fmedia&parent=1373"}],"curies":[{"name":"wp","href":"https:\/\/api.w.org\/{rel}","templated":true}]}}