{"id":1342,"date":"2018-06-22T14:10:15","date_gmt":"2018-06-22T12:10:15","guid":{"rendered":"http:\/\/gdsreseau3m.com\/?page_id=1342"},"modified":"2026-01-23T09:47:52","modified_gmt":"2026-01-23T08:47:52","slug":"bovins-materiel-outils-informatiques","status":"publish","type":"page","link":"https:\/\/gdsreseau3m.com\/?page_id=1342","title":{"rendered":"Bovins &#8211; Mat\u00e9riel &#8211; Outils informatiques"},"content":{"rendered":"<div class=\"mpl-content-wrap\"><h6><img loading=\"lazy\" class=\"alignnone wp-image-333\" src=\"http:\/\/gdsreseau3m.com\/wp-content\/uploads\/2018\/06\/treffleMenu.png\" alt=\"\" width=\"23\" height=\"22\" \/><a href=\"http:\/\/gdsreseau3m.com\/?page_id=448\">D\u00e9chets d&rsquo;\u00e9levage<\/a><img loading=\"lazy\" class=\"alignnone wp-image-333\" src=\"http:\/\/gdsreseau3m.com\/wp-content\/uploads\/2018\/06\/treffleMenu.png\" alt=\"\" width=\"23\" height=\"22\" \/><a href=\"http:\/\/gdsreseau3m.com\/?page_id=1337\">Gamme sanitaire<\/a><img loading=\"lazy\" class=\"alignnone wp-image-333\" src=\"http:\/\/gdsreseau3m.com\/wp-content\/uploads\/2018\/06\/treffleMenu.png\" alt=\"\" width=\"23\" height=\"22\" \/><a href=\"http:\/\/gdsreseau3m.com\/?page_id=1342\">Outils informatiques<\/a><\/h6>\n<h1><span style=\"color: #56b74f;\"><img loading=\"lazy\" class=\"alignnone wp-image-749 \" src=\"http:\/\/gdsreseau3m.com\/wp-content\/uploads\/2018\/06\/Bovins1.png\" alt=\"\" width=\"54\" height=\"40\" \/><\/span><span style=\"color: #56b74f;\"> Outils sanitaires informatiques<br \/>\n<\/span><\/h1>\n<h3><span style=\"color: #56b74f;\">EstElevage <\/span><\/h3>\n<h4><span style=\"color: #800080;\">\u2192 Le module sanitaire d\u00e9taill\u00e9<\/span><\/h4>\n<h1><img loading=\"lazy\" class=\"alignnone wp-image-280\" src=\"http:\/\/gdsreseau3m.com\/wp-content\/uploads\/2018\/06\/1416583687_Estelevage___boussole.bmp\" alt=\"\" width=\"168\" height=\"110\" \/><img loading=\"lazy\" class=\"alignnone wp-image-1367\" src=\"http:\/\/gdsreseau3m.com\/wp-content\/uploads\/2018\/06\/logo-vetelevage.jpg\" alt=\"\" width=\"256\" height=\"68\" \/><\/h1>\n<ul>\n<li>Carnet sanitaire pour l&rsquo;enregistrement des traitements et soins aux animaux<\/li>\n<li>Passerelle avec <b>Vet\u00e9levage <\/b>le logiciel v\u00e9t\u00e9rinaire <span style=\"color: #56b74f;\">(<b><a style=\"color: #56b74f;\" href=\"http:\/\/www.vetelevage.fr\/\" target=\"_blank\" rel=\"noopener\">http:\/\/www.vetelevage.fr\/<\/a><\/b>)<\/span> : r\u00e9cup\u00e9ration des ordonnances, remont\u00e9e des interventions de votre v\u00e9t\u00e9rinaire, simplification de la saisie, bilan de sant\u00e9 affin\u00e9 <b>(contactez votre v\u00e9t\u00e9rinaire et l&rsquo;\u00e9quipe d&rsquo;estelevage pour qu&rsquo;il vous ouvre l&rsquo;acc\u00e8s)<\/b><\/li>\n<li>Consultation des r\u00e9sultats d&rsquo;analyses r\u00e9alis\u00e9es au laboratoire v\u00e9t\u00e9rinaire,<\/li>\n<li>Catalogue des statuts I.B.R. et Paratuberculose,<\/li>\n<li>Guide \u00e0 l&rsquo;achat,<\/li>\n<li>Etc.<\/li>\n<\/ul>\n<h4><span style=\"color: #800080;\">\u2192 Les avantages du carnet sanitaire sous format informatique <\/span><\/h4>\n<div>\n<ul>\n<li>\u00a0Faciliter la saisie des enregistrements : saisie dans un environnement convivial est pr\u00e9-tabul\u00e9<\/li>\n<li>\u00a0Faciliter le suivi des traitements en alertant l&rsquo;\u00e9leveur en cas de rappel de traitement<\/li>\n<li>\u00a0Assurer la sauvegarde des donn\u00e9es sur une base informatique s\u00e9curis\u00e9e et confidentielle<\/li>\n<li>\u00a0Version mobile et tablette disponible<\/li>\n<\/ul>\n<\/div>\n<h4><span style=\"color: #800080;\">\u2192 Soyez mobiles !<\/span><\/h4>\n<p><img loading=\"lazy\" class=\"size-full wp-image-1370 alignleft\" src=\"http:\/\/gdsreseau3m.com\/wp-content\/uploads\/2018\/06\/Appli-Estelevage_mobilite.png\" alt=\"\" width=\"150\" height=\"146\" \/><\/p>\n<p>Utilisateurs de Smartphones et tablettes, vous pouvez b\u00e9n\u00e9ficier de la mobilit\u00e9 d\u00e8s le Pack Essentiel d&rsquo;Estelevage !<br \/>\nEn direct de l&rsquo;\u00e9levage, j&rsquo;acc\u00e8de \u00e0 toutes les fonctionnalit\u00e9s d&rsquo;est\u00e9levage : naissance ou mouvement, enregistrement d&rsquo;un traitement, &#8230;<\/p>\n<p>&nbsp;<\/p>\n<blockquote><p><strong>Tarifs et compl\u00e9ments d&rsquo;information : <\/strong><span style=\"color: #56b74f;\"><b><a style=\"color: #56b74f;\" href=\"http:\/\/wp.estelevage.com\/\" target=\"_blank\" rel=\"noopener\"><strong>http:\/\/wp.estelevage.com\/<\/strong><\/a><\/b><\/span><\/p><\/blockquote>\n<\/div>","protected":false},"excerpt":{"rendered":"<p>D\u00e9chets d&rsquo;\u00e9levageGamme sanitaireOutils informatiques Outils sanitaires informatiques EstElevage \u2192 Le module sanitaire d\u00e9taill\u00e9 Carnet sanitaire pour l&rsquo;enregistrement des traitements et soins aux animaux Passerelle avec Vet\u00e9levage le logiciel v\u00e9t\u00e9rinaire (http:\/\/www.vetelevage.fr\/) : r\u00e9cup\u00e9ration des ordonnances, remont\u00e9e des interventions de votre v\u00e9t\u00e9rinaire, simplification de la saisie, bilan de sant\u00e9 affin\u00e9 (contactez votre v\u00e9t\u00e9rinaire et l&rsquo;\u00e9quipe d&rsquo;estelevage pour [&hellip;]<\/p>\n","protected":false},"author":1,"featured_media":0,"parent":0,"menu_order":0,"comment_status":"closed","ping_status":"closed","template":"","meta":[],"_links":{"self":[{"href":"https:\/\/gdsreseau3m.com\/index.php?rest_route=\/wp\/v2\/pages\/1342"}],"collection":[{"href":"https:\/\/gdsreseau3m.com\/index.php?rest_route=\/wp\/v2\/pages"}],"about":[{"href":"https:\/\/gdsreseau3m.com\/index.php?rest_route=\/wp\/v2\/types\/page"}],"author":[{"embeddable":true,"href":"https:\/\/gdsreseau3m.com\/index.php?rest_route=\/wp\/v2\/users\/1"}],"replies":[{"embeddable":true,"href":"https:\/\/gdsreseau3m.com\/index.php?rest_route=%2Fwp%2Fv2%2Fcomments&post=1342"}],"version-history":[{"count":8,"href":"https:\/\/gdsreseau3m.com\/index.php?rest_route=\/wp\/v2\/pages\/1342\/revisions"}],"predecessor-version":[{"id":7525,"href":"https:\/\/gdsreseau3m.com\/index.php?rest_route=\/wp\/v2\/pages\/1342\/revisions\/7525"}],"wp:attachment":[{"href":"https:\/\/gdsreseau3m.com\/index.php?rest_route=%2Fwp%2Fv2%2Fmedia&parent=1342"}],"curies":[{"name":"wp","href":"https:\/\/api.w.org\/{rel}","templated":true}]}}