{"id":1337,"date":"2018-06-22T14:09:11","date_gmt":"2018-06-22T12:09:11","guid":{"rendered":"http:\/\/gdsreseau3m.com\/?page_id=1337"},"modified":"2026-01-23T09:47:38","modified_gmt":"2026-01-23T08:47:38","slug":"bovins-materiel-gamme-sanitaire","status":"publish","type":"page","link":"https:\/\/gdsreseau3m.com\/?page_id=1337","title":{"rendered":"Bovins &#8211; Mat\u00e9riel &#8211; Gamme sanitaire"},"content":{"rendered":"<div class=\"mpl-content-wrap\"><h6><img loading=\"lazy\" class=\"alignnone wp-image-333\" src=\"http:\/\/gdsreseau3m.com\/wp-content\/uploads\/2018\/06\/treffleMenu.png\" alt=\"\" width=\"23\" height=\"22\" \/><a href=\"http:\/\/gdsreseau3m.com\/?page_id=448\">D\u00e9chets d&rsquo;\u00e9levage<\/a><img loading=\"lazy\" class=\"alignnone wp-image-333\" src=\"http:\/\/gdsreseau3m.com\/wp-content\/uploads\/2018\/06\/treffleMenu.png\" alt=\"\" width=\"23\" height=\"22\" \/><a href=\"http:\/\/gdsreseau3m.com\/?page_id=1337\">Gamme sanitaire<\/a><img loading=\"lazy\" class=\"alignnone wp-image-333\" src=\"http:\/\/gdsreseau3m.com\/wp-content\/uploads\/2018\/06\/treffleMenu.png\" alt=\"\" width=\"23\" height=\"22\" \/><a href=\"http:\/\/gdsreseau3m.com\/?page_id=1342\">Outils informatiques<\/a><\/h6>\n<h1><span style=\"color: #56b74f;\"><img loading=\"lazy\" class=\"alignnone wp-image-749 \" src=\"http:\/\/gdsreseau3m.com\/wp-content\/uploads\/2018\/06\/Bovins1.png\" alt=\"\" width=\"47\" height=\"35\" \/><\/span><span style=\"color: #56b74f;\"> Gamme sanitaire des GDS<\/span><\/h1>\n<h3><span style=\"color: #56b74f;\">Offre sp\u00e9ciale : r\u00e9fractom\u00e8tre de Brix<\/span><\/h3>\n<p><img loading=\"lazy\" class=\"alignnone wp-image-952\" src=\"http:\/\/gdsreseau3m.com\/wp-content\/uploads\/2018\/06\/1499936453_IMG_0971.jpg\" alt=\"\" width=\"263\" height=\"351\" srcset=\"https:\/\/gdsreseau3m.com\/wp-content\/uploads\/2018\/06\/1499936453_IMG_0971.jpg 300w, https:\/\/gdsreseau3m.com\/wp-content\/uploads\/2018\/06\/1499936453_IMG_0971-225x300.jpg 225w\" sizes=\"(max-width: 263px) 100vw, 263px\" \/><\/p>\n<p>Le GDS propose des r\u00e9fractom\u00e8tres de Brix pour mesurer notamment la qualit\u00e9 du colostrum<strong>.<\/strong> Contactez votre GDS pour le commander.<\/p>\n<ul>\n<li>T\u00e9l\u00e9charger l&rsquo;article sur le r\u00e9fractom\u00e8tre :\u00a0<a href=\"http:\/\/gdsreseau3m.com\/wp-content\/uploads\/2018\/06\/1499936391_PL_A17_S26__juillet_2017_Les_multiples_usages_du_refractometre_JA.pdf\" target=\"_blank\" rel=\"noopener noreferrer\"><em><span style=\"color: #56b74f;\">Les multiples usages du r\u00e9fractom\u00e8tre &#8211; juillet 2017<\/span><\/em><\/a><\/li>\n<\/ul>\n<h3><span style=\"color: #56b74f;\">Autres produits dans notre gamme commerciale sanitaire<\/span><\/h3>\n<ul>\n<li>Armoire \u00e0 pharmacie &#8230;<\/li>\n<li>Gestion des animaux trouv\u00e9s morts &#8230;<\/li>\n<li>Protection des documents &#8230;<\/li>\n<li>Documents techniques &#8230;<\/li>\n<\/ul>\n<p><img loading=\"lazy\" class=\"alignnone size-full wp-image-958\" src=\"http:\/\/gdsreseau3m.com\/wp-content\/uploads\/2018\/06\/1418744111_pharma_2.png\" alt=\"\" width=\"389\" height=\"122\" srcset=\"https:\/\/gdsreseau3m.com\/wp-content\/uploads\/2018\/06\/1418744111_pharma_2.png 389w, https:\/\/gdsreseau3m.com\/wp-content\/uploads\/2018\/06\/1418744111_pharma_2-300x94.png 300w\" sizes=\"(max-width: 389px) 100vw, 389px\" \/><\/p>\n<\/div>","protected":false},"excerpt":{"rendered":"<p>D\u00e9chets d&rsquo;\u00e9levageGamme sanitaireOutils informatiques Gamme sanitaire des GDS Offre sp\u00e9ciale : r\u00e9fractom\u00e8tre de Brix Le GDS propose des r\u00e9fractom\u00e8tres de Brix pour mesurer notamment la qualit\u00e9 du colostrum. Contactez votre GDS pour le commander. T\u00e9l\u00e9charger l&rsquo;article sur le r\u00e9fractom\u00e8tre :\u00a0Les multiples usages du r\u00e9fractom\u00e8tre &#8211; juillet 2017 Autres produits dans notre gamme commerciale sanitaire Armoire [&hellip;]<\/p>\n","protected":false},"author":1,"featured_media":0,"parent":0,"menu_order":0,"comment_status":"closed","ping_status":"closed","template":"","meta":[],"_links":{"self":[{"href":"https:\/\/gdsreseau3m.com\/index.php?rest_route=\/wp\/v2\/pages\/1337"}],"collection":[{"href":"https:\/\/gdsreseau3m.com\/index.php?rest_route=\/wp\/v2\/pages"}],"about":[{"href":"https:\/\/gdsreseau3m.com\/index.php?rest_route=\/wp\/v2\/types\/page"}],"author":[{"embeddable":true,"href":"https:\/\/gdsreseau3m.com\/index.php?rest_route=\/wp\/v2\/users\/1"}],"replies":[{"embeddable":true,"href":"https:\/\/gdsreseau3m.com\/index.php?rest_route=%2Fwp%2Fv2%2Fcomments&post=1337"}],"version-history":[{"count":27,"href":"https:\/\/gdsreseau3m.com\/index.php?rest_route=\/wp\/v2\/pages\/1337\/revisions"}],"predecessor-version":[{"id":7524,"href":"https:\/\/gdsreseau3m.com\/index.php?rest_route=\/wp\/v2\/pages\/1337\/revisions\/7524"}],"wp:attachment":[{"href":"https:\/\/gdsreseau3m.com\/index.php?rest_route=%2Fwp%2Fv2%2Fmedia&parent=1337"}],"curies":[{"name":"wp","href":"https:\/\/api.w.org\/{rel}","templated":true}]}}