{"id":130,"date":"2018-06-15T15:08:51","date_gmt":"2018-06-15T13:08:51","guid":{"rendered":"http:\/\/gdsreseau3m.com\/?page_id=130"},"modified":"2020-08-25T08:40:27","modified_gmt":"2020-08-25T06:40:27","slug":"nos-partenaires","status":"publish","type":"page","link":"https:\/\/gdsreseau3m.com\/?page_id=130","title":{"rendered":"Nos partenaires"},"content":{"rendered":"<div class=\"mpl-content-wrap\"><h2 style=\"text-align: left;\"><img loading=\"lazy\" class=\"alignnone size-full wp-image-607\" src=\"http:\/\/gdsreseau3m.com\/wp-content\/uploads\/2018\/06\/id-reseau-gds3d.png\" alt=\"\" width=\"175\" height=\"40\" \/><\/h2>\n<h3><span style=\"color: #2180c0;\">P<\/span><span style=\"color: #2180c0;\">artenaires aujourd&rsquo;hui pour relever ensemble les d\u00e9fis sanitaires de demain<\/span><\/h3>\n<div><a href=\"http:\/\/www.meuse.fr\/\" target=\"_blank\" rel=\"noopener noreferrer\"><img loading=\"lazy\" class=\"alignnone wp-image-2533\" src=\"http:\/\/gdsreseau3m.com\/wp-content\/uploads\/2018\/07\/CG55-Meuse-logo-2015-3.jpg\" alt=\"\" width=\"120\" height=\"170\" srcset=\"https:\/\/gdsreseau3m.com\/wp-content\/uploads\/2018\/07\/CG55-Meuse-logo-2015-3.jpg 343w, https:\/\/gdsreseau3m.com\/wp-content\/uploads\/2018\/07\/CG55-Meuse-logo-2015-3-211x300.jpg 211w\" sizes=\"(max-width: 120px) 100vw, 120px\" \/><\/a>\u00a0\u00a0\u00a0\u00a0 <a href=\"http:\/\/www.meurthe-et-moselle.fr\/\" target=\"_blank\" rel=\"noopener noreferrer\"><img loading=\"lazy\" class=\"alignnone wp-image-2534\" src=\"http:\/\/gdsreseau3m.com\/wp-content\/uploads\/2018\/07\/Meurthe-et-Moselle_54_logo_2017.svg_.png\" alt=\"\" width=\"120\" height=\"147\" srcset=\"https:\/\/gdsreseau3m.com\/wp-content\/uploads\/2018\/07\/Meurthe-et-Moselle_54_logo_2017.svg_.png 1200w, https:\/\/gdsreseau3m.com\/wp-content\/uploads\/2018\/07\/Meurthe-et-Moselle_54_logo_2017.svg_-245x300.png 245w, https:\/\/gdsreseau3m.com\/wp-content\/uploads\/2018\/07\/Meurthe-et-Moselle_54_logo_2017.svg_-768x941.png 768w, https:\/\/gdsreseau3m.com\/wp-content\/uploads\/2018\/07\/Meurthe-et-Moselle_54_logo_2017.svg_-835x1024.png 835w\" sizes=\"(max-width: 120px) 100vw, 120px\" \/><\/a> \u00a0 \u00a0 \u00a0\u00a0 <a href=\"http:\/\/www.moselle.fr\/\" target=\"_blank\" rel=\"noopener noreferrer\"><img loading=\"lazy\" class=\"alignnone wp-image-2536\" src=\"http:\/\/gdsreseau3m.com\/wp-content\/uploads\/2018\/07\/logo-departement-moselle.png\" alt=\"\" width=\"182\" height=\"132\" srcset=\"https:\/\/gdsreseau3m.com\/wp-content\/uploads\/2018\/07\/logo-departement-moselle.png 320w, https:\/\/gdsreseau3m.com\/wp-content\/uploads\/2018\/07\/logo-departement-moselle-300x218.png 300w\" sizes=\"(max-width: 182px) 100vw, 182px\" \/><\/a><\/div>\n<div>\u00a0\u00a0\u00a0\u00a0\u00a0\u00a0\u00a0\u00a0\u00a0\u00a0\u00a0\u00a0\u00a0\u00a0\u00a0\u00a0 <a href=\"https:\/\/www.grandest.fr\/\" target=\"_blank\" rel=\"noopener noreferrer\"><img loading=\"lazy\" class=\"alignnone wp-image-2542\" src=\"http:\/\/gdsreseau3m.com\/wp-content\/uploads\/2018\/07\/Grand-Est_RVB.jpg\" alt=\"\" width=\"320\" height=\"124\" srcset=\"https:\/\/gdsreseau3m.com\/wp-content\/uploads\/2018\/07\/Grand-Est_RVB.jpg 2717w, https:\/\/gdsreseau3m.com\/wp-content\/uploads\/2018\/07\/Grand-Est_RVB-300x116.jpg 300w, https:\/\/gdsreseau3m.com\/wp-content\/uploads\/2018\/07\/Grand-Est_RVB-768x297.jpg 768w, https:\/\/gdsreseau3m.com\/wp-content\/uploads\/2018\/07\/Grand-Est_RVB-1024x396.jpg 1024w\" sizes=\"(max-width: 320px) 100vw, 320px\" \/><\/a><\/div>\n<h3><span style=\"color: #2180c0;\">L&rsquo;ensemble de la profession v\u00e9t\u00e9rinaire, les services v\u00e9t\u00e9rinaires (DDPP &amp; DDCSPP) et les instances sanitaires fran\u00e7aises<\/span><\/h3>\n<div><a href=\"http:\/\/www.sngtv.org\/\" target=\"_blank\" rel=\"noopener noreferrer\"><img loading=\"lazy\" class=\"alignnone size-medium wp-image-199\" src=\"http:\/\/gdsreseau3m.com\/wp-content\/uploads\/2018\/06\/logo-snftv.jpg\" alt=\"\" width=\"170\" height=\"170\" srcset=\"https:\/\/gdsreseau3m.com\/wp-content\/uploads\/2018\/06\/logo-snftv.jpg 170w, https:\/\/gdsreseau3m.com\/wp-content\/uploads\/2018\/06\/logo-snftv-150x150.jpg 150w\" sizes=\"(max-width: 170px) 100vw, 170px\" \/><\/a><a href=\"http:\/\/agriculture.gouv.fr\/\" target=\"_blank\" rel=\"noopener noreferrer\"><img loading=\"lazy\" class=\"alignnone size-medium wp-image-197\" src=\"http:\/\/gdsreseau3m.com\/wp-content\/uploads\/2018\/06\/logo-ministere-agriculture.jpg\" alt=\"\" width=\"170\" height=\"170\" srcset=\"https:\/\/gdsreseau3m.com\/wp-content\/uploads\/2018\/06\/logo-ministere-agriculture.jpg 170w, https:\/\/gdsreseau3m.com\/wp-content\/uploads\/2018\/06\/logo-ministere-agriculture-150x150.jpg 150w\" sizes=\"(max-width: 170px) 100vw, 170px\" \/><\/a><a href=\"https:\/\/www.gdsfrance.org\/\" target=\"_blank\" rel=\"noopener noreferrer\"><img loading=\"lazy\" class=\"alignnone wp-image-2549\" src=\"http:\/\/gdsreseau3m.com\/wp-content\/uploads\/2018\/07\/GDSFrance.jpg\" alt=\"\" width=\"209\" height=\"89\" srcset=\"https:\/\/gdsreseau3m.com\/wp-content\/uploads\/2018\/07\/GDSFrance.jpg 800w, https:\/\/gdsreseau3m.com\/wp-content\/uploads\/2018\/07\/GDSFrance-300x128.jpg 300w, https:\/\/gdsreseau3m.com\/wp-content\/uploads\/2018\/07\/GDSFrance-768x327.jpg 768w\" sizes=\"(max-width: 209px) 100vw, 209px\" \/><\/a><\/div>\n<div><a href=\"https:\/\/www.plateforme-esa.fr\/\" target=\"_blank\" rel=\"noopener noreferrer\"><img loading=\"lazy\" class=\"alignnone wp-image-4416\" src=\"http:\/\/gdsreseau3m.com\/wp-content\/uploads\/2019\/08\/2019_logo-PTF-ESA-plus-texte-\u00e0-droite_small.png\" alt=\"\" width=\"312\" height=\"56\" srcset=\"https:\/\/gdsreseau3m.com\/wp-content\/uploads\/2019\/08\/2019_logo-PTF-ESA-plus-texte-\u00e0-droite_small.png 712w, https:\/\/gdsreseau3m.com\/wp-content\/uploads\/2019\/08\/2019_logo-PTF-ESA-plus-texte-\u00e0-droite_small-300x54.png 300w\" sizes=\"(max-width: 312px) 100vw, 312px\" \/><\/a><a href=\"http:\/\/ma-vache-en-granderegion.eu\/\" target=\"_blank\" rel=\"noopener noreferrer\"><img loading=\"lazy\" class=\"alignnone size-medium wp-image-183\" src=\"http:\/\/gdsreseau3m.com\/wp-content\/uploads\/2018\/06\/logo-brochure-GR.jpg\" alt=\"\" width=\"170\" height=\"170\" srcset=\"https:\/\/gdsreseau3m.com\/wp-content\/uploads\/2018\/06\/logo-brochure-GR.jpg 170w, https:\/\/gdsreseau3m.com\/wp-content\/uploads\/2018\/06\/logo-brochure-GR-150x150.jpg 150w\" sizes=\"(max-width: 170px) 100vw, 170px\" \/><\/a> <a href=\"http:\/\/www.gds88.eu\/\" target=\"_blank\" rel=\"noopener noreferrer\"><img loading=\"lazy\" class=\"alignnone wp-image-2548\" src=\"http:\/\/gdsreseau3m.com\/wp-content\/uploads\/2018\/07\/GDS88RVB.jpg\" alt=\"\" width=\"210\" height=\"88\" srcset=\"https:\/\/gdsreseau3m.com\/wp-content\/uploads\/2018\/07\/GDS88RVB.jpg 448w, https:\/\/gdsreseau3m.com\/wp-content\/uploads\/2018\/07\/GDS88RVB-300x125.jpg 300w\" sizes=\"(max-width: 210px) 100vw, 210px\" \/><\/a><\/div>\n<div><\/div>\n<div><a href=\"http:\/\/lvd55-segilab.fr\/\" target=\"_blank\" rel=\"noopener noreferrer\"><img loading=\"lazy\" class=\"alignnone wp-image-2538\" src=\"http:\/\/gdsreseau3m.com\/wp-content\/uploads\/2018\/07\/lvd55-segilab-logo-1447999032.jpg\" alt=\"\" width=\"168\" height=\"55\" \/><\/a>\u00a0\u00a0\u00a0\u00a0 <a href=\"http:\/\/meurthe-et-moselle.fr\/\" target=\"_blank\" rel=\"noopener noreferrer\"><img loading=\"lazy\" class=\"alignnone wp-image-2540\" src=\"http:\/\/gdsreseau3m.com\/wp-content\/uploads\/2018\/07\/ICA-2018_verso-ASDA_20180716-1.png\" alt=\"\" width=\"108\" height=\"152\" srcset=\"https:\/\/gdsreseau3m.com\/wp-content\/uploads\/2018\/07\/ICA-2018_verso-ASDA_20180716-1.png 431w, https:\/\/gdsreseau3m.com\/wp-content\/uploads\/2018\/07\/ICA-2018_verso-ASDA_20180716-1-214x300.png 214w\" sizes=\"(max-width: 108px) 100vw, 108px\" \/><\/a>\u00a0 \u00a0 \u00a0\u00a0 <a href=\"https:\/\/www.eurofins.fr\/\" target=\"_blank\" rel=\"noopener noreferrer\"><img loading=\"lazy\" class=\"alignnone wp-image-2541\" src=\"http:\/\/gdsreseau3m.com\/wp-content\/uploads\/2018\/07\/Eurofins-LCAM.png\" alt=\"\" width=\"266\" height=\"59\" srcset=\"https:\/\/gdsreseau3m.com\/wp-content\/uploads\/2018\/07\/Eurofins-LCAM.png 768w, https:\/\/gdsreseau3m.com\/wp-content\/uploads\/2018\/07\/Eurofins-LCAM-300x67.png 300w\" sizes=\"(max-width: 266px) 100vw, 266px\" \/><\/a><\/div>\n<div><a href=\"https:\/\/www.estel-numerique.com\/\" target=\"_blank\" rel=\"noopener noreferrer\"><img loading=\"lazy\" class=\"alignnone size-full wp-image-202\" src=\"http:\/\/gdsreseau3m.com\/wp-content\/uploads\/2018\/06\/logo-estel-r.png\" alt=\"\" width=\"170\" height=\"170\" srcset=\"https:\/\/gdsreseau3m.com\/wp-content\/uploads\/2018\/06\/logo-estel-r.png 170w, https:\/\/gdsreseau3m.com\/wp-content\/uploads\/2018\/06\/logo-estel-r-150x150.png 150w\" sizes=\"(max-width: 170px) 100vw, 170px\" \/><\/a><a href=\"http:\/\/wp.estelevage.com\/\" target=\"_blank\" rel=\"noopener noreferrer\"><img loading=\"lazy\" class=\"alignnone size-full wp-image-201\" src=\"http:\/\/gdsreseau3m.com\/wp-content\/uploads\/2018\/06\/logo-est-elevage-r.jpg\" alt=\"\" width=\"170\" height=\"170\" srcset=\"https:\/\/gdsreseau3m.com\/wp-content\/uploads\/2018\/06\/logo-est-elevage-r.jpg 170w, https:\/\/gdsreseau3m.com\/wp-content\/uploads\/2018\/06\/logo-est-elevage-r-150x150.jpg 150w\" sizes=\"(max-width: 170px) 100vw, 170px\" \/><\/a><\/div>\n<div><a href=\"https:\/\/meurthe-et-moselle.chambre-agriculture.fr\/\" target=\"_blank\" rel=\"noopener noreferrer\"><img loading=\"lazy\" class=\"alignnone size-medium wp-image-185\" src=\"http:\/\/gdsreseau3m.com\/wp-content\/uploads\/2018\/06\/logo-CDA54.jpg\" alt=\"\" width=\"170\" height=\"170\" srcset=\"https:\/\/gdsreseau3m.com\/wp-content\/uploads\/2018\/06\/logo-CDA54.jpg 170w, https:\/\/gdsreseau3m.com\/wp-content\/uploads\/2018\/06\/logo-CDA54-150x150.jpg 150w\" sizes=\"(max-width: 170px) 100vw, 170px\" \/><\/a>\u00a0<a href=\"https:\/\/meuse.chambre-agriculture.fr\/\" target=\"_blank\" rel=\"noopener noreferrer\"><img loading=\"lazy\" class=\"alignnone size-full wp-image-2546\" src=\"http:\/\/gdsreseau3m.com\/wp-content\/uploads\/2018\/07\/logo_ca_meuse.png\" alt=\"\" width=\"146\" height=\"167\" \/><\/a> <a href=\"https:\/\/moselle.chambre-agriculture.fr\/\" target=\"_blank\" rel=\"noopener noreferrer\"><img loading=\"lazy\" class=\"alignnone size-medium wp-image-187\" src=\"http:\/\/gdsreseau3m.com\/wp-content\/uploads\/2018\/06\/logo-CDA57.jpg\" alt=\"\" width=\"170\" height=\"170\" srcset=\"https:\/\/gdsreseau3m.com\/wp-content\/uploads\/2018\/06\/logo-CDA57.jpg 170w, https:\/\/gdsreseau3m.com\/wp-content\/uploads\/2018\/06\/logo-CDA57-150x150.jpg 150w\" sizes=\"(max-width: 170px) 100vw, 170px\" \/><\/a><\/div>\n<div><a href=\"http:\/\/www.fmse.fr\/\" target=\"_blank\" rel=\"noopener noreferrer\"><img loading=\"lazy\" class=\"alignnone size-full wp-image-2545\" src=\"http:\/\/gdsreseau3m.com\/wp-content\/uploads\/2018\/07\/Logo-FMSE.jpeg\" alt=\"\" width=\"199\" height=\"117\" \/><\/a><\/div>\n<\/div>","protected":false},"excerpt":{"rendered":"<p>Partenaires aujourd&rsquo;hui pour relever ensemble les d\u00e9fis sanitaires de demain \u00a0\u00a0\u00a0\u00a0 \u00a0 \u00a0 \u00a0\u00a0 \u00a0\u00a0\u00a0\u00a0\u00a0\u00a0\u00a0\u00a0\u00a0\u00a0\u00a0\u00a0\u00a0\u00a0\u00a0\u00a0 L&rsquo;ensemble de la profession v\u00e9t\u00e9rinaire, les services v\u00e9t\u00e9rinaires (DDPP &amp; DDCSPP) et les instances sanitaires fran\u00e7aises \u00a0\u00a0\u00a0\u00a0 \u00a0 \u00a0 \u00a0\u00a0 \u00a0<\/p>\n","protected":false},"author":1,"featured_media":0,"parent":0,"menu_order":0,"comment_status":"closed","ping_status":"closed","template":"","meta":[],"_links":{"self":[{"href":"https:\/\/gdsreseau3m.com\/index.php?rest_route=\/wp\/v2\/pages\/130"}],"collection":[{"href":"https:\/\/gdsreseau3m.com\/index.php?rest_route=\/wp\/v2\/pages"}],"about":[{"href":"https:\/\/gdsreseau3m.com\/index.php?rest_route=\/wp\/v2\/types\/page"}],"author":[{"embeddable":true,"href":"https:\/\/gdsreseau3m.com\/index.php?rest_route=\/wp\/v2\/users\/1"}],"replies":[{"embeddable":true,"href":"https:\/\/gdsreseau3m.com\/index.php?rest_route=%2Fwp%2Fv2%2Fcomments&post=130"}],"version-history":[{"count":21,"href":"https:\/\/gdsreseau3m.com\/index.php?rest_route=\/wp\/v2\/pages\/130\/revisions"}],"predecessor-version":[{"id":5273,"href":"https:\/\/gdsreseau3m.com\/index.php?rest_route=\/wp\/v2\/pages\/130\/revisions\/5273"}],"wp:attachment":[{"href":"https:\/\/gdsreseau3m.com\/index.php?rest_route=%2Fwp%2Fv2%2Fmedia&parent=130"}],"curies":[{"name":"wp","href":"https:\/\/api.w.org\/{rel}","templated":true}]}}