{"id":1287,"date":"2018-06-22T10:55:42","date_gmt":"2018-06-22T08:55:42","guid":{"rendered":"http:\/\/gdsreseau3m.com\/?page_id=1287"},"modified":"2021-04-14T14:41:59","modified_gmt":"2021-04-14T12:41:59","slug":"bovins-avortements-le-pack-avortements-des-gds","status":"publish","type":"page","link":"https:\/\/gdsreseau3m.com\/?page_id=1287","title":{"rendered":"Bovins &#8211; Avortements &#8211; Le pack avortements des GDS"},"content":{"rendered":"<div class=\"mpl-content-wrap\"><h6><img loading=\"lazy\" class=\"alignnone wp-image-333\" src=\"http:\/\/gdsreseau3m.com\/wp-content\/uploads\/2018\/06\/treffleMenu.png\" alt=\"\" width=\"23\" height=\"22\" \/><a href=\"http:\/\/gdsreseau3m.com\/?page_id=444\">Les avortements en \u00e9levage bovin<\/a><img loading=\"lazy\" class=\"alignnone wp-image-333\" src=\"http:\/\/gdsreseau3m.com\/wp-content\/uploads\/2018\/06\/treffleMenu.png\" alt=\"\" width=\"23\" height=\"22\" \/><a href=\"http:\/\/gdsreseau3m.com\/?page_id=1287\">Le pack avortement des GDS<\/a> <img loading=\"lazy\" class=\"alignnone wp-image-333\" src=\"http:\/\/gdsreseau3m.com\/wp-content\/uploads\/2018\/06\/treffleMenu.png\" alt=\"\" width=\"23\" height=\"22\" \/><a href=\"http:\/\/gdsreseau3m.com\/?page_id=2657\">Documentation technique sur les maladies abortives<\/a><\/h6>\n<h1><span style=\"color: #56b74f;\"><img loading=\"lazy\" class=\"alignnone wp-image-749 \" src=\"http:\/\/gdsreseau3m.com\/wp-content\/uploads\/2018\/06\/Bovins1.png\" alt=\"\" width=\"55\" height=\"41\" \/><\/span><span style=\"color: #56b74f;\"> Le pack avortements<br \/>\n<\/span><\/h1>\n<blockquote><p><u><b><\/b><\/u><strong> \u2192 Son but :<\/strong> <span style=\"color: #ff6600;\"><b>r\u00e9solution rapide, optimisation des co\u00fbts d&rsquo;analyses<\/b><\/span><br \/>\n<strong> \u2192 <\/strong><strong>Sa d\u00e9marche<\/strong> :<span style=\"color: #ff6600;\"><b> hi\u00e9rarchisation des maladies, recherches prioritaires, enqu\u00eate approfondie, trame rigoureuse<\/b><\/span><\/p><\/blockquote>\n<h3><span style=\"color: #56b74f;\">\u00c9tape par \u00e9tape avec le \u201cPack avortement\u201d<\/span><\/h3>\n<h6><em>\u00a0En collaboration syst\u00e9matique avec le v\u00e9t\u00e9rinaire de l&rsquo;exploitation et le laboratoire d&rsquo;analyse v\u00e9t\u00e9rinaire.<\/em><\/h6>\n<p>&nbsp;<\/p>\n<p><b>1 &#8211; Recherches de 1<sup>\u00e8re<\/sup> intention + enqu\u00eate \u00e9pid\u00e9miologique :\u00a0<\/b><\/p>\n<ul>\n<li><strong>Brucellose<\/strong> (obligatoire)<\/li>\n<li><strong>BVD<\/strong><\/li>\n<li><strong>Fi\u00e8vre Q<\/strong><\/li>\n<li><strong>N\u00e9osporose<\/strong><\/li>\n<li><strong>+\/- autres pathologies :<\/strong> recherches de la salmonellose et list\u00e9riose si vente de lait cru ; recherches des mycoses\u2026<\/li>\n<\/ul>\n<p><b>2. Recherches de 2<sup>e<\/sup> intention si les premi\u00e8res analyses ne sont pas concluantes <\/b>(fonction du contexte \u00e9pid\u00e9miologique) :<\/p>\n<ul>\n<li><strong>Chlamydiose<\/strong><\/li>\n<li><strong>Leptospirose<\/strong><\/li>\n<li><strong>IBR <\/strong><i>(virus BHV1)<\/i><\/li>\n<li><strong>Maladies \u00e0 tique<\/strong> telles que Lyme, Erhlichiose ou Anaplasmose<i> (Anaplasma Marginale)<\/i><\/li>\n<\/ul>\n<p><b>3. \u00c9tendue des recherches aux causes non infectieuses si les analyses ne sont pas concluantes <\/b><b>:<\/b><\/p>\n<ul>\n<li>Eau de boisson<\/li>\n<li>Carences nutritionnelles, min\u00e9rales, vitaminiques ou en oligo-\u00e9l\u00e9ments<\/li>\n<li>Intoxications (mycotoxines, ergot de seigle, phyto-oestrog\u00e8nes, &#8230;) ou polluants (nitrates&#8230;)<\/li>\n<li>Causes traumatiques<\/li>\n<li>Causes g\u00e9n\u00e9tiques<\/li>\n<\/ul>\n<p>&nbsp;<\/p>\n<p><b>\u2192 T\u00e9l\u00e9charger ici le protocole d\u00e9taill\u00e9 :<br \/>\n<\/b><a href=\"http:\/\/gdsreseau3m.com\/wp-content\/uploads\/2018\/06\/Plan_Avortements_descriptif_version_01_oct_2012.pdf\" target=\"_blank\" rel=\"noopener noreferrer\"><img loading=\"lazy\" class=\"alignnone wp-image-1310 size-full\" src=\"http:\/\/gdsreseau3m.com\/wp-content\/uploads\/2018\/06\/Plan_Avortements_descriptif_version_01_oct_2012-icon.png\" alt=\"\" width=\"116\" height=\"157\" \/><\/a><u><\/u><\/p>\n<h3><span style=\"color: #56b74f;\">Accompagnement de votre GDS : <\/span><\/h3>\n<ul>\n<li>\n<blockquote><p><span style=\"color: #333333;\"><span style=\"color: #ff6600;\"><b>Prise en charge des frais d&rsquo;analyses effectu\u00e9es dans le cadre du pack avortements <\/b><\/span>(hauteur de prise en charge = renseignez-vous aupr\u00e8s de votre GDS)<\/span><\/p><\/blockquote>\n<\/li>\n<li>\n<blockquote><p><span style=\"color: #008cd2;\"><b><span style=\"color: #ff6600;\">Visite, enqu\u00eate \u00e9pid\u00e9miologique et suivi par le technicien GDS <\/span><br \/>\n<\/b><\/span><\/p><\/blockquote>\n<\/li>\n<\/ul>\n<p>La d\u00e9marche est identique en Meuse, Meurthe-et-Moselle et Moselle.<br \/>\nUn engagement sign\u00e9 par l&rsquo;\u00e9leveur volontaire conditionne la participation financi\u00e8re et technique des GDS.<\/p>\n<p><img loading=\"lazy\" class=\"alignnone size-full wp-image-1003\" src=\"http:\/\/gdsreseau3m.com\/wp-content\/uploads\/2018\/06\/1403784618_prel_labo_2.jpg\" alt=\"\" width=\"313\" height=\"448\" srcset=\"https:\/\/gdsreseau3m.com\/wp-content\/uploads\/2018\/06\/1403784618_prel_labo_2.jpg 313w, https:\/\/gdsreseau3m.com\/wp-content\/uploads\/2018\/06\/1403784618_prel_labo_2-210x300.jpg 210w\" sizes=\"(max-width: 313px) 100vw, 313px\" \/><\/p>\n<div>\n<h3><span style=\"color: #56b74f;\">Vos contacts : <\/span><u><b><br \/>\n<\/b><\/u><\/h3>\n<\/div>\n<div><span style=\"color: #56b74f;\"><b> <\/b><a style=\"color: #56b74f;\" href=\"mailto:c.dargent@gds54.com\"><strong>Claire DARGENT-PENNE<\/strong><\/a><\/span> (54) &#8211; 06 79 81 40 40<br \/>\n<b><\/b><span style=\"color: #56b74f;\"><b><a style=\"color: #56b74f;\" href=\"mailto:breck@gddsb-moselle.asso.fr\">Jean-Luc BRECK<\/a> <\/b><\/span>(57) &#8211; 03 87 66 12 98<br \/>\n<span style=\"color: #56b74f;\"><b><a style=\"color: #56b74f;\" href=\"mailto:l.foures@gds55.com\">Laurent FOURES<\/a><\/b><\/span> (55) &#8211; 03 29 83 30 31<\/div>\n<\/div>","protected":false},"excerpt":{"rendered":"<p>Les avortements en \u00e9levage bovinLe pack avortement des GDS Documentation technique sur les maladies abortives Le pack avortements \u2192 Son but : r\u00e9solution rapide, optimisation des co\u00fbts d&rsquo;analyses \u2192 Sa d\u00e9marche : hi\u00e9rarchisation des maladies, recherches prioritaires, enqu\u00eate approfondie, trame rigoureuse \u00c9tape par \u00e9tape avec le \u201cPack avortement\u201d \u00a0En collaboration syst\u00e9matique avec le v\u00e9t\u00e9rinaire de [&hellip;]<\/p>\n","protected":false},"author":1,"featured_media":0,"parent":0,"menu_order":0,"comment_status":"closed","ping_status":"closed","template":"","meta":[],"_links":{"self":[{"href":"https:\/\/gdsreseau3m.com\/index.php?rest_route=\/wp\/v2\/pages\/1287"}],"collection":[{"href":"https:\/\/gdsreseau3m.com\/index.php?rest_route=\/wp\/v2\/pages"}],"about":[{"href":"https:\/\/gdsreseau3m.com\/index.php?rest_route=\/wp\/v2\/types\/page"}],"author":[{"embeddable":true,"href":"https:\/\/gdsreseau3m.com\/index.php?rest_route=\/wp\/v2\/users\/1"}],"replies":[{"embeddable":true,"href":"https:\/\/gdsreseau3m.com\/index.php?rest_route=%2Fwp%2Fv2%2Fcomments&post=1287"}],"version-history":[{"count":20,"href":"https:\/\/gdsreseau3m.com\/index.php?rest_route=\/wp\/v2\/pages\/1287\/revisions"}],"predecessor-version":[{"id":5642,"href":"https:\/\/gdsreseau3m.com\/index.php?rest_route=\/wp\/v2\/pages\/1287\/revisions\/5642"}],"wp:attachment":[{"href":"https:\/\/gdsreseau3m.com\/index.php?rest_route=%2Fwp%2Fv2%2Fmedia&parent=1287"}],"curies":[{"name":"wp","href":"https:\/\/api.w.org\/{rel}","templated":true}]}}