{"id":1216,"date":"2018-06-22T09:57:33","date_gmt":"2018-06-22T07:57:33","guid":{"rendered":"http:\/\/gdsreseau3m.com\/?page_id=1216"},"modified":"2021-12-09T14:43:14","modified_gmt":"2021-12-09T13:43:14","slug":"bovins-paratuberculose-controle-des-risques","status":"publish","type":"page","link":"https:\/\/gdsreseau3m.com\/?page_id=1216","title":{"rendered":"Bovins &#8211; Paratuberculose &#8211; Contr\u00f4le des risques"},"content":{"rendered":"<div class=\"mpl-content-wrap\"><h6><img loading=\"lazy\" class=\"alignnone wp-image-333\" src=\"http:\/\/gdsreseau3m.com\/wp-content\/uploads\/2018\/06\/treffleMenu.png\" alt=\"\" width=\"23\" height=\"22\" \/><a href=\"http:\/\/gdsreseau3m.com\/?page_id=2594\">La maladie<\/a><img loading=\"lazy\" class=\"alignnone wp-image-333\" src=\"http:\/\/gdsreseau3m.com\/wp-content\/uploads\/2018\/06\/treffleMenu.png\" alt=\"\" width=\"23\" height=\"22\" \/><a href=\"http:\/\/gdsreseau3m.com\/?page_id=1209\">Situation locale<\/a><img loading=\"lazy\" class=\"alignnone wp-image-333\" src=\"http:\/\/gdsreseau3m.com\/wp-content\/uploads\/2018\/06\/treffleMenu.png\" alt=\"\" width=\"23\" height=\"22\" \/><a href=\"http:\/\/gdsreseau3m.com\/?page_id=2613\">Garantie d&rsquo;\u00e9levage<\/a><img loading=\"lazy\" class=\"alignnone wp-image-333\" src=\"http:\/\/gdsreseau3m.com\/wp-content\/uploads\/2018\/06\/treffleMenu.png\" alt=\"\" width=\"23\" height=\"22\" \/><a href=\"http:\/\/gdsreseau3m.com\/?page_id=1214\">Assainissement<\/a><img loading=\"lazy\" class=\"alignnone wp-image-333\" src=\"http:\/\/gdsreseau3m.com\/wp-content\/uploads\/2018\/06\/treffleMenu.png\" alt=\"\" width=\"23\" height=\"22\" \/><a href=\"http:\/\/gdsreseau3m.com\/?page_id=1216\">Contr\u00f4le des risques<\/a><\/h6>\n<h1><span style=\"color: #56b74f;\"><img loading=\"lazy\" class=\"alignnone wp-image-749 \" src=\"http:\/\/gdsreseau3m.com\/wp-content\/uploads\/2018\/06\/Bovins1.png\" alt=\"\" width=\"48\" height=\"36\" \/><\/span><span style=\"color: #56b74f;\">Pr\u00e9vention des risques en paratuberculose <\/span><\/h1>\n<h3><span style=\"color: #56b74f;\">Comment se prot\u00e9ger de la paratuberculose ?<\/span><\/h3>\n<div><span style=\"color: #800080;\"><b>\u2192 En n&rsquo;introduisant pas la maladie au sein de votre troupeau<\/b> <\/span><br \/>\nLa principale source de contamination des \u00e9levages sains est l&rsquo;achat d&rsquo;animaux porteurs du germe paratuberculose.<\/div>\n<blockquote>\n<div><strong>Achat &#8211; pr\u00eat &#8211; pension<\/strong> = la r\u00e9alisation de d\u00e9pistages sur les animaux de plus de 18 mois est plus que recommand\u00e9e, et avec quarantaine efficace jusqu&rsquo;\u00e0 r\u00e9ception des r\u00e9sultats favorables.<\/div>\n<\/blockquote>\n<div>\n<p><b><span style=\"color: #56b74f;\"><img loading=\"lazy\" class=\"alignnone size-full wp-image-1283\" src=\"http:\/\/gdsreseau3m.com\/wp-content\/uploads\/2018\/06\/1403690141_WP_001035.jpg\" alt=\"\" width=\"448\" height=\"336\" srcset=\"https:\/\/gdsreseau3m.com\/wp-content\/uploads\/2018\/06\/1403690141_WP_001035.jpg 448w, https:\/\/gdsreseau3m.com\/wp-content\/uploads\/2018\/06\/1403690141_WP_001035-300x225.jpg 300w, https:\/\/gdsreseau3m.com\/wp-content\/uploads\/2018\/06\/1403690141_WP_001035-400x300.jpg 400w\" sizes=\"(max-width: 448px) 100vw, 448px\" \/><\/span><br \/>\n<span style=\"color: #000000;\">Contr\u00f4les vis-\u00e0-vis de la paratuberculose \u00e0 r\u00e9aliser lors de l&rsquo;introduction de nouveaux animaux\u00a0 <\/span><\/b><span style=\"color: #000000;\">:<\/span><\/p>\n<table width=\"583\">\n<tbody>\n<tr>\n<td><b>Intervention<\/b><\/td>\n<td><b>Analyse<\/b><\/td>\n<td style=\"text-align: left;\"><b>Age<\/b><\/td>\n<td style=\"text-align: left;\"><b>Commentaires<\/b><\/td>\n<\/tr>\n<tr>\n<td>Prise de sang<\/td>\n<td>S\u00e9rologie<\/td>\n<td>Bovin &gt; 18 mois<\/td>\n<td>D\u00e9pistage volontaire. Analyse inutile sur bovin &lt; 18 mois<\/td>\n<\/tr>\n<tr>\n<td>Prise de f\u00e8ces<\/td>\n<td>P.C.R.<\/td>\n<td>\u00a0Bovin &gt; 18 mois<\/td>\n<td>D\u00e9pistage volontaire. Analyse inutile sur bovin &lt; 18 mois<\/td>\n<\/tr>\n<\/tbody>\n<\/table>\n<p>Au moment de la n\u00e9gociation, renseignez-vous sur le statut du cheptel d&rsquo;origine. Id\u00e9alement un cheptel en garantie paratuberculose. Vous pouvez contacter votre G.D.S. pour connaitre les cheptels rentrant dans cette cat\u00e9gorie.<\/p>\n<blockquote><p>Cette maladie n&rsquo;est pas inscrite au vice-r\u00e9dhibitoire :<br \/>\n\u2192 Pour retourner un animal positif = remplissez pendant la vente un <a href=\"http:\/\/gdsreseau3m.com\/wp-content\/uploads\/2021\/12\/BILLET-DE-GARANTIE-CONVENTIONNELLE-v2019_sitegds3m.pdf\"><strong>Billet de garantie conventionnelle<\/strong><\/a><\/p><\/blockquote>\n<p><span style=\"color: #56b74f;\"><b>Appliquer des mesures de bios\u00e9curit\u00e9 <\/b><\/span><\/p>\n<ul>\n<li>Nettoyage et d\u00e9sinfection du mat\u00e9riel emprunt\u00e9 (b\u00e9taill\u00e8re, \u00e9pandeur, &#8230; sp\u00e9cialement sur les mat\u00e9riels avec de la bouse !)<\/li>\n<li>Mise \u00e0 disposition d&rsquo;un p\u00e9diluve propre pour les visiteurs<\/li>\n<\/ul>\n<p><span style=\"color: #74bd2c;\"><b><span style=\"color: #56b74f;\">Maintenir de bonnes conditions d&rsquo;\u00e9levage<\/span>\u00a0 <\/b><\/span>= hygi\u00e8ne, alimentation, parasitisme, confort, immunit\u00e9, gestion du fumier, &#8230; pour avoir des animaux en bonne sant\u00e9 \u00e9tat de se d\u00e9fendre et qui expriment moins la pathologie.<\/p>\n<p><b>Pour tout conseil, contactez votre technicien GDS sp\u00e9cialis\u00e9.<\/b><\/p>\n<p><img loading=\"lazy\" class=\"alignnone size-full wp-image-1284\" src=\"http:\/\/gdsreseau3m.com\/wp-content\/uploads\/2018\/06\/1406200991_vache_et_chapeau_.jpg\" alt=\"\" width=\"448\" height=\"300\" srcset=\"https:\/\/gdsreseau3m.com\/wp-content\/uploads\/2018\/06\/1406200991_vache_et_chapeau_.jpg 448w, https:\/\/gdsreseau3m.com\/wp-content\/uploads\/2018\/06\/1406200991_vache_et_chapeau_-300x201.jpg 300w\" sizes=\"(max-width: 448px) 100vw, 448px\" \/><\/p>\n<\/div>\n<\/div>","protected":false},"excerpt":{"rendered":"<p>La maladieSituation localeGarantie d&rsquo;\u00e9levageAssainissementContr\u00f4le des risques Pr\u00e9vention des risques en paratuberculose Comment se prot\u00e9ger de la paratuberculose ? \u2192 En n&rsquo;introduisant pas la maladie au sein de votre troupeau La principale source de contamination des \u00e9levages sains est l&rsquo;achat d&rsquo;animaux porteurs du germe paratuberculose. Achat &#8211; pr\u00eat &#8211; pension = la r\u00e9alisation de d\u00e9pistages sur [&hellip;]<\/p>\n","protected":false},"author":1,"featured_media":0,"parent":0,"menu_order":0,"comment_status":"closed","ping_status":"closed","template":"","meta":[],"_links":{"self":[{"href":"https:\/\/gdsreseau3m.com\/index.php?rest_route=\/wp\/v2\/pages\/1216"}],"collection":[{"href":"https:\/\/gdsreseau3m.com\/index.php?rest_route=\/wp\/v2\/pages"}],"about":[{"href":"https:\/\/gdsreseau3m.com\/index.php?rest_route=\/wp\/v2\/types\/page"}],"author":[{"embeddable":true,"href":"https:\/\/gdsreseau3m.com\/index.php?rest_route=\/wp\/v2\/users\/1"}],"replies":[{"embeddable":true,"href":"https:\/\/gdsreseau3m.com\/index.php?rest_route=%2Fwp%2Fv2%2Fcomments&post=1216"}],"version-history":[{"count":16,"href":"https:\/\/gdsreseau3m.com\/index.php?rest_route=\/wp\/v2\/pages\/1216\/revisions"}],"predecessor-version":[{"id":6103,"href":"https:\/\/gdsreseau3m.com\/index.php?rest_route=\/wp\/v2\/pages\/1216\/revisions\/6103"}],"wp:attachment":[{"href":"https:\/\/gdsreseau3m.com\/index.php?rest_route=%2Fwp%2Fv2%2Fmedia&parent=1216"}],"curies":[{"name":"wp","href":"https:\/\/api.w.org\/{rel}","templated":true}]}}