{"id":1209,"date":"2018-06-22T09:54:17","date_gmt":"2018-06-22T07:54:17","guid":{"rendered":"http:\/\/gdsreseau3m.com\/?page_id=1209"},"modified":"2022-01-05T10:32:48","modified_gmt":"2022-01-05T09:32:48","slug":"bovins-paratuberculose-situation-locale","status":"publish","type":"page","link":"https:\/\/gdsreseau3m.com\/?page_id=1209","title":{"rendered":"Bovins &#8211; Paratuberculose &#8211; Situation locale"},"content":{"rendered":"<div class=\"mpl-content-wrap\"><h6><img loading=\"lazy\" class=\"alignnone wp-image-333\" src=\"http:\/\/gdsreseau3m.com\/wp-content\/uploads\/2018\/06\/treffleMenu.png\" alt=\"\" width=\"23\" height=\"22\" \/><a href=\"http:\/\/gdsreseau3m.com\/?page_id=2594\">La maladie<\/a><img loading=\"lazy\" class=\"alignnone wp-image-333\" src=\"http:\/\/gdsreseau3m.com\/wp-content\/uploads\/2018\/06\/treffleMenu.png\" alt=\"\" width=\"23\" height=\"22\" \/><a href=\"http:\/\/gdsreseau3m.com\/?page_id=1209\">Situation locale<\/a><img loading=\"lazy\" class=\"alignnone wp-image-333\" src=\"http:\/\/gdsreseau3m.com\/wp-content\/uploads\/2018\/06\/treffleMenu.png\" alt=\"\" width=\"23\" height=\"22\" \/><a href=\"http:\/\/gdsreseau3m.com\/?page_id=2613\">Garantie d&rsquo;\u00e9levage<\/a><img loading=\"lazy\" class=\"alignnone wp-image-333\" src=\"http:\/\/gdsreseau3m.com\/wp-content\/uploads\/2018\/06\/treffleMenu.png\" alt=\"\" width=\"23\" height=\"22\" \/><a href=\"http:\/\/gdsreseau3m.com\/?page_id=1214\">Assainissement<\/a><img loading=\"lazy\" class=\"alignnone wp-image-333\" src=\"http:\/\/gdsreseau3m.com\/wp-content\/uploads\/2018\/06\/treffleMenu.png\" alt=\"\" width=\"23\" height=\"22\" \/><a href=\"http:\/\/gdsreseau3m.com\/?page_id=1216\">Contr\u00f4le des risques<\/a><\/h6>\n<h1><span style=\"color: #56b74f;\"><img loading=\"lazy\" class=\"alignnone wp-image-749 \" src=\"http:\/\/gdsreseau3m.com\/wp-content\/uploads\/2018\/06\/Bovins1.png\" alt=\"\" width=\"58\" height=\"44\" \/> Situation locale<br \/>\n<\/span><\/h1>\n<div>\n<h4><span style=\"color: #800080;\">&#x25b6; 356 cheptels engag\u00e9s en plan d&rsquo;assainissement contre la paratuberculose avec les GDS, dont 20 qui vaccinent (au 30.06.2021).<br \/>\n<\/span><\/h4>\n<p><img loading=\"lazy\" class=\"alignnone size-full wp-image-4788\" src=\"http:\/\/gdsreseau3m.com\/wp-content\/uploads\/2020\/01\/Carte_Plut-paratub-au-30.06.2019_F3M_2.png\" alt=\"\" width=\"706\" height=\"522\" srcset=\"https:\/\/gdsreseau3m.com\/wp-content\/uploads\/2020\/01\/Carte_Plut-paratub-au-30.06.2019_F3M_2.png 706w, https:\/\/gdsreseau3m.com\/wp-content\/uploads\/2020\/01\/Carte_Plut-paratub-au-30.06.2019_F3M_2-300x222.png 300w\" sizes=\"(max-width: 706px) 100vw, 706px\" \/><\/p>\n<\/div>\n<table style=\"height: 186px;\" width=\"573\">\n<tbody>\n<tr>\n<td colspan=\"4\">\n<p style=\"text-align: center;\"><strong>Cheptels engag\u00e9s en protocole de lutte contre la paratuberculose<\/strong><br \/>\n<em>(Tous niveaux confondus &#8211; chiffres au 30.06.2021)<\/em><\/p>\n<\/td>\n<\/tr>\n<tr>\n<td style=\"text-align: center;\">\u00a0D\u00e9partement<\/td>\n<td><strong>\u00a0\u00a0 \u00a0\u00a0 \u00a0 \u00a0 Meuse\u00a0\u00a0\u00a0\u00a0\u00a0\u00a0\u00a0\u00a0 <\/strong><\/td>\n<td><strong>\u00a0Meurthe-et-Moselle<\/strong><\/td>\n<td><strong>\u00a0\u00a0\u00a0\u00a0\u00a0\u00a0 Moselle\u00a0\u00a0\u00a0\u00a0\u00a0 \u00a0 \u00a0 <\/strong><\/td>\n<\/tr>\n<tr>\n<td style=\"text-align: center;\">\u00a0Nombre<\/td>\n<td>\n<p style=\"text-align: center;\">190<\/p>\n<\/td>\n<td>\n<p style=\"text-align: center;\">102<\/p>\n<\/td>\n<td>\n<p style=\"text-align: center;\">64<\/p>\n<\/td>\n<\/tr>\n<tr>\n<td style=\"text-align: center;\">Dont qui vaccinent<\/td>\n<td>\n<p style=\"text-align: center;\">17<\/p>\n<\/td>\n<td>\n<p style=\"text-align: center;\">2<\/p>\n<\/td>\n<td>\n<p style=\"text-align: center;\">1<\/p>\n<\/td>\n<\/tr>\n<\/tbody>\n<\/table>\n<p>&nbsp;<\/p>\n<div>\n<h4><span style=\"color: #800080;\">&#x25b6; 145 cheptels engag\u00e9s dans la d\u00e9marche de Garantie Paratuberculose (au 30.06.2021)<br \/>\n<\/span><\/h4>\n<p><img loading=\"lazy\" class=\"alignnone size-full wp-image-4789\" src=\"http:\/\/gdsreseau3m.com\/wp-content\/uploads\/2020\/01\/Carte_Garantie-paratub-au-30.06.2019_F3M_2.png\" alt=\"\" width=\"684\" height=\"542\" srcset=\"https:\/\/gdsreseau3m.com\/wp-content\/uploads\/2020\/01\/Carte_Garantie-paratub-au-30.06.2019_F3M_2.png 684w, https:\/\/gdsreseau3m.com\/wp-content\/uploads\/2020\/01\/Carte_Garantie-paratub-au-30.06.2019_F3M_2-300x238.png 300w\" sizes=\"(max-width: 684px) 100vw, 684px\" \/><\/p>\n<table width=\"577\">\n<tbody>\n<tr>\n<td style=\"text-align: center;\" colspan=\"4\"><b>\u00a0Cheptels engag\u00e9s dans la d\u00e9marche de garantie paratuberculose<\/b><br \/>\n<i>(Garantie acquise ou en cours d&rsquo;acquisition &#8211; <\/i><i>chiffres au 30.06.2021)<\/i><\/td>\n<\/tr>\n<tr>\n<td style=\"text-align: center;\">\u00a0D\u00e9partement<\/td>\n<td style=\"text-align: center;\"><b>\u00a0\u00a0 \u00a0\u00a0 \u00a0 \u00a0 Meuse\u00a0\u00a0\u00a0\u00a0\u00a0\u00a0\u00a0\u00a0 <\/b><\/td>\n<td style=\"text-align: center;\"><b>\u00a0Meurthe-et-Moselle<\/b><\/td>\n<td style=\"text-align: center;\"><b>\u00a0\u00a0\u00a0\u00a0\u00a0\u00a0 Moselle\u00a0\u00a0\u00a0\u00a0\u00a0 \u00a0 \u00a0 <\/b><\/td>\n<\/tr>\n<tr>\n<td style=\"text-align: center;\">\u00a0Nombre<\/td>\n<td style=\"text-align: center;\">\u00a012<\/td>\n<td style=\"text-align: center;\">65<\/td>\n<td style=\"text-align: center;\">68<\/td>\n<\/tr>\n<\/tbody>\n<\/table>\n<blockquote>\n<p style=\"text-align: center;\"><strong>La liste des \u00e9levages en garantie paratuberculose est consultable depuis le site <\/strong><span style=\"color: #74bd2c;\"><a style=\"color: #74bd2c;\" href=\"http:\/\/wp.estelevage.com\/\" target=\"_blank\" rel=\"noopener noreferrer\"><strong>www.estelevage.com<\/strong><\/a><\/span><\/p>\n<\/blockquote>\n<\/div>\n<\/div>","protected":false},"excerpt":{"rendered":"<p>La maladieSituation localeGarantie d&rsquo;\u00e9levageAssainissementContr\u00f4le des risques Situation locale &#x25b6; 356 cheptels engag\u00e9s en plan d&rsquo;assainissement contre la paratuberculose avec les GDS, dont 20 qui vaccinent (au 30.06.2021). Cheptels engag\u00e9s en protocole de lutte contre la paratuberculose (Tous niveaux confondus &#8211; chiffres au 30.06.2021) \u00a0D\u00e9partement \u00a0\u00a0 \u00a0\u00a0 \u00a0 \u00a0 Meuse\u00a0\u00a0\u00a0\u00a0\u00a0\u00a0\u00a0\u00a0 \u00a0Meurthe-et-Moselle \u00a0\u00a0\u00a0\u00a0\u00a0\u00a0 Moselle\u00a0\u00a0\u00a0\u00a0\u00a0 \u00a0 \u00a0 \u00a0Nombre [&hellip;]<\/p>\n","protected":false},"author":1,"featured_media":0,"parent":0,"menu_order":0,"comment_status":"closed","ping_status":"closed","template":"","meta":[],"_links":{"self":[{"href":"https:\/\/gdsreseau3m.com\/index.php?rest_route=\/wp\/v2\/pages\/1209"}],"collection":[{"href":"https:\/\/gdsreseau3m.com\/index.php?rest_route=\/wp\/v2\/pages"}],"about":[{"href":"https:\/\/gdsreseau3m.com\/index.php?rest_route=\/wp\/v2\/types\/page"}],"author":[{"embeddable":true,"href":"https:\/\/gdsreseau3m.com\/index.php?rest_route=\/wp\/v2\/users\/1"}],"replies":[{"embeddable":true,"href":"https:\/\/gdsreseau3m.com\/index.php?rest_route=%2Fwp%2Fv2%2Fcomments&post=1209"}],"version-history":[{"count":22,"href":"https:\/\/gdsreseau3m.com\/index.php?rest_route=\/wp\/v2\/pages\/1209\/revisions"}],"predecessor-version":[{"id":6181,"href":"https:\/\/gdsreseau3m.com\/index.php?rest_route=\/wp\/v2\/pages\/1209\/revisions\/6181"}],"wp:attachment":[{"href":"https:\/\/gdsreseau3m.com\/index.php?rest_route=%2Fwp%2Fv2%2Fmedia&parent=1209"}],"curies":[{"name":"wp","href":"https:\/\/api.w.org\/{rel}","templated":true}]}}