{"id":1165,"date":"2018-06-22T09:18:08","date_gmt":"2018-06-22T07:18:08","guid":{"rendered":"http:\/\/gdsreseau3m.com\/?page_id=1165"},"modified":"2026-04-02T09:48:09","modified_gmt":"2026-04-02T07:48:09","slug":"bovins-bvd-plan-deradication-gtrand-est","status":"publish","type":"page","link":"https:\/\/gdsreseau3m.com\/?page_id=1165","title":{"rendered":"Bovins &#8211; BVD &#8211; Assainissement collectif Grand Est"},"content":{"rendered":"<div class=\"mpl-content-wrap\"><h6><img loading=\"lazy\" class=\"alignnone wp-image-333\" src=\"http:\/\/gdsreseau3m.com\/wp-content\/uploads\/2018\/06\/treffleMenu.png\" alt=\"\" width=\"23\" height=\"22\" \/><a href=\"http:\/\/gdsreseau3m.com\/?page_id=419\">La maladie<\/a><img loading=\"lazy\" class=\"alignnone wp-image-333\" src=\"http:\/\/gdsreseau3m.com\/wp-content\/uploads\/2018\/06\/treffleMenu.png\" alt=\"\" width=\"23\" height=\"22\" \/><a href=\"http:\/\/gdsreseau3m.com\/?page_id=1157\">Garantie NON IPI<\/a><a href=\"http:\/\/gdsreseau3m.com\/?page_id=304\"><img loading=\"lazy\" class=\"alignnone wp-image-333\" src=\"http:\/\/gdsreseau3m.com\/wp-content\/uploads\/2018\/06\/treffleMenu.png\" alt=\"\" width=\"23\" height=\"22\" \/><\/a><a href=\"http:\/\/gdsreseau3m.com\/?page_id=1162\">Contr\u00f4le des risques<\/a><a href=\"http:\/\/gdsreseau3m.com\/?page_id=304\"><img loading=\"lazy\" class=\"alignnone wp-image-333\" src=\"http:\/\/gdsreseau3m.com\/wp-content\/uploads\/2018\/06\/treffleMenu.png\" alt=\"\" width=\"23\" height=\"22\" \/><\/a><a href=\"http:\/\/gdsreseau3m.com\/?page_id=1160\">Assainissement individuel<\/a><img loading=\"lazy\" class=\"alignnone wp-image-333\" src=\"http:\/\/gdsreseau3m.com\/wp-content\/uploads\/2018\/06\/treffleMenu.png\" alt=\"\" width=\"23\" height=\"22\" \/><a href=\"http:\/\/gdsreseau3m.com\/?page_id=1165\">Assainissement collectif Nord Est<\/a><\/h6>\n<h1><span style=\"color: #56b74f;\"><img loading=\"lazy\" class=\"alignnone wp-image-749 \" src=\"http:\/\/gdsreseau3m.com\/wp-content\/uploads\/2018\/06\/Bovins1.png\" alt=\"\" width=\"53\" height=\"40\" \/><\/span><span style=\"color: #56b74f;\">Assainissement collectif : en marche vers l&rsquo;\u00e9radication <\/span><\/h1>\n<h4><span style=\"color: #1a00ff;\"><span style=\"color: #ff6600;\">Objectifs : avoir une zone indemne et faire l&rsquo;\u00e9conomie de la pathologie !<\/span><\/span><\/h4>\n<p>Si les plans de lutte individuels et volontaires propos\u00e9s par les GDS depuis plus de dix ans ont prouv\u00e9 leur efficacit\u00e9 et permettent un assainissement rapide de l&rsquo;exploitation touch\u00e9e, cette maladie ne constitue pas moins une menace permanente pour les \u00e9levages \u00e9pargn\u00e9s, et sa gestion individuelle co\u00fbte cher sur le long terme en absence de lutte collective. Face \u00e0 ce constat, les GDS du Grand quart Nord Est de la France s&rsquo;organisent pour la g\u00e9n\u00e9ralisation de la lutte de grande envergure.<\/p>\n<h3><span style=\"color: #56b74f;\">Un programme collectif \u00e0 l\u2019\u00e9chelle du quart nord-est de la France :<br \/>\n<\/span><\/h3>\n<p><img loading=\"lazy\" class=\"size-full wp-image-1195 alignleft\" src=\"http:\/\/gdsreseau3m.com\/wp-content\/uploads\/2018\/06\/1501568536_LOGO-BVD.jpg\" alt=\"\" width=\"150\" height=\"103\" \/>Une lutte efficace contre la BVD ne peut s\u2019envisager que <strong>si tous les \u00e9leveurs combattent le virus en m\u00eame temps.<\/strong> C\u2019est la raison pour laquelle un programme de lutte obligatoire d\u2019\u00e9radication est n\u00e9cessaire ! Son d\u00e9ploiement sur le grand quart nord-est est progressif.<\/p>\n<p>\u2192 En 2017, le programme collectif obligatoire s&rsquo;\u00e9tend sur 8 d\u00e9partements (Bas-Rhin, Haut-Rhin, Meurthe-et-Moselle, Meuse, Moselle, Vosges, Jura, Marne) ; <a href=\"http:\/\/gdsreseau3m.com\/wp-content\/uploads\/2019\/07\/gds3m_20190716_bvd-grand-quart-nord-est.gif\"><img loading=\"lazy\" class=\" wp-image-4255 alignright\" src=\"http:\/\/gdsreseau3m.com\/wp-content\/uploads\/2019\/07\/gds3m_20190716_bvd-grand-quart-nord-est.gif\" alt=\"\" width=\"201\" height=\"191\" \/><\/a><\/p>\n<p>\u2192 Puis en 2018, il s&rsquo;est d\u00e9ploy\u00e9 au reste des d\u00e9partements de Champagne-Ardennes (Ardennes, Haute-Marne, Aube), dans les Hauts-de-France (Aisne, Somme, Oise, Pas-de-Calais, Nord)\u00a0 et au reste de la Franche-Comt\u00e9 (Doubs, Haute- Sa\u00f4ne, Territoire de Belfort) ;<\/p>\n<p>\u2192 En 2019, toute la r\u00e9gion Bourgogne s&rsquo;est engag\u00e9 \u00e0 un d\u00e9marrage du programme d\u2019\u00e9radication de la BVD d\u00e8s 2020.<\/p>\n<h3><span style=\"color: #56b74f;\">Le principe du programme :<br \/>\n<\/span><\/h3>\n<p><img loading=\"lazy\" class=\"size-full wp-image-1204 alignright\" src=\"http:\/\/gdsreseau3m.com\/wp-content\/uploads\/2018\/06\/1460632819_boucles_2_en_1.jpg\" alt=\"\" width=\"300\" height=\"225\" \/><\/p>\n<p>Ce programme est bas\u00e9 sur le <b>d\u00e9pistage pr\u00e9coce des veaux <\/b>gr\u00e2ce au pr\u00e9l\u00e8vement de cartilage auriculaire lors du bouclage r\u00e9glementaire, avec une boucle sp\u00e9cifique \u00ab\u00a02 en 1\u00a0\u00bb (photo ci-contre).<\/p>\n<p>Le d\u00e9pistage pr\u00e9coce a pour objectif de d\u00e9tecter au plus t\u00f4t les animaux IPI (n\u00e9s avec le virus et infect\u00e9s permanents).<b> D\u00e8s lors, il devient possible de stopper la circulation et l&rsquo;expansion du virus en les sortant au plus vite du troupeau. <\/b>Le d\u00e9pistage n&rsquo;a donc d&rsquo;int\u00e9r\u00eat que s&rsquo;il aboutit \u00e0 la r\u00e9forme rapide des IPI d\u00e9tect\u00e9s.<\/p>\n<h3><span style=\"color: #56b74f;\">Les \u00e9tapes du programme collectif :<br \/>\n<\/span><\/h3>\n<table style=\"height: 754px;\" width=\"636\">\n<tbody>\n<tr>\n<td>\n<div style=\"text-align: center;\"><span style=\"color: #74bd2c;\"><b><u><span style=\"color: #56b74f;\">1re phase &#8211; 2012\/2015<\/span><\/u><\/b><\/span><\/div>\n<div style=\"text-align: center;\"><span style=\"color: #56b74f;\"><b>Sensibilisation des \u00e9leveurs<\/b><\/span><\/div>\n<div><\/div>\n<div style=\"text-align: center;\"><span style=\"color: #396b03; font-family: inherit; font-size: inherit;\">\u2022 Faire comprendre les cons\u00e9quences \u00e9conomiques de la B.V.D.,<\/span><\/div>\n<p style=\"text-align: center;\"><span style=\"color: #396b03;\">\u2022 \u00c9tude \u00e9conomique chiffr\u00e9e,<br \/>\n\u2022 Cons\u00e9quences sur les mortalit\u00e9s,<br \/>\n\u2022 Cons\u00e9quences sur les frais v\u00e9t\u00e9rinaires,<br \/>\n\u2022 Sensibiliser les \u00e9leveurs et les v\u00e9t\u00e9rinaires sur l&rsquo;efficacit\u00e9 de la d\u00e9marche,<br \/>\n\u2022 Tester le dispositif dans les \u00e9levages,<br \/>\n* Pour mettre en place les outils n\u00e9cessaires \u00e0 la gestion<br \/>\n* Pour d\u00e9montrer l&rsquo;efficacit\u00e9 du programme technique<br \/>\n* Pour estimer les moyens n\u00e9cessaires \u00e0 la mise en \u0153uvre<\/span><\/p>\n<\/td>\n<td>\n<div>\n<div style=\"text-align: center;\"><span style=\"color: #008cd2;\"><u><b>2e phase &#8211; 2016\/2020<br \/>\n<\/b><\/u><b>\u00a0<\/b><\/span><span style=\"color: #008cd2;\"><span style=\"color: #008cd2;\"><b>Le d\u00e9pistage <span style=\"color: #008cd2;\">g\u00e9n\u00e9ralis\u00e9<\/span> \u00e0 la naissance<\/b><\/span><\/span><\/div>\n<div><\/div>\n<div style=\"text-align: center;\"><span style=\"color: #043b57; font-family: inherit; font-size: inherit;\">\u2022 D\u00e9ployer la pose des boucles dans tous les \u00e9levages,\u00a0<\/span><\/div>\n<div style=\"text-align: center;\"><span style=\"color: #043b57;\">\u2022 V\u00e9rifier que tous les veaux sont bien d\u00e9pist\u00e9s, y compris les morts-n\u00e9s et avortons, <\/span><br \/>\n<span style=\"color: #043b57;\">\u2022 G\u00e9rer les r\u00e9sultats et les recontr\u00f4les, <\/span><br \/>\n<span style=\"color: #043b57;\">\u2022 Maintenir la pr\u00e9vention vaccinale,<\/span><br \/>\n<span style=\"color: #043b57;\">\u2022 \u00c9liminer rapidement les I.P.I. par abattage ou euthanasie,<\/span><br \/>\n<span style=\"color: #043b57;\">\u2022 Continuer \u00e0 g\u00e9rer les introductions,<\/span><br \/>\n<span style=\"color: #043b57;\">\u2022 2016\/2018 : d\u00e9pistage obligatoire \u00e0 l&rsquo;introduction sauf bovin d\u00e9j\u00e0 NON IPI<\/span><br \/>\n<span style=\"color: #043b57;\">\u00a0\u2022 2018 et apr\u00e8s : interdiction d&rsquo;introduire les bovins sans statut BVD.,<\/span><br \/>\n<span style=\"color: #043b57;\">\u2022 Sensibilisation pour les mises en p\u00e2tures,<\/span><br \/>\n<span style=\"color: #043b57;\">\u2022 Sensibilisation \u00e0 la vaccination avec vaccins \u00ab\u00a0qui ne marquent pas\u00a0\u00bb. <\/span><\/div>\n<div><\/div>\n<div style=\"text-align: center;\">Voir la<a href=\"http:\/\/gdsreseau3m.com\/wp-content\/uploads\/2021\/12\/16532-DOC-PHASE_BD.pdf\"> plaquette explicative du passage en phase de surveillance s\u00e9rologique<\/a><\/div>\n<\/div>\n<\/td>\n<\/tr>\n<tr>\n<td>\n<div style=\"text-align: center;\"><span style=\"color: #901283;\"><u><b>3e phase &#8211; 2020\/2025<br \/>\n<\/b><\/u><b>\u00a0<\/b><\/span><span style=\"color: #901283;\"><b>Les mesures de bio-s\u00e9curit\u00e9 <\/b><\/span><\/div>\n<p style=\"text-align: center;\"><span style=\"color: #4a0743;\">\u2022 Gestion des mises en p\u00e2tures : tous les bovins au parcs devront \u00eatre connus NON IPI,<br \/>\n\u2022 Gestion des introductions hors-zone,<br \/>\n\u2022 Interdiction de la vaccination avec des vaccins \u00ab\u00a0qui marquent\u00a0\u00bb<br \/>\n\u2022 Mise en place du suivi s\u00e9rologique sur les jeunes g\u00e9n\u00e9rations,<br \/>\n\u2022 Confinement des \u00e9levages \u00e0 probl\u00e8me BVD<\/span><\/p>\n<\/td>\n<td>\n<div>\n<p style=\"text-align: center;\"><span style=\"color: #808000;\"><u><b>4e phase &#8211; 2025 et pour toujours &#8230;<br \/>\n<\/b><\/u><b>\u00a0<\/b><\/span><b><span style=\"color: #808000;\">Zone indemne de BVD\u00a0<\/span> <\/b><\/p>\n<p style=\"text-align: center;\"><span style=\"color: #ad7a15; font-family: inherit; font-size: inherit;\">\u2022 Contr\u00f4le des mesures de bios\u00e9curit\u00e9,<br \/>\n<\/span><span style=\"color: #ad7a15; font-family: inherit; font-size: inherit;\">\u2022 Suivi s\u00e9rologique des troupeaux sur lait et sang,<br \/>\n<\/span><span style=\"color: #ad7a15; font-family: inherit; font-size: inherit;\">\u2022 Protection de la Grande R\u00e9gion.<\/span><\/p>\n<\/div>\n<\/td>\n<\/tr>\n<\/tbody>\n<\/table>\n<div>\n<div>\n<h4 style=\"text-align: center;\"><em>Les GDS Meuse, Meurthe-et-Moselle et Moselle sont depuis le d\u00e9but pr\u00e9curseurs de l&rsquo;action collective BVD.<br \/>\n<\/em><\/h4>\n<p><img loading=\"lazy\" class=\"alignnone size-full wp-image-1205\" src=\"http:\/\/gdsreseau3m.com\/wp-content\/uploads\/2018\/06\/1460632935_AFFICHES_BVD-HD4.jpeg\" alt=\"\" width=\"500\" height=\"354\" srcset=\"https:\/\/gdsreseau3m.com\/wp-content\/uploads\/2018\/06\/1460632935_AFFICHES_BVD-HD4.jpeg 500w, https:\/\/gdsreseau3m.com\/wp-content\/uploads\/2018\/06\/1460632935_AFFICHES_BVD-HD4-300x212.jpeg 300w\" sizes=\"(max-width: 500px) 100vw, 500px\" \/> <img loading=\"lazy\" class=\"alignnone size-full wp-image-1206\" src=\"http:\/\/gdsreseau3m.com\/wp-content\/uploads\/2018\/06\/1527163557_Grand_Est_RVB.jpg\" alt=\"\" width=\"200\" height=\"61\" \/><\/p>\n<\/div>\n<\/div>\n<\/div>","protected":false},"excerpt":{"rendered":"<p>La maladieGarantie NON IPIContr\u00f4le des risquesAssainissement individuelAssainissement collectif Nord Est Assainissement collectif : en marche vers l&rsquo;\u00e9radication Objectifs : avoir une zone indemne et faire l&rsquo;\u00e9conomie de la pathologie ! Si les plans de lutte individuels et volontaires propos\u00e9s par les GDS depuis plus de dix ans ont prouv\u00e9 leur efficacit\u00e9 et permettent un assainissement [&hellip;]<\/p>\n","protected":false},"author":1,"featured_media":0,"parent":0,"menu_order":0,"comment_status":"closed","ping_status":"closed","template":"","meta":[],"_links":{"self":[{"href":"https:\/\/gdsreseau3m.com\/index.php?rest_route=\/wp\/v2\/pages\/1165"}],"collection":[{"href":"https:\/\/gdsreseau3m.com\/index.php?rest_route=\/wp\/v2\/pages"}],"about":[{"href":"https:\/\/gdsreseau3m.com\/index.php?rest_route=\/wp\/v2\/types\/page"}],"author":[{"embeddable":true,"href":"https:\/\/gdsreseau3m.com\/index.php?rest_route=\/wp\/v2\/users\/1"}],"replies":[{"embeddable":true,"href":"https:\/\/gdsreseau3m.com\/index.php?rest_route=%2Fwp%2Fv2%2Fcomments&post=1165"}],"version-history":[{"count":33,"href":"https:\/\/gdsreseau3m.com\/index.php?rest_route=\/wp\/v2\/pages\/1165\/revisions"}],"predecessor-version":[{"id":7546,"href":"https:\/\/gdsreseau3m.com\/index.php?rest_route=\/wp\/v2\/pages\/1165\/revisions\/7546"}],"wp:attachment":[{"href":"https:\/\/gdsreseau3m.com\/index.php?rest_route=%2Fwp%2Fv2%2Fmedia&parent=1165"}],"curies":[{"name":"wp","href":"https:\/\/api.w.org\/{rel}","templated":true}]}}