{"id":1162,"date":"2018-06-22T09:17:27","date_gmt":"2018-06-22T07:17:27","guid":{"rendered":"http:\/\/gdsreseau3m.com\/?page_id=1162"},"modified":"2026-04-02T09:48:41","modified_gmt":"2026-04-02T07:48:41","slug":"bovins-bvd-2","status":"publish","type":"page","link":"https:\/\/gdsreseau3m.com\/?page_id=1162","title":{"rendered":"Bovins &#8211; BVD &#8211; Contr\u00f4le des risques"},"content":{"rendered":"<div class=\"mpl-content-wrap\"><h6><img loading=\"lazy\" class=\"alignnone wp-image-333\" src=\"http:\/\/gdsreseau3m.com\/wp-content\/uploads\/2018\/06\/treffleMenu.png\" alt=\"\" width=\"23\" height=\"22\" \/><a href=\"http:\/\/gdsreseau3m.com\/?page_id=419\">La maladie<\/a><img loading=\"lazy\" class=\"alignnone wp-image-333\" src=\"http:\/\/gdsreseau3m.com\/wp-content\/uploads\/2018\/06\/treffleMenu.png\" alt=\"\" width=\"23\" height=\"22\" \/><a href=\"http:\/\/gdsreseau3m.com\/?page_id=1157\">Garantie NON IPI<\/a><a href=\"http:\/\/gdsreseau3m.com\/?page_id=304\"><img loading=\"lazy\" class=\"alignnone wp-image-333\" src=\"http:\/\/gdsreseau3m.com\/wp-content\/uploads\/2018\/06\/treffleMenu.png\" alt=\"\" width=\"23\" height=\"22\" \/><\/a><a href=\"http:\/\/gdsreseau3m.com\/?page_id=1162\">Contr\u00f4le des risques<\/a><a href=\"http:\/\/gdsreseau3m.com\/?page_id=304\"><img loading=\"lazy\" class=\"alignnone wp-image-333\" src=\"http:\/\/gdsreseau3m.com\/wp-content\/uploads\/2018\/06\/treffleMenu.png\" alt=\"\" width=\"23\" height=\"22\" \/><\/a><a href=\"http:\/\/gdsreseau3m.com\/?page_id=1160\">Assainissement individuel<\/a><img loading=\"lazy\" class=\"alignnone wp-image-333\" src=\"http:\/\/gdsreseau3m.com\/wp-content\/uploads\/2018\/06\/treffleMenu.png\" alt=\"\" width=\"23\" height=\"22\" \/><a href=\"http:\/\/gdsreseau3m.com\/?page_id=1165\">Assainissement collectif Nord Est<\/a><\/h6>\n<h1><span style=\"color: #56b74f;\"><img loading=\"lazy\" class=\"alignnone wp-image-749 \" src=\"http:\/\/gdsreseau3m.com\/wp-content\/uploads\/2018\/06\/Bovins1.png\" alt=\"\" width=\"41\" height=\"31\" \/><\/span><span style=\"color: #56b74f;\"> Contr\u00f4le des risques<\/span><\/h1>\n<h3><span style=\"color: #56b74f;\">Ma\u00eetriser les introductions<\/span><\/h3>\n<h4><span style=\"color: #800080;\">&#x25b6; Objectif = ne pas acheter de bovins porteurs du virus <\/span><\/h4>\n<ul>\n<li><b>D\u00e9pistage syst\u00e9matique \u00e0 chaque introduction <\/b>si le bovin n&rsquo;est pas d\u00e9j\u00e0 connu NON-IPI,<\/li>\n<li>Dans tous les cas, <b>quarantaine stricte des animaux<\/b>,<\/li>\n<li><b>Attention aux veaux n\u00e9s de m\u00e8res achet\u00e9es gestantes,<\/b><\/li>\n<li>La BVD n&rsquo;est pas inscrite au vice-r\u00e9dhibitoire, remplissez un <a href=\"http:\/\/gdsreseau3m.com\/wp-content\/uploads\/2021\/12\/BILLET-DE-GARANTIE-CONVENTIONNELLE-v2019_sitegds3m.pdf\">billet de garantie conventionnelle<\/a><\/li>\n<\/ul>\n<div><span style=\"color: #ff6600;\"><b>M\u00eame si vous achetez des animaux d\u00e9j\u00e0 connus \u201cNON-IPI\u201d, une quarantaine \u00e0 l&rsquo;introduction est essentielle pour g\u00e9rer le risque de vir\u00e9mie transitoire.<\/b><\/span><\/div>\n<div><img loading=\"lazy\" class=\"wp-image-1194 aligncenter\" src=\"http:\/\/gdsreseau3m.com\/wp-content\/uploads\/2018\/06\/C1501507467_DSC05646.jpg\" alt=\"\" width=\"418\" height=\"257\" srcset=\"https:\/\/gdsreseau3m.com\/wp-content\/uploads\/2018\/06\/C1501507467_DSC05646.jpg 480w, https:\/\/gdsreseau3m.com\/wp-content\/uploads\/2018\/06\/C1501507467_DSC05646-300x184.jpg 300w\" sizes=\"(max-width: 418px) 100vw, 418px\" \/><\/div>\n<h3><span style=\"color: #56b74f;\">Les boucles pr\u00e9leveuses de cartilage<br \/>\n<\/span><\/h3>\n<h4><span style=\"color: #800080;\">&#x25b6; Objectifs = conna\u00eetre le statut BVD des veaux nouveaux-n\u00e9s<br \/>\n<\/span><\/h4>\n<p><img loading=\"lazy\" class=\" wp-image-1197 alignleft\" src=\"http:\/\/gdsreseau3m.com\/wp-content\/uploads\/2018\/06\/1403695475_bouclage_bouton_allflex.jpg\" alt=\"\" width=\"217\" height=\"323\" srcset=\"https:\/\/gdsreseau3m.com\/wp-content\/uploads\/2018\/06\/1403695475_bouclage_bouton_allflex.jpg 301w, https:\/\/gdsreseau3m.com\/wp-content\/uploads\/2018\/06\/1403695475_bouclage_bouton_allflex-202x300.jpg 202w\" sizes=\"(max-width: 217px) 100vw, 217px\" \/><\/p>\n<ul>\n<li>Pour ne pas g\u00e2cher du temps et de l&rsquo;argent \u00e0 \u00e9lever, nourrir et soigner un veau IPI qui n&rsquo;a aucune valeur commerciale et qui propage le virus au troupeau &#8230;<\/li>\n<li>Pour intervenir rapidement plut\u00f4t que subir les d\u00e9g\u00e2ts de la maladie = retards de croissance, avortements, \u00e9checs de traitements, mortalit\u00e9s, probl\u00e8mes de reproduction, maladies des jeunes veaux &#8230;<\/li>\n<li>Pour une plus-value commerciale d\u00e9s le plus jeune \u00e2ge gr\u00e2ce au statut NON IPI d\u00e8s la naissance<\/li>\n<\/ul>\n<div>\n<div>\n<div><b>Les GDS de la zone Sanit\u00e9a (Grand quart nord est) mettent en oeuvre conjointement un plan d&rsquo;action pour lutter collectivement contre la BVD<\/b>, <strong>dont la premi\u00e8re phase est le bouclage et l&rsquo;analyse syst\u00e9matique \u00e0 la naissance.<\/strong><\/div>\n<div><b>&#x25b6; Plus d&rsquo;informations, consulter le site : <a href=\"http:\/\/contrelabvd.com\/\" target=\"_blank\" rel=\"noopener noreferrer\">contrelabvd.com<\/a><\/b><\/div>\n<div><a href=\"https:\/\/contrelabvd.com\/\"><img loading=\"lazy\" class=\"wp-image-2416 alignleft\" src=\"http:\/\/gdsreseau3m.com\/wp-content\/uploads\/2018\/07\/LOGO-BVD.jpg\" alt=\"\" width=\"174\" height=\"117\" srcset=\"https:\/\/gdsreseau3m.com\/wp-content\/uploads\/2018\/07\/LOGO-BVD.jpg 743w, https:\/\/gdsreseau3m.com\/wp-content\/uploads\/2018\/07\/LOGO-BVD-300x202.jpg 300w\" sizes=\"(max-width: 174px) 100vw, 174px\" \/><\/a><\/div>\n<\/div>\n<div>\n<h3><span style=\"color: #56b74f;\">Les sondages s\u00e9rologiques<\/span><\/h3>\n<h4><span style=\"color: #800080;\">&#x25b6; Objectifs : rep\u00e9rer une circulation virale pass\u00e9e<\/span><\/h4>\n<p>Afin de surveiller l&rsquo;absence de circulation virale, il est demand\u00e9 \u00e0 chaque \u00e9leveur de nos d\u00e9partements de r\u00e9alis\u00e9 un sondage s\u00e9rologique sur leur troupeau. La fr\u00e9quence est d\u00e9finie en fonction :<\/p>\n<ul>\n<li>\n<h2><\/h2>\n<p><strong>\u00c9levage laitier<\/strong> : le sondage se fait sur lait de tank de grand m\u00e9lange \u00e0 un rythme bisannuel ou trimestriel, si l&rsquo;\u00e9levage n&rsquo;a pas mis en place de vaccination sur ses animaux.<\/li>\n<li><strong>\u00c9levage allaitant ou \u00e9levage laitier qui vaccine<\/strong> : le sondage se fait par prise de sang lors de la prophylaxie sur les jeunes animaux (nombre repr\u00e9sentatif).<\/li>\n<\/ul>\n<p>Un sondage s\u00e9rologique favorable permet, entre autres conditions, de pouvoir lever la recherche virologique \u00e0 la naissance par pr\u00e9l\u00e8vement de cartilage au moment du bouclage.<\/p>\n<p>Renseignez vous aupr\u00e8s de votre GDS.<\/p>\n<p><a href=\"http:\/\/gdsreseau3m.com\/wp-content\/uploads\/2023\/02\/Bovins-pature-cloture-Julien-Anderbourg-2.jpg\"><img loading=\"lazy\" class=\"alignnone wp-image-6486 size-large\" src=\"http:\/\/gdsreseau3m.com\/wp-content\/uploads\/2023\/02\/Bovins-pature-cloture-Julien-Anderbourg-2-1024x680.jpg\" alt=\"\" width=\"1024\" height=\"680\" srcset=\"https:\/\/gdsreseau3m.com\/wp-content\/uploads\/2023\/02\/Bovins-pature-cloture-Julien-Anderbourg-2-1024x680.jpg 1024w, https:\/\/gdsreseau3m.com\/wp-content\/uploads\/2023\/02\/Bovins-pature-cloture-Julien-Anderbourg-2-300x199.jpg 300w, https:\/\/gdsreseau3m.com\/wp-content\/uploads\/2023\/02\/Bovins-pature-cloture-Julien-Anderbourg-2-768x510.jpg 768w, https:\/\/gdsreseau3m.com\/wp-content\/uploads\/2023\/02\/Bovins-pature-cloture-Julien-Anderbourg-2-1536x1021.jpg 1536w, https:\/\/gdsreseau3m.com\/wp-content\/uploads\/2023\/02\/Bovins-pature-cloture-Julien-Anderbourg-2-2048x1361.jpg 2048w\" sizes=\"(max-width: 1024px) 100vw, 1024px\" \/><\/a><\/p>\n<\/div>\n<div>\n<h3><span style=\"color: #56b74f;\">Vaccination<\/span><\/h3>\n<\/div>\n<p>La vaccination est conseill\u00e9e d\u00e8s que les facteurs de risques ne peuvent \u00eatre totalement maitris\u00e9s par les mesures sanitaires (voisinage \u00e0 risque, &#8230;).<i><br \/>\n<\/i><\/p>\n<p>Plusieurs vaccins existent actuellement en France. Le protocole vaccinal doit \u00eatre \u00e9tabli par le v\u00e9t\u00e9rinaire, en fonction de l&rsquo;AMM du vaccin, des objectifs poursuivis et de la conduite du troupeau. Il doit \u00eatre le plus simple possible, pour \u00e9viter les oublis, mais tout en conservant une efficacit\u00e9 maximale.<\/p>\n<h4><span style=\"color: #800080;\">&#x25b6; Objectif : Prot\u00e9ger les gestations pour \u00e9viter la cr\u00e9ation d&rsquo;IPI et les autres cons\u00e9quences de l&rsquo;infection<\/span><\/h4>\n<div>\n<ul>\n<li>Sur les femelles reproductrices, <b><u>avant la mise \u00e0 la reproduction<\/u>,<\/b><\/li>\n<li>Pr\u00e9f\u00e9rez un vaccin <u><b>\u00e0 protection foetale,<\/b><\/u><\/li>\n<li>Il est indispensable de respecter la notice du produit et les bonnes pratiques de vaccination. Si tous les vaccins sont efficaces, ce n&rsquo;est pas le cas de toutes les vaccinations\u00a0!<\/li>\n<li>PAS D&rsquo;IMPASSE SUR LES RAPPELS <b>(1 gestation = 1 injection) <\/b>et <b>ne pas oublier les g\u00e9nisses <\/b>avant ou apr\u00e8s leur premier v\u00ealage (quand les vaches sont vaccin\u00e9es au tarissement, les g\u00e9nisses sont parfois oubli\u00e9es &#8230;)<i><b><br \/>\n<\/b><\/i><\/li>\n<\/ul>\n<\/div>\n<p><span style=\"color: #ff6600;\"><b>En cas de circulation virale, le d\u00e9pistage et l&rsquo;\u00e9limination des IPI est LA mesure indispensable \u00e0 mettre en \u0153uvre en parall\u00e8le d&rsquo;une vaccination.<\/b><\/span><\/p>\n<h4><span style=\"color: #800080;\">&#x25b6; Les vaccins commercialis\u00e9s en France *<\/span><\/h4>\n<\/div>\n<div>\n<table width=\"100%\">\n<tbody>\n<tr>\n<td><span style=\"color: #765bd2;\"><b><span style=\"color: #3366ff;\">Mucosiffa\u00ae\u00a0<\/span>\u00a0 <\/b><b><br \/>\n<\/b><\/span><\/td>\n<td>\u2022 Vaccin \u00e0 virus vivant att\u00e9nu\u00e9, \u00e0 faire en IM,<br \/>\n\u2022 Primo-vaccination en 1 seule injection, au plus tard 1 mois avant la mise \u00e0 la reproduction,<br \/>\n\u2022 Rappel\u00a0 : 1 injection 2 \u00e0 6 semaines avant la mise-bas,<br \/>\n\u2022 Protection f\u0153tale,<br \/>\n\u2022 Le vaccin peut \u00eatre utilis\u00e9 pendant la gestation et la lactation,<br \/>\n\u2022 Dur\u00e9e d&rsquo;immunit\u00e9 : 1 an<br \/>\n\u2022 Rappel annuel.<br \/>\n<i>Remarque : les bovins vaccin\u00e9s r\u00e9agiront positivement \u00e0 une recherche s\u00e9rologique sanguine ou sur lait.<\/i><\/td>\n<\/tr>\n<tr>\n<td><span style=\"color: #3366ff;\"><b>Bovilis BVD\u00ae<\/b><\/span><\/p>\n<p>&nbsp;<\/td>\n<td>\u2022 Vaccin \u00e0 virus inactiv\u00e9, \u00e0 faire en IM,<br \/>\n\u2022 Primo-vaccination en 2 injections \u00e0 4 semaines d&rsquo;intervalle,<br \/>\n\u2022 Protection foetale si 2\u00e8me injection de primo-vaccination faite au moins 4 semaines avant le d\u00e9but de la gestation,<br \/>\n\u2022 Rappels suivants au moins 4 semaines avant le d\u00e9but de la gestation suivante,<br \/>\n\u2022 Autre protocole : vaccination du troupeau \u00e0 date fixe tous les 6 mois (ind\u00e9pendamment du stade de gestation).<br \/>\n<i>Remarque : les bovins vaccin\u00e9s r\u00e9agiront positivement \u00e0 une recherche s\u00e9rologique sanguine ou sur lait.<\/i><\/td>\n<\/tr>\n<tr>\n<td valign=\"top\"><span style=\"color: #3366ff;\"><b>Bovela<\/b><b>\u00ae<\/b><\/span><\/td>\n<td valign=\"top\">\u2022 Vaccin \u00e0 virus vivant modifi\u00e9 (2 souches : BVD type 1 et type 2), \u00e0 faire en IM,<br \/>\n\u2022 Primo-vaccination en 1 seule injection au moins 3 semaines avant la mise \u00e0 la reproduction,<br \/>\n\u2022 Rappel annuel,<br \/>\n\u2022 Protection foetale,<br \/>\n\u2022 Vaccination pendant la gestation : \u00e0 voir au cas par cas avec le v\u00e9t\u00e9rinaire,<br \/>\n\u2022 Peut \u00eatre utilis\u00e9 pendant la lactation,<br \/>\n\u2022 Ne pas vacciner les taureaux reproducteurs.<br \/>\n<i>Remarque : les bovins vaccin\u00e9s r\u00e9agiront positivement \u00e0 une recherche s\u00e9rologique sanguine ou sur lait.<\/i><\/td>\n<\/tr>\n<tr>\n<td valign=\"top\"><b><span style=\"color: #765bd2;\"><span style=\"color: #3366ff;\">Rispoval BVD\u00ae<\/span> <\/span><\/b><i><b><br \/>\n<\/b><\/i><\/td>\n<td valign=\"top\">\u2022 Vaccin \u00e0 virus vivant att\u00e9nu\u00e9, \u00e0 faire en IM,<br \/>\n\u2022 Primo-vaccination en 2 injections \u00e0 3 semaines d&rsquo;intervalle,<br \/>\n\u2022 Rappel annuel,<br \/>\n\u2022 PAS de protection foetale,<br \/>\nla vaccination durant la gestation n&rsquo;est pas recommand\u00e9e.<br \/>\n<i>Remarque : les bovins vaccin\u00e9s ne r\u00e9agiront pas \u00e0 une recherche s\u00e9rologique sanguine ou sur lait.<\/i><\/td>\n<\/tr>\n<\/tbody>\n<\/table>\n<\/div>\n<div>\n<div>\n<p><em>*\u00a0: sous r\u00e9serve de modification des AMM ; pour plus d&rsquo;informations, se r\u00e9f\u00e9rer au RCP de chaque vaccin.<\/em><\/p>\n<\/div>\n<div><em>M\u00e9dicament v\u00e9t\u00e9rinaire &#8211; demander conseil \u00e0 votre v\u00e9t\u00e9rinaire &#8211; lire attentivement la notice.<\/em><\/div>\n<\/div>\n<h3><span style=\"color: #56b74f;\">Mesures de bios\u00e9curit\u00e9<\/span><\/h3>\n<div>\n<ul>\n<li>Soyez attentifs aux divagations : entretien des cl\u00f4tures, r\u00e9alisation de contr\u00f4les en cas de m\u00e9langes fortuits d&rsquo;animaux,<\/li>\n<li>Installez des double-cl\u00f4tures en cas de voisinage \u00e0 risque \u00e0 c\u00f4t\u00e9 de vos reproductrices pleines,<\/li>\n<li>Nettoyage et d\u00e9sinfection du mat\u00e9riel d&rsquo;\u00e9levage emprunt\u00e9,<\/li>\n<li>Mise en place d&rsquo;un p\u00e9diluve pour les visiteurs.<\/li>\n<\/ul>\n<p>Ces mesures de bios\u00e9curit\u00e9 vous prot\u00e8gent \u00e9galement contre d&rsquo;autre maladie virale comme l&rsquo;IBR\u00a0par exemple.<br \/>\n<a href=\"http:\/\/gdsreseau3m.com\/wp-content\/uploads\/2018\/06\/1404475241_Article_de_presse_Mise_a_l__herbe_Prevenir_les_contaminations_virales.pdf\" target=\"_blank\" rel=\"noopener noreferrer\">T\u00e9l\u00e9charger l&rsquo;article :<i> Mise en p\u00e2ture : pr\u00e9venir les contaminations virales &#8211; 2014 :<\/i><\/a><br \/>\n<a href=\"http:\/\/gdsreseau3m.com\/wp-content\/uploads\/2018\/06\/1404475241_Article_de_presse_Mise_a_l__herbe_Prevenir_les_contaminations_virales.pdf\" target=\"_blank\" rel=\"noopener noreferrer\"><img loading=\"lazy\" class=\"alignnone wp-image-1191 size-full\" src=\"http:\/\/gdsreseau3m.com\/wp-content\/uploads\/2018\/06\/1404475241_Article_de_presse_Mise_a_l__herbe_Prevenir_les_contaminations_virales-icon.png\" alt=\"\" width=\"114\" height=\"157\" \/><\/a><\/p>\n<\/div>\n<\/div>","protected":false},"excerpt":{"rendered":"<p>La maladieGarantie NON IPIContr\u00f4le des risquesAssainissement individuelAssainissement collectif Nord Est Contr\u00f4le des risques Ma\u00eetriser les introductions &#x25b6; Objectif = ne pas acheter de bovins porteurs du virus D\u00e9pistage syst\u00e9matique \u00e0 chaque introduction si le bovin n&rsquo;est pas d\u00e9j\u00e0 connu NON-IPI, Dans tous les cas, quarantaine stricte des animaux, Attention aux veaux n\u00e9s de m\u00e8res achet\u00e9es [&hellip;]<\/p>\n","protected":false},"author":1,"featured_media":0,"parent":0,"menu_order":0,"comment_status":"closed","ping_status":"closed","template":"","meta":[],"_links":{"self":[{"href":"https:\/\/gdsreseau3m.com\/index.php?rest_route=\/wp\/v2\/pages\/1162"}],"collection":[{"href":"https:\/\/gdsreseau3m.com\/index.php?rest_route=\/wp\/v2\/pages"}],"about":[{"href":"https:\/\/gdsreseau3m.com\/index.php?rest_route=\/wp\/v2\/types\/page"}],"author":[{"embeddable":true,"href":"https:\/\/gdsreseau3m.com\/index.php?rest_route=\/wp\/v2\/users\/1"}],"replies":[{"embeddable":true,"href":"https:\/\/gdsreseau3m.com\/index.php?rest_route=%2Fwp%2Fv2%2Fcomments&post=1162"}],"version-history":[{"count":37,"href":"https:\/\/gdsreseau3m.com\/index.php?rest_route=\/wp\/v2\/pages\/1162\/revisions"}],"predecessor-version":[{"id":7548,"href":"https:\/\/gdsreseau3m.com\/index.php?rest_route=\/wp\/v2\/pages\/1162\/revisions\/7548"}],"wp:attachment":[{"href":"https:\/\/gdsreseau3m.com\/index.php?rest_route=%2Fwp%2Fv2%2Fmedia&parent=1162"}],"curies":[{"name":"wp","href":"https:\/\/api.w.org\/{rel}","templated":true}]}}