{"id":1160,"date":"2018-06-22T09:17:06","date_gmt":"2018-06-22T07:17:06","guid":{"rendered":"http:\/\/gdsreseau3m.com\/?page_id=1160"},"modified":"2026-04-02T09:48:55","modified_gmt":"2026-04-02T07:48:55","slug":"bovins-bvd-assainissement","status":"publish","type":"page","link":"https:\/\/gdsreseau3m.com\/?page_id=1160","title":{"rendered":"Bovins &#8211; BVD &#8211; Assainissement individuel"},"content":{"rendered":"<div class=\"mpl-content-wrap\"><h6><img loading=\"lazy\" class=\"alignnone wp-image-333\" src=\"http:\/\/gdsreseau3m.com\/wp-content\/uploads\/2018\/06\/treffleMenu.png\" alt=\"\" width=\"23\" height=\"22\" \/><a href=\"http:\/\/gdsreseau3m.com\/?page_id=419\">La maladie<\/a><img loading=\"lazy\" class=\"alignnone wp-image-333\" src=\"http:\/\/gdsreseau3m.com\/wp-content\/uploads\/2018\/06\/treffleMenu.png\" alt=\"\" width=\"23\" height=\"22\" \/><a href=\"http:\/\/gdsreseau3m.com\/?page_id=1157\">Garantie NON IPI<\/a><a href=\"http:\/\/gdsreseau3m.com\/?page_id=304\"><img loading=\"lazy\" class=\"alignnone wp-image-333\" src=\"http:\/\/gdsreseau3m.com\/wp-content\/uploads\/2018\/06\/treffleMenu.png\" alt=\"\" width=\"23\" height=\"22\" \/><\/a><a href=\"http:\/\/gdsreseau3m.com\/?page_id=1162\">Contr\u00f4le des risques<\/a><a href=\"http:\/\/gdsreseau3m.com\/?page_id=304\"><img loading=\"lazy\" class=\"alignnone wp-image-333\" src=\"http:\/\/gdsreseau3m.com\/wp-content\/uploads\/2018\/06\/treffleMenu.png\" alt=\"\" width=\"23\" height=\"22\" \/><\/a><a href=\"http:\/\/gdsreseau3m.com\/?page_id=1160\">Assainissement individuel<\/a><img loading=\"lazy\" class=\"alignnone wp-image-333\" src=\"http:\/\/gdsreseau3m.com\/wp-content\/uploads\/2018\/06\/treffleMenu.png\" alt=\"\" width=\"23\" height=\"22\" \/><a href=\"http:\/\/gdsreseau3m.com\/?page_id=1165\">Assainissement collectif Nord Est<\/a><\/h6>\n<h1><span style=\"color: #56b74f;\"><img loading=\"lazy\" class=\"alignnone wp-image-749 \" src=\"http:\/\/gdsreseau3m.com\/wp-content\/uploads\/2018\/06\/Bovins1.png\" alt=\"\" width=\"50\" height=\"37\" \/><\/span><span style=\"color: #56b74f;\"> Assainissement individuel<\/span><\/h1>\n<h3><span style=\"color: #56b74f;\">Modalit\u00e9s du plan de lutte individuel<\/span><\/h3>\n<p>Un soutien pour l&rsquo;\u00e9limination de la maladie dans un cheptel infect\u00e9.<span style=\"color: #74bd2c;\"><u><br \/>\n<\/u><\/span><\/p>\n<h4><span style=\"color: #ff6600;\"><span style=\"color: #800080;\">&#x25b6; Dans quels cas ?<\/span> <\/span><\/h4>\n<div>\n<ul>\n<li>La pr\u00e9sence du virus est confirm\u00e9e dans l&rsquo;\u00e9levage <i>(r\u00e9sultat de boucle positif, vente de bovin positif, etc.) <\/i>?<i><br \/>\n<\/i><\/li>\n<li>Vous suspectez la BVD dans votre \u00e9levage ?<\/li>\n<\/ul>\n<p>Les GDS vous proposent un <b>plan de lutte volontaire<\/b> pour assainir rapidement votre troupeau. Ce protocole se r\u00e9alise avec votre v\u00e9t\u00e9rinaire et votre GDS, apr\u00e8s votre accord et engagement volontaire.<\/p>\n<\/div>\n<h4><span style=\"color: #800080;\">&#x25b6; Pour que cela fonctionne il faut &#8230; : <\/span><\/h4>\n<ul>\n<li>D\u00e9pister tous les animaux \u00e0 risque<i> (liste d\u00e9finie avec le GDS),<\/i><\/li>\n<li>\u00c9liminer rapidement tous les bovins confirm\u00e9s IPI <em>(en fonction des GDS, une subvention forfaitaire peut \u00eatre accord\u00e9e pour l&rsquo;\u00e9limination des IPI &#8211; renseignez-vous),<\/em><\/li>\n<li>Mettre en place une protection vaccinale du cheptel reproducteur pour \u00e9viter la cr\u00e9ation de nouveaux IPI\u00a0<i>(vaccin \u00e0 protection foetale),<\/i><\/li>\n<li>Contr\u00f4ler syst\u00e9matiquement tous les bovins introduits,<\/li>\n<li>Contr\u00f4ler syst\u00e9matiquement tous les veaux nouveaux-n\u00e9s par pr\u00e9l\u00e8vement auriculaire <i>(frais d&rsquo;analyse \u00e0 la charge du GDS)<\/i>.<\/li>\n<\/ul>\n<p><span style=\"color: #008cd2;\"><b>\u00a0La bonne r\u00e9ussite d&rsquo;un assainissement repose sur le d\u00e9pistage et l&rsquo;\u00e9limination des animaux IPI et sur la ma\u00eetrise des risques de contamination des gestantes.<\/b><\/span><\/p>\n<p><img loading=\"lazy\" class=\"alignnone size-full wp-image-1188\" src=\"http:\/\/gdsreseau3m.com\/wp-content\/uploads\/2018\/06\/1461585367_boucle_bvd_1.jpg\" alt=\"\" width=\"341\" height=\"457\" srcset=\"https:\/\/gdsreseau3m.com\/wp-content\/uploads\/2018\/06\/1461585367_boucle_bvd_1.jpg 341w, https:\/\/gdsreseau3m.com\/wp-content\/uploads\/2018\/06\/1461585367_boucle_bvd_1-224x300.jpg 224w\" sizes=\"(max-width: 341px) 100vw, 341px\" \/><\/p>\n<\/div>","protected":false},"excerpt":{"rendered":"<p>La maladieGarantie NON IPIContr\u00f4le des risquesAssainissement individuelAssainissement collectif Nord Est Assainissement individuel Modalit\u00e9s du plan de lutte individuel Un soutien pour l&rsquo;\u00e9limination de la maladie dans un cheptel infect\u00e9. &#x25b6; Dans quels cas ? La pr\u00e9sence du virus est confirm\u00e9e dans l&rsquo;\u00e9levage (r\u00e9sultat de boucle positif, vente de bovin positif, etc.) ? Vous suspectez la [&hellip;]<\/p>\n","protected":false},"author":1,"featured_media":0,"parent":0,"menu_order":0,"comment_status":"closed","ping_status":"closed","template":"","meta":[],"_links":{"self":[{"href":"https:\/\/gdsreseau3m.com\/index.php?rest_route=\/wp\/v2\/pages\/1160"}],"collection":[{"href":"https:\/\/gdsreseau3m.com\/index.php?rest_route=\/wp\/v2\/pages"}],"about":[{"href":"https:\/\/gdsreseau3m.com\/index.php?rest_route=\/wp\/v2\/types\/page"}],"author":[{"embeddable":true,"href":"https:\/\/gdsreseau3m.com\/index.php?rest_route=\/wp\/v2\/users\/1"}],"replies":[{"embeddable":true,"href":"https:\/\/gdsreseau3m.com\/index.php?rest_route=%2Fwp%2Fv2%2Fcomments&post=1160"}],"version-history":[{"count":12,"href":"https:\/\/gdsreseau3m.com\/index.php?rest_route=\/wp\/v2\/pages\/1160\/revisions"}],"predecessor-version":[{"id":7549,"href":"https:\/\/gdsreseau3m.com\/index.php?rest_route=\/wp\/v2\/pages\/1160\/revisions\/7549"}],"wp:attachment":[{"href":"https:\/\/gdsreseau3m.com\/index.php?rest_route=%2Fwp%2Fv2%2Fmedia&parent=1160"}],"curies":[{"name":"wp","href":"https:\/\/api.w.org\/{rel}","templated":true}]}}