{"id":1157,"date":"2018-06-22T09:16:32","date_gmt":"2018-06-22T07:16:32","guid":{"rendered":"http:\/\/gdsreseau3m.com\/?page_id=1157"},"modified":"2026-04-02T09:49:18","modified_gmt":"2026-04-02T07:49:18","slug":"bovins-bvd-garantie-non-ipi","status":"publish","type":"page","link":"https:\/\/gdsreseau3m.com\/?page_id=1157","title":{"rendered":"Bovins &#8211; BVD &#8211; Garantie non IPI"},"content":{"rendered":"<div class=\"mpl-content-wrap\"><h6><img loading=\"lazy\" class=\"alignnone wp-image-333\" src=\"http:\/\/gdsreseau3m.com\/wp-content\/uploads\/2018\/06\/treffleMenu.png\" alt=\"\" width=\"23\" height=\"22\" \/><a href=\"http:\/\/gdsreseau3m.com\/?page_id=419\">La maladie<\/a><img loading=\"lazy\" class=\"alignnone wp-image-333\" src=\"http:\/\/gdsreseau3m.com\/wp-content\/uploads\/2018\/06\/treffleMenu.png\" alt=\"\" width=\"23\" height=\"22\" \/><a href=\"http:\/\/gdsreseau3m.com\/?page_id=1157\">Garantie NON IPI<\/a><a href=\"http:\/\/gdsreseau3m.com\/?page_id=304\"><img loading=\"lazy\" class=\"alignnone wp-image-333\" src=\"http:\/\/gdsreseau3m.com\/wp-content\/uploads\/2018\/06\/treffleMenu.png\" alt=\"\" width=\"23\" height=\"22\" \/><\/a><a href=\"http:\/\/gdsreseau3m.com\/?page_id=1162\">Contr\u00f4le des risques<\/a><a href=\"http:\/\/gdsreseau3m.com\/?page_id=304\"><img loading=\"lazy\" class=\"alignnone wp-image-333\" src=\"http:\/\/gdsreseau3m.com\/wp-content\/uploads\/2018\/06\/treffleMenu.png\" alt=\"\" width=\"23\" height=\"22\" \/><\/a><a href=\"http:\/\/gdsreseau3m.com\/?page_id=1160\">Assainissement individuel<\/a><img loading=\"lazy\" class=\"alignnone wp-image-333\" src=\"http:\/\/gdsreseau3m.com\/wp-content\/uploads\/2018\/06\/treffleMenu.png\" alt=\"\" width=\"23\" height=\"22\" \/><a href=\"http:\/\/gdsreseau3m.com\/?page_id=1165\">Assainissement collectif Nord Est<\/a><\/h6>\n<h1><span style=\"color: #56b74f;\"><img loading=\"lazy\" class=\"alignnone wp-image-749 \" src=\"http:\/\/gdsreseau3m.com\/wp-content\/uploads\/2018\/06\/Bovins1.png\" alt=\"\" width=\"58\" height=\"43\" \/><\/span><span style=\"color: #56b74f;\">La garantie \u201cBovin NON-IPI\u201d<\/span><\/h1>\n<ul>\n<li>La garantie \u00ab\u00a0bovin NON-IPI\u00a0\u00bb est une garantie A VIE<\/li>\n<li>C&rsquo;est une garantie \u00e0 l&rsquo;animal et non au cheptel<\/li>\n<li>C&rsquo;est une garantie pour l&rsquo;acheteur et un avantage commercial pour le vendeur<\/li>\n<\/ul>\n<h4><span style=\"color: #ff6600;\"><span style=\"color: #800080;\">&#x25b6; Comment l&rsquo;acqu\u00e9rir ?<\/span><br \/>\n<\/span><\/h4>\n<table style=\"height: 171px;\" width=\"568\">\n<tbody>\n<tr>\n<td>\n<p style=\"text-align: center;\"><strong>\u00a0Gr\u00e2ce au d\u00e9pistage sanguin<br \/>\n<\/strong><\/p>\n<\/td>\n<td>\n<p style=\"text-align: center;\"><strong>Gr\u00e2ce \u00e0 la boucle de pr\u00e9l\u00e8vement 2 en 1<\/strong><\/p>\n<\/td>\n<\/tr>\n<tr>\n<td>\n<p style=\"text-align: center;\">Attestation papier sur demande aupr\u00e8s de votre GDS<\/p>\n<p><a href=\"http:\/\/gdsreseau3m.com\/wp-content\/uploads\/2024\/02\/Prise-de-sang_GDS54_issu-film-AG.png\"><img loading=\"lazy\" class=\"wp-image-6831 size-thumbnail aligncenter\" src=\"http:\/\/gdsreseau3m.com\/wp-content\/uploads\/2024\/02\/Prise-de-sang_GDS54_issu-film-AG-150x150.png\" alt=\"\" width=\"150\" height=\"150\" \/><\/a><\/td>\n<td>\n<p style=\"text-align: center;\">\u00a0Par l&rsquo;\u00e9leveur, d\u00e8s la naissance, pour la vie !<\/p>\n<p><b><img loading=\"lazy\" class=\"size-full wp-image-1184 aligncenter\" src=\"http:\/\/gdsreseau3m.com\/wp-content\/uploads\/2018\/06\/1501590906_boucle-prelevement.jpg\" alt=\"\" width=\"139\" height=\"104\" \/><\/b><\/td>\n<\/tr>\n<\/tbody>\n<\/table>\n<p><a href=\"http:\/\/gdsreseau3m.com\/wp-content\/uploads\/2018\/06\/AttestationNonIPI_Synthese_referentiel_technqique.pdf\" target=\"_blank\" rel=\"noopener noreferrer\">Voir le r\u00e9f\u00e9rentiel technique pour la garantie (synth\u00e8se) :<\/a><\/p>\n<p><a href=\"http:\/\/gdsreseau3m.com\/wp-content\/uploads\/2018\/06\/AttestationNonIPI_Synthese_referentiel_technqique.pdf\" target=\"_blank\" rel=\"noopener noreferrer\"><img loading=\"lazy\" class=\"alignnone wp-image-1179 size-full\" src=\"http:\/\/gdsreseau3m.com\/wp-content\/uploads\/2018\/06\/AttestationNonIPI_Synthese_referentiel_technqique-icon.png\" alt=\"\" width=\"108\" height=\"153\" \/><\/a><\/p>\n<p><img loading=\"lazy\" class=\"alignnone size-full wp-image-1182\" src=\"http:\/\/gdsreseau3m.com\/wp-content\/uploads\/2018\/06\/1501581704_2013_IMG_4660.jpg\" alt=\"\" width=\"1000\" height=\"604\" srcset=\"https:\/\/gdsreseau3m.com\/wp-content\/uploads\/2018\/06\/1501581704_2013_IMG_4660.jpg 1000w, https:\/\/gdsreseau3m.com\/wp-content\/uploads\/2018\/06\/1501581704_2013_IMG_4660-300x181.jpg 300w, https:\/\/gdsreseau3m.com\/wp-content\/uploads\/2018\/06\/1501581704_2013_IMG_4660-768x464.jpg 768w\" sizes=\"(max-width: 1000px) 100vw, 1000px\" \/><\/p>\n<\/div>","protected":false},"excerpt":{"rendered":"<p>La maladieGarantie NON IPIContr\u00f4le des risquesAssainissement individuelAssainissement collectif Nord Est La garantie \u201cBovin NON-IPI\u201d La garantie \u00ab\u00a0bovin NON-IPI\u00a0\u00bb est une garantie A VIE C&rsquo;est une garantie \u00e0 l&rsquo;animal et non au cheptel C&rsquo;est une garantie pour l&rsquo;acheteur et un avantage commercial pour le vendeur &#x25b6; Comment l&rsquo;acqu\u00e9rir ? \u00a0Gr\u00e2ce au d\u00e9pistage sanguin Gr\u00e2ce \u00e0 la [&hellip;]<\/p>\n","protected":false},"author":1,"featured_media":0,"parent":0,"menu_order":0,"comment_status":"closed","ping_status":"closed","template":"","meta":[],"_links":{"self":[{"href":"https:\/\/gdsreseau3m.com\/index.php?rest_route=\/wp\/v2\/pages\/1157"}],"collection":[{"href":"https:\/\/gdsreseau3m.com\/index.php?rest_route=\/wp\/v2\/pages"}],"about":[{"href":"https:\/\/gdsreseau3m.com\/index.php?rest_route=\/wp\/v2\/types\/page"}],"author":[{"embeddable":true,"href":"https:\/\/gdsreseau3m.com\/index.php?rest_route=\/wp\/v2\/users\/1"}],"replies":[{"embeddable":true,"href":"https:\/\/gdsreseau3m.com\/index.php?rest_route=%2Fwp%2Fv2%2Fcomments&post=1157"}],"version-history":[{"count":18,"href":"https:\/\/gdsreseau3m.com\/index.php?rest_route=\/wp\/v2\/pages\/1157\/revisions"}],"predecessor-version":[{"id":7550,"href":"https:\/\/gdsreseau3m.com\/index.php?rest_route=\/wp\/v2\/pages\/1157\/revisions\/7550"}],"wp:attachment":[{"href":"https:\/\/gdsreseau3m.com\/index.php?rest_route=%2Fwp%2Fv2%2Fmedia&parent=1157"}],"curies":[{"name":"wp","href":"https:\/\/api.w.org\/{rel}","templated":true}]}}