{"id":1046,"date":"2018-06-21T14:49:08","date_gmt":"2018-06-21T12:49:08","guid":{"rendered":"http:\/\/gdsreseau3m.com\/?page_id=1046"},"modified":"2024-02-26T17:26:20","modified_gmt":"2024-02-26T16:26:20","slug":"ovins-information-et-reglementation-transmission-des-ica","status":"publish","type":"page","link":"https:\/\/gdsreseau3m.com\/?page_id=1046","title":{"rendered":"Ovins \u2013 R\u00e9glementation &#8211; Transmission des ICA"},"content":{"rendered":"<div class=\"mpl-content-wrap\"><h6><a href=\"http:\/\/gdsreseau3m.com\/?page_id=304\"><img loading=\"lazy\" class=\"alignnone wp-image-333\" src=\"http:\/\/gdsreseau3m.com\/wp-content\/uploads\/2018\/06\/treffleMenu.png\" alt=\"\" width=\"23\" height=\"22\" \/><\/a><a href=\"http:\/\/gdsreseau3m.com\/?page_id=3004\">D\u00e9claration de d\u00e9tention<\/a> <a href=\"http:\/\/gdsreseau3m.com\/?page_id=304\"><img loading=\"lazy\" class=\"alignnone wp-image-333\" src=\"http:\/\/gdsreseau3m.com\/wp-content\/uploads\/2018\/06\/treffleMenu.png\" alt=\"\" width=\"23\" height=\"22\" \/><\/a><a href=\"http:\/\/gdsreseau3m.com\/?page_id=1042\">La prophylaxie<\/a><a href=\"http:\/\/gdsreseau3m.com\/?page_id=304\"><img loading=\"lazy\" class=\"alignnone wp-image-333\" src=\"http:\/\/gdsreseau3m.com\/wp-content\/uploads\/2018\/06\/treffleMenu.png\" alt=\"\" width=\"23\" height=\"22\" \/><\/a><a href=\"http:\/\/gdsreseau3m.com\/?page_id=1046\">Transmission des ICA\u00a0<\/a><a href=\"http:\/\/gdsreseau3m.com\/?page_id=304\"><img loading=\"lazy\" class=\"alignnone wp-image-333\" src=\"http:\/\/gdsreseau3m.com\/wp-content\/uploads\/2018\/06\/treffleMenu.png\" alt=\"\" width=\"23\" height=\"22\" \/><\/a><a href=\"http:\/\/gdsreseau3m.com\/?page_id=982\">Carnet sanitaire<\/a><\/h6>\n<h1><img loading=\"lazy\" class=\"alignnone wp-image-750\" src=\"http:\/\/gdsreseau3m.com\/wp-content\/uploads\/2018\/06\/Ovins.png\" alt=\"\" width=\"51\" height=\"42\" \/> <span style=\"color: #2180c0;\">Transmission des Informations sur la Chaine Alimentaire (ICA)<br \/>\n<\/span><\/h1>\n<h3><span style=\"color: #2180c0;\">Approche \u00ab\u00a0de la fourche \u00e0 la fourchette\u00a0\u00bb<br \/>\n<\/span><\/h3>\n<p>Le dispositif ICA rel\u00e8ve de la r\u00e9glementation europ\u00e9enne et s&rsquo;inscrit totalement dans la d\u00e9marche de tra\u00e7abilit\u00e9 alimentaire et de s\u00e9curit\u00e9 sanitaire des aliments. Il doit permettre de renforcer la qualit\u00e9 sanitaire des denr\u00e9es alimentaires tout au long de la chaine alimentaire et notamment \u00e0 l&rsquo;abattoir, et de rationaliser les inspections v\u00e9t\u00e9rinaires.<\/p>\n<p>Ce dispositif obligatoire, \u00e9galement en place pour les bovins depuis 2010, est applicable pour tous les petits ruminants depuis le 1er juillet 2012.<\/p>\n<h3><span style=\"color: #2180c0;\">Transmission de l&rsquo;ICA<\/span><\/h3>\n<p>Le document de circulation et le document compl\u00e9mentaire de d\u00e9claration ICA sont les supports de transmission de ces informations. Concr\u00e8tement, ce document compl\u00e9mentaire ICA devra \u00eatre renseign\u00e9 lors de la mise en circulation de chaque mouton ou ch\u00e8vre.<\/p>\n<blockquote>\n<h3><span style=\"color: #ff6600;\">Attention, changement de r\u00e9glementation au 1er juillet 2018<\/span><\/h3>\n<p>Les informations sanitaires \u00e0 transmettre sont d\u00e9sormais les suivantes :<\/p><\/blockquote>\n<ul>\n<li>Salmonellose<\/li>\n<li><del>List\u00e9riose<\/del> risque supprim\u00e9 au 01\/07\/2018<\/li>\n<li><del>Botulisme<\/del> risque supprim\u00e9 au 01\/07\/2018<\/li>\n<li>Dangers \u00e0 gestion particuli\u00e8re ou contaminants de l&rsquo;environnement <i>(dioxines, m\u00e9taux lourds, radionucl\u00e9ides, etc.),<\/i><\/li>\n<li>D\u00e9lai d&rsquo;attente m\u00e9dicamenteux en cours <i>(uniquement pour la vente en \u00e9levage &#8211; <strong>il est interdit d&rsquo;amener \u00e0 l&rsquo;abattoir un animal sous d\u00e9lai d&rsquo;attente<\/strong>).<\/i><\/li>\n<li><span style=\"color: #ff6600;\"><strong>NOUVEAU MOTIF ajout\u00e9 au 01\/07\/2018 : Pr\u00e9sente un risque av\u00e9r\u00e9, identifi\u00e9 et notifi\u00e9 par le d\u00e9tenteur n\u00e9cessitant des mesures de gestion <\/strong><\/span><em>(ex\u00a0: aiguilles cass\u00e9es ou autres corps \u00e9trangers\u2026)<\/em><\/li>\n<li>\n<h4>T\u00e9l\u00e9chargez le <a href=\"http:\/\/gdsreseau3m.com\/wp-content\/uploads\/2018\/07\/20180626-ICA-ovins-caprins-d\u00e9claration-collective-ICA.pdf\" target=\"_blank\" rel=\"noopener\"><span style=\"color: #2180c0;\">document compl\u00e9mentaire de d\u00e9claration collective ICA ovin\/caprin (01\/07\/2018)<\/span><\/a><\/h4>\n<\/li>\n<\/ul>\n<p>Gr\u00e2ce aux informations transmises par les \u00e9leveurs, l\u2019ICA permet de cibler les inspections v\u00e9t\u00e9rinaires et de limiter les risques sanitaires en abattoir, pour que la s\u00e9curit\u00e9 du consommateur soit assur\u00e9e.<\/p>\n<\/div>","protected":false},"excerpt":{"rendered":"<p>D\u00e9claration de d\u00e9tention La prophylaxieTransmission des ICA\u00a0Carnet sanitaire Transmission des Informations sur la Chaine Alimentaire (ICA) Approche \u00ab\u00a0de la fourche \u00e0 la fourchette\u00a0\u00bb Le dispositif ICA rel\u00e8ve de la r\u00e9glementation europ\u00e9enne et s&rsquo;inscrit totalement dans la d\u00e9marche de tra\u00e7abilit\u00e9 alimentaire et de s\u00e9curit\u00e9 sanitaire des aliments. Il doit permettre de renforcer la qualit\u00e9 sanitaire des [&hellip;]<\/p>\n","protected":false},"author":1,"featured_media":0,"parent":0,"menu_order":0,"comment_status":"closed","ping_status":"closed","template":"","meta":[],"_links":{"self":[{"href":"https:\/\/gdsreseau3m.com\/index.php?rest_route=\/wp\/v2\/pages\/1046"}],"collection":[{"href":"https:\/\/gdsreseau3m.com\/index.php?rest_route=\/wp\/v2\/pages"}],"about":[{"href":"https:\/\/gdsreseau3m.com\/index.php?rest_route=\/wp\/v2\/types\/page"}],"author":[{"embeddable":true,"href":"https:\/\/gdsreseau3m.com\/index.php?rest_route=\/wp\/v2\/users\/1"}],"replies":[{"embeddable":true,"href":"https:\/\/gdsreseau3m.com\/index.php?rest_route=%2Fwp%2Fv2%2Fcomments&post=1046"}],"version-history":[{"count":15,"href":"https:\/\/gdsreseau3m.com\/index.php?rest_route=\/wp\/v2\/pages\/1046\/revisions"}],"predecessor-version":[{"id":6844,"href":"https:\/\/gdsreseau3m.com\/index.php?rest_route=\/wp\/v2\/pages\/1046\/revisions\/6844"}],"wp:attachment":[{"href":"https:\/\/gdsreseau3m.com\/index.php?rest_route=%2Fwp%2Fv2%2Fmedia&parent=1046"}],"curies":[{"name":"wp","href":"https:\/\/api.w.org\/{rel}","templated":true}]}}