{"id":1042,"date":"2018-06-21T14:48:39","date_gmt":"2018-06-21T12:48:39","guid":{"rendered":"http:\/\/gdsreseau3m.com\/?page_id=1042"},"modified":"2019-07-17T09:47:07","modified_gmt":"2019-07-17T07:47:07","slug":"ovins-information-et-reglementation-la-prophylaxie","status":"publish","type":"page","link":"https:\/\/gdsreseau3m.com\/?page_id=1042","title":{"rendered":"Ovins \u2013 Information et r\u00e9glementation &#8211; La Prophylaxie"},"content":{"rendered":"<div class=\"mpl-content-wrap\"><h6><a href=\"http:\/\/gdsreseau3m.com\/?page_id=304\"><img loading=\"lazy\" class=\"alignnone wp-image-333\" src=\"http:\/\/gdsreseau3m.com\/wp-content\/uploads\/2018\/06\/treffleMenu.png\" alt=\"\" width=\"23\" height=\"22\" \/><\/a><a href=\"http:\/\/gdsreseau3m.com\/?page_id=3004\">D\u00e9claration de d\u00e9tention<\/a> <a href=\"http:\/\/gdsreseau3m.com\/?page_id=304\"><img loading=\"lazy\" class=\"alignnone wp-image-333\" src=\"http:\/\/gdsreseau3m.com\/wp-content\/uploads\/2018\/06\/treffleMenu.png\" alt=\"\" width=\"23\" height=\"22\" \/><\/a><a href=\"http:\/\/gdsreseau3m.com\/?page_id=1042\">La prophylaxie<\/a><a href=\"http:\/\/gdsreseau3m.com\/?page_id=304\"><img loading=\"lazy\" class=\"alignnone wp-image-333\" src=\"http:\/\/gdsreseau3m.com\/wp-content\/uploads\/2018\/06\/treffleMenu.png\" alt=\"\" width=\"23\" height=\"22\" \/><\/a><a href=\"http:\/\/gdsreseau3m.com\/?page_id=1046\">Transmission des ICA\u00a0<\/a><a href=\"http:\/\/gdsreseau3m.com\/?page_id=304\"><img loading=\"lazy\" class=\"alignnone wp-image-333\" src=\"http:\/\/gdsreseau3m.com\/wp-content\/uploads\/2018\/06\/treffleMenu.png\" alt=\"\" width=\"23\" height=\"22\" \/><\/a><a href=\"http:\/\/gdsreseau3m.com\/?page_id=982\">Carnet sanitaire<\/a><\/h6>\n<h1><img loading=\"lazy\" class=\"alignnone wp-image-750\" src=\"http:\/\/gdsreseau3m.com\/wp-content\/uploads\/2018\/06\/Ovins.png\" alt=\"\" width=\"39\" height=\"32\" \/> <span style=\"color: #2180c0;\">La prophylaxie en \u00e9levage petits ruminants<\/span><\/h1>\n<div>\n<p>La d\u00e9tention d&rsquo;ovin(s) ou de caprin(s), <span style=\"color: #ff0d00;\"><b><span style=\"color: #ff6600;\">\u00e0 partir du 1er petit ruminant,<\/span><span style=\"color: #0a0a0a;\"> quelque soit le nombre en sa possession, <\/span><\/b><\/span><b><span style=\"color: #0a0a0a;\">\u00e0 <\/span>titre permanent ou temporaire, et qu&rsquo;importe la finalit\u00e9<\/b><i> (animaux de production, de compagnie, exp\u00e9rimentation, spectacle,&#8230;)<\/i>,<u> s&rsquo;accompagne d&rsquo;obligations r\u00e9glementaires<\/u> :<\/p>\n<ul>\n<li>D\u00e9claration de d\u00e9tention obligatoire<\/li>\n<li>Respect les r\u00e8gles d&rsquo;identification ovine\/caprine<\/li>\n<li>R\u00e9alisation de la prophylaxie sanitaire dans le cadre de la<b> surveillance brucellose<\/b><i> (sauf petits d\u00e9tenteurs &#8211; voir encadr\u00e9 ci-dessous*)<br \/>\n<\/i><\/li>\n<\/ul>\n<\/div>\n<h3><span style=\"color: #2180c0;\">Les r\u00e8gles de la prophylaxie des petits ruminants \u00e9volue en 2015<\/span><\/h3>\n<div>\n<p>L&rsquo;Europe a accord\u00e9 le statut Officiellement Indemne (O.I.) de Brucellose ovine et caprine \u00e0 la France, incluant donc tous les d\u00e9partements fran\u00e7ais (commission europ\u00e9enne du 9\/12\/2014). L&rsquo;acquisition de ce statut IO permet de b\u00e9n\u00e9ficier d&rsquo;all\u00e9gements en mati\u00e8re de prophylaxie (rythme quinquennal : 1 x \/ 5 ans). Ce statut a \u00e9t\u00e9 acquis en 2016.<\/p>\n<p><u>En pratique, pour un \u00e9levage ovin : <\/u><\/p>\n<ul>\n<li>Prise de sang 1 fois tous les 5 ans : soit 20% des \u00e9levages tous les ans,<\/li>\n<li>D\u00e9pistage de 25% des brebis de plus de 6 mois (au minium 50 animaux) + tous les m\u00e2les + tous les animaux introduits dans l&rsquo;\u00e9levage depuis la derni\u00e8re prophylaxie.<\/li>\n<\/ul>\n<p><i>\u2192\u00a0ce qui revient \u00e0 faire 5% de l&rsquo;effectif des petits ruminants d&rsquo;un d\u00e9partement tous les ans <\/i><\/p>\n<p>Ces r\u00e8gles de prophylaxie ont \u00e9t\u00e9 modifi\u00e9es en 2015, ce qui a entrain\u00e9 un nouveau tirage au sort, donc la cr\u00e9ation de nouveaux groupes d&rsquo;\u00e9leveurs pour la r\u00e9alisation de la prophylaxie.<\/p>\n<\/div>\n<p>Enfin, rappelons que toujours <strong>dans le cadre de la surveillance brucellose, tout avortement doit faire l&rsquo;objet de d\u00e9claration et de recherche<\/strong> (visite du v\u00e9t\u00e9rinaire et analyses prises en charge par l&rsquo;\u00c9tat).<\/p>\n<p>&nbsp;<\/p>\n<table width=\"100%\">\n<tbody>\n<tr>\n<td><span style=\"color: #901283;\"><b><u>* Note pour les \u00ab\u00a0petits d\u00e9tenteurs\u00a0\u00bb<\/u> <\/b><\/span><\/p>\n<p>La note de service 2015-463 parue le 30 avril 2015 est consacr\u00e9e \u00e0 la prophylaxie de la brucellose des petits ruminants donne la d\u00e9finition des petits d\u00e9tenteurs :<\/p>\n<p>a) d\u00e9tenteurs de 5 (ou moins) petits ruminants de plus de six mois ; ET<\/p>\n<p>b) ne disposant pas de SIRET associ\u00e9 \u00e0 un code NAF \u00ab\u00a0production animale\u00a0\u00bb ; ET<\/p>\n<p>c) ne d\u00e9tenant pas d&rsquo;autres esp\u00e8ces sensibles \u00e0 la brucellose (bovins par exemple) ; ET<\/p>\n<p>d) ne proc\u00e9dant \u00e0 aucune vente, pr\u00eat ou mise en pension d&rsquo;animaux dans d&rsquo;autres troupeaux ; ET<\/p>\n<p>e) n&rsquo;envoyant pas d&rsquo;animaux \u00e0 l&rsquo;abattoir sauf pour consommation personnelle<\/p>\n<p>Les petits d\u00e9tenteurs sont dispens\u00e9s de prophylaxie mais sont quand m\u00eame pris en compte dans le calcul du nombre d&rsquo;animaux \u00e0 contr\u00f4ler pour respecter le taux de contr\u00f4le permettant de maintenir le statut Officiellement Indemne du d\u00e9partement.<\/td>\n<\/tr>\n<\/tbody>\n<\/table>\n<\/div>","protected":false},"excerpt":{"rendered":"<p>D\u00e9claration de d\u00e9tention La prophylaxieTransmission des ICA\u00a0Carnet sanitaire La prophylaxie en \u00e9levage petits ruminants La d\u00e9tention d&rsquo;ovin(s) ou de caprin(s), \u00e0 partir du 1er petit ruminant, quelque soit le nombre en sa possession, \u00e0 titre permanent ou temporaire, et qu&rsquo;importe la finalit\u00e9 (animaux de production, de compagnie, exp\u00e9rimentation, spectacle,&#8230;), s&rsquo;accompagne d&rsquo;obligations r\u00e9glementaires : D\u00e9claration de [&hellip;]<\/p>\n","protected":false},"author":1,"featured_media":0,"parent":0,"menu_order":0,"comment_status":"closed","ping_status":"closed","template":"","meta":[],"_links":{"self":[{"href":"https:\/\/gdsreseau3m.com\/index.php?rest_route=\/wp\/v2\/pages\/1042"}],"collection":[{"href":"https:\/\/gdsreseau3m.com\/index.php?rest_route=\/wp\/v2\/pages"}],"about":[{"href":"https:\/\/gdsreseau3m.com\/index.php?rest_route=\/wp\/v2\/types\/page"}],"author":[{"embeddable":true,"href":"https:\/\/gdsreseau3m.com\/index.php?rest_route=\/wp\/v2\/users\/1"}],"replies":[{"embeddable":true,"href":"https:\/\/gdsreseau3m.com\/index.php?rest_route=%2Fwp%2Fv2%2Fcomments&post=1042"}],"version-history":[{"count":13,"href":"https:\/\/gdsreseau3m.com\/index.php?rest_route=\/wp\/v2\/pages\/1042\/revisions"}],"predecessor-version":[{"id":4314,"href":"https:\/\/gdsreseau3m.com\/index.php?rest_route=\/wp\/v2\/pages\/1042\/revisions\/4314"}],"wp:attachment":[{"href":"https:\/\/gdsreseau3m.com\/index.php?rest_route=%2Fwp%2Fv2%2Fmedia&parent=1042"}],"curies":[{"name":"wp","href":"https:\/\/api.w.org\/{rel}","templated":true}]}}